{"id":1569,"date":"2025-03-10T14:24:18","date_gmt":"2025-03-10T20:24:18","guid":{"rendered":"https:\/\/go-hre.org\/acerca-de\/"},"modified":"2025-08-11T18:59:52","modified_gmt":"2025-08-12T00:59:52","slug":"acerca-de","status":"publish","type":"page","link":"https:\/\/go-hre.org\/es\/acerca-de\/","title":{"rendered":"Acerca de"},"content":{"rendered":"\n<h2 class=\"wp-block-heading has-text-align-center has-purple-color has-white-background-color has-text-color has-background has-link-color wp-elements-d3f050c2926e3834c90537bccf9c2cd5\">\u00bfQu\u00e9 hace que Colega funcione?<\/h2>\n\n\n\n<p>Cada lecci\u00f3n Colega sigue seis pasos coherentes, lo que hace que sean f\u00e1ciles de ense\u00f1ar y memorables para los alumnos. Cada lecci\u00f3n comienza con un poema, una canci\u00f3n o un canto, una explicaci\u00f3n del derecho que se ense\u00f1a y los puntos clave del aprendizaje. Los esquemas de las lecciones son adaptables y pueden modificarse para incorporar referencias culturales relevantes para tus alumnos. Todas las lecciones incluyen una canci\u00f3n, un canto o un poema de muestra, informaci\u00f3n sobre el tema de los Derechos Humanos, historias o juegos de apoyo, un esquema de preguntas y respuestas, material de debate resumido y un reto sugerido para ayudar a los alumnos a practicar el derecho que han aprendido. Descargue el documento completo <a href=\"https:\/\/go-hre.org\/wp-content\/uploads\/2025\/08\/WhatMakesColegaWork_spa.pdf\"><strong><span style=\"text-decoration: underline;\">aqu\u00ed<\/span><\/strong><\/a>.<\/p>\n\n\n\n<p class=\"has-white-color has-text-color has-link-color wp-elements-7e4ac651328708ea719ac0894fa30934\">.<\/p>\n\n\n<div class=\"wp-block-image\">\n<figure class=\"aligncenter size-full is-resized\"><img decoding=\"async\" width=\"1126\" height=\"750\" data-src=\"https:\/\/go-hre.org\/wp-content\/uploads\/2025\/07\/Colega_Six-Components_Span.png\" alt=\"\" class=\"wp-image-4713 lazyload\" style=\"--smush-placeholder-width: 1126px; --smush-placeholder-aspect-ratio: 1126\/750;width:750px\" data-srcset=\"https:\/\/go-hre.org\/wp-content\/uploads\/2025\/07\/Colega_Six-Components_Span.png 1126w, https:\/\/go-hre.org\/wp-content\/uploads\/2025\/07\/Colega_Six-Components_Span-900x599.png 900w, https:\/\/go-hre.org\/wp-content\/uploads\/2025\/07\/Colega_Six-Components_Span-768x512.png 768w\" data-sizes=\"(max-width: 1126px) 100vw, 1126px\" src=\"data:image\/svg+xml;base64,PHN2ZyB3aWR0aD0iMSIgaGVpZ2h0PSIxIiB4bWxucz0iaHR0cDovL3d3dy53My5vcmcvMjAwMC9zdmciPjwvc3ZnPg==\" \/><\/figure>\n<\/div>","protected":false},"excerpt":{"rendered":"<p>\u00bfQu\u00e9 hace que Colega funcione? Cada lecci\u00f3n Colega sigue seis pasos coherentes, lo que hace que sean f\u00e1ciles de ense\u00f1ar y memorables para los alumnos. Cada lecci\u00f3n comienza con un poema, una canci\u00f3n o un canto, una explicaci\u00f3n del derecho que se ense\u00f1a y los puntos clave del aprendizaje. Los esquemas de las lecciones son [&hellip;]<\/p>\n","protected":false},"author":1,"featured_media":0,"parent":0,"menu_order":0,"comment_status":"closed","ping_status":"closed","template":"","meta":{"_acf_changed":false,"inline_featured_image":false,"footnotes":""},"class_list":["post-1569","page","type-page","status-publish","hentry"],"acf":[],"yoast_head":"<!-- This site is optimized with the Yoast SEO plugin v27.4 - https:\/\/yoast.com\/product\/yoast-seo-wordpress\/ -->\n<title>Acerca de - GO-HRE<\/title>\n<meta name=\"robots\" content=\"index, follow, max-snippet:-1, max-image-preview:large, max-video-preview:-1\" \/>\n<link rel=\"canonical\" href=\"https:\/\/go-hre.org\/es\/acerca-de\/\" \/>\n<meta property=\"og:locale\" content=\"es_ES\" \/>\n<meta property=\"og:type\" content=\"article\" \/>\n<meta property=\"og:title\" content=\"Acerca de - GO-HRE\" \/>\n<meta property=\"og:description\" content=\"\u00bfQu\u00e9 hace que Colega funcione? Cada lecci\u00f3n Colega sigue seis pasos coherentes, lo que hace que sean f\u00e1ciles de ense\u00f1ar y memorables para los alumnos. Cada lecci\u00f3n comienza con un poema, una canci\u00f3n o un canto, una explicaci\u00f3n del derecho que se ense\u00f1a y los puntos clave del aprendizaje. Los esquemas de las lecciones son [&hellip;]\" \/>\n<meta property=\"og:url\" content=\"https:\/\/go-hre.org\/es\/acerca-de\/\" \/>\n<meta property=\"og:site_name\" content=\"GO-HRE\" \/>\n<meta property=\"article:modified_time\" content=\"2025-08-12T00:59:52+00:00\" \/>\n<meta property=\"og:image\" content=\"https:\/\/go-hre.org\/wp-content\/uploads\/2025\/07\/Colega_Six-Components_Span.png\" \/>\n\t<meta property=\"og:image:width\" content=\"1126\" \/>\n\t<meta property=\"og:image:height\" content=\"750\" \/>\n\t<meta property=\"og:image:type\" content=\"image\/png\" \/>\n<meta name=\"twitter:card\" content=\"summary_large_image\" \/>\n<meta name=\"twitter:label1\" content=\"Tiempo de lectura\" \/>\n\t<meta name=\"twitter:data1\" content=\"1 minuto\" \/>\n<script type=\"application\/ld+json\" class=\"yoast-schema-graph\">{\"@context\":\"https:\\\/\\\/schema.org\",\"@graph\":[{\"@type\":\"WebPage\",\"@id\":\"https:\\\/\\\/go-hre.org\\\/es\\\/acerca-de\\\/\",\"url\":\"https:\\\/\\\/go-hre.org\\\/es\\\/acerca-de\\\/\",\"name\":\"Acerca de - GO-HRE\",\"isPartOf\":{\"@id\":\"https:\\\/\\\/go-hre.org\\\/#website\"},\"primaryImageOfPage\":{\"@id\":\"https:\\\/\\\/go-hre.org\\\/es\\\/acerca-de\\\/#primaryimage\"},\"image\":{\"@id\":\"https:\\\/\\\/go-hre.org\\\/es\\\/acerca-de\\\/#primaryimage\"},\"thumbnailUrl\":\"https:\\\/\\\/go-hre.org\\\/wp-content\\\/uploads\\\/2025\\\/07\\\/Colega_Six-Components_Span.png\",\"datePublished\":\"2025-03-10T20:24:18+00:00\",\"dateModified\":\"2025-08-12T00:59:52+00:00\",\"breadcrumb\":{\"@id\":\"https:\\\/\\\/go-hre.org\\\/es\\\/acerca-de\\\/#breadcrumb\"},\"inLanguage\":\"es\",\"potentialAction\":[{\"@type\":\"ReadAction\",\"target\":[\"https:\\\/\\\/go-hre.org\\\/es\\\/acerca-de\\\/\"]}]},{\"@type\":\"ImageObject\",\"inLanguage\":\"es\",\"@id\":\"https:\\\/\\\/go-hre.org\\\/es\\\/acerca-de\\\/#primaryimage\",\"url\":\"https:\\\/\\\/go-hre.org\\\/wp-content\\\/uploads\\\/2025\\\/07\\\/Colega_Six-Components_Span.png\",\"contentUrl\":\"https:\\\/\\\/go-hre.org\\\/wp-content\\\/uploads\\\/2025\\\/07\\\/Colega_Six-Components_Span.png\"},{\"@type\":\"BreadcrumbList\",\"@id\":\"https:\\\/\\\/go-hre.org\\\/es\\\/acerca-de\\\/#breadcrumb\",\"itemListElement\":[{\"@type\":\"ListItem\",\"position\":1,\"name\":\"Home\",\"item\":\"https:\\\/\\\/go-hre.org\\\/es\\\/\"},{\"@type\":\"ListItem\",\"position\":2,\"name\":\"Acerca de\"}]},{\"@type\":\"WebSite\",\"@id\":\"https:\\\/\\\/go-hre.org\\\/#website\",\"url\":\"https:\\\/\\\/go-hre.org\\\/\",\"name\":\"GO-HRE\",\"description\":\"Oficina de Ginebra para la Educaci\u00f3n en Derechos Humanos\",\"publisher\":{\"@id\":\"https:\\\/\\\/go-hre.org\\\/#organization\"},\"potentialAction\":[{\"@type\":\"SearchAction\",\"target\":{\"@type\":\"EntryPoint\",\"urlTemplate\":\"https:\\\/\\\/go-hre.org\\\/?s={search_term_string}\"},\"query-input\":{\"@type\":\"PropertyValueSpecification\",\"valueRequired\":true,\"valueName\":\"search_term_string\"}}],\"inLanguage\":\"es\"},{\"@type\":\"Organization\",\"@id\":\"https:\\\/\\\/go-hre.org\\\/#organization\",\"name\":\"GO-HRE\",\"url\":\"https:\\\/\\\/go-hre.org\\\/\",\"logo\":{\"@type\":\"ImageObject\",\"inLanguage\":\"es\",\"@id\":\"https:\\\/\\\/go-hre.org\\\/#\\\/schema\\\/logo\\\/image\\\/\",\"url\":\"https:\\\/\\\/go-hre.org\\\/wp-content\\\/uploads\\\/2025\\\/04\\\/favicon.png\",\"contentUrl\":\"https:\\\/\\\/go-hre.org\\\/wp-content\\\/uploads\\\/2025\\\/04\\\/favicon.png\",\"width\":258,\"height\":258,\"caption\":\"GO-HRE\"},\"image\":{\"@id\":\"https:\\\/\\\/go-hre.org\\\/#\\\/schema\\\/logo\\\/image\\\/\"}}]}<\/script>\n<!-- \/ Yoast SEO plugin. -->","yoast_head_json":{"title":"Acerca de - GO-HRE","robots":{"index":"index","follow":"follow","max-snippet":"max-snippet:-1","max-image-preview":"max-image-preview:large","max-video-preview":"max-video-preview:-1"},"canonical":"https:\/\/go-hre.org\/es\/acerca-de\/","og_locale":"es_ES","og_type":"article","og_title":"Acerca de - GO-HRE","og_description":"\u00bfQu\u00e9 hace que Colega funcione? Cada lecci\u00f3n Colega sigue seis pasos coherentes, lo que hace que sean f\u00e1ciles de ense\u00f1ar y memorables para los alumnos. Cada lecci\u00f3n comienza con un poema, una canci\u00f3n o un canto, una explicaci\u00f3n del derecho que se ense\u00f1a y los puntos clave del aprendizaje. Los esquemas de las lecciones son [&hellip;]","og_url":"https:\/\/go-hre.org\/es\/acerca-de\/","og_site_name":"GO-HRE","article_modified_time":"2025-08-12T00:59:52+00:00","og_image":[{"width":1126,"height":750,"url":"https:\/\/go-hre.org\/wp-content\/uploads\/2025\/07\/Colega_Six-Components_Span.png","type":"image\/png"}],"twitter_card":"summary_large_image","twitter_misc":{"Tiempo de lectura":"1 minuto"},"schema":{"@context":"https:\/\/schema.org","@graph":[{"@type":"WebPage","@id":"https:\/\/go-hre.org\/es\/acerca-de\/","url":"https:\/\/go-hre.org\/es\/acerca-de\/","name":"Acerca de - GO-HRE","isPartOf":{"@id":"https:\/\/go-hre.org\/#website"},"primaryImageOfPage":{"@id":"https:\/\/go-hre.org\/es\/acerca-de\/#primaryimage"},"image":{"@id":"https:\/\/go-hre.org\/es\/acerca-de\/#primaryimage"},"thumbnailUrl":"https:\/\/go-hre.org\/wp-content\/uploads\/2025\/07\/Colega_Six-Components_Span.png","datePublished":"2025-03-10T20:24:18+00:00","dateModified":"2025-08-12T00:59:52+00:00","breadcrumb":{"@id":"https:\/\/go-hre.org\/es\/acerca-de\/#breadcrumb"},"inLanguage":"es","potentialAction":[{"@type":"ReadAction","target":["https:\/\/go-hre.org\/es\/acerca-de\/"]}]},{"@type":"ImageObject","inLanguage":"es","@id":"https:\/\/go-hre.org\/es\/acerca-de\/#primaryimage","url":"https:\/\/go-hre.org\/wp-content\/uploads\/2025\/07\/Colega_Six-Components_Span.png","contentUrl":"https:\/\/go-hre.org\/wp-content\/uploads\/2025\/07\/Colega_Six-Components_Span.png"},{"@type":"BreadcrumbList","@id":"https:\/\/go-hre.org\/es\/acerca-de\/#breadcrumb","itemListElement":[{"@type":"ListItem","position":1,"name":"Home","item":"https:\/\/go-hre.org\/es\/"},{"@type":"ListItem","position":2,"name":"Acerca de"}]},{"@type":"WebSite","@id":"https:\/\/go-hre.org\/#website","url":"https:\/\/go-hre.org\/","name":"GO-HRE","description":"Oficina de Ginebra para la Educaci\u00f3n en Derechos Humanos","publisher":{"@id":"https:\/\/go-hre.org\/#organization"},"potentialAction":[{"@type":"SearchAction","target":{"@type":"EntryPoint","urlTemplate":"https:\/\/go-hre.org\/?s={search_term_string}"},"query-input":{"@type":"PropertyValueSpecification","valueRequired":true,"valueName":"search_term_string"}}],"inLanguage":"es"},{"@type":"Organization","@id":"https:\/\/go-hre.org\/#organization","name":"GO-HRE","url":"https:\/\/go-hre.org\/","logo":{"@type":"ImageObject","inLanguage":"es","@id":"https:\/\/go-hre.org\/#\/schema\/logo\/image\/","url":"https:\/\/go-hre.org\/wp-content\/uploads\/2025\/04\/favicon.png","contentUrl":"https:\/\/go-hre.org\/wp-content\/uploads\/2025\/04\/favicon.png","width":258,"height":258,"caption":"GO-HRE"},"image":{"@id":"https:\/\/go-hre.org\/#\/schema\/logo\/image\/"}}]}},"_links":{"self":[{"href":"https:\/\/go-hre.org\/es\/wp-json\/wp\/v2\/pages\/1569","targetHints":{"allow":["GET"]}}],"collection":[{"href":"https:\/\/go-hre.org\/es\/wp-json\/wp\/v2\/pages"}],"about":[{"href":"https:\/\/go-hre.org\/es\/wp-json\/wp\/v2\/types\/page"}],"author":[{"embeddable":true,"href":"https:\/\/go-hre.org\/es\/wp-json\/wp\/v2\/users\/1"}],"replies":[{"embeddable":true,"href":"https:\/\/go-hre.org\/es\/wp-json\/wp\/v2\/comments?post=1569"}],"version-history":[{"count":17,"href":"https:\/\/go-hre.org\/es\/wp-json\/wp\/v2\/pages\/1569\/revisions"}],"predecessor-version":[{"id":7471,"href":"https:\/\/go-hre.org\/es\/wp-json\/wp\/v2\/pages\/1569\/revisions\/7471"}],"wp:attachment":[{"href":"https:\/\/go-hre.org\/es\/wp-json\/wp\/v2\/media?parent=1569"}],"curies":[{"name":"wp","href":"https:\/\/api.w.org\/{rel}","templated":true}]}}