{"id":1620,"date":"2025-04-17T19:54:00","date_gmt":"2025-04-18T01:54:00","guid":{"rendered":"https:\/\/go-hre.org\/idiomas\/ingles-material-general-primario\/"},"modified":"2025-07-20T09:24:48","modified_gmt":"2025-07-20T15:24:48","slug":"ingles-primario","status":"publish","type":"page","link":"https:\/\/go-hre.org\/es\/idiomas\/ingles-primario\/","title":{"rendered":"Ingl\u00e9s: Colega Nivel Primario"},"content":{"rendered":"\n<p><strong>El Manual de Primaria Colega es para ni\u00f1os de 6 a 11 a\u00f1os aproximadamente.<\/strong>  Selecciona de la lista siguiente para ver lecciones individuales o secciones, o descarga PDF completos de la lista de botones.<\/p>\n\n<hr class=\"wp-block-separator has-alpha-channel-opacity\"\/>\n\n<p><strong>Contenido del curso:<\/strong><\/p>\n\n<ul class=\"wp-block-list pdf_links\">\n<li><a href=\"https:\/\/go-hre.org\/wp-content\/uploads\/2025\/05\/colega_eng_250226_pri_0.pdf\" data-type=\"attachment\" data-id=\"2115\">Portada e \u00edndice<\/a><\/li>\n\n\n\n<li><a href=\"https:\/\/go-hre.org\/wp-content\/uploads\/2025\/04\/colega_eng_250226_pri_1.pdf\" data-type=\"attachment\" data-id=\"432\">1A y 1B: Derecho a la Igualdad - Nacido Libre<\/a><\/li>\n\n\n\n<li><a href=\"https:\/\/go-hre.org\/wp-content\/uploads\/2025\/04\/colega_eng_250226_pri_2.pdf\" data-type=\"attachment\" data-id=\"433\">2A y 2B: Derechos iguales e inalienables - Tengo derechos<\/a><\/li>\n\n\n\n<li><a href=\"https:\/\/go-hre.org\/wp-content\/uploads\/2025\/04\/colega_eng_250226_pri_3.pdf\" data-type=\"attachment\" data-id=\"434\">3A Y 3B: Libertad frente a la discriminaci\u00f3n - \u00bfEsto es discriminaci\u00f3n?<\/a><\/li>\n\n\n\n<li><a href=\"https:\/\/go-hre.org\/wp-content\/uploads\/2025\/04\/colega_eng_250226_pri_4.pdf\" data-type=\"attachment\" data-id=\"435\">4A Y 4B: Libertad frente al acoso - No se permite el acoso<\/a><\/li>\n\n\n\n<li><a href=\"https:\/\/go-hre.org\/wp-content\/uploads\/2025\/04\/colega_eng_250226_pri_5.pdf\" data-type=\"attachment\" data-id=\"436\">5A y 5B: Derecho al matrimonio y a la familia - La familia, algo hermoso<\/a><\/li>\n\n\n\n<li><a href=\"https:\/\/go-hre.org\/wp-content\/uploads\/2025\/04\/colega_eng_250226_pri_6.pdf\" data-type=\"attachment\" data-id=\"437\">6A y 6B: Libertad religiosa - Puedo elegir<\/a><\/li>\n\n\n\n<li><a href=\"https:\/\/go-hre.org\/wp-content\/uploads\/2025\/04\/colega_eng_250226_pri_7.pdf\" data-type=\"attachment\" data-id=\"438\">7A y 7B: Libertad de expresi\u00f3n - Las palabras marcan la diferencia<\/a><\/li>\n\n\n\n<li><a href=\"https:\/\/go-hre.org\/wp-content\/uploads\/2025\/04\/colega_eng_250226_pri_8.pdf\" data-type=\"attachment\" data-id=\"439\">8A y 8B: Derecho al Reconocimiento Legal - Mi Derecho a Ser Yo<\/a><\/li>\n\n\n\n<li><a href=\"https:\/\/go-hre.org\/wp-content\/uploads\/2025\/04\/colega_eng_250226_pri_9.pdf\" data-type=\"attachment\" data-id=\"440\">9A y 9B: Protecci\u00f3n contra el trabajo infantil - El trabajo infantil no es justo<\/a><\/li>\n\n\n\n<li><a href=\"https:\/\/go-hre.org\/wp-content\/uploads\/2025\/04\/colega_eng_250226_pri_10a.pdf\" data-type=\"attachment\" data-id=\"441\">10A: Derecho a la educaci\u00f3n - Puedo ir a la escuela<\/a><\/li>\n\n\n\n<li><a href=\"https:\/\/go-hre.org\/wp-content\/uploads\/2025\/04\/colega_eng_250226_pri_10b.pdf\" data-type=\"attachment\" data-id=\"442\">10B: Derecho a la Educaci\u00f3n - Nuestra Responsabilidad ante la Comunidad<\/a><\/li>\n<\/ul>\n\n<hr class=\"wp-block-separator has-alpha-channel-opacity\"\/>\n\n<p><strong>Caja de herramientas del facilitador:<\/strong><\/p>\n\n<ul class=\"wp-block-list pdf_links\">\n<li><a href=\"https:\/\/go-hre.org\/wp-content\/uploads\/2025\/04\/colega_eng_250226_pri_13.pdf\" data-type=\"attachment\" data-id=\"449\">I. Antecedentes<\/a><\/li>\n\n\n\n<li><a href=\"https:\/\/go-hre.org\/wp-content\/uploads\/2025\/04\/colega_eng_250226_pri_14.pdf\" data-type=\"attachment\" data-id=\"450\">Il. Pautas y consejos did\u00e1cticos <\/a><\/li>\n\n\n\n<li><a href=\"https:\/\/go-hre.org\/wp-content\/uploads\/2025\/04\/colega_eng_250226_pri_15.pdf\" data-type=\"attachment\" data-id=\"451\">III. Canciones<\/a><\/li>\n\n\n\n<li><a href=\"https:\/\/go-hre.org\/wp-content\/uploads\/2025\/04\/colega_eng_250226_pri_16.pdf\" data-type=\"attachment\" data-id=\"452\">IV. Glosario <\/a><\/li>\n\n\n\n<li><a href=\"https:\/\/go-hre.org\/wp-content\/uploads\/2025\/04\/colega_eng_250226_pri_17.pdf\" data-type=\"attachment\" data-id=\"453\">V. Documentos de la ONU<\/a><\/li>\n\n\n\n<li><a href=\"https:\/\/go-hre.org\/wp-content\/uploads\/2025\/04\/colega_eng_250226_pri_18.pdf\" data-type=\"attachment\" data-id=\"454\">VI. Ejemplos de evaluaciones <\/a><\/li>\n<\/ul>\n","protected":false},"excerpt":{"rendered":"<p>El Manual de Primaria Colega es para ni\u00f1os de 6 a 11 a\u00f1os aproximadamente. Selecciona de la lista siguiente para ver lecciones individuales o secciones, o descarga PDF completos de la lista de botones. Contenido del curso: Caja de herramientas del facilitador:<\/p>\n","protected":false},"author":1,"featured_media":0,"parent":1585,"menu_order":0,"comment_status":"closed","ping_status":"closed","template":"","meta":{"_acf_changed":false,"inline_featured_image":false,"footnotes":""},"class_list":["post-1620","page","type-page","status-publish","hentry"],"acf":[],"yoast_head":"<!-- This site is optimized with the Yoast SEO plugin v27.3 - https:\/\/yoast.com\/product\/yoast-seo-wordpress\/ -->\n<title>Ingl\u00e9s: Colega Nivel Primario - GO-HRE<\/title>\n<meta name=\"robots\" content=\"index, follow, max-snippet:-1, max-image-preview:large, max-video-preview:-1\" \/>\n<link rel=\"canonical\" href=\"https:\/\/go-hre.org\/es\/idiomas\/ingles-primario\/\" \/>\n<meta property=\"og:locale\" content=\"es_ES\" \/>\n<meta property=\"og:type\" content=\"article\" \/>\n<meta property=\"og:title\" content=\"Ingl\u00e9s: Colega Nivel Primario - GO-HRE\" \/>\n<meta property=\"og:description\" content=\"El Manual de Primaria Colega es para ni\u00f1os de 6 a 11 a\u00f1os aproximadamente. Selecciona de la lista siguiente para ver lecciones individuales o secciones, o descarga PDF completos de la lista de botones. Contenido del curso: Caja de herramientas del facilitador:\" \/>\n<meta property=\"og:url\" content=\"https:\/\/go-hre.org\/es\/idiomas\/ingles-primario\/\" \/>\n<meta property=\"og:site_name\" content=\"GO-HRE\" \/>\n<meta property=\"article:modified_time\" content=\"2025-07-20T15:24:48+00:00\" \/>\n<meta name=\"twitter:card\" content=\"summary_large_image\" \/>\n<meta name=\"twitter:label1\" content=\"Tiempo de lectura\" \/>\n\t<meta name=\"twitter:data1\" content=\"1 minuto\" \/>\n<script type=\"application\/ld+json\" class=\"yoast-schema-graph\">{\"@context\":\"https:\\\/\\\/schema.org\",\"@graph\":[{\"@type\":\"WebPage\",\"@id\":\"https:\\\/\\\/go-hre.org\\\/es\\\/idiomas\\\/ingles-primario\\\/\",\"url\":\"https:\\\/\\\/go-hre.org\\\/es\\\/idiomas\\\/ingles-primario\\\/\",\"name\":\"Ingl\u00e9s: Colega Nivel Primario - GO-HRE\",\"isPartOf\":{\"@id\":\"https:\\\/\\\/go-hre.org\\\/#website\"},\"datePublished\":\"2025-04-18T01:54:00+00:00\",\"dateModified\":\"2025-07-20T15:24:48+00:00\",\"breadcrumb\":{\"@id\":\"https:\\\/\\\/go-hre.org\\\/es\\\/idiomas\\\/ingles-primario\\\/#breadcrumb\"},\"inLanguage\":\"es\",\"potentialAction\":[{\"@type\":\"ReadAction\",\"target\":[\"https:\\\/\\\/go-hre.org\\\/es\\\/idiomas\\\/ingles-primario\\\/\"]}]},{\"@type\":\"BreadcrumbList\",\"@id\":\"https:\\\/\\\/go-hre.org\\\/es\\\/idiomas\\\/ingles-primario\\\/#breadcrumb\",\"itemListElement\":[{\"@type\":\"ListItem\",\"position\":1,\"name\":\"Home\",\"item\":\"https:\\\/\\\/go-hre.org\\\/es\\\/\"},{\"@type\":\"ListItem\",\"position\":2,\"name\":\"Idiomas\",\"item\":\"https:\\\/\\\/go-hre.org\\\/es\\\/idiomas\\\/\"},{\"@type\":\"ListItem\",\"position\":3,\"name\":\"Ingl\u00e9s: Colega Nivel Primario\"}]},{\"@type\":\"WebSite\",\"@id\":\"https:\\\/\\\/go-hre.org\\\/#website\",\"url\":\"https:\\\/\\\/go-hre.org\\\/\",\"name\":\"GO-HRE\",\"description\":\"Oficina de Ginebra para la Educaci\u00f3n en Derechos Humanos\",\"publisher\":{\"@id\":\"https:\\\/\\\/go-hre.org\\\/#organization\"},\"potentialAction\":[{\"@type\":\"SearchAction\",\"target\":{\"@type\":\"EntryPoint\",\"urlTemplate\":\"https:\\\/\\\/go-hre.org\\\/?s={search_term_string}\"},\"query-input\":{\"@type\":\"PropertyValueSpecification\",\"valueRequired\":true,\"valueName\":\"search_term_string\"}}],\"inLanguage\":\"es\"},{\"@type\":\"Organization\",\"@id\":\"https:\\\/\\\/go-hre.org\\\/#organization\",\"name\":\"GO-HRE\",\"url\":\"https:\\\/\\\/go-hre.org\\\/\",\"logo\":{\"@type\":\"ImageObject\",\"inLanguage\":\"es\",\"@id\":\"https:\\\/\\\/go-hre.org\\\/#\\\/schema\\\/logo\\\/image\\\/\",\"url\":\"https:\\\/\\\/go-hre.org\\\/wp-content\\\/uploads\\\/2025\\\/04\\\/favicon.png\",\"contentUrl\":\"https:\\\/\\\/go-hre.org\\\/wp-content\\\/uploads\\\/2025\\\/04\\\/favicon.png\",\"width\":258,\"height\":258,\"caption\":\"GO-HRE\"},\"image\":{\"@id\":\"https:\\\/\\\/go-hre.org\\\/#\\\/schema\\\/logo\\\/image\\\/\"}}]}<\/script>\n<!-- \/ Yoast SEO plugin. -->","yoast_head_json":{"title":"Ingl\u00e9s: Colega Nivel Primario - GO-HRE","robots":{"index":"index","follow":"follow","max-snippet":"max-snippet:-1","max-image-preview":"max-image-preview:large","max-video-preview":"max-video-preview:-1"},"canonical":"https:\/\/go-hre.org\/es\/idiomas\/ingles-primario\/","og_locale":"es_ES","og_type":"article","og_title":"Ingl\u00e9s: Colega Nivel Primario - GO-HRE","og_description":"El Manual de Primaria Colega es para ni\u00f1os de 6 a 11 a\u00f1os aproximadamente. Selecciona de la lista siguiente para ver lecciones individuales o secciones, o descarga PDF completos de la lista de botones. Contenido del curso: Caja de herramientas del facilitador:","og_url":"https:\/\/go-hre.org\/es\/idiomas\/ingles-primario\/","og_site_name":"GO-HRE","article_modified_time":"2025-07-20T15:24:48+00:00","twitter_card":"summary_large_image","twitter_misc":{"Tiempo de lectura":"1 minuto"},"schema":{"@context":"https:\/\/schema.org","@graph":[{"@type":"WebPage","@id":"https:\/\/go-hre.org\/es\/idiomas\/ingles-primario\/","url":"https:\/\/go-hre.org\/es\/idiomas\/ingles-primario\/","name":"Ingl\u00e9s: Colega Nivel Primario - GO-HRE","isPartOf":{"@id":"https:\/\/go-hre.org\/#website"},"datePublished":"2025-04-18T01:54:00+00:00","dateModified":"2025-07-20T15:24:48+00:00","breadcrumb":{"@id":"https:\/\/go-hre.org\/es\/idiomas\/ingles-primario\/#breadcrumb"},"inLanguage":"es","potentialAction":[{"@type":"ReadAction","target":["https:\/\/go-hre.org\/es\/idiomas\/ingles-primario\/"]}]},{"@type":"BreadcrumbList","@id":"https:\/\/go-hre.org\/es\/idiomas\/ingles-primario\/#breadcrumb","itemListElement":[{"@type":"ListItem","position":1,"name":"Home","item":"https:\/\/go-hre.org\/es\/"},{"@type":"ListItem","position":2,"name":"Idiomas","item":"https:\/\/go-hre.org\/es\/idiomas\/"},{"@type":"ListItem","position":3,"name":"Ingl\u00e9s: Colega Nivel Primario"}]},{"@type":"WebSite","@id":"https:\/\/go-hre.org\/#website","url":"https:\/\/go-hre.org\/","name":"GO-HRE","description":"Oficina de Ginebra para la Educaci\u00f3n en Derechos Humanos","publisher":{"@id":"https:\/\/go-hre.org\/#organization"},"potentialAction":[{"@type":"SearchAction","target":{"@type":"EntryPoint","urlTemplate":"https:\/\/go-hre.org\/?s={search_term_string}"},"query-input":{"@type":"PropertyValueSpecification","valueRequired":true,"valueName":"search_term_string"}}],"inLanguage":"es"},{"@type":"Organization","@id":"https:\/\/go-hre.org\/#organization","name":"GO-HRE","url":"https:\/\/go-hre.org\/","logo":{"@type":"ImageObject","inLanguage":"es","@id":"https:\/\/go-hre.org\/#\/schema\/logo\/image\/","url":"https:\/\/go-hre.org\/wp-content\/uploads\/2025\/04\/favicon.png","contentUrl":"https:\/\/go-hre.org\/wp-content\/uploads\/2025\/04\/favicon.png","width":258,"height":258,"caption":"GO-HRE"},"image":{"@id":"https:\/\/go-hre.org\/#\/schema\/logo\/image\/"}}]}},"_links":{"self":[{"href":"https:\/\/go-hre.org\/es\/wp-json\/wp\/v2\/pages\/1620","targetHints":{"allow":["GET"]}}],"collection":[{"href":"https:\/\/go-hre.org\/es\/wp-json\/wp\/v2\/pages"}],"about":[{"href":"https:\/\/go-hre.org\/es\/wp-json\/wp\/v2\/types\/page"}],"author":[{"embeddable":true,"href":"https:\/\/go-hre.org\/es\/wp-json\/wp\/v2\/users\/1"}],"replies":[{"embeddable":true,"href":"https:\/\/go-hre.org\/es\/wp-json\/wp\/v2\/comments?post=1620"}],"version-history":[{"count":7,"href":"https:\/\/go-hre.org\/es\/wp-json\/wp\/v2\/pages\/1620\/revisions"}],"predecessor-version":[{"id":4849,"href":"https:\/\/go-hre.org\/es\/wp-json\/wp\/v2\/pages\/1620\/revisions\/4849"}],"up":[{"embeddable":true,"href":"https:\/\/go-hre.org\/es\/wp-json\/wp\/v2\/pages\/1585"}],"wp:attachment":[{"href":"https:\/\/go-hre.org\/es\/wp-json\/wp\/v2\/media?parent=1620"}],"curies":[{"name":"wp","href":"https:\/\/api.w.org\/{rel}","templated":true}]}}