{"id":1640,"date":"2025-04-21T15:30:04","date_gmt":"2025-04-21T21:30:04","guid":{"rendered":"https:\/\/go-hre.org\/idiomas\/ingles-material-general-juvenil\/"},"modified":"2025-05-21T12:20:06","modified_gmt":"2025-05-21T18:20:06","slug":"ingles-material-general-juvenil","status":"publish","type":"page","link":"https:\/\/go-hre.org\/es\/idiomas\/ingles-material-general-juvenil\/","title":{"rendered":"Ingl\u00e9s: Material General Juvenil"},"content":{"rendered":"\n<p>El Manual Colega para J\u00f3venes est\u00e1 dirigido a ni\u00f1os de entre 12 y 18 a\u00f1os aproximadamente. Selecciona de la lista de abajo para ver lecciones o secciones individuales o descarga los PDF completos de la lista de botones. <\/p>\n\n<hr class=\"wp-block-separator has-alpha-channel-opacity\"\/>\n\n<p><strong>Portada, \u00cdndice, Introducci\u00f3n y Avance IA y 1B: Derecho a la Igualdad<\/strong><\/p>\n\n<ul class=\"wp-block-list pdf_links\">\n<li><a href=\"https:\/\/go-hre.org\/wp-content\/uploads\/2025\/04\/colega_eng_250421_sec_0.pdf\" data-type=\"attachment\" data-id=\"464\">Portada e \u00edndice<\/a><\/li>\n\n\n\n<li><a href=\"https:\/\/go-hre.org\/wp-content\/uploads\/2025\/04\/colega_eng_250421_sec_2.pdf\" data-type=\"attachment\" data-id=\"466\">Lecci\u00f3n 1: Derecho a la igualdad<\/a><\/li>\n\n\n\n<li><a href=\"https:\/\/go-hre.org\/wp-content\/uploads\/2025\/04\/colega_eng_250421_sec_3.pdf\" data-type=\"attachment\" data-id=\"467\">Lecci\u00f3n 2: Derechos humanos iguales e inalienables<\/a><\/li>\n\n\n\n<li><a href=\"https:\/\/go-hre.org\/wp-content\/uploads\/2025\/04\/colega_eng_250421_sec_4.pdf\" data-type=\"attachment\" data-id=\"468\">Lecci\u00f3n 3: Libertad frente a la discriminaci\u00f3n<\/a><\/li>\n\n\n\n<li><a href=\"https:\/\/go-hre.org\/wp-content\/uploads\/2025\/04\/colega_eng_250421_sec_4.pdf\" data-type=\"attachment\" data-id=\"468\">Lecci\u00f3n 4: Libertad frente al trato inhumano<\/a><\/li>\n\n\n\n<li><a href=\"https:\/\/go-hre.org\/wp-content\/uploads\/2025\/04\/colega_eng_250421_sec_5.pdf\" data-type=\"attachment\" data-id=\"469\">Lecci\u00f3n 5: Derecho al matrimonio y a la familia<\/a><\/li>\n\n\n\n<li><a href=\"https:\/\/go-hre.org\/wp-content\/uploads\/2025\/04\/colega_eng_250421_sec_6.pdf\" data-type=\"attachment\" data-id=\"470\">Lecci\u00f3n 6: Libertad religiosa y de creencias<\/a><\/li>\n\n\n\n<li><a href=\"https:\/\/go-hre.org\/wp-content\/uploads\/2025\/04\/colega_eng_250421_sec_7.pdf\" data-type=\"attachment\" data-id=\"471\">Lecci\u00f3n 7: Libertad de opini\u00f3n y de expresi\u00f3n<\/a><\/li>\n\n\n\n<li><a href=\"https:\/\/go-hre.org\/wp-content\/uploads\/2025\/04\/colega_eng_250421_sec_8.pdf\" data-type=\"attachment\" data-id=\"472\">Lecci\u00f3n 8: Derecho al reconocimiento legal<\/a><\/li>\n\n\n\n<li><a href=\"https:\/\/go-hre.org\/wp-content\/uploads\/2025\/04\/colega_eng_250421_sec_9.pdf\" data-type=\"attachment\" data-id=\"473\">Lecci\u00f3n 9: Protecci\u00f3n contra el trabajo infantil<\/a><\/li>\n\n\n\n<li><a href=\"https:\/\/go-hre.org\/wp-content\/uploads\/2025\/04\/colega_eng_250421_sec_10a.pdf\" data-type=\"attachment\" data-id=\"474\">Lecci\u00f3n 10A: Derecho a la Educaci\u00f3n<\/a><\/li>\n\n\n\n<li><a href=\"https:\/\/go-hre.org\/wp-content\/uploads\/2025\/04\/colega_eng_250421_sec_10b.pdf\" data-type=\"attachment\" data-id=\"475\">Lecci\u00f3n 10B: Nuestro deber para con la comunidad y los dem\u00e1s<\/a><\/li>\n<\/ul>\n\n<hr class=\"wp-block-separator has-alpha-channel-opacity\"\/>\n\n<p><strong>Herramientas para facilitadores<\/strong><\/p>\n\n<ul class=\"wp-block-list pdf_links\">\n<li><a href=\"https:\/\/go-hre.org\/wp-content\/uploads\/2025\/04\/colega_eng_250421_sec_13.pdf\" data-type=\"attachment\" data-id=\"480\">Secci\u00f3n I: Antecedentes<\/a><\/li>\n\n\n\n<li><a href=\"https:\/\/go-hre.org\/wp-content\/uploads\/2025\/04\/colega_eng_250421_sec_14.pdf\" data-type=\"attachment\" data-id=\"481\">Secci\u00f3n II: Pautas y consejos did\u00e1cticos<\/a><\/li>\n\n\n\n<li><a href=\"https:\/\/go-hre.org\/wp-content\/uploads\/2025\/04\/colega_eng_250421_sec_15.pdf\" data-type=\"attachment\" data-id=\"482\">Secci\u00f3n III: Canciones<\/a><\/li>\n\n\n\n<li><a href=\"https:\/\/go-hre.org\/wp-content\/uploads\/2025\/04\/colega_eng_250421_sec_16.pdf\" data-type=\"attachment\" data-id=\"483\">Secci\u00f3n IV: Glosario<\/a><\/li>\n\n\n\n<li><a href=\"https:\/\/go-hre.org\/wp-content\/uploads\/2025\/04\/colega_eng_250421_sec_17.pdf\" data-type=\"attachment\" data-id=\"484\">Secci\u00f3n V: Documentos de la ONU<\/a><\/li>\n\n\n\n<li><a href=\"https:\/\/go-hre.org\/wp-content\/uploads\/2025\/04\/colega_eng_250421_sec_18.pdf\" data-type=\"attachment\" data-id=\"485\">Secci\u00f3n VI: Ejemplos de evaluaciones<\/a><\/li>\n<\/ul>\n\n<p><\/p>\n","protected":false},"excerpt":{"rendered":"<p>El Manual Colega para J\u00f3venes est\u00e1 dirigido a ni\u00f1os de entre 12 y 18 a\u00f1os aproximadamente. Selecciona de la lista de abajo para ver lecciones o secciones individuales o descarga los PDF completos de la lista de botones. Portada, \u00cdndice, Introducci\u00f3n y Avance IA y 1B: Derecho a la Igualdad Herramientas para facilitadores<\/p>\n","protected":false},"author":1,"featured_media":0,"parent":1585,"menu_order":0,"comment_status":"closed","ping_status":"closed","template":"","meta":{"_acf_changed":false,"inline_featured_image":false,"footnotes":""},"class_list":["post-1640","page","type-page","status-publish","hentry"],"acf":[],"yoast_head":"<!-- This site is optimized with the Yoast SEO plugin v27.3 - https:\/\/yoast.com\/product\/yoast-seo-wordpress\/ -->\n<title>Ingl\u00e9s: Material General Juvenil - GO-HRE<\/title>\n<meta name=\"robots\" content=\"index, follow, max-snippet:-1, max-image-preview:large, max-video-preview:-1\" \/>\n<link rel=\"canonical\" href=\"https:\/\/go-hre.org\/es\/idiomas\/ingles-material-general-juvenil\/\" \/>\n<meta property=\"og:locale\" content=\"es_ES\" \/>\n<meta property=\"og:type\" content=\"article\" \/>\n<meta property=\"og:title\" content=\"Ingl\u00e9s: Material General Juvenil - GO-HRE\" \/>\n<meta property=\"og:description\" content=\"El Manual Colega para J\u00f3venes est\u00e1 dirigido a ni\u00f1os de entre 12 y 18 a\u00f1os aproximadamente. Selecciona de la lista de abajo para ver lecciones o secciones individuales o descarga los PDF completos de la lista de botones. Portada, \u00cdndice, Introducci\u00f3n y Avance IA y 1B: Derecho a la Igualdad Herramientas para facilitadores\" \/>\n<meta property=\"og:url\" content=\"https:\/\/go-hre.org\/es\/idiomas\/ingles-material-general-juvenil\/\" \/>\n<meta property=\"og:site_name\" content=\"GO-HRE\" \/>\n<meta property=\"article:modified_time\" content=\"2025-05-21T18:20:06+00:00\" \/>\n<meta name=\"twitter:card\" content=\"summary_large_image\" \/>\n<meta name=\"twitter:label1\" content=\"Tiempo de lectura\" \/>\n\t<meta name=\"twitter:data1\" content=\"1 minuto\" \/>\n<script type=\"application\/ld+json\" class=\"yoast-schema-graph\">{\"@context\":\"https:\\\/\\\/schema.org\",\"@graph\":[{\"@type\":\"WebPage\",\"@id\":\"https:\\\/\\\/go-hre.org\\\/es\\\/idiomas\\\/ingles-material-general-juvenil\\\/\",\"url\":\"https:\\\/\\\/go-hre.org\\\/es\\\/idiomas\\\/ingles-material-general-juvenil\\\/\",\"name\":\"Ingl\u00e9s: Material General Juvenil - GO-HRE\",\"isPartOf\":{\"@id\":\"https:\\\/\\\/go-hre.org\\\/#website\"},\"datePublished\":\"2025-04-21T21:30:04+00:00\",\"dateModified\":\"2025-05-21T18:20:06+00:00\",\"breadcrumb\":{\"@id\":\"https:\\\/\\\/go-hre.org\\\/es\\\/idiomas\\\/ingles-material-general-juvenil\\\/#breadcrumb\"},\"inLanguage\":\"es\",\"potentialAction\":[{\"@type\":\"ReadAction\",\"target\":[\"https:\\\/\\\/go-hre.org\\\/es\\\/idiomas\\\/ingles-material-general-juvenil\\\/\"]}]},{\"@type\":\"BreadcrumbList\",\"@id\":\"https:\\\/\\\/go-hre.org\\\/es\\\/idiomas\\\/ingles-material-general-juvenil\\\/#breadcrumb\",\"itemListElement\":[{\"@type\":\"ListItem\",\"position\":1,\"name\":\"Home\",\"item\":\"https:\\\/\\\/go-hre.org\\\/es\\\/\"},{\"@type\":\"ListItem\",\"position\":2,\"name\":\"Idiomas\",\"item\":\"https:\\\/\\\/go-hre.org\\\/es\\\/idiomas\\\/\"},{\"@type\":\"ListItem\",\"position\":3,\"name\":\"Ingl\u00e9s: Material General Juvenil\"}]},{\"@type\":\"WebSite\",\"@id\":\"https:\\\/\\\/go-hre.org\\\/#website\",\"url\":\"https:\\\/\\\/go-hre.org\\\/\",\"name\":\"GO-HRE\",\"description\":\"Oficina de Ginebra para la Educaci\u00f3n en Derechos Humanos\",\"publisher\":{\"@id\":\"https:\\\/\\\/go-hre.org\\\/#organization\"},\"potentialAction\":[{\"@type\":\"SearchAction\",\"target\":{\"@type\":\"EntryPoint\",\"urlTemplate\":\"https:\\\/\\\/go-hre.org\\\/?s={search_term_string}\"},\"query-input\":{\"@type\":\"PropertyValueSpecification\",\"valueRequired\":true,\"valueName\":\"search_term_string\"}}],\"inLanguage\":\"es\"},{\"@type\":\"Organization\",\"@id\":\"https:\\\/\\\/go-hre.org\\\/#organization\",\"name\":\"GO-HRE\",\"url\":\"https:\\\/\\\/go-hre.org\\\/\",\"logo\":{\"@type\":\"ImageObject\",\"inLanguage\":\"es\",\"@id\":\"https:\\\/\\\/go-hre.org\\\/#\\\/schema\\\/logo\\\/image\\\/\",\"url\":\"https:\\\/\\\/go-hre.org\\\/wp-content\\\/uploads\\\/2025\\\/04\\\/favicon.png\",\"contentUrl\":\"https:\\\/\\\/go-hre.org\\\/wp-content\\\/uploads\\\/2025\\\/04\\\/favicon.png\",\"width\":258,\"height\":258,\"caption\":\"GO-HRE\"},\"image\":{\"@id\":\"https:\\\/\\\/go-hre.org\\\/#\\\/schema\\\/logo\\\/image\\\/\"}}]}<\/script>\n<!-- \/ Yoast SEO plugin. -->","yoast_head_json":{"title":"Ingl\u00e9s: Material General Juvenil - GO-HRE","robots":{"index":"index","follow":"follow","max-snippet":"max-snippet:-1","max-image-preview":"max-image-preview:large","max-video-preview":"max-video-preview:-1"},"canonical":"https:\/\/go-hre.org\/es\/idiomas\/ingles-material-general-juvenil\/","og_locale":"es_ES","og_type":"article","og_title":"Ingl\u00e9s: Material General Juvenil - GO-HRE","og_description":"El Manual Colega para J\u00f3venes est\u00e1 dirigido a ni\u00f1os de entre 12 y 18 a\u00f1os aproximadamente. Selecciona de la lista de abajo para ver lecciones o secciones individuales o descarga los PDF completos de la lista de botones. Portada, \u00cdndice, Introducci\u00f3n y Avance IA y 1B: Derecho a la Igualdad Herramientas para facilitadores","og_url":"https:\/\/go-hre.org\/es\/idiomas\/ingles-material-general-juvenil\/","og_site_name":"GO-HRE","article_modified_time":"2025-05-21T18:20:06+00:00","twitter_card":"summary_large_image","twitter_misc":{"Tiempo de lectura":"1 minuto"},"schema":{"@context":"https:\/\/schema.org","@graph":[{"@type":"WebPage","@id":"https:\/\/go-hre.org\/es\/idiomas\/ingles-material-general-juvenil\/","url":"https:\/\/go-hre.org\/es\/idiomas\/ingles-material-general-juvenil\/","name":"Ingl\u00e9s: Material General Juvenil - GO-HRE","isPartOf":{"@id":"https:\/\/go-hre.org\/#website"},"datePublished":"2025-04-21T21:30:04+00:00","dateModified":"2025-05-21T18:20:06+00:00","breadcrumb":{"@id":"https:\/\/go-hre.org\/es\/idiomas\/ingles-material-general-juvenil\/#breadcrumb"},"inLanguage":"es","potentialAction":[{"@type":"ReadAction","target":["https:\/\/go-hre.org\/es\/idiomas\/ingles-material-general-juvenil\/"]}]},{"@type":"BreadcrumbList","@id":"https:\/\/go-hre.org\/es\/idiomas\/ingles-material-general-juvenil\/#breadcrumb","itemListElement":[{"@type":"ListItem","position":1,"name":"Home","item":"https:\/\/go-hre.org\/es\/"},{"@type":"ListItem","position":2,"name":"Idiomas","item":"https:\/\/go-hre.org\/es\/idiomas\/"},{"@type":"ListItem","position":3,"name":"Ingl\u00e9s: Material General Juvenil"}]},{"@type":"WebSite","@id":"https:\/\/go-hre.org\/#website","url":"https:\/\/go-hre.org\/","name":"GO-HRE","description":"Oficina de Ginebra para la Educaci\u00f3n en Derechos Humanos","publisher":{"@id":"https:\/\/go-hre.org\/#organization"},"potentialAction":[{"@type":"SearchAction","target":{"@type":"EntryPoint","urlTemplate":"https:\/\/go-hre.org\/?s={search_term_string}"},"query-input":{"@type":"PropertyValueSpecification","valueRequired":true,"valueName":"search_term_string"}}],"inLanguage":"es"},{"@type":"Organization","@id":"https:\/\/go-hre.org\/#organization","name":"GO-HRE","url":"https:\/\/go-hre.org\/","logo":{"@type":"ImageObject","inLanguage":"es","@id":"https:\/\/go-hre.org\/#\/schema\/logo\/image\/","url":"https:\/\/go-hre.org\/wp-content\/uploads\/2025\/04\/favicon.png","contentUrl":"https:\/\/go-hre.org\/wp-content\/uploads\/2025\/04\/favicon.png","width":258,"height":258,"caption":"GO-HRE"},"image":{"@id":"https:\/\/go-hre.org\/#\/schema\/logo\/image\/"}}]}},"_links":{"self":[{"href":"https:\/\/go-hre.org\/es\/wp-json\/wp\/v2\/pages\/1640","targetHints":{"allow":["GET"]}}],"collection":[{"href":"https:\/\/go-hre.org\/es\/wp-json\/wp\/v2\/pages"}],"about":[{"href":"https:\/\/go-hre.org\/es\/wp-json\/wp\/v2\/types\/page"}],"author":[{"embeddable":true,"href":"https:\/\/go-hre.org\/es\/wp-json\/wp\/v2\/users\/1"}],"replies":[{"embeddable":true,"href":"https:\/\/go-hre.org\/es\/wp-json\/wp\/v2\/comments?post=1640"}],"version-history":[{"count":3,"href":"https:\/\/go-hre.org\/es\/wp-json\/wp\/v2\/pages\/1640\/revisions"}],"predecessor-version":[{"id":1803,"href":"https:\/\/go-hre.org\/es\/wp-json\/wp\/v2\/pages\/1640\/revisions\/1803"}],"up":[{"embeddable":true,"href":"https:\/\/go-hre.org\/es\/wp-json\/wp\/v2\/pages\/1585"}],"wp:attachment":[{"href":"https:\/\/go-hre.org\/es\/wp-json\/wp\/v2\/media?parent=1640"}],"curies":[{"name":"wp","href":"https:\/\/api.w.org\/{rel}","templated":true}]}}