{"id":1680,"date":"2025-04-23T18:34:10","date_gmt":"2025-04-24T00:34:10","guid":{"rendered":"https:\/\/go-hre.org\/idiomas\/frances-material-general-juvenil\/"},"modified":"2025-05-21T12:20:24","modified_gmt":"2025-05-21T18:20:24","slug":"frances-material-general-juvenil","status":"publish","type":"page","link":"https:\/\/go-hre.org\/es\/idiomas\/frances-material-general-juvenil\/","title":{"rendered":"Franc\u00e9s: Material General Juvenil"},"content":{"rendered":"\n<p><strong>Contenido del curso:<\/strong><\/p>\n\n<ul class=\"wp-block-list pdf_links\">\n<li><a href=\"https:\/\/go-hre.org\/wp-content\/uploads\/2025\/04\/colega_fre_240228_sec_0.pdf\" data-type=\"attachment\" data-id=\"577\">Portada y tabla de materias<\/a><\/li>\n\n\n\n<li><a href=\"https:\/\/go-hre.org\/wp-content\/uploads\/2025\/04\/colega_fre_240228_sec_1.pdf\" data-type=\"attachment\" data-id=\"578\">Lecci\u00f3n 1: Nacer libre<\/a><\/li>\n\n\n\n<li><a href=\"https:\/\/go-hre.org\/wp-content\/uploads\/2025\/04\/colega_fre_240228_sec_2.pdf\" data-type=\"attachment\" data-id=\"579\">Le\u00e7on 2: Tengo derechos<\/a><\/li>\n\n\n\n<li><a href=\"https:\/\/go-hre.org\/wp-content\/uploads\/2025\/04\/colega_fre_240228_sec_3.pdf\" data-type=\"attachment\" data-id=\"580\">Lecci\u00f3n 3: \u00bfEs la discriminaci\u00f3n?<\/a><\/li>\n\n\n\n<li><a href=\"https:\/\/go-hre.org\/wp-content\/uploads\/2025\/04\/colega_fre_240228_sec_4.pdf\" data-type=\"attachment\" data-id=\"581\">Lecci\u00f3n 4: El acoso no est\u00e1 permitido<\/a><\/li>\n\n\n\n<li><a href=\"https:\/\/go-hre.org\/wp-content\/uploads\/2025\/04\/colega_fre_240228_sec.pdf\" data-type=\"attachment\" data-id=\"589\">Le\u00e7on 5: La famille, c&#8217;est merveilleux<\/a><\/li>\n\n\n\n<li><a href=\"https:\/\/go-hre.org\/wp-content\/uploads\/2025\/04\/colega_fre_240228_sec_6.pdf\" data-type=\"attachment\" data-id=\"582\">Lecci\u00f3n 6: Tengo elecci\u00f3n<\/a><\/li>\n\n\n\n<li><a href=\"https:\/\/go-hre.org\/wp-content\/uploads\/2025\/04\/colega_fre_240228_sec_7.pdf\" data-type=\"attachment\" data-id=\"583\">Le\u00e7on 7: Las palabras hacen la diferencia<\/a><\/li>\n\n\n\n<li><a href=\"https:\/\/go-hre.org\/wp-content\/uploads\/2025\/04\/colega_fre_240228_sec_8.pdf\" data-type=\"attachment\" data-id=\"584\">Le\u00e7on 8: Tengo derecho a ser yo mismo<\/a><\/li>\n\n\n\n<li><a href=\"https:\/\/go-hre.org\/wp-content\/uploads\/2025\/04\/colega_fre_240228_sec_9.pdf\" data-type=\"attachment\" data-id=\"585\">Secci\u00f3n 9: El trabajo infantil es simplemente injusto<\/a><\/li>\n\n\n\n<li><a href=\"https:\/\/go-hre.org\/wp-content\/uploads\/2025\/04\/colega_fre_240228_sec_10.pdf\" data-type=\"attachment\" data-id=\"586\">Le\u00e7on 10: \u00a1Voy a la escuela!<\/a><\/li>\n\n\n\n<li><a href=\"https:\/\/go-hre.org\/wp-content\/uploads\/2025\/04\/colega_fre_240228_sec_11.pdf\" data-type=\"attachment\" data-id=\"587\">Notas del moderador y reflexiones<\/a><\/li>\n\n\n\n<li><a href=\"https:\/\/go-hre.org\/wp-content\/uploads\/2025\/04\/colega_fre_240228_sec_12.pdf\" data-type=\"attachment\" data-id=\"588\">Bo\u00eete \u00e0 outils des mod\u00e9rateur<\/a><\/li>\n<\/ul>\n","protected":false},"excerpt":{"rendered":"<p>Contenido del curso:<\/p>\n","protected":false},"author":1,"featured_media":0,"parent":1585,"menu_order":0,"comment_status":"closed","ping_status":"closed","template":"","meta":{"_acf_changed":false,"inline_featured_image":false,"footnotes":""},"class_list":["post-1680","page","type-page","status-publish","hentry"],"acf":[],"yoast_head":"<!-- This site is optimized with the Yoast SEO plugin v27.3 - https:\/\/yoast.com\/product\/yoast-seo-wordpress\/ -->\n<title>Franc\u00e9s: Material General Juvenil - GO-HRE<\/title>\n<meta name=\"robots\" content=\"index, follow, max-snippet:-1, max-image-preview:large, max-video-preview:-1\" \/>\n<link rel=\"canonical\" href=\"https:\/\/go-hre.org\/es\/idiomas\/frances-material-general-juvenil\/\" \/>\n<meta property=\"og:locale\" content=\"es_ES\" \/>\n<meta property=\"og:type\" content=\"article\" \/>\n<meta property=\"og:title\" content=\"Franc\u00e9s: Material General Juvenil - GO-HRE\" \/>\n<meta property=\"og:description\" content=\"Contenido del curso:\" \/>\n<meta property=\"og:url\" content=\"https:\/\/go-hre.org\/es\/idiomas\/frances-material-general-juvenil\/\" \/>\n<meta property=\"og:site_name\" content=\"GO-HRE\" \/>\n<meta property=\"article:modified_time\" content=\"2025-05-21T18:20:24+00:00\" \/>\n<meta name=\"twitter:card\" content=\"summary_large_image\" \/>\n<script type=\"application\/ld+json\" class=\"yoast-schema-graph\">{\"@context\":\"https:\\\/\\\/schema.org\",\"@graph\":[{\"@type\":\"WebPage\",\"@id\":\"https:\\\/\\\/go-hre.org\\\/es\\\/idiomas\\\/frances-material-general-juvenil\\\/\",\"url\":\"https:\\\/\\\/go-hre.org\\\/es\\\/idiomas\\\/frances-material-general-juvenil\\\/\",\"name\":\"Franc\u00e9s: Material General Juvenil - GO-HRE\",\"isPartOf\":{\"@id\":\"https:\\\/\\\/go-hre.org\\\/#website\"},\"datePublished\":\"2025-04-24T00:34:10+00:00\",\"dateModified\":\"2025-05-21T18:20:24+00:00\",\"breadcrumb\":{\"@id\":\"https:\\\/\\\/go-hre.org\\\/es\\\/idiomas\\\/frances-material-general-juvenil\\\/#breadcrumb\"},\"inLanguage\":\"es\",\"potentialAction\":[{\"@type\":\"ReadAction\",\"target\":[\"https:\\\/\\\/go-hre.org\\\/es\\\/idiomas\\\/frances-material-general-juvenil\\\/\"]}]},{\"@type\":\"BreadcrumbList\",\"@id\":\"https:\\\/\\\/go-hre.org\\\/es\\\/idiomas\\\/frances-material-general-juvenil\\\/#breadcrumb\",\"itemListElement\":[{\"@type\":\"ListItem\",\"position\":1,\"name\":\"Home\",\"item\":\"https:\\\/\\\/go-hre.org\\\/es\\\/\"},{\"@type\":\"ListItem\",\"position\":2,\"name\":\"Idiomas\",\"item\":\"https:\\\/\\\/go-hre.org\\\/es\\\/idiomas\\\/\"},{\"@type\":\"ListItem\",\"position\":3,\"name\":\"Franc\u00e9s: Material General Juvenil\"}]},{\"@type\":\"WebSite\",\"@id\":\"https:\\\/\\\/go-hre.org\\\/#website\",\"url\":\"https:\\\/\\\/go-hre.org\\\/\",\"name\":\"GO-HRE\",\"description\":\"Oficina de Ginebra para la Educaci\u00f3n en Derechos Humanos\",\"publisher\":{\"@id\":\"https:\\\/\\\/go-hre.org\\\/#organization\"},\"potentialAction\":[{\"@type\":\"SearchAction\",\"target\":{\"@type\":\"EntryPoint\",\"urlTemplate\":\"https:\\\/\\\/go-hre.org\\\/?s={search_term_string}\"},\"query-input\":{\"@type\":\"PropertyValueSpecification\",\"valueRequired\":true,\"valueName\":\"search_term_string\"}}],\"inLanguage\":\"es\"},{\"@type\":\"Organization\",\"@id\":\"https:\\\/\\\/go-hre.org\\\/#organization\",\"name\":\"GO-HRE\",\"url\":\"https:\\\/\\\/go-hre.org\\\/\",\"logo\":{\"@type\":\"ImageObject\",\"inLanguage\":\"es\",\"@id\":\"https:\\\/\\\/go-hre.org\\\/#\\\/schema\\\/logo\\\/image\\\/\",\"url\":\"https:\\\/\\\/go-hre.org\\\/wp-content\\\/uploads\\\/2025\\\/04\\\/favicon.png\",\"contentUrl\":\"https:\\\/\\\/go-hre.org\\\/wp-content\\\/uploads\\\/2025\\\/04\\\/favicon.png\",\"width\":258,\"height\":258,\"caption\":\"GO-HRE\"},\"image\":{\"@id\":\"https:\\\/\\\/go-hre.org\\\/#\\\/schema\\\/logo\\\/image\\\/\"}}]}<\/script>\n<!-- \/ Yoast SEO plugin. -->","yoast_head_json":{"title":"Franc\u00e9s: Material General Juvenil - GO-HRE","robots":{"index":"index","follow":"follow","max-snippet":"max-snippet:-1","max-image-preview":"max-image-preview:large","max-video-preview":"max-video-preview:-1"},"canonical":"https:\/\/go-hre.org\/es\/idiomas\/frances-material-general-juvenil\/","og_locale":"es_ES","og_type":"article","og_title":"Franc\u00e9s: Material General Juvenil - GO-HRE","og_description":"Contenido del curso:","og_url":"https:\/\/go-hre.org\/es\/idiomas\/frances-material-general-juvenil\/","og_site_name":"GO-HRE","article_modified_time":"2025-05-21T18:20:24+00:00","twitter_card":"summary_large_image","schema":{"@context":"https:\/\/schema.org","@graph":[{"@type":"WebPage","@id":"https:\/\/go-hre.org\/es\/idiomas\/frances-material-general-juvenil\/","url":"https:\/\/go-hre.org\/es\/idiomas\/frances-material-general-juvenil\/","name":"Franc\u00e9s: Material General Juvenil - GO-HRE","isPartOf":{"@id":"https:\/\/go-hre.org\/#website"},"datePublished":"2025-04-24T00:34:10+00:00","dateModified":"2025-05-21T18:20:24+00:00","breadcrumb":{"@id":"https:\/\/go-hre.org\/es\/idiomas\/frances-material-general-juvenil\/#breadcrumb"},"inLanguage":"es","potentialAction":[{"@type":"ReadAction","target":["https:\/\/go-hre.org\/es\/idiomas\/frances-material-general-juvenil\/"]}]},{"@type":"BreadcrumbList","@id":"https:\/\/go-hre.org\/es\/idiomas\/frances-material-general-juvenil\/#breadcrumb","itemListElement":[{"@type":"ListItem","position":1,"name":"Home","item":"https:\/\/go-hre.org\/es\/"},{"@type":"ListItem","position":2,"name":"Idiomas","item":"https:\/\/go-hre.org\/es\/idiomas\/"},{"@type":"ListItem","position":3,"name":"Franc\u00e9s: Material General Juvenil"}]},{"@type":"WebSite","@id":"https:\/\/go-hre.org\/#website","url":"https:\/\/go-hre.org\/","name":"GO-HRE","description":"Oficina de Ginebra para la Educaci\u00f3n en Derechos Humanos","publisher":{"@id":"https:\/\/go-hre.org\/#organization"},"potentialAction":[{"@type":"SearchAction","target":{"@type":"EntryPoint","urlTemplate":"https:\/\/go-hre.org\/?s={search_term_string}"},"query-input":{"@type":"PropertyValueSpecification","valueRequired":true,"valueName":"search_term_string"}}],"inLanguage":"es"},{"@type":"Organization","@id":"https:\/\/go-hre.org\/#organization","name":"GO-HRE","url":"https:\/\/go-hre.org\/","logo":{"@type":"ImageObject","inLanguage":"es","@id":"https:\/\/go-hre.org\/#\/schema\/logo\/image\/","url":"https:\/\/go-hre.org\/wp-content\/uploads\/2025\/04\/favicon.png","contentUrl":"https:\/\/go-hre.org\/wp-content\/uploads\/2025\/04\/favicon.png","width":258,"height":258,"caption":"GO-HRE"},"image":{"@id":"https:\/\/go-hre.org\/#\/schema\/logo\/image\/"}}]}},"_links":{"self":[{"href":"https:\/\/go-hre.org\/es\/wp-json\/wp\/v2\/pages\/1680","targetHints":{"allow":["GET"]}}],"collection":[{"href":"https:\/\/go-hre.org\/es\/wp-json\/wp\/v2\/pages"}],"about":[{"href":"https:\/\/go-hre.org\/es\/wp-json\/wp\/v2\/types\/page"}],"author":[{"embeddable":true,"href":"https:\/\/go-hre.org\/es\/wp-json\/wp\/v2\/users\/1"}],"replies":[{"embeddable":true,"href":"https:\/\/go-hre.org\/es\/wp-json\/wp\/v2\/comments?post=1680"}],"version-history":[{"count":2,"href":"https:\/\/go-hre.org\/es\/wp-json\/wp\/v2\/pages\/1680\/revisions"}],"predecessor-version":[{"id":1684,"href":"https:\/\/go-hre.org\/es\/wp-json\/wp\/v2\/pages\/1680\/revisions\/1684"}],"up":[{"embeddable":true,"href":"https:\/\/go-hre.org\/es\/wp-json\/wp\/v2\/pages\/1585"}],"wp:attachment":[{"href":"https:\/\/go-hre.org\/es\/wp-json\/wp\/v2\/media?parent=1680"}],"curies":[{"name":"wp","href":"https:\/\/api.w.org\/{rel}","templated":true}]}}