{"id":1756,"date":"2025-03-10T18:32:53","date_gmt":"2025-03-11T00:32:53","guid":{"rendered":"https:\/\/go-hre.org\/pagina-de-inicio\/"},"modified":"2025-08-07T20:54:57","modified_gmt":"2025-08-08T02:54:57","slug":"pagina-de-inicio","status":"publish","type":"page","link":"https:\/\/go-hre.org\/es\/","title":{"rendered":"P\u00e1gina de inicio"},"content":{"rendered":"\n<h2 class=\"wp-block-heading has-text-align-center has-red-color has-text-color has-link-color wp-elements-22f3821e0aacbc75f8fd8ba7ebb8ec24\">Colega, Nuestro Plan de Estudios para la Ense\u00f1anza de los Derechos Humanos<\/h2>\n\n\n\n<figure class=\"wp-block-image size-large\"><img decoding=\"async\" width=\"1600\" height=\"750\" data-src=\"https:\/\/go-hre.org\/wp-content\/uploads\/2025\/06\/HomePage-CoversMockup-1600x750.png\" alt=\"\" class=\"wp-image-3177 lazyload\" style=\"--smush-placeholder-width: 1600px; --smush-placeholder-aspect-ratio: 1600\/750;object-fit:cover\" data-srcset=\"https:\/\/go-hre.org\/wp-content\/uploads\/2025\/06\/HomePage-CoversMockup-1600x750.png 1600w, https:\/\/go-hre.org\/wp-content\/uploads\/2025\/06\/HomePage-CoversMockup-900x422.png 900w, https:\/\/go-hre.org\/wp-content\/uploads\/2025\/06\/HomePage-CoversMockup-768x360.png 768w, https:\/\/go-hre.org\/wp-content\/uploads\/2025\/06\/HomePage-CoversMockup-1536x720.png 1536w, https:\/\/go-hre.org\/wp-content\/uploads\/2025\/06\/HomePage-CoversMockup.png 1920w\" data-sizes=\"(max-width: 1600px) 100vw, 1600px\" src=\"data:image\/svg+xml;base64,PHN2ZyB3aWR0aD0iMSIgaGVpZ2h0PSIxIiB4bWxucz0iaHR0cDovL3d3dy53My5vcmcvMjAwMC9zdmciPjwvc3ZnPg==\" \/><\/figure>\n\n\n\n<p><strong>La Oficina de Ginebra para la Educaci\u00f3n en Derechos Humanos (GO-HRE)<\/strong> ofrece gratuitamente a las escuelas de todo el mundo material did\u00e1ctico Colega. La palabra Colega, que significa \u00abamigo\u00bb o \u00abcolega\u00bb, representa el compromiso de dotar a los ni\u00f1os y j\u00f3venes de todo el mundo de conocimientos sobre sus derechos fundamentales.<\/p>\n\n\n\n<p>A trav\u00e9s de la lente de la Declaraci\u00f3n Universal de los Derechos Humanos y la Convenci\u00f3n sobre los Derechos del Ni\u00f1o, inspiramos a la pr\u00f3xima generaci\u00f3n para que comprenda y defienda sus propios derechos. Como organizaci\u00f3n sin \u00e1nimo de lucro impulsada por voluntarios, nos asociamos con sistemas educativos y Ministerios de Educaci\u00f3n de todo el mundo para integrar el plan de estudios Colega en las aulas. Los materiales did\u00e1cticos est\u00e1n disponibles actualmente en espa\u00f1ol, ingl\u00e9s, franc\u00e9s y portugu\u00e9s, con posibilidades de traducci\u00f3n a otros idiomas, lo que garantiza que lleguemos a comunidades diversas de muchos pa\u00edses. Creemos que juntos podemos dar forma a un mundo en el que se respeten y defiendan los derechos de todos los ni\u00f1os.   <\/p>\n\n\n\n<div class=\"wp-block-buttons is-content-justification-center is-layout-flex wp-container-core-buttons-is-layout-16018d1d wp-block-buttons-is-layout-flex\">\n<div class=\"wp-block-button\"><a class=\"wp-block-button__link wp-element-button\" href=\"https:\/\/go-hre.org\/es\/idiomas\/espanhol-material-primario-geral\/\">Hojea nuestro Manual<\/a><\/div>\n<\/div>\n","protected":false},"excerpt":{"rendered":"<p>Colega, Nuestro Plan de Estudios para la Ense\u00f1anza de los Derechos Humanos La Oficina de Ginebra para la Educaci\u00f3n en Derechos Humanos (GO-HRE) ofrece gratuitamente a las escuelas de todo el mundo material did\u00e1ctico Colega. La palabra Colega, que significa \u00abamigo\u00bb o \u00abcolega\u00bb, representa el compromiso de dotar a los ni\u00f1os y j\u00f3venes de todo [&hellip;]<\/p>\n","protected":false},"author":1,"featured_media":0,"parent":0,"menu_order":0,"comment_status":"closed","ping_status":"closed","template":"","meta":{"_acf_changed":false,"inline_featured_image":false,"footnotes":""},"class_list":["post-1756","page","type-page","status-publish","hentry"],"acf":[],"yoast_head":"<!-- This site is optimized with the Yoast SEO plugin v27.4 - https:\/\/yoast.com\/product\/yoast-seo-wordpress\/ -->\n<title>P\u00e1gina de inicio - GO-HRE<\/title>\n<meta name=\"robots\" content=\"index, follow, max-snippet:-1, max-image-preview:large, max-video-preview:-1\" \/>\n<link rel=\"canonical\" href=\"https:\/\/go-hre.org\/es\/\" \/>\n<meta property=\"og:locale\" content=\"es_ES\" \/>\n<meta property=\"og:type\" content=\"article\" \/>\n<meta property=\"og:title\" content=\"P\u00e1gina de inicio - GO-HRE\" \/>\n<meta property=\"og:description\" content=\"Colega, Nuestro Plan de Estudios para la Ense\u00f1anza de los Derechos Humanos La Oficina de Ginebra para la Educaci\u00f3n en Derechos Humanos (GO-HRE) ofrece gratuitamente a las escuelas de todo el mundo material did\u00e1ctico Colega. La palabra Colega, que significa \u00abamigo\u00bb o \u00abcolega\u00bb, representa el compromiso de dotar a los ni\u00f1os y j\u00f3venes de todo [&hellip;]\" \/>\n<meta property=\"og:url\" content=\"https:\/\/go-hre.org\/es\/\" \/>\n<meta property=\"og:site_name\" content=\"GO-HRE\" \/>\n<meta property=\"article:modified_time\" content=\"2025-08-08T02:54:57+00:00\" \/>\n<meta property=\"og:image\" content=\"https:\/\/go-hre.org\/wp-content\/uploads\/2025\/06\/HomePage-CoversMockup.png\" \/>\n\t<meta property=\"og:image:width\" content=\"1920\" \/>\n\t<meta property=\"og:image:height\" content=\"900\" \/>\n\t<meta property=\"og:image:type\" content=\"image\/png\" \/>\n<meta name=\"twitter:card\" content=\"summary_large_image\" \/>\n<meta name=\"twitter:label1\" content=\"Tiempo de lectura\" \/>\n\t<meta name=\"twitter:data1\" content=\"2 minutos\" \/>\n<script type=\"application\/ld+json\" class=\"yoast-schema-graph\">{\"@context\":\"https:\\\/\\\/schema.org\",\"@graph\":[{\"@type\":\"WebPage\",\"@id\":\"https:\\\/\\\/go-hre.org\\\/es\\\/\",\"url\":\"https:\\\/\\\/go-hre.org\\\/es\\\/\",\"name\":\"P\u00e1gina de inicio - GO-HRE\",\"isPartOf\":{\"@id\":\"https:\\\/\\\/go-hre.org\\\/#website\"},\"primaryImageOfPage\":{\"@id\":\"https:\\\/\\\/go-hre.org\\\/es\\\/#primaryimage\"},\"image\":{\"@id\":\"https:\\\/\\\/go-hre.org\\\/es\\\/#primaryimage\"},\"thumbnailUrl\":\"https:\\\/\\\/go-hre.org\\\/wp-content\\\/uploads\\\/2025\\\/06\\\/HomePage-CoversMockup-1600x750.png\",\"datePublished\":\"2025-03-11T00:32:53+00:00\",\"dateModified\":\"2025-08-08T02:54:57+00:00\",\"breadcrumb\":{\"@id\":\"https:\\\/\\\/go-hre.org\\\/es\\\/#breadcrumb\"},\"inLanguage\":\"es\",\"potentialAction\":[{\"@type\":\"ReadAction\",\"target\":[\"https:\\\/\\\/go-hre.org\\\/es\\\/\"]}]},{\"@type\":\"ImageObject\",\"inLanguage\":\"es\",\"@id\":\"https:\\\/\\\/go-hre.org\\\/es\\\/#primaryimage\",\"url\":\"https:\\\/\\\/go-hre.org\\\/wp-content\\\/uploads\\\/2025\\\/06\\\/HomePage-CoversMockup-1600x750.png\",\"contentUrl\":\"https:\\\/\\\/go-hre.org\\\/wp-content\\\/uploads\\\/2025\\\/06\\\/HomePage-CoversMockup-1600x750.png\"},{\"@type\":\"BreadcrumbList\",\"@id\":\"https:\\\/\\\/go-hre.org\\\/es\\\/#breadcrumb\",\"itemListElement\":[{\"@type\":\"ListItem\",\"position\":1,\"name\":\"Home\",\"item\":\"https:\\\/\\\/go-hre.org\\\/es\\\/\"},{\"@type\":\"ListItem\",\"position\":2,\"name\":\"P\u00e1gina de inicio\"}]},{\"@type\":\"WebSite\",\"@id\":\"https:\\\/\\\/go-hre.org\\\/#website\",\"url\":\"https:\\\/\\\/go-hre.org\\\/\",\"name\":\"GO-HRE\",\"description\":\"Oficina de Ginebra para la Educaci\u00f3n en Derechos Humanos\",\"publisher\":{\"@id\":\"https:\\\/\\\/go-hre.org\\\/#organization\"},\"potentialAction\":[{\"@type\":\"SearchAction\",\"target\":{\"@type\":\"EntryPoint\",\"urlTemplate\":\"https:\\\/\\\/go-hre.org\\\/?s={search_term_string}\"},\"query-input\":{\"@type\":\"PropertyValueSpecification\",\"valueRequired\":true,\"valueName\":\"search_term_string\"}}],\"inLanguage\":\"es\"},{\"@type\":\"Organization\",\"@id\":\"https:\\\/\\\/go-hre.org\\\/#organization\",\"name\":\"GO-HRE\",\"url\":\"https:\\\/\\\/go-hre.org\\\/\",\"logo\":{\"@type\":\"ImageObject\",\"inLanguage\":\"es\",\"@id\":\"https:\\\/\\\/go-hre.org\\\/#\\\/schema\\\/logo\\\/image\\\/\",\"url\":\"https:\\\/\\\/go-hre.org\\\/wp-content\\\/uploads\\\/2025\\\/04\\\/favicon.png\",\"contentUrl\":\"https:\\\/\\\/go-hre.org\\\/wp-content\\\/uploads\\\/2025\\\/04\\\/favicon.png\",\"width\":258,\"height\":258,\"caption\":\"GO-HRE\"},\"image\":{\"@id\":\"https:\\\/\\\/go-hre.org\\\/#\\\/schema\\\/logo\\\/image\\\/\"}}]}<\/script>\n<!-- \/ Yoast SEO plugin. -->","yoast_head_json":{"title":"P\u00e1gina de inicio - GO-HRE","robots":{"index":"index","follow":"follow","max-snippet":"max-snippet:-1","max-image-preview":"max-image-preview:large","max-video-preview":"max-video-preview:-1"},"canonical":"https:\/\/go-hre.org\/es\/","og_locale":"es_ES","og_type":"article","og_title":"P\u00e1gina de inicio - GO-HRE","og_description":"Colega, Nuestro Plan de Estudios para la Ense\u00f1anza de los Derechos Humanos La Oficina de Ginebra para la Educaci\u00f3n en Derechos Humanos (GO-HRE) ofrece gratuitamente a las escuelas de todo el mundo material did\u00e1ctico Colega. La palabra Colega, que significa \u00abamigo\u00bb o \u00abcolega\u00bb, representa el compromiso de dotar a los ni\u00f1os y j\u00f3venes de todo [&hellip;]","og_url":"https:\/\/go-hre.org\/es\/","og_site_name":"GO-HRE","article_modified_time":"2025-08-08T02:54:57+00:00","og_image":[{"width":1920,"height":900,"url":"https:\/\/go-hre.org\/wp-content\/uploads\/2025\/06\/HomePage-CoversMockup.png","type":"image\/png"}],"twitter_card":"summary_large_image","twitter_misc":{"Tiempo de lectura":"2 minutos"},"schema":{"@context":"https:\/\/schema.org","@graph":[{"@type":"WebPage","@id":"https:\/\/go-hre.org\/es\/","url":"https:\/\/go-hre.org\/es\/","name":"P\u00e1gina de inicio - GO-HRE","isPartOf":{"@id":"https:\/\/go-hre.org\/#website"},"primaryImageOfPage":{"@id":"https:\/\/go-hre.org\/es\/#primaryimage"},"image":{"@id":"https:\/\/go-hre.org\/es\/#primaryimage"},"thumbnailUrl":"https:\/\/go-hre.org\/wp-content\/uploads\/2025\/06\/HomePage-CoversMockup-1600x750.png","datePublished":"2025-03-11T00:32:53+00:00","dateModified":"2025-08-08T02:54:57+00:00","breadcrumb":{"@id":"https:\/\/go-hre.org\/es\/#breadcrumb"},"inLanguage":"es","potentialAction":[{"@type":"ReadAction","target":["https:\/\/go-hre.org\/es\/"]}]},{"@type":"ImageObject","inLanguage":"es","@id":"https:\/\/go-hre.org\/es\/#primaryimage","url":"https:\/\/go-hre.org\/wp-content\/uploads\/2025\/06\/HomePage-CoversMockup-1600x750.png","contentUrl":"https:\/\/go-hre.org\/wp-content\/uploads\/2025\/06\/HomePage-CoversMockup-1600x750.png"},{"@type":"BreadcrumbList","@id":"https:\/\/go-hre.org\/es\/#breadcrumb","itemListElement":[{"@type":"ListItem","position":1,"name":"Home","item":"https:\/\/go-hre.org\/es\/"},{"@type":"ListItem","position":2,"name":"P\u00e1gina de inicio"}]},{"@type":"WebSite","@id":"https:\/\/go-hre.org\/#website","url":"https:\/\/go-hre.org\/","name":"GO-HRE","description":"Oficina de Ginebra para la Educaci\u00f3n en Derechos Humanos","publisher":{"@id":"https:\/\/go-hre.org\/#organization"},"potentialAction":[{"@type":"SearchAction","target":{"@type":"EntryPoint","urlTemplate":"https:\/\/go-hre.org\/?s={search_term_string}"},"query-input":{"@type":"PropertyValueSpecification","valueRequired":true,"valueName":"search_term_string"}}],"inLanguage":"es"},{"@type":"Organization","@id":"https:\/\/go-hre.org\/#organization","name":"GO-HRE","url":"https:\/\/go-hre.org\/","logo":{"@type":"ImageObject","inLanguage":"es","@id":"https:\/\/go-hre.org\/#\/schema\/logo\/image\/","url":"https:\/\/go-hre.org\/wp-content\/uploads\/2025\/04\/favicon.png","contentUrl":"https:\/\/go-hre.org\/wp-content\/uploads\/2025\/04\/favicon.png","width":258,"height":258,"caption":"GO-HRE"},"image":{"@id":"https:\/\/go-hre.org\/#\/schema\/logo\/image\/"}}]}},"_links":{"self":[{"href":"https:\/\/go-hre.org\/es\/wp-json\/wp\/v2\/pages\/1756","targetHints":{"allow":["GET"]}}],"collection":[{"href":"https:\/\/go-hre.org\/es\/wp-json\/wp\/v2\/pages"}],"about":[{"href":"https:\/\/go-hre.org\/es\/wp-json\/wp\/v2\/types\/page"}],"author":[{"embeddable":true,"href":"https:\/\/go-hre.org\/es\/wp-json\/wp\/v2\/users\/1"}],"replies":[{"embeddable":true,"href":"https:\/\/go-hre.org\/es\/wp-json\/wp\/v2\/comments?post=1756"}],"version-history":[{"count":9,"href":"https:\/\/go-hre.org\/es\/wp-json\/wp\/v2\/pages\/1756\/revisions"}],"predecessor-version":[{"id":7066,"href":"https:\/\/go-hre.org\/es\/wp-json\/wp\/v2\/pages\/1756\/revisions\/7066"}],"wp:attachment":[{"href":"https:\/\/go-hre.org\/es\/wp-json\/wp\/v2\/media?parent=1756"}],"curies":[{"name":"wp","href":"https:\/\/api.w.org\/{rel}","templated":true}]}}