{"id":2979,"date":"2025-06-03T18:15:52","date_gmt":"2025-06-04T00:15:52","guid":{"rendered":"https:\/\/go-hre.org\/ingles-formacion-1\/"},"modified":"2025-06-03T22:20:57","modified_gmt":"2025-06-04T04:20:57","slug":"ingles-formacion-1","status":"publish","type":"page","link":"https:\/\/go-hre.org\/es\/idiomas\/ingles-formacion-1\/","title":{"rendered":"Ingl\u00e9s: Formaci\u00f3n 1"},"content":{"rendered":"\n<p>Aprende por qu\u00e9 se cre\u00f3 Colega, lo que otros dicen sobre sus beneficios educativos y sus materiales y recursos cuidadosamente desarrollados. Recibe una introducci\u00f3n a los principios pedag\u00f3gicos de Colega, la organizaci\u00f3n de las lecciones y c\u00f3mo aprender\u00e1n los alumnos sobre sus derechos y responsabilidades. <\/p>\n\n<hr class=\"wp-block-separator has-alpha-channel-opacity\"\/>\n\n<div class=\"wp-block-columns is-layout-flex wp-container-core-columns-is-layout-9d6595d7 wp-block-columns-is-layout-flex\">\n<div class=\"wp-block-column is-layout-flow wp-block-column-is-layout-flow\">\n<div class=\"wp-block-columns is-layout-flex wp-container-core-columns-is-layout-9d6595d7 wp-block-columns-is-layout-flex\">\n<div class=\"wp-block-column is-layout-flow wp-block-column-is-layout-flow\">\n<p>La educaci\u00f3n en derechos humanos es importante en la vida de todos los ni\u00f1os.<\/p>\n<\/div>\n\n\n\n<div class=\"wp-block-column is-layout-flow wp-block-column-is-layout-flow\"><div class=\"wp-block-image\">\n<figure class=\"aligncenter size-full\"><img decoding=\"async\" width=\"1600\" height=\"771\" data-src=\"https:\/\/go-hre.org\/wp-content\/uploads\/2025\/04\/hero-carousel-4.jpg\" alt=\"Carrusel Go-HRE 4\" class=\"wp-image-43 lazyload\" data-srcset=\"https:\/\/go-hre.org\/wp-content\/uploads\/2025\/04\/hero-carousel-4.jpg 1600w, https:\/\/go-hre.org\/wp-content\/uploads\/2025\/04\/hero-carousel-4-900x434.jpg 900w, https:\/\/go-hre.org\/wp-content\/uploads\/2025\/04\/hero-carousel-4-768x370.jpg 768w, https:\/\/go-hre.org\/wp-content\/uploads\/2025\/04\/hero-carousel-4-1536x740.jpg 1536w\" data-sizes=\"(max-width: 1600px) 100vw, 1600px\" src=\"data:image\/svg+xml;base64,PHN2ZyB3aWR0aD0iMSIgaGVpZ2h0PSIxIiB4bWxucz0iaHR0cDovL3d3dy53My5vcmcvMjAwMC9zdmciPjwvc3ZnPg==\" style=\"--smush-placeholder-width: 1600px; --smush-placeholder-aspect-ratio: 1600\/771;\" \/><\/figure>\n<\/div><\/div>\n<\/div>\n<\/div>\n<\/div>\n\n<div class=\"wp-block-columns is-layout-flex wp-container-core-columns-is-layout-9d6595d7 wp-block-columns-is-layout-flex\">\n<div class=\"wp-block-column is-layout-flow wp-block-column-is-layout-flow\">\n<p>La Declaraci\u00f3n Universal de los Derechos Humanos de 1948, creada por las Naciones Unidas tras la Segunda Guerra Mundial, identific\u00f3 30 derechos humanos espec\u00edficos que se aplican a todos, en todas partes.<\/p>\n<\/div>\n\n\n\n<div class=\"wp-block-column is-layout-flow wp-block-column-is-layout-flow\"><div class=\"wp-block-image\">\n<figure class=\"aligncenter size-full\"><img decoding=\"async\" width=\"920\" height=\"521\" data-src=\"https:\/\/go-hre.org\/wp-content\/uploads\/2025\/04\/Eleanor_Roosevelt_UDHR.png\" alt=\"Eleanor-Roosevelt\" class=\"wp-image-841 lazyload\" data-srcset=\"https:\/\/go-hre.org\/wp-content\/uploads\/2025\/04\/Eleanor_Roosevelt_UDHR.png 920w, https:\/\/go-hre.org\/wp-content\/uploads\/2025\/04\/Eleanor_Roosevelt_UDHR-900x510.png 900w, https:\/\/go-hre.org\/wp-content\/uploads\/2025\/04\/Eleanor_Roosevelt_UDHR-768x435.png 768w\" data-sizes=\"(max-width: 920px) 100vw, 920px\" src=\"data:image\/svg+xml;base64,PHN2ZyB3aWR0aD0iMSIgaGVpZ2h0PSIxIiB4bWxucz0iaHR0cDovL3d3dy53My5vcmcvMjAwMC9zdmciPjwvc3ZnPg==\" style=\"--smush-placeholder-width: 920px; --smush-placeholder-aspect-ratio: 920\/521;\" \/><\/figure>\n<\/div><\/div>\n<\/div>\n\n<div class=\"wp-block-columns is-layout-flex wp-container-core-columns-is-layout-9d6595d7 wp-block-columns-is-layout-flex\">\n<div class=\"wp-block-column is-layout-flow wp-block-column-is-layout-flow\">\n<p>Muchos ni\u00f1os no conocen sus Derechos Humanos. Ense\u00f1ar a los ni\u00f1os los Derechos Humanos aporta emoci\u00f3n y educaci\u00f3n cr\u00edtica al aula. <\/p>\n<\/div>\n\n\n\n<div class=\"wp-block-column is-layout-flow wp-block-column-is-layout-flow\"><div class=\"wp-block-image\">\n<figure class=\"aligncenter size-full\"><img decoding=\"async\" width=\"960\" height=\"540\" data-src=\"https:\/\/go-hre.org\/wp-content\/uploads\/2025\/06\/Classroom_Slide_2.png\" alt=\"\" class=\"wp-image-2896 lazyload\" data-srcset=\"https:\/\/go-hre.org\/wp-content\/uploads\/2025\/06\/Classroom_Slide_2.png 960w, https:\/\/go-hre.org\/wp-content\/uploads\/2025\/06\/Classroom_Slide_2-900x506.png 900w, https:\/\/go-hre.org\/wp-content\/uploads\/2025\/06\/Classroom_Slide_2-768x432.png 768w\" data-sizes=\"(max-width: 960px) 100vw, 960px\" src=\"data:image\/svg+xml;base64,PHN2ZyB3aWR0aD0iMSIgaGVpZ2h0PSIxIiB4bWxucz0iaHR0cDovL3d3dy53My5vcmcvMjAwMC9zdmciPjwvc3ZnPg==\" style=\"--smush-placeholder-width: 960px; --smush-placeholder-aspect-ratio: 960\/540;\" \/><\/figure>\n<\/div><\/div>\n<\/div>\n\n<div class=\"wp-block-columns is-layout-flex wp-container-core-columns-is-layout-9d6595d7 wp-block-columns-is-layout-flex\">\n<div class=\"wp-block-column is-layout-flow wp-block-column-is-layout-flow\">\n<p>El Manual Colega ense\u00f1a los derechos humanos recogidos en la Declaraci\u00f3n Universal de los Derechos Humanos.<\/p>\n<\/div>\n\n\n\n<div class=\"wp-block-column is-layout-flow wp-block-column-is-layout-flow\"><div class=\"wp-block-image\">\n<figure class=\"aligncenter size-full\"><img decoding=\"async\" width=\"920\" height=\"521\" data-src=\"https:\/\/go-hre.org\/wp-content\/uploads\/2025\/04\/Cover_English_training.png\" alt=\"Portada-Ingl&#xE9;s-formaci&#xF3;n\" class=\"wp-image-844 lazyload\" data-srcset=\"https:\/\/go-hre.org\/wp-content\/uploads\/2025\/04\/Cover_English_training.png 920w, https:\/\/go-hre.org\/wp-content\/uploads\/2025\/04\/Cover_English_training-900x510.png 900w, https:\/\/go-hre.org\/wp-content\/uploads\/2025\/04\/Cover_English_training-768x435.png 768w\" data-sizes=\"(max-width: 920px) 100vw, 920px\" src=\"data:image\/svg+xml;base64,PHN2ZyB3aWR0aD0iMSIgaGVpZ2h0PSIxIiB4bWxucz0iaHR0cDovL3d3dy53My5vcmcvMjAwMC9zdmciPjwvc3ZnPg==\" style=\"--smush-placeholder-width: 920px; --smush-placeholder-aspect-ratio: 920\/521;\" \/><\/figure>\n<\/div><\/div>\n<\/div>\n\n<div class=\"wp-block-columns is-layout-flex wp-container-core-columns-is-layout-9d6595d7 wp-block-columns-is-layout-flex\">\n<div class=\"wp-block-column is-layout-flow wp-block-column-is-layout-flow\">\n<p>El manual Colega incluye lecciones sobre Igualdad, Discriminaci\u00f3n, Acoso, Matrimonio y Familia, Religi\u00f3n o Creencias, Educaci\u00f3n y Deber para con la Comunidad.<\/p>\n<\/div>\n\n\n\n<div class=\"wp-block-column is-layout-flow wp-block-column-is-layout-flow\"><div class=\"wp-block-image\">\n<figure class=\"aligncenter size-full\"><img decoding=\"async\" width=\"920\" height=\"521\" data-src=\"https:\/\/go-hre.org\/wp-content\/uploads\/2025\/04\/Lesson_English.png\" alt=\"Lecci&#xF3;n-Ingl&#xE9;s\" class=\"wp-image-847 lazyload\" data-srcset=\"https:\/\/go-hre.org\/wp-content\/uploads\/2025\/04\/Lesson_English.png 920w, https:\/\/go-hre.org\/wp-content\/uploads\/2025\/04\/Lesson_English-900x510.png 900w, https:\/\/go-hre.org\/wp-content\/uploads\/2025\/04\/Lesson_English-768x435.png 768w\" data-sizes=\"(max-width: 920px) 100vw, 920px\" src=\"data:image\/svg+xml;base64,PHN2ZyB3aWR0aD0iMSIgaGVpZ2h0PSIxIiB4bWxucz0iaHR0cDovL3d3dy53My5vcmcvMjAwMC9zdmciPjwvc3ZnPg==\" style=\"--smush-placeholder-width: 920px; --smush-placeholder-aspect-ratio: 920\/521;\" \/><\/figure>\n<\/div><\/div>\n<\/div>\n\n<div class=\"wp-block-columns is-layout-flex wp-container-core-columns-is-layout-9d6595d7 wp-block-columns-is-layout-flex\">\n<div class=\"wp-block-column is-layout-flow wp-block-column-is-layout-flow\">\n<p>Como miembro de las Naciones Unidas, tu pa\u00eds ha acordado defender y ense\u00f1ar los principios y valores que se encuentran en la Declaraci\u00f3n Universal de los Derechos Humanos. Se han elaborado materiales de Colega para ayudarte a educar a los j\u00f3venes de tu comunidad en sus principios. Este manual lo facilita gratuitamente la Oficina de Ginebra para la Educaci\u00f3n en Derechos Humanos.  <\/p>\n<\/div>\n\n\n\n<div class=\"wp-block-column is-layout-flow wp-block-column-is-layout-flow\"><div class=\"wp-block-image\">\n<figure class=\"aligncenter size-full\"><img decoding=\"async\" width=\"900\" height=\"676\" data-src=\"https:\/\/go-hre.org\/wp-content\/uploads\/2025\/04\/go-hre-headquarters.jpg\" alt=\"sede-go-hre\" class=\"wp-image-83 lazyload\" data-srcset=\"https:\/\/go-hre.org\/wp-content\/uploads\/2025\/04\/go-hre-headquarters.jpg 900w, https:\/\/go-hre.org\/wp-content\/uploads\/2025\/04\/go-hre-headquarters-768x577.jpg 768w\" data-sizes=\"(max-width: 900px) 100vw, 900px\" src=\"data:image\/svg+xml;base64,PHN2ZyB3aWR0aD0iMSIgaGVpZ2h0PSIxIiB4bWxucz0iaHR0cDovL3d3dy53My5vcmcvMjAwMC9zdmciPjwvc3ZnPg==\" style=\"--smush-placeholder-width: 900px; --smush-placeholder-aspect-ratio: 900\/676;\" \/><figcaption class=\"wp-element-caption\">Oficina para la Educaci\u00f3n en Derechos Humanos en Ginebra, Suiza<\/figcaption><\/figure>\n<\/div><\/div>\n<\/div>\n\n<div class=\"wp-block-columns is-layout-flex wp-container-core-columns-is-layout-9d6595d7 wp-block-columns-is-layout-flex\">\n<div class=\"wp-block-column is-layout-flow wp-block-column-is-layout-flow\">\n<p>Colega significa amigo. Nuestro logotipo representa a los ni\u00f1os y sus libros, haciendo hincapi\u00e9 en los derechos humanos de todos los ni\u00f1os. <\/p>\n<\/div>\n\n\n\n<div class=\"wp-block-column is-layout-flow wp-block-column-is-layout-flow\"><div class=\"wp-block-image\">\n<figure class=\"aligncenter size-full\"><img decoding=\"async\" width=\"286\" height=\"168\" data-src=\"https:\/\/go-hre.org\/wp-content\/uploads\/2025\/04\/Colega_Logo.png\" alt=\"Colega-Logo\" class=\"wp-image-850 lazyload\" src=\"data:image\/svg+xml;base64,PHN2ZyB3aWR0aD0iMSIgaGVpZ2h0PSIxIiB4bWxucz0iaHR0cDovL3d3dy53My5vcmcvMjAwMC9zdmciPjwvc3ZnPg==\" style=\"--smush-placeholder-width: 286px; --smush-placeholder-aspect-ratio: 286\/168;\" \/><\/figure>\n<\/div><\/div>\n<\/div>\n\n<div class=\"wp-block-columns is-layout-flex wp-container-core-columns-is-layout-9d6595d7 wp-block-columns-is-layout-flex\">\n<div class=\"wp-block-column is-layout-flow wp-block-column-is-layout-flow\">\n<p>Las lecciones de Colega ayudan a profesores, administradores y alumnos a conocer sus derechos y responsabilidades.<\/p>\n<\/div>\n\n\n\n<div class=\"wp-block-column is-layout-flow wp-block-column-is-layout-flow\"><div class=\"wp-block-image\">\n<figure class=\"aligncenter size-full\"><img decoding=\"async\" width=\"460\" height=\"257\" data-src=\"https:\/\/go-hre.org\/wp-content\/uploads\/2025\/04\/T110.jpg\" alt=\"T110\" class=\"wp-image-851 lazyload\" src=\"data:image\/svg+xml;base64,PHN2ZyB3aWR0aD0iMSIgaGVpZ2h0PSIxIiB4bWxucz0iaHR0cDovL3d3dy53My5vcmcvMjAwMC9zdmciPjwvc3ZnPg==\" style=\"--smush-placeholder-width: 460px; --smush-placeholder-aspect-ratio: 460\/257;\" \/><\/figure>\n<\/div><\/div>\n<\/div>\n\n<div class=\"wp-block-columns is-layout-flex wp-container-core-columns-is-layout-9d6595d7 wp-block-columns-is-layout-flex\">\n<div class=\"wp-block-column is-layout-flow wp-block-column-is-layout-flow\">\n<p>Las lecciones de Colega incluyen canciones, cuentos, actividades, preguntas, debates y retos.<\/p>\n<\/div>\n\n\n\n<div class=\"wp-block-column is-layout-flow wp-block-column-is-layout-flow\"><div class=\"wp-block-image\">\n<figure class=\"aligncenter size-full\"><img decoding=\"async\" width=\"960\" height=\"540\" data-src=\"https:\/\/go-hre.org\/wp-content\/uploads\/2025\/06\/Classroom_Slide_5.png\" alt=\"\" class=\"wp-image-2900 lazyload\" data-srcset=\"https:\/\/go-hre.org\/wp-content\/uploads\/2025\/06\/Classroom_Slide_5.png 960w, https:\/\/go-hre.org\/wp-content\/uploads\/2025\/06\/Classroom_Slide_5-900x506.png 900w, https:\/\/go-hre.org\/wp-content\/uploads\/2025\/06\/Classroom_Slide_5-768x432.png 768w\" data-sizes=\"(max-width: 960px) 100vw, 960px\" src=\"data:image\/svg+xml;base64,PHN2ZyB3aWR0aD0iMSIgaGVpZ2h0PSIxIiB4bWxucz0iaHR0cDovL3d3dy53My5vcmcvMjAwMC9zdmciPjwvc3ZnPg==\" style=\"--smush-placeholder-width: 960px; --smush-placeholder-aspect-ratio: 960\/540;\" \/><\/figure>\n<\/div><\/div>\n<\/div>\n","protected":false},"excerpt":{"rendered":"<p>Aprende por qu\u00e9 se cre\u00f3 Colega, lo que otros dicen sobre sus beneficios educativos y sus materiales y recursos cuidadosamente desarrollados. Recibe una introducci\u00f3n a los principios pedag\u00f3gicos de Colega, la organizaci\u00f3n de las lecciones y c\u00f3mo aprender\u00e1n los alumnos sobre sus derechos y responsabilidades. La educaci\u00f3n en derechos humanos es importante en la vida [&hellip;]<\/p>\n","protected":false},"author":2,"featured_media":0,"parent":1585,"menu_order":0,"comment_status":"closed","ping_status":"closed","template":"","meta":{"_acf_changed":false,"inline_featured_image":false,"footnotes":""},"class_list":["post-2979","page","type-page","status-publish","hentry"],"acf":[],"yoast_head":"<!-- This site is optimized with the Yoast SEO plugin v27.4 - https:\/\/yoast.com\/product\/yoast-seo-wordpress\/ -->\n<title>Ingl\u00e9s: Formaci\u00f3n 1 - GO-HRE<\/title>\n<meta name=\"robots\" content=\"index, follow, max-snippet:-1, max-image-preview:large, max-video-preview:-1\" \/>\n<link rel=\"canonical\" href=\"https:\/\/go-hre.org\/es\/ingles-formacion-1\/\" \/>\n<meta property=\"og:locale\" content=\"es_ES\" \/>\n<meta property=\"og:type\" content=\"article\" \/>\n<meta property=\"og:title\" content=\"Ingl\u00e9s: Formaci\u00f3n 1 - GO-HRE\" \/>\n<meta property=\"og:description\" content=\"Aprende por qu\u00e9 se cre\u00f3 Colega, lo que otros dicen sobre sus beneficios educativos y sus materiales y recursos cuidadosamente desarrollados. Recibe una introducci\u00f3n a los principios pedag\u00f3gicos de Colega, la organizaci\u00f3n de las lecciones y c\u00f3mo aprender\u00e1n los alumnos sobre sus derechos y responsabilidades. La educaci\u00f3n en derechos humanos es importante en la vida [&hellip;]\" \/>\n<meta property=\"og:url\" content=\"https:\/\/go-hre.org\/es\/ingles-formacion-1\/\" \/>\n<meta property=\"og:site_name\" content=\"GO-HRE\" \/>\n<meta property=\"article:modified_time\" content=\"2025-06-04T04:20:57+00:00\" \/>\n<meta property=\"og:image\" content=\"https:\/\/go-hre.org\/wp-content\/uploads\/2025\/04\/hero-carousel-4.jpg\" \/>\n\t<meta property=\"og:image:width\" content=\"1600\" \/>\n\t<meta property=\"og:image:height\" content=\"771\" \/>\n\t<meta property=\"og:image:type\" content=\"image\/jpeg\" \/>\n<meta name=\"twitter:card\" content=\"summary_large_image\" \/>\n<meta name=\"twitter:label1\" content=\"Tiempo de lectura\" \/>\n\t<meta name=\"twitter:data1\" content=\"1 minuto\" \/>\n<script type=\"application\/ld+json\" class=\"yoast-schema-graph\">{\"@context\":\"https:\\\/\\\/schema.org\",\"@graph\":[{\"@type\":\"WebPage\",\"@id\":\"https:\\\/\\\/go-hre.org\\\/es\\\/ingles-formacion-1\\\/\",\"url\":\"https:\\\/\\\/go-hre.org\\\/es\\\/ingles-formacion-1\\\/\",\"name\":\"Ingl\u00e9s: Formaci\u00f3n 1 - GO-HRE\",\"isPartOf\":{\"@id\":\"https:\\\/\\\/go-hre.org\\\/#website\"},\"primaryImageOfPage\":{\"@id\":\"https:\\\/\\\/go-hre.org\\\/es\\\/ingles-formacion-1\\\/#primaryimage\"},\"image\":{\"@id\":\"https:\\\/\\\/go-hre.org\\\/es\\\/ingles-formacion-1\\\/#primaryimage\"},\"thumbnailUrl\":\"https:\\\/\\\/go-hre.org\\\/wp-content\\\/uploads\\\/2025\\\/04\\\/hero-carousel-4.jpg\",\"datePublished\":\"2025-06-04T00:15:52+00:00\",\"dateModified\":\"2025-06-04T04:20:57+00:00\",\"breadcrumb\":{\"@id\":\"https:\\\/\\\/go-hre.org\\\/es\\\/ingles-formacion-1\\\/#breadcrumb\"},\"inLanguage\":\"es\",\"potentialAction\":[{\"@type\":\"ReadAction\",\"target\":[\"https:\\\/\\\/go-hre.org\\\/es\\\/ingles-formacion-1\\\/\"]}]},{\"@type\":\"ImageObject\",\"inLanguage\":\"es\",\"@id\":\"https:\\\/\\\/go-hre.org\\\/es\\\/ingles-formacion-1\\\/#primaryimage\",\"url\":\"https:\\\/\\\/go-hre.org\\\/wp-content\\\/uploads\\\/2025\\\/04\\\/hero-carousel-4.jpg\",\"contentUrl\":\"https:\\\/\\\/go-hre.org\\\/wp-content\\\/uploads\\\/2025\\\/04\\\/hero-carousel-4.jpg\"},{\"@type\":\"BreadcrumbList\",\"@id\":\"https:\\\/\\\/go-hre.org\\\/es\\\/ingles-formacion-1\\\/#breadcrumb\",\"itemListElement\":[{\"@type\":\"ListItem\",\"position\":1,\"name\":\"Home\",\"item\":\"https:\\\/\\\/go-hre.org\\\/es\\\/\"},{\"@type\":\"ListItem\",\"position\":2,\"name\":\"Ingl\u00e9s: Formaci\u00f3n 1\"}]},{\"@type\":\"WebSite\",\"@id\":\"https:\\\/\\\/go-hre.org\\\/#website\",\"url\":\"https:\\\/\\\/go-hre.org\\\/\",\"name\":\"GO-HRE\",\"description\":\"Oficina de Ginebra para la Educaci\u00f3n en Derechos Humanos\",\"publisher\":{\"@id\":\"https:\\\/\\\/go-hre.org\\\/#organization\"},\"potentialAction\":[{\"@type\":\"SearchAction\",\"target\":{\"@type\":\"EntryPoint\",\"urlTemplate\":\"https:\\\/\\\/go-hre.org\\\/?s={search_term_string}\"},\"query-input\":{\"@type\":\"PropertyValueSpecification\",\"valueRequired\":true,\"valueName\":\"search_term_string\"}}],\"inLanguage\":\"es\"},{\"@type\":\"Organization\",\"@id\":\"https:\\\/\\\/go-hre.org\\\/#organization\",\"name\":\"GO-HRE\",\"url\":\"https:\\\/\\\/go-hre.org\\\/\",\"logo\":{\"@type\":\"ImageObject\",\"inLanguage\":\"es\",\"@id\":\"https:\\\/\\\/go-hre.org\\\/#\\\/schema\\\/logo\\\/image\\\/\",\"url\":\"https:\\\/\\\/go-hre.org\\\/wp-content\\\/uploads\\\/2025\\\/04\\\/favicon.png\",\"contentUrl\":\"https:\\\/\\\/go-hre.org\\\/wp-content\\\/uploads\\\/2025\\\/04\\\/favicon.png\",\"width\":258,\"height\":258,\"caption\":\"GO-HRE\"},\"image\":{\"@id\":\"https:\\\/\\\/go-hre.org\\\/#\\\/schema\\\/logo\\\/image\\\/\"}}]}<\/script>\n<!-- \/ Yoast SEO plugin. -->","yoast_head_json":{"title":"Ingl\u00e9s: Formaci\u00f3n 1 - GO-HRE","robots":{"index":"index","follow":"follow","max-snippet":"max-snippet:-1","max-image-preview":"max-image-preview:large","max-video-preview":"max-video-preview:-1"},"canonical":"https:\/\/go-hre.org\/es\/ingles-formacion-1\/","og_locale":"es_ES","og_type":"article","og_title":"Ingl\u00e9s: Formaci\u00f3n 1 - GO-HRE","og_description":"Aprende por qu\u00e9 se cre\u00f3 Colega, lo que otros dicen sobre sus beneficios educativos y sus materiales y recursos cuidadosamente desarrollados. Recibe una introducci\u00f3n a los principios pedag\u00f3gicos de Colega, la organizaci\u00f3n de las lecciones y c\u00f3mo aprender\u00e1n los alumnos sobre sus derechos y responsabilidades. La educaci\u00f3n en derechos humanos es importante en la vida [&hellip;]","og_url":"https:\/\/go-hre.org\/es\/ingles-formacion-1\/","og_site_name":"GO-HRE","article_modified_time":"2025-06-04T04:20:57+00:00","og_image":[{"width":1600,"height":771,"url":"https:\/\/go-hre.org\/wp-content\/uploads\/2025\/04\/hero-carousel-4.jpg","type":"image\/jpeg"}],"twitter_card":"summary_large_image","twitter_misc":{"Tiempo de lectura":"1 minuto"},"schema":{"@context":"https:\/\/schema.org","@graph":[{"@type":"WebPage","@id":"https:\/\/go-hre.org\/es\/ingles-formacion-1\/","url":"https:\/\/go-hre.org\/es\/ingles-formacion-1\/","name":"Ingl\u00e9s: Formaci\u00f3n 1 - GO-HRE","isPartOf":{"@id":"https:\/\/go-hre.org\/#website"},"primaryImageOfPage":{"@id":"https:\/\/go-hre.org\/es\/ingles-formacion-1\/#primaryimage"},"image":{"@id":"https:\/\/go-hre.org\/es\/ingles-formacion-1\/#primaryimage"},"thumbnailUrl":"https:\/\/go-hre.org\/wp-content\/uploads\/2025\/04\/hero-carousel-4.jpg","datePublished":"2025-06-04T00:15:52+00:00","dateModified":"2025-06-04T04:20:57+00:00","breadcrumb":{"@id":"https:\/\/go-hre.org\/es\/ingles-formacion-1\/#breadcrumb"},"inLanguage":"es","potentialAction":[{"@type":"ReadAction","target":["https:\/\/go-hre.org\/es\/ingles-formacion-1\/"]}]},{"@type":"ImageObject","inLanguage":"es","@id":"https:\/\/go-hre.org\/es\/ingles-formacion-1\/#primaryimage","url":"https:\/\/go-hre.org\/wp-content\/uploads\/2025\/04\/hero-carousel-4.jpg","contentUrl":"https:\/\/go-hre.org\/wp-content\/uploads\/2025\/04\/hero-carousel-4.jpg"},{"@type":"BreadcrumbList","@id":"https:\/\/go-hre.org\/es\/ingles-formacion-1\/#breadcrumb","itemListElement":[{"@type":"ListItem","position":1,"name":"Home","item":"https:\/\/go-hre.org\/es\/"},{"@type":"ListItem","position":2,"name":"Ingl\u00e9s: Formaci\u00f3n 1"}]},{"@type":"WebSite","@id":"https:\/\/go-hre.org\/#website","url":"https:\/\/go-hre.org\/","name":"GO-HRE","description":"Oficina de Ginebra para la Educaci\u00f3n en Derechos Humanos","publisher":{"@id":"https:\/\/go-hre.org\/#organization"},"potentialAction":[{"@type":"SearchAction","target":{"@type":"EntryPoint","urlTemplate":"https:\/\/go-hre.org\/?s={search_term_string}"},"query-input":{"@type":"PropertyValueSpecification","valueRequired":true,"valueName":"search_term_string"}}],"inLanguage":"es"},{"@type":"Organization","@id":"https:\/\/go-hre.org\/#organization","name":"GO-HRE","url":"https:\/\/go-hre.org\/","logo":{"@type":"ImageObject","inLanguage":"es","@id":"https:\/\/go-hre.org\/#\/schema\/logo\/image\/","url":"https:\/\/go-hre.org\/wp-content\/uploads\/2025\/04\/favicon.png","contentUrl":"https:\/\/go-hre.org\/wp-content\/uploads\/2025\/04\/favicon.png","width":258,"height":258,"caption":"GO-HRE"},"image":{"@id":"https:\/\/go-hre.org\/#\/schema\/logo\/image\/"}}]}},"_links":{"self":[{"href":"https:\/\/go-hre.org\/es\/wp-json\/wp\/v2\/pages\/2979","targetHints":{"allow":["GET"]}}],"collection":[{"href":"https:\/\/go-hre.org\/es\/wp-json\/wp\/v2\/pages"}],"about":[{"href":"https:\/\/go-hre.org\/es\/wp-json\/wp\/v2\/types\/page"}],"author":[{"embeddable":true,"href":"https:\/\/go-hre.org\/es\/wp-json\/wp\/v2\/users\/2"}],"replies":[{"embeddable":true,"href":"https:\/\/go-hre.org\/es\/wp-json\/wp\/v2\/comments?post=2979"}],"version-history":[{"count":3,"href":"https:\/\/go-hre.org\/es\/wp-json\/wp\/v2\/pages\/2979\/revisions"}],"predecessor-version":[{"id":3051,"href":"https:\/\/go-hre.org\/es\/wp-json\/wp\/v2\/pages\/2979\/revisions\/3051"}],"up":[{"embeddable":true,"href":"https:\/\/go-hre.org\/es\/wp-json\/wp\/v2\/pages\/1585"}],"wp:attachment":[{"href":"https:\/\/go-hre.org\/es\/wp-json\/wp\/v2\/media?parent=2979"}],"curies":[{"name":"wp","href":"https:\/\/api.w.org\/{rel}","templated":true}]}}