{"id":2998,"date":"2025-05-27T12:24:26","date_gmt":"2025-05-27T18:24:26","guid":{"rendered":"https:\/\/go-hre.org\/recursos\/recursos-de-video\/"},"modified":"2025-06-03T21:39:04","modified_gmt":"2025-06-04T03:39:04","slug":"recursos-de-video","status":"publish","type":"page","link":"https:\/\/go-hre.org\/es\/recursos\/recursos-de-video\/","title":{"rendered":"Recursos de v\u00eddeo"},"content":{"rendered":"\n<div class=\"wp-block-columns is-layout-flex wp-container-core-columns-is-layout-9d6595d7 wp-block-columns-is-layout-flex\">\n<div class=\"wp-block-column is-layout-flow wp-block-column-is-layout-flow\">\n<p class=\"has-red-color has-text-color has-link-color wp-elements-939a0e85d338b68556b0d2f43506c80c\"><strong>Un camino hacia la dignidad: El poder de la educaci\u00f3n en derechos humanos<\/strong><\/p>\n\n\n\n<p>El poder de la educaci\u00f3n en derechos humanos se ilustra mediante estudios de casos de India, Australia y Turqu\u00eda en esta pel\u00edcula producida conjuntamente por la SGI, Human Rights Education Associates (HREA) y la Oficina del Alto Comisionado de las Naciones Unidas para los Derechos Humanos (ACNUDH). Ver: <a href=\"http:\/\/pathtodignity.org\/\"><strong>http:\/\/pathtodignity.org\/<\/strong><\/a> <\/p>\n<\/div>\n\n\n\n<div class=\"wp-block-column is-layout-flow wp-block-column-is-layout-flow\">\n<div class=\"responsive_video\"><iframe width=\"560\" height=\"315\" data-src=\"https:\/\/www.youtube.com\/embed\/nQeTvTCncrU?si=qFybRjqdIrFbVUzC\" title=\"Reproductor de v\u00eddeo de YouTube\" frameborder=\"0\" allow=\"accelerometer; autoplay; clipboard-write; encrypted-media; gyroscope; picture-in-picture; web-share\" referrerpolicy=\"strict-origin-when-cross-origin\" allowfullscreen=\"\" src=\"data:image\/svg+xml;base64,PHN2ZyB3aWR0aD0iMSIgaGVpZ2h0PSIxIiB4bWxucz0iaHR0cDovL3d3dy53My5vcmcvMjAwMC9zdmciPjwvc3ZnPg==\" class=\"lazyload\" data-load-mode=\"1\"><\/iframe><\/div>\n<\/div>\n<\/div>\n\n<hr class=\"wp-block-separator has-alpha-channel-opacity\"\/>\n\n<div class=\"wp-block-columns is-layout-flex wp-container-core-columns-is-layout-9d6595d7 wp-block-columns-is-layout-flex\">\n<div class=\"wp-block-column is-layout-flow wp-block-column-is-layout-flow\">\n<p class=\"has-red-color has-text-color has-link-color wp-elements-16e5d6e9bae33e3ae4ac82760d00b6a7\"><strong>Vidas y oraciones cotidianas de cinco ni\u00f1os de distintas religiones<\/strong><\/p>\n\n\n\n<p>Un nuevo cortometraje titulado <em>Five<\/em> de The Mercadantes, una pareja afincada en California, refleja maravillosamente la vida cotidiana, los rituales y las oraciones de cinco ni\u00f1os peque\u00f1os de distintas partes del mundo. Empezando por la ma\u00f1ana y llev\u00e1ndonos finalmente a la casa de culto de cada uno de estos ni\u00f1os, esta pel\u00edcula nos permite reflexionar al instante sobre las diferencias y similitudes cotidianas de las personas de fe de todo el mundo. <\/p>\n<\/div>\n\n\n\n<div class=\"wp-block-column is-layout-flow wp-block-column-is-layout-flow\">\n<div style=\"padding:56.25% 0 0 0;position:relative;\"><iframe data-src=\"https:\/\/player.vimeo.com\/video\/124385005?badge=0&#038;autopause=0&#038;player_id=0&#038;app_id=58479\" frameborder=\"0\" allow=\"autoplay; fullscreen; picture-in-picture; clipboard-write; encrypted-media\" style=\"position:absolute;top:0;left:0;width:100%;height:100%;\" title=\"Cinco\" src=\"data:image\/svg+xml;base64,PHN2ZyB3aWR0aD0iMSIgaGVpZ2h0PSIxIiB4bWxucz0iaHR0cDovL3d3dy53My5vcmcvMjAwMC9zdmciPjwvc3ZnPg==\" class=\"lazyload\" data-load-mode=\"1\"><\/iframe><\/div><script src=\"https:\/\/player.vimeo.com\/api\/player.js\"><\/script>\n<\/div>\n<\/div>\n\n<hr class=\"wp-block-separator has-alpha-channel-opacity\"\/>\n\n<div class=\"wp-block-columns is-layout-flex wp-container-core-columns-is-layout-9d6595d7 wp-block-columns-is-layout-flex\">\n<div class=\"wp-block-column is-layout-flow wp-block-column-is-layout-flow\">\n<p class=\"has-red-color has-text-color has-link-color wp-elements-5f2fc074adb8e482aa7a8eb7995af67d\"><strong>\u00bfQu\u00e9 son los derechos humanos y por qu\u00e9 son importantes?<\/strong><\/p>\n\n\n\n<p>Todas las personas de este planeta tienen derechos, como el derecho a un nombre, el derecho a una nacionalidad, el derecho a la educaci\u00f3n y el derecho a una vivienda digna. Hay 30 Derechos Humanos recogidos en la Declaraci\u00f3n Universal de los Derechos Humanos. Aunque en la mayor\u00eda de los lugares del mundo se respetan estos derechos, muchos pa\u00edses siguen abusando de ellos o los ignoran. Es importante que conozcamos nuestros derechos, para que, cuando se violen, podamos hacer lo necesario para corregirlos.   <\/p>\n<\/div>\n\n\n\n<div class=\"wp-block-column is-layout-flow wp-block-column-is-layout-flow\">\n<div style=\"padding:56.25% 0 0 0;position:relative;\"><iframe data-src=\"https:\/\/player.vimeo.com\/video\/711054899?badge=0&#038;autopause=0&#038;player_id=0&#038;app_id=58479\" frameborder=\"0\" allow=\"autoplay; fullscreen; picture-in-picture; clipboard-write; encrypted-media\" style=\"position:absolute;top:0;left:0;width:100%;height:100%;\" title=\"Qu\u00e9 son los derechos humanos y por qu\u00e9 son importantes .mp4\" src=\"data:image\/svg+xml;base64,PHN2ZyB3aWR0aD0iMSIgaGVpZ2h0PSIxIiB4bWxucz0iaHR0cDovL3d3dy53My5vcmcvMjAwMC9zdmciPjwvc3ZnPg==\" class=\"lazyload\" data-load-mode=\"1\"><\/iframe><\/div>\n<\/div>\n<\/div>\n\n<hr class=\"wp-block-separator has-alpha-channel-opacity\"\/>\n\n<div class=\"wp-block-columns is-layout-flex wp-container-core-columns-is-layout-9d6595d7 wp-block-columns-is-layout-flex\">\n<div class=\"wp-block-column is-layout-flow wp-block-column-is-layout-flow\">\n<p class=\"has-red-color has-text-color has-link-color wp-elements-a1bc315f3e2d7e3c77a5edd2517a399c\"><strong>Educaci\u00f3n - Tu llave m\u00e1gica<\/strong><\/p>\n\n\n\n<p>El art\u00edculo 26 establece que todos los seres humanos tienen derecho a la educaci\u00f3n. La educaci\u00f3n b\u00e1sica debe ser obligatoria y gratuita, al menos en las etapas elemental y fundamental. Sin embargo, muchas personas se ven privadas de educaci\u00f3n en todo el mundo. Es su derecho, y todos merecen la oportunidad de aprender en una escuela. La educaci\u00f3n t\u00e9cnica y profesional deber\u00eda ser de acceso general, y la educaci\u00f3n superior deber\u00eda ser igualmente accesible para todos en funci\u00f3n de los m\u00e9ritos.    <\/p>\n<\/div>\n\n\n\n<div class=\"wp-block-column is-layout-flow wp-block-column-is-layout-flow\">\n<div style=\"padding:56.25% 0 0 0;position:relative;\"><iframe data-src=\"https:\/\/player.vimeo.com\/video\/711054852?badge=0&#038;autopause=0&#038;player_id=0&#038;app_id=58479\" frameborder=\"0\" allow=\"autoplay; fullscreen; picture-in-picture; clipboard-write; encrypted-media\" style=\"position:absolute;top:0;left:0;width:100%;height:100%;\" title=\"Educaci\u00f3n - Tu llave m\u00e1gica (Derechos Humanos).mp4\" src=\"data:image\/svg+xml;base64,PHN2ZyB3aWR0aD0iMSIgaGVpZ2h0PSIxIiB4bWxucz0iaHR0cDovL3d3dy53My5vcmcvMjAwMC9zdmciPjwvc3ZnPg==\" class=\"lazyload\" data-load-mode=\"1\"><\/iframe><\/div>\n<\/div>\n<\/div>\n\n<hr class=\"wp-block-separator has-alpha-channel-opacity\"\/>\n\n<div class=\"wp-block-columns is-layout-flex wp-container-core-columns-is-layout-9d6595d7 wp-block-columns-is-layout-flex\">\n<div class=\"wp-block-column is-layout-flow wp-block-column-is-layout-flow\">\n<p class=\"has-red-color has-text-color has-link-color wp-elements-b540bad31c8473131c2f27faa07f4487\"><strong>Libertad de religi\u00f3n o creencia<\/strong><\/p>\n\n\n\n<p>El art\u00edculo 18 de la Declaraci\u00f3n Universal de los Derechos Humanos establece: Toda persona tiene derecho a la libertad de pensamiento, de conciencia y de religi\u00f3n; este derecho incluye la libertad de cambiar de religi\u00f3n o de creencia, as\u00ed como la libertad de manifestar su religi\u00f3n o su creencia, individual y colectivamente, tanto en p\u00fablico como en privado, por la ense\u00f1anza, la pr\u00e1ctica, el culto y la observancia.<\/p>\n<\/div>\n\n\n\n<div class=\"wp-block-column is-layout-flow wp-block-column-is-layout-flow\">\n<div style=\"padding:56.25% 0 0 0;position:relative;\"><iframe data-src=\"https:\/\/player.vimeo.com\/video\/711054874?badge=0&#038;autopause=0&#038;player_id=0&#038;app_id=58479\" frameborder=\"0\" allow=\"autoplay; fullscreen; picture-in-picture; clipboard-write; encrypted-media\" style=\"position:absolute;top:0;left:0;width:100%;height:100%;\" title=\"Libertad de Religi\u00f3n o Creencia - Derechos Humanos.mp4\" src=\"data:image\/svg+xml;base64,PHN2ZyB3aWR0aD0iMSIgaGVpZ2h0PSIxIiB4bWxucz0iaHR0cDovL3d3dy53My5vcmcvMjAwMC9zdmciPjwvc3ZnPg==\" class=\"lazyload\" data-load-mode=\"1\"><\/iframe><\/div>\n<\/div>\n<\/div>\n\n<hr class=\"wp-block-separator has-alpha-channel-opacity\"\/>\n\n<div class=\"wp-block-columns is-layout-flex wp-container-core-columns-is-layout-9d6595d7 wp-block-columns-is-layout-flex\">\n<div class=\"wp-block-column is-layout-flow wp-block-column-is-layout-flow\">\n<p class=\"has-red-color has-text-color has-link-color wp-elements-31de90816be958415ff279d8c92768ed\"><strong>Tienes derecho a una familia<\/strong><\/p>\n\n\n\n<p>\u00bfSab\u00edas que formar parte de una familia es uno de tus 30 derechos humanos? Tambi\u00e9n tienes derecho a elegir cu\u00e1ndo y con qui\u00e9n te casas. T\u00fa y tu c\u00f3nyuge ten\u00e9is los mismos derechos. (Art\u00edculo 16)   <\/p>\n<\/div>\n\n\n\n<div class=\"wp-block-column is-layout-flow wp-block-column-is-layout-flow\">\n<div style=\"padding:56.25% 0 0 0;position:relative;\"><iframe data-src=\"https:\/\/player.vimeo.com\/video\/711054837?badge=0&#038;autopause=0&#038;player_id=0&#038;app_id=58479\" frameborder=\"0\" allow=\"autoplay; fullscreen; picture-in-picture; clipboard-write; encrypted-media\" style=\"position:absolute;top:0;left:0;width:100%;height:100%;\" title=\"\u00bfTienes derecho a una familia? - (Derechos Humanos).mp4\" src=\"data:image\/svg+xml;base64,PHN2ZyB3aWR0aD0iMSIgaGVpZ2h0PSIxIiB4bWxucz0iaHR0cDovL3d3dy53My5vcmcvMjAwMC9zdmciPjwvc3ZnPg==\" class=\"lazyload\" data-load-mode=\"1\"><\/iframe><\/div>\n<\/div>\n<\/div>\n\n<hr class=\"wp-block-separator has-alpha-channel-opacity\"\/>\n\n<div class=\"wp-block-columns is-layout-flex wp-container-core-columns-is-layout-9d6595d7 wp-block-columns-is-layout-flex\">\n<div class=\"wp-block-column is-layout-flow wp-block-column-is-layout-flow\">\n<p class=\"has-red-color has-text-color has-link-color wp-elements-e897ebef32fccfa5e84f9c0326b3e1fa\"><strong>Derecho a la vida<\/strong><\/p>\n\n\n\n<p>El art\u00edculo 3 de la Declaraci\u00f3n Universal de los Derechos Humanos establece: Todo individuo tiene derecho a la vida, a la libertad y a la seguridad de su persona. Todos tenemos derechos legales y debemos recibir el mismo trato ante la ley. Una persona acusada tiene derecho a que se presuma su inocencia hasta que se demuestre su culpabilidad (Art\u00edculo 11), a ser tratada con humanidad (Art\u00edculos 4 y 5) y a recibir un juicio justo y p\u00fablico (Art\u00edculo 10).  <\/p>\n<\/div>\n\n\n\n<div class=\"wp-block-column is-layout-flow wp-block-column-is-layout-flow\">\n<div style=\"padding:56.25% 0 0 0;position:relative;\"><iframe data-src=\"https:\/\/player.vimeo.com\/video\/711054880?badge=0&#038;autopause=0&#038;player_id=0&#038;app_id=58479\" frameborder=\"0\" allow=\"autoplay; fullscreen; picture-in-picture; clipboard-write; encrypted-media\" style=\"position:absolute;top:0;left:0;width:100%;height:100%;\" title=\"Derecho a la Vida - Derechos Humanos.mp4\" src=\"data:image\/svg+xml;base64,PHN2ZyB3aWR0aD0iMSIgaGVpZ2h0PSIxIiB4bWxucz0iaHR0cDovL3d3dy53My5vcmcvMjAwMC9zdmciPjwvc3ZnPg==\" class=\"lazyload\" data-load-mode=\"1\"><\/iframe><\/div>\n<\/div>\n<\/div>\n\n<hr class=\"wp-block-separator has-alpha-channel-opacity\"\/>\n\n<div class=\"wp-block-columns is-layout-flex wp-container-core-columns-is-layout-9d6595d7 wp-block-columns-is-layout-flex\">\n<div class=\"wp-block-column is-layout-flow wp-block-column-is-layout-flow\">\n<p class=\"has-red-color has-text-color has-link-color wp-elements-5813b0201610419447160b54c44e52ef\"><strong>Discriminaci\u00f3n<\/strong><\/p>\n\n\n\n<p>Cuando tratamos a los dem\u00e1s de forma diferente o injusta porque son diferentes a nosotros, eso es discriminaci\u00f3n. El hecho es que somos m\u00e1s parecidos que diferentes. Este v\u00eddeo muestra c\u00f3mo podemos desarrollar la empat\u00eda, la comprensi\u00f3n y la compasi\u00f3n y hacer frente a la discriminaci\u00f3n.  <\/p>\n<\/div>\n\n\n\n<div class=\"wp-block-column is-layout-flow wp-block-column-is-layout-flow\">\n<div style=\"padding:56.25% 0 0 0;position:relative;\"><iframe data-src=\"https:\/\/player.vimeo.com\/video\/711054821?badge=0&#038;autopause=0&#038;player_id=0&#038;app_id=58479\" frameborder=\"0\" allow=\"autoplay; fullscreen; picture-in-picture; clipboard-write; encrypted-media\" style=\"position:absolute;top:0;left:0;width:100%;height:100%;\" title=\"Discriminaci\u00f3n (Todos Somos Iguales) - Derechos Humanos.mp4\" src=\"data:image\/svg+xml;base64,PHN2ZyB3aWR0aD0iMSIgaGVpZ2h0PSIxIiB4bWxucz0iaHR0cDovL3d3dy53My5vcmcvMjAwMC9zdmciPjwvc3ZnPg==\" class=\"lazyload\" data-load-mode=\"1\"><\/iframe><\/div>\n<\/div>\n<\/div>\n","protected":false},"excerpt":{"rendered":"<p>Un camino hacia la dignidad: El poder de la educaci\u00f3n en derechos humanos El poder de la educaci\u00f3n en derechos humanos se ilustra mediante estudios de casos de India, Australia y Turqu\u00eda en esta pel\u00edcula producida conjuntamente por la SGI, Human Rights Education Associates (HREA) y la Oficina del Alto Comisionado de las Naciones Unidas [&hellip;]<\/p>\n","protected":false},"author":1,"featured_media":0,"parent":1591,"menu_order":0,"comment_status":"closed","ping_status":"closed","template":"","meta":{"_acf_changed":false,"inline_featured_image":false,"footnotes":""},"class_list":["post-2998","page","type-page","status-publish","hentry"],"acf":[],"yoast_head":"<!-- This site is optimized with the Yoast SEO plugin v27.4 - https:\/\/yoast.com\/product\/yoast-seo-wordpress\/ -->\n<title>Recursos de v\u00eddeo - GO-HRE<\/title>\n<meta name=\"robots\" content=\"index, follow, max-snippet:-1, max-image-preview:large, max-video-preview:-1\" \/>\n<link rel=\"canonical\" href=\"https:\/\/go-hre.org\/es\/recursos\/recursos-de-video\/\" \/>\n<meta property=\"og:locale\" content=\"es_ES\" \/>\n<meta property=\"og:type\" content=\"article\" \/>\n<meta property=\"og:title\" content=\"Recursos de v\u00eddeo - GO-HRE\" \/>\n<meta property=\"og:description\" content=\"Un camino hacia la dignidad: El poder de la educaci\u00f3n en derechos humanos El poder de la educaci\u00f3n en derechos humanos se ilustra mediante estudios de casos de India, Australia y Turqu\u00eda en esta pel\u00edcula producida conjuntamente por la SGI, Human Rights Education Associates (HREA) y la Oficina del Alto Comisionado de las Naciones Unidas [&hellip;]\" \/>\n<meta property=\"og:url\" content=\"https:\/\/go-hre.org\/es\/recursos\/recursos-de-video\/\" \/>\n<meta property=\"og:site_name\" content=\"GO-HRE\" \/>\n<meta property=\"article:modified_time\" content=\"2025-06-04T03:39:04+00:00\" \/>\n<meta name=\"twitter:card\" content=\"summary_large_image\" \/>\n<meta name=\"twitter:label1\" content=\"Tiempo de lectura\" \/>\n\t<meta name=\"twitter:data1\" content=\"3 minutos\" \/>\n<script type=\"application\/ld+json\" class=\"yoast-schema-graph\">{\"@context\":\"https:\\\/\\\/schema.org\",\"@graph\":[{\"@type\":\"WebPage\",\"@id\":\"https:\\\/\\\/go-hre.org\\\/es\\\/recursos\\\/recursos-de-video\\\/\",\"url\":\"https:\\\/\\\/go-hre.org\\\/es\\\/recursos\\\/recursos-de-video\\\/\",\"name\":\"Recursos de v\u00eddeo - GO-HRE\",\"isPartOf\":{\"@id\":\"https:\\\/\\\/go-hre.org\\\/#website\"},\"datePublished\":\"2025-05-27T18:24:26+00:00\",\"dateModified\":\"2025-06-04T03:39:04+00:00\",\"breadcrumb\":{\"@id\":\"https:\\\/\\\/go-hre.org\\\/es\\\/recursos\\\/recursos-de-video\\\/#breadcrumb\"},\"inLanguage\":\"es\",\"potentialAction\":[{\"@type\":\"ReadAction\",\"target\":[\"https:\\\/\\\/go-hre.org\\\/es\\\/recursos\\\/recursos-de-video\\\/\"]}]},{\"@type\":\"BreadcrumbList\",\"@id\":\"https:\\\/\\\/go-hre.org\\\/es\\\/recursos\\\/recursos-de-video\\\/#breadcrumb\",\"itemListElement\":[{\"@type\":\"ListItem\",\"position\":1,\"name\":\"Home\",\"item\":\"https:\\\/\\\/go-hre.org\\\/es\\\/\"},{\"@type\":\"ListItem\",\"position\":2,\"name\":\"Recursos\",\"item\":\"https:\\\/\\\/go-hre.org\\\/es\\\/recursos\\\/\"},{\"@type\":\"ListItem\",\"position\":3,\"name\":\"Recursos de v\u00eddeo\"}]},{\"@type\":\"WebSite\",\"@id\":\"https:\\\/\\\/go-hre.org\\\/#website\",\"url\":\"https:\\\/\\\/go-hre.org\\\/\",\"name\":\"GO-HRE\",\"description\":\"Oficina de Ginebra para la Educaci\u00f3n en Derechos Humanos\",\"publisher\":{\"@id\":\"https:\\\/\\\/go-hre.org\\\/#organization\"},\"potentialAction\":[{\"@type\":\"SearchAction\",\"target\":{\"@type\":\"EntryPoint\",\"urlTemplate\":\"https:\\\/\\\/go-hre.org\\\/?s={search_term_string}\"},\"query-input\":{\"@type\":\"PropertyValueSpecification\",\"valueRequired\":true,\"valueName\":\"search_term_string\"}}],\"inLanguage\":\"es\"},{\"@type\":\"Organization\",\"@id\":\"https:\\\/\\\/go-hre.org\\\/#organization\",\"name\":\"GO-HRE\",\"url\":\"https:\\\/\\\/go-hre.org\\\/\",\"logo\":{\"@type\":\"ImageObject\",\"inLanguage\":\"es\",\"@id\":\"https:\\\/\\\/go-hre.org\\\/#\\\/schema\\\/logo\\\/image\\\/\",\"url\":\"https:\\\/\\\/go-hre.org\\\/wp-content\\\/uploads\\\/2025\\\/04\\\/favicon.png\",\"contentUrl\":\"https:\\\/\\\/go-hre.org\\\/wp-content\\\/uploads\\\/2025\\\/04\\\/favicon.png\",\"width\":258,\"height\":258,\"caption\":\"GO-HRE\"},\"image\":{\"@id\":\"https:\\\/\\\/go-hre.org\\\/#\\\/schema\\\/logo\\\/image\\\/\"}}]}<\/script>\n<!-- \/ Yoast SEO plugin. -->","yoast_head_json":{"title":"Recursos de v\u00eddeo - GO-HRE","robots":{"index":"index","follow":"follow","max-snippet":"max-snippet:-1","max-image-preview":"max-image-preview:large","max-video-preview":"max-video-preview:-1"},"canonical":"https:\/\/go-hre.org\/es\/recursos\/recursos-de-video\/","og_locale":"es_ES","og_type":"article","og_title":"Recursos de v\u00eddeo - GO-HRE","og_description":"Un camino hacia la dignidad: El poder de la educaci\u00f3n en derechos humanos El poder de la educaci\u00f3n en derechos humanos se ilustra mediante estudios de casos de India, Australia y Turqu\u00eda en esta pel\u00edcula producida conjuntamente por la SGI, Human Rights Education Associates (HREA) y la Oficina del Alto Comisionado de las Naciones Unidas [&hellip;]","og_url":"https:\/\/go-hre.org\/es\/recursos\/recursos-de-video\/","og_site_name":"GO-HRE","article_modified_time":"2025-06-04T03:39:04+00:00","twitter_card":"summary_large_image","twitter_misc":{"Tiempo de lectura":"3 minutos"},"schema":{"@context":"https:\/\/schema.org","@graph":[{"@type":"WebPage","@id":"https:\/\/go-hre.org\/es\/recursos\/recursos-de-video\/","url":"https:\/\/go-hre.org\/es\/recursos\/recursos-de-video\/","name":"Recursos de v\u00eddeo - GO-HRE","isPartOf":{"@id":"https:\/\/go-hre.org\/#website"},"datePublished":"2025-05-27T18:24:26+00:00","dateModified":"2025-06-04T03:39:04+00:00","breadcrumb":{"@id":"https:\/\/go-hre.org\/es\/recursos\/recursos-de-video\/#breadcrumb"},"inLanguage":"es","potentialAction":[{"@type":"ReadAction","target":["https:\/\/go-hre.org\/es\/recursos\/recursos-de-video\/"]}]},{"@type":"BreadcrumbList","@id":"https:\/\/go-hre.org\/es\/recursos\/recursos-de-video\/#breadcrumb","itemListElement":[{"@type":"ListItem","position":1,"name":"Home","item":"https:\/\/go-hre.org\/es\/"},{"@type":"ListItem","position":2,"name":"Recursos","item":"https:\/\/go-hre.org\/es\/recursos\/"},{"@type":"ListItem","position":3,"name":"Recursos de v\u00eddeo"}]},{"@type":"WebSite","@id":"https:\/\/go-hre.org\/#website","url":"https:\/\/go-hre.org\/","name":"GO-HRE","description":"Oficina de Ginebra para la Educaci\u00f3n en Derechos Humanos","publisher":{"@id":"https:\/\/go-hre.org\/#organization"},"potentialAction":[{"@type":"SearchAction","target":{"@type":"EntryPoint","urlTemplate":"https:\/\/go-hre.org\/?s={search_term_string}"},"query-input":{"@type":"PropertyValueSpecification","valueRequired":true,"valueName":"search_term_string"}}],"inLanguage":"es"},{"@type":"Organization","@id":"https:\/\/go-hre.org\/#organization","name":"GO-HRE","url":"https:\/\/go-hre.org\/","logo":{"@type":"ImageObject","inLanguage":"es","@id":"https:\/\/go-hre.org\/#\/schema\/logo\/image\/","url":"https:\/\/go-hre.org\/wp-content\/uploads\/2025\/04\/favicon.png","contentUrl":"https:\/\/go-hre.org\/wp-content\/uploads\/2025\/04\/favicon.png","width":258,"height":258,"caption":"GO-HRE"},"image":{"@id":"https:\/\/go-hre.org\/#\/schema\/logo\/image\/"}}]}},"_links":{"self":[{"href":"https:\/\/go-hre.org\/es\/wp-json\/wp\/v2\/pages\/2998","targetHints":{"allow":["GET"]}}],"collection":[{"href":"https:\/\/go-hre.org\/es\/wp-json\/wp\/v2\/pages"}],"about":[{"href":"https:\/\/go-hre.org\/es\/wp-json\/wp\/v2\/types\/page"}],"author":[{"embeddable":true,"href":"https:\/\/go-hre.org\/es\/wp-json\/wp\/v2\/users\/1"}],"replies":[{"embeddable":true,"href":"https:\/\/go-hre.org\/es\/wp-json\/wp\/v2\/comments?post=2998"}],"version-history":[{"count":2,"href":"https:\/\/go-hre.org\/es\/wp-json\/wp\/v2\/pages\/2998\/revisions"}],"predecessor-version":[{"id":3002,"href":"https:\/\/go-hre.org\/es\/wp-json\/wp\/v2\/pages\/2998\/revisions\/3002"}],"up":[{"embeddable":true,"href":"https:\/\/go-hre.org\/es\/wp-json\/wp\/v2\/pages\/1591"}],"wp:attachment":[{"href":"https:\/\/go-hre.org\/es\/wp-json\/wp\/v2\/media?parent=2998"}],"curies":[{"name":"wp","href":"https:\/\/api.w.org\/{rel}","templated":true}]}}