{"id":3011,"date":"2025-05-27T16:06:00","date_gmt":"2025-05-27T22:06:00","guid":{"rendered":"https:\/\/go-hre.org\/recursos\/recursos-graficos\/"},"modified":"2025-06-03T21:39:09","modified_gmt":"2025-06-04T03:39:09","slug":"recursos-graficos","status":"publish","type":"page","link":"https:\/\/go-hre.org\/es\/recursos\/recursos-graficos\/","title":{"rendered":"Recursos gr\u00e1ficos"},"content":{"rendered":"\n<p>Los recursos gr\u00e1ficos de Colega y GO-HRE est\u00e1n disponibles para su descarga a continuaci\u00f3n.<br\/>Ponte en contacto con nosotros por correo electr\u00f3nico si tienes alguna pregunta o necesitas recursos adicionales,<br\/>o necesitas una traducci\u00f3n diferente de cualquiera de los materiales de esta p\u00e1gina.<\/p>\n\n<hr class=\"wp-block-separator has-alpha-channel-opacity\"\/>\n\n<div class=\"wp-block-columns is-layout-flex wp-container-core-columns-is-layout-9d6595d7 wp-block-columns-is-layout-flex\">\n<div class=\"wp-block-column is-layout-flow wp-block-column-is-layout-flow\" style=\"flex-basis:66.66%\">\n<p class=\"has-red-color has-text-color has-link-color wp-elements-000ca401c8fc2c4e9a32a98a4a07e28e\"><strong>Gu\u00eda de estilo GO-HRE y Colega<\/strong><\/p>\n\n\n\n<p>La Gu\u00eda de Estilo se ha proporcionado para garantizar que creamos un<br\/>aspecto y una sensaci\u00f3n unificados en todos nuestros materiales, y que nuestra marca<br\/>se representa de forma coherente. Por favor, consulta esta gu\u00eda cuando<br\/>crees nuevos materiales para tu pa\u00eds o idioma. <\/p>\n\n\n\n<div class=\"wp-block-columns is-layout-flex wp-container-core-columns-is-layout-9d6595d7 wp-block-columns-is-layout-flex\">\n<div class=\"wp-block-column is-layout-flow wp-block-column-is-layout-flow\">\n<p><a href=\"https:\/\/go-hre.org\/wp-content\/uploads\/2025\/05\/Go-HRE_Style_Guide_12_2023.pdf\" data-type=\"attachment\" data-id=\"2344\" target=\"_blank\" rel=\"noreferrer noopener\">Descargar la Gu\u00eda de estilo<\/a><\/p>\n<\/div>\n<\/div>\n<\/div>\n\n\n\n<div class=\"wp-block-column is-layout-flow wp-block-column-is-layout-flow\" style=\"flex-basis:33.33%\"><div class=\"wp-block-image\">\n<figure class=\"aligncenter size-full\"><img decoding=\"async\" width=\"220\" height=\"284\" data-src=\"https:\/\/go-hre.org\/wp-content\/uploads\/2025\/05\/Style-Guide_Cover.png\" alt=\"\" class=\"wp-image-2339 lazyload\" src=\"data:image\/svg+xml;base64,PHN2ZyB3aWR0aD0iMSIgaGVpZ2h0PSIxIiB4bWxucz0iaHR0cDovL3d3dy53My5vcmcvMjAwMC9zdmciPjwvc3ZnPg==\" style=\"--smush-placeholder-width: 220px; --smush-placeholder-aspect-ratio: 220\/284;\" \/><\/figure>\n<\/div><\/div>\n<\/div>\n\n<hr class=\"wp-block-separator has-alpha-channel-opacity\"\/>\n\n<div class=\"wp-block-columns is-layout-flex wp-container-core-columns-is-layout-9d6595d7 wp-block-columns-is-layout-flex\">\n<div class=\"wp-block-column is-layout-flow wp-block-column-is-layout-flow\" style=\"flex-basis:66.66%\">\n<p class=\"has-red-color has-text-color has-link-color wp-elements-7218a14608b0a83196f986a063500b73\"><strong>Logos GO-HRE y Colega<\/strong><\/p>\n\n\n\n<p>Los logotipos se han proporcionado en tres formatos est\u00e1ndar: JPEG, PNG<br\/>y PDF. Los logotipos en PDF y JPEG deben utilizarse para impresi\u00f3n y los logotipos en PNG<br\/>son para uso en aplicaciones web. <\/p>\n\n\n\n<div class=\"wp-block-columns is-layout-flex wp-container-core-columns-is-layout-9d6595d7 wp-block-columns-is-layout-flex\">\n<div class=\"wp-block-column is-layout-flow wp-block-column-is-layout-flow\">\n<p><a href=\"https:\/\/go-hre.org\/wp-content\/uploads\/2025\/05\/GO-HRE_Logos_Resources.zip\" data-type=\"attachment\" data-id=\"2361\" target=\"_blank\" rel=\"noreferrer noopener\">Descargar logotipos GO-HRE<\/a><\/p>\n<\/div>\n\n\n\n<div class=\"wp-block-column is-layout-flow wp-block-column-is-layout-flow\">\n<p><a href=\"https:\/\/go-hre.org\/wp-content\/uploads\/2025\/05\/Colega_Logos_Resources.zip\" data-type=\"attachment\" data-id=\"2365\" target=\"_blank\" rel=\"noreferrer noopener\">Descargar Colega Logos<\/a><\/p>\n<\/div>\n<\/div>\n<\/div>\n\n\n\n<div class=\"wp-block-column is-layout-flow wp-block-column-is-layout-flow\" style=\"flex-basis:33.33%\"><div class=\"wp-block-image\">\n<figure class=\"aligncenter size-full\"><img decoding=\"async\" width=\"276\" height=\"69\" data-src=\"https:\/\/go-hre.org\/wp-content\/uploads\/2025\/05\/GO-HRE_LOGO.png\" alt=\"\" class=\"wp-image-2351 lazyload\" src=\"data:image\/svg+xml;base64,PHN2ZyB3aWR0aD0iMSIgaGVpZ2h0PSIxIiB4bWxucz0iaHR0cDovL3d3dy53My5vcmcvMjAwMC9zdmciPjwvc3ZnPg==\" style=\"--smush-placeholder-width: 276px; --smush-placeholder-aspect-ratio: 276\/69;\" \/><\/figure>\n<\/div>\n\n\n<div class=\"wp-block-columns is-layout-flex wp-container-core-columns-is-layout-9d6595d7 wp-block-columns-is-layout-flex\">\n<div class=\"wp-block-column is-layout-flow wp-block-column-is-layout-flow\"><div class=\"wp-block-image\">\n<figure class=\"aligncenter size-full is-resized\"><img decoding=\"async\" width=\"286\" height=\"168\" data-src=\"https:\/\/go-hre.org\/wp-content\/uploads\/2025\/04\/Colega_Logo.png\" alt=\"Colega-Logo\" class=\"wp-image-850 lazyload\" style=\"--smush-placeholder-width: 286px; --smush-placeholder-aspect-ratio: 286\/168;width:186px;height:auto\" src=\"data:image\/svg+xml;base64,PHN2ZyB3aWR0aD0iMSIgaGVpZ2h0PSIxIiB4bWxucz0iaHR0cDovL3d3dy53My5vcmcvMjAwMC9zdmciPjwvc3ZnPg==\" \/><\/figure>\n<\/div><\/div>\n<\/div>\n<\/div>\n<\/div>\n\n<hr class=\"wp-block-separator has-alpha-channel-opacity\"\/>\n\n<div class=\"wp-block-columns is-layout-flex wp-container-core-columns-is-layout-9d6595d7 wp-block-columns-is-layout-flex\">\n<div class=\"wp-block-column is-layout-flow wp-block-column-is-layout-flow\" style=\"flex-basis:66.66%\">\n<p class=\"has-red-color has-text-color has-link-color wp-elements-3b295bdb69851fac1ed70143a0712be5\"><strong>Fuente - Montserrat<\/strong><\/p>\n\n\n\n<p>Utilizar el mismo tipo de letra ayuda a que nuestros materiales tengan un aspecto coherente<br\/>y es un componente clave de nuestra marca.<\/p>\n\n\n\n<div class=\"wp-block-columns is-layout-flex wp-container-core-columns-is-layout-9d6595d7 wp-block-columns-is-layout-flex\">\n<div class=\"wp-block-column is-layout-flow wp-block-column-is-layout-flow\">\n<p><a href=\"https:\/\/go-hre.org\/wp-content\/uploads\/2024\/01\/Montserrat_otf.zip\">Descargar <\/a><a href=\"https:\/\/go-hre.org\/wp-content\/uploads\/2025\/05\/Montserrat_otf.zip\" data-type=\"attachment\" data-id=\"2381\" target=\"_blank\" rel=\"noreferrer noopener\">Montserrat<\/a><\/p>\n<\/div>\n<\/div>\n<\/div>\n\n\n\n<div class=\"wp-block-column is-layout-flow wp-block-column-is-layout-flow\" style=\"flex-basis:33.33%\">\n<span style=\"<wpml_invalid_tag original=\" pgzvbnqtc2l6ztogmzbwedsgzm9udc13zwlnahq6idqwmdsgbgluzs1ozwln=\"\" ahq6ideum2vtoybjb2xvcjogizu0ntu1ntsipg=\"=\"><\/span>AaBbCcDdEeFfGgHhIiJj\n<br\/><span style=\"<wpml_invalid_tag original=\" pgzvbnqtc2l6ztogmzbwedsgzm9udc13zwlnahq6iduwmdsgbgluzs1ozwln=\"\" ahq6ideum2vtoybjb2xvcjogizu0ntu1ntsipg=\"=\"><\/span> KkLlMmNnOoPpQqRrSs\n<br\/><span style=\"<wpml_invalid_tag original=\" pgzvbnqtc2l6ztogmzbwedsgzm9udc13zwlnahq6idywmdsgbgluzs1ozwln=\"\" ahq6ideum2vtoybjb2xvcjogizu0ntu1ntsipg=\"=\"><\/span> TtUuVvWwXxYyZz\n<br\/><span style=\"<wpml_invalid_tag original=\" pgzvbnqtc2l6ztogmzbwedsgzm9udc13zwlnahq6igjvbgq7igxpbmutagvp=\"\" z2h0oiaxljnlbtsgy29sb3i6icm1ndu1ntu7ij4=\"  \/>1234567890<wpml_invalid_tag original=\" pc9zcgfupg=\"=\"><\/span>\n<\/div>\n<\/div>\n\n<hr class=\"wp-block-separator has-alpha-channel-opacity\"\/>\n\n<div class=\"wp-block-columns is-layout-flex wp-container-core-columns-is-layout-9d6595d7 wp-block-columns-is-layout-flex\">\n<div class=\"wp-block-column is-layout-flow wp-block-column-is-layout-flow\" style=\"flex-basis:66.66%\">\n<p class=\"has-red-color has-text-color has-link-color wp-elements-113333710c0e77adbbe258962fb18f00\"><strong>Portada del Manual Colega<\/strong><\/p>\n\n\n\n<p>Aqu\u00ed tienes archivos de imagen y listos para imprimir de la portada en varios idiomas<br\/>. Ponte en contacto con nosotros directamente si necesitas traducciones a<br\/>o cambios espec\u00edficos para tu idioma o pa\u00eds. <\/p>\n\n\n\n<div class=\"wp-block-columns is-layout-flex wp-container-core-columns-is-layout-9d6595d7 wp-block-columns-is-layout-flex\">\n<div class=\"wp-block-column is-layout-flow wp-block-column-is-layout-flow\">\n<p><a href=\"https:\/\/go-hre.org\/wp-content\/uploads\/2025\/05\/cover_art.zip\" target=\"_blank\" rel=\"noreferrer noopener\">Descargar portada lista para imprimir<\/a>  <\/p>\n<\/div>\n\n\n\n<div class=\"wp-block-column is-layout-flow wp-block-column-is-layout-flow\">\n<p><a href=\"https:\/\/go-hre.org\/wp-content\/uploads\/2025\/05\/cover_art_images.zip\" target=\"_blank\" rel=\"noreferrer noopener\">Descargar im\u00e1genes de portada<\/a><\/p>\n<\/div>\n<\/div>\n<\/div>\n\n\n\n<div class=\"wp-block-column is-layout-flow wp-block-column-is-layout-flow\" style=\"flex-basis:33.33%\"><div class=\"wp-block-image\">\n<figure class=\"aligncenter size-full is-resized\"><img decoding=\"async\" width=\"360\" height=\"466\" data-src=\"https:\/\/go-hre.org\/wp-content\/uploads\/2025\/04\/english_primary_button.png\" alt=\"ingl&#xE9;s-primaria\" class=\"wp-image-669 lazyload\" style=\"--smush-placeholder-width: 360px; --smush-placeholder-aspect-ratio: 360\/466;width:237px;height:auto\" src=\"data:image\/svg+xml;base64,PHN2ZyB3aWR0aD0iMSIgaGVpZ2h0PSIxIiB4bWxucz0iaHR0cDovL3d3dy53My5vcmcvMjAwMC9zdmciPjwvc3ZnPg==\" \/><\/figure>\n<\/div><\/div>\n<\/div>\n\n<hr class=\"wp-block-separator has-alpha-channel-opacity\"\/>\n\n<div class=\"wp-block-columns is-layout-flex wp-container-core-columns-is-layout-9d6595d7 wp-block-columns-is-layout-flex\">\n<div class=\"wp-block-column is-layout-flow wp-block-column-is-layout-flow\" style=\"flex-basis:66.66%\">\n<p class=\"has-red-color has-text-color has-link-color wp-elements-5c2f0219135219df5c2817223aa95ab5\"><strong>Folletos tr\u00edpticos<\/strong><\/p>\n\n\n\n<p>Se han creado tr\u00edpticos promocionales en varios idiomas<br\/>y est\u00e1n disponibles aqu\u00ed. Ponte en contacto con nosotros directamente si<br\/>necesitas cambios adicionales espec\u00edficos para tu idioma o pa\u00eds.<br\/>Se pondr\u00e1n a disposici\u00f3n versiones adicionales del tr\u00edptico a medida que se vayan creando<br\/>. <\/p>\n<\/div>\n\n\n\n<div class=\"wp-block-column is-layout-flow wp-block-column-is-layout-flow\" style=\"flex-basis:33.33%\">\n<div class=\"wp-block-columns is-layout-flex wp-container-core-columns-is-layout-9d6595d7 wp-block-columns-is-layout-flex\">\n<div class=\"wp-block-column is-layout-flow wp-block-column-is-layout-flow\">\n<figure class=\"wp-block-image size-full\"><img decoding=\"async\" width=\"220\" height=\"330\" data-src=\"https:\/\/go-hre.org\/wp-content\/uploads\/2025\/05\/Brocure-02.png\" alt=\"\" class=\"wp-image-2393 lazyload\" src=\"data:image\/svg+xml;base64,PHN2ZyB3aWR0aD0iMSIgaGVpZ2h0PSIxIiB4bWxucz0iaHR0cDovL3d3dy53My5vcmcvMjAwMC9zdmciPjwvc3ZnPg==\" style=\"--smush-placeholder-width: 220px; --smush-placeholder-aspect-ratio: 220\/330;\" \/><\/figure>\n<\/div>\n\n\n\n<div class=\"wp-block-column is-layout-flow wp-block-column-is-layout-flow\">\n<figure class=\"wp-block-image size-full\"><img decoding=\"async\" width=\"294\" height=\"374\" data-src=\"https:\/\/go-hre.org\/wp-content\/uploads\/2025\/05\/Brocure-01.png\" alt=\"\" class=\"wp-image-2389 lazyload\" src=\"data:image\/svg+xml;base64,PHN2ZyB3aWR0aD0iMSIgaGVpZ2h0PSIxIiB4bWxucz0iaHR0cDovL3d3dy53My5vcmcvMjAwMC9zdmciPjwvc3ZnPg==\" style=\"--smush-placeholder-width: 294px; --smush-placeholder-aspect-ratio: 294\/374;\" \/><\/figure>\n<\/div>\n<\/div>\n<\/div>\n<\/div>\n\n<div class=\"wp-block-columns is-layout-flex wp-container-core-columns-is-layout-9d6595d7 wp-block-columns-is-layout-flex\">\n<div class=\"wp-block-column is-layout-flow wp-block-column-is-layout-flow\">\n<p><a href=\"https:\/\/go-hre.org\/wp-content\/uploads\/2025\/05\/GO_HRE-Trifold_English_Parents_USLet.pdf\" target=\"_blank\" rel=\"noreferrer noopener\">Ingl\u00e9s - Tr\u00edptico tama\u00f1o US para <\/a><a href=\"https:\/\/go-hre.org\/wp-content\/uploads\/2025\/05\/GO_HRE-Trifold_English_Parents_USLet.pdf\" data-type=\"attachment\" data-id=\"2413\">Escuelas <\/a><a href=\"https:\/\/go-hre.org\/wp-content\/uploads\/2024\/02\/GO_HRE-Trifold_English_Parents_USLet.pdf\">y padres<\/a><\/p>\n\n\n\n<p><a href=\"https:\/\/go-hre.org\/wp-content\/uploads\/2025\/05\/GO_HRE-Trifold_Spanish_Parents_US_Size.pdf\" target=\"_blank\" rel=\"noreferrer noopener\">Espa\u00f1ol - Tr\u00edptico tama\u00f1o US para escuelas y padres<\/a><\/p>\n<\/div>\n\n\n\n<div class=\"wp-block-column is-layout-flow wp-block-column-is-layout-flow\">\n<p><a href=\"https:\/\/go-hre.org\/wp-content\/uploads\/2025\/05\/GO_HRE-Trifold_English_Govt_A4_Size.pdf\" target=\"_blank\" rel=\"noreferrer noopener\">Ingl\u00e9s - Tr\u00edptico tama\u00f1o A4 para Gobiernos<\/a><\/p>\n\n\n\n<p><a href=\"https:\/\/go-hre.org\/wp-content\/uploads\/2025\/05\/GO_HRE-Trifold_French_Govt_A4_Size.pdf\" target=\"_blank\" rel=\"noreferrer noopener\">Franc\u00e9s - Tr\u00edptico tama\u00f1o A4 para Gobiernos<\/a><\/p>\n\n\n\n<p><a href=\"https:\/\/go-hre.org\/wp-content\/uploads\/2025\/05\/GO_HRE-Trifold_Spanish_Govt_A4_Size.pdf\" target=\"_blank\" rel=\"noreferrer noopener\">Espa\u00f1ol - Tr\u00edptico tama\u00f1o A4 para Gobiernos<\/a><\/p>\n<\/div>\n<\/div>\n\n<hr class=\"wp-block-separator has-alpha-channel-opacity\"\/>\n\n<div class=\"wp-block-columns is-layout-flex wp-container-core-columns-is-layout-9d6595d7 wp-block-columns-is-layout-flex\">\n<div class=\"wp-block-column is-layout-flow wp-block-column-is-layout-flow\" style=\"flex-basis:66.66%\">\n<p class=\"has-red-color has-text-color has-link-color wp-elements-bbd4123a4cc24b32cbf1774fd5ca8378\"><strong>Diapositivas de t\u00edtulo de bienvenida en Powerpoint<\/strong><\/p>\n\n\n\n<p>Esta diapositiva de presentaci\u00f3n se ha facilitado en varios idiomas.<br\/>Pueden utilizarse como gr\u00e1fico de apertura para presentaciones o sesiones de formaci\u00f3n de<br\/>.<\/p>\n<\/div>\n\n\n\n<div class=\"wp-block-column is-layout-flow wp-block-column-is-layout-flow\" style=\"flex-basis:33.33%\"><div class=\"wp-block-image\">\n<figure class=\"aligncenter size-full\"><img decoding=\"async\" width=\"320\" height=\"180\" data-src=\"https:\/\/go-hre.org\/wp-content\/uploads\/2025\/05\/FrenchWelcomePPT.png\" alt=\"\" class=\"wp-image-2419 lazyload\" src=\"data:image\/svg+xml;base64,PHN2ZyB3aWR0aD0iMSIgaGVpZ2h0PSIxIiB4bWxucz0iaHR0cDovL3d3dy53My5vcmcvMjAwMC9zdmciPjwvc3ZnPg==\" style=\"--smush-placeholder-width: 320px; --smush-placeholder-aspect-ratio: 320\/180;\" \/><\/figure>\n<\/div><\/div>\n<\/div>\n\n<div class=\"wp-block-columns is-layout-flex wp-container-core-columns-is-layout-9d6595d7 wp-block-columns-is-layout-flex\">\n<div class=\"wp-block-column is-layout-flow wp-block-column-is-layout-flow\">\n<p><a href=\"https:\/\/go-hre.org\/wp-content\/uploads\/2025\/05\/Presentation-Intro_English.pptx\" target=\"_blank\" rel=\"noreferrer noopener\">Ingl\u00e9s Powerpoint Introducci\u00f3n Diapositiva<\/a><\/p>\n\n\n\n<p><a href=\"https:\/\/go-hre.org\/wp-content\/uploads\/2025\/05\/Presentation-Intro_Francais.pptx\" target=\"_blank\" rel=\"noreferrer noopener\">Diapositiva de introducci\u00f3n al franc\u00e9s en Powerpoint<\/a><\/p>\n<\/div>\n\n\n\n<div class=\"wp-block-column is-layout-flow wp-block-column-is-layout-flow\">\n<p><a href=\"https:\/\/go-hre.org\/wp-content\/uploads\/2025\/05\/Presentation-Intro_Portuguese.pptx\" target=\"_blank\" rel=\"noreferrer noopener\">Powerpoint portugu\u00e9s Diapositiva de introducci\u00f3n<\/a><\/p>\n\n\n\n<p><a href=\"https:\/\/go-hre.org\/wp-content\/uploads\/2025\/05\/Presentation-Intro_Spanish.pptx\" target=\"_blank\" rel=\"noreferrer noopener\">Diapositiva introductoria de Powerpoint en espa\u00f1ol<\/a><\/p>\n<\/div>\n<\/div>\n","protected":false},"excerpt":{"rendered":"<p>Los recursos gr\u00e1ficos de Colega y GO-HRE est\u00e1n disponibles para su descarga a continuaci\u00f3n.Ponte en contacto con nosotros por correo electr\u00f3nico si tienes alguna pregunta o necesitas recursos adicionales,o necesitas una traducci\u00f3n diferente de cualquiera de los materiales de esta p\u00e1gina. Gu\u00eda de estilo GO-HRE y Colega La Gu\u00eda de Estilo se ha proporcionado para [&hellip;]<\/p>\n","protected":false},"author":1,"featured_media":0,"parent":1591,"menu_order":0,"comment_status":"closed","ping_status":"closed","template":"","meta":{"_acf_changed":false,"inline_featured_image":false,"footnotes":""},"class_list":["post-3011","page","type-page","status-publish","hentry"],"acf":[],"yoast_head":"<!-- This site is optimized with the Yoast SEO plugin v27.4 - https:\/\/yoast.com\/product\/yoast-seo-wordpress\/ -->\n<title>Recursos gr\u00e1ficos - GO-HRE<\/title>\n<meta name=\"robots\" content=\"index, follow, max-snippet:-1, max-image-preview:large, max-video-preview:-1\" \/>\n<link rel=\"canonical\" href=\"https:\/\/go-hre.org\/es\/recursos\/recursos-graficos\/\" \/>\n<meta property=\"og:locale\" content=\"es_ES\" \/>\n<meta property=\"og:type\" content=\"article\" \/>\n<meta property=\"og:title\" content=\"Recursos gr\u00e1ficos - GO-HRE\" \/>\n<meta property=\"og:description\" content=\"Los recursos gr\u00e1ficos de Colega y GO-HRE est\u00e1n disponibles para su descarga a continuaci\u00f3n.Ponte en contacto con nosotros por correo electr\u00f3nico si tienes alguna pregunta o necesitas recursos adicionales,o necesitas una traducci\u00f3n diferente de cualquiera de los materiales de esta p\u00e1gina. Gu\u00eda de estilo GO-HRE y Colega La Gu\u00eda de Estilo se ha proporcionado para [&hellip;]\" \/>\n<meta property=\"og:url\" content=\"https:\/\/go-hre.org\/es\/recursos\/recursos-graficos\/\" \/>\n<meta property=\"og:site_name\" content=\"GO-HRE\" \/>\n<meta property=\"article:modified_time\" content=\"2025-06-04T03:39:09+00:00\" \/>\n<meta property=\"og:image\" content=\"https:\/\/go-hre.org\/wp-content\/uploads\/2025\/05\/Style-Guide_Cover.png\" \/>\n\t<meta property=\"og:image:width\" content=\"220\" \/>\n\t<meta property=\"og:image:height\" content=\"284\" \/>\n\t<meta property=\"og:image:type\" content=\"image\/png\" \/>\n<meta name=\"twitter:card\" content=\"summary_large_image\" \/>\n<meta name=\"twitter:label1\" content=\"Tiempo de lectura\" \/>\n\t<meta name=\"twitter:data1\" content=\"2 minutos\" \/>\n<script type=\"application\/ld+json\" class=\"yoast-schema-graph\">{\"@context\":\"https:\\\/\\\/schema.org\",\"@graph\":[{\"@type\":\"WebPage\",\"@id\":\"https:\\\/\\\/go-hre.org\\\/es\\\/recursos\\\/recursos-graficos\\\/\",\"url\":\"https:\\\/\\\/go-hre.org\\\/es\\\/recursos\\\/recursos-graficos\\\/\",\"name\":\"Recursos gr\u00e1ficos - GO-HRE\",\"isPartOf\":{\"@id\":\"https:\\\/\\\/go-hre.org\\\/#website\"},\"primaryImageOfPage\":{\"@id\":\"https:\\\/\\\/go-hre.org\\\/es\\\/recursos\\\/recursos-graficos\\\/#primaryimage\"},\"image\":{\"@id\":\"https:\\\/\\\/go-hre.org\\\/es\\\/recursos\\\/recursos-graficos\\\/#primaryimage\"},\"thumbnailUrl\":\"https:\\\/\\\/go-hre.org\\\/wp-content\\\/uploads\\\/2025\\\/05\\\/Style-Guide_Cover.png\",\"datePublished\":\"2025-05-27T22:06:00+00:00\",\"dateModified\":\"2025-06-04T03:39:09+00:00\",\"breadcrumb\":{\"@id\":\"https:\\\/\\\/go-hre.org\\\/es\\\/recursos\\\/recursos-graficos\\\/#breadcrumb\"},\"inLanguage\":\"es\",\"potentialAction\":[{\"@type\":\"ReadAction\",\"target\":[\"https:\\\/\\\/go-hre.org\\\/es\\\/recursos\\\/recursos-graficos\\\/\"]}]},{\"@type\":\"ImageObject\",\"inLanguage\":\"es\",\"@id\":\"https:\\\/\\\/go-hre.org\\\/es\\\/recursos\\\/recursos-graficos\\\/#primaryimage\",\"url\":\"https:\\\/\\\/go-hre.org\\\/wp-content\\\/uploads\\\/2025\\\/05\\\/Style-Guide_Cover.png\",\"contentUrl\":\"https:\\\/\\\/go-hre.org\\\/wp-content\\\/uploads\\\/2025\\\/05\\\/Style-Guide_Cover.png\"},{\"@type\":\"BreadcrumbList\",\"@id\":\"https:\\\/\\\/go-hre.org\\\/es\\\/recursos\\\/recursos-graficos\\\/#breadcrumb\",\"itemListElement\":[{\"@type\":\"ListItem\",\"position\":1,\"name\":\"Home\",\"item\":\"https:\\\/\\\/go-hre.org\\\/es\\\/\"},{\"@type\":\"ListItem\",\"position\":2,\"name\":\"Recursos\",\"item\":\"https:\\\/\\\/go-hre.org\\\/es\\\/recursos\\\/\"},{\"@type\":\"ListItem\",\"position\":3,\"name\":\"Recursos gr\u00e1ficos\"}]},{\"@type\":\"WebSite\",\"@id\":\"https:\\\/\\\/go-hre.org\\\/#website\",\"url\":\"https:\\\/\\\/go-hre.org\\\/\",\"name\":\"GO-HRE\",\"description\":\"Oficina de Ginebra para la Educaci\u00f3n en Derechos Humanos\",\"publisher\":{\"@id\":\"https:\\\/\\\/go-hre.org\\\/#organization\"},\"potentialAction\":[{\"@type\":\"SearchAction\",\"target\":{\"@type\":\"EntryPoint\",\"urlTemplate\":\"https:\\\/\\\/go-hre.org\\\/?s={search_term_string}\"},\"query-input\":{\"@type\":\"PropertyValueSpecification\",\"valueRequired\":true,\"valueName\":\"search_term_string\"}}],\"inLanguage\":\"es\"},{\"@type\":\"Organization\",\"@id\":\"https:\\\/\\\/go-hre.org\\\/#organization\",\"name\":\"GO-HRE\",\"url\":\"https:\\\/\\\/go-hre.org\\\/\",\"logo\":{\"@type\":\"ImageObject\",\"inLanguage\":\"es\",\"@id\":\"https:\\\/\\\/go-hre.org\\\/#\\\/schema\\\/logo\\\/image\\\/\",\"url\":\"https:\\\/\\\/go-hre.org\\\/wp-content\\\/uploads\\\/2025\\\/04\\\/favicon.png\",\"contentUrl\":\"https:\\\/\\\/go-hre.org\\\/wp-content\\\/uploads\\\/2025\\\/04\\\/favicon.png\",\"width\":258,\"height\":258,\"caption\":\"GO-HRE\"},\"image\":{\"@id\":\"https:\\\/\\\/go-hre.org\\\/#\\\/schema\\\/logo\\\/image\\\/\"}}]}<\/script>\n<!-- \/ Yoast SEO plugin. -->","yoast_head_json":{"title":"Recursos gr\u00e1ficos - GO-HRE","robots":{"index":"index","follow":"follow","max-snippet":"max-snippet:-1","max-image-preview":"max-image-preview:large","max-video-preview":"max-video-preview:-1"},"canonical":"https:\/\/go-hre.org\/es\/recursos\/recursos-graficos\/","og_locale":"es_ES","og_type":"article","og_title":"Recursos gr\u00e1ficos - GO-HRE","og_description":"Los recursos gr\u00e1ficos de Colega y GO-HRE est\u00e1n disponibles para su descarga a continuaci\u00f3n.Ponte en contacto con nosotros por correo electr\u00f3nico si tienes alguna pregunta o necesitas recursos adicionales,o necesitas una traducci\u00f3n diferente de cualquiera de los materiales de esta p\u00e1gina. Gu\u00eda de estilo GO-HRE y Colega La Gu\u00eda de Estilo se ha proporcionado para [&hellip;]","og_url":"https:\/\/go-hre.org\/es\/recursos\/recursos-graficos\/","og_site_name":"GO-HRE","article_modified_time":"2025-06-04T03:39:09+00:00","og_image":[{"width":220,"height":284,"url":"https:\/\/go-hre.org\/wp-content\/uploads\/2025\/05\/Style-Guide_Cover.png","type":"image\/png"}],"twitter_card":"summary_large_image","twitter_misc":{"Tiempo de lectura":"2 minutos"},"schema":{"@context":"https:\/\/schema.org","@graph":[{"@type":"WebPage","@id":"https:\/\/go-hre.org\/es\/recursos\/recursos-graficos\/","url":"https:\/\/go-hre.org\/es\/recursos\/recursos-graficos\/","name":"Recursos gr\u00e1ficos - GO-HRE","isPartOf":{"@id":"https:\/\/go-hre.org\/#website"},"primaryImageOfPage":{"@id":"https:\/\/go-hre.org\/es\/recursos\/recursos-graficos\/#primaryimage"},"image":{"@id":"https:\/\/go-hre.org\/es\/recursos\/recursos-graficos\/#primaryimage"},"thumbnailUrl":"https:\/\/go-hre.org\/wp-content\/uploads\/2025\/05\/Style-Guide_Cover.png","datePublished":"2025-05-27T22:06:00+00:00","dateModified":"2025-06-04T03:39:09+00:00","breadcrumb":{"@id":"https:\/\/go-hre.org\/es\/recursos\/recursos-graficos\/#breadcrumb"},"inLanguage":"es","potentialAction":[{"@type":"ReadAction","target":["https:\/\/go-hre.org\/es\/recursos\/recursos-graficos\/"]}]},{"@type":"ImageObject","inLanguage":"es","@id":"https:\/\/go-hre.org\/es\/recursos\/recursos-graficos\/#primaryimage","url":"https:\/\/go-hre.org\/wp-content\/uploads\/2025\/05\/Style-Guide_Cover.png","contentUrl":"https:\/\/go-hre.org\/wp-content\/uploads\/2025\/05\/Style-Guide_Cover.png"},{"@type":"BreadcrumbList","@id":"https:\/\/go-hre.org\/es\/recursos\/recursos-graficos\/#breadcrumb","itemListElement":[{"@type":"ListItem","position":1,"name":"Home","item":"https:\/\/go-hre.org\/es\/"},{"@type":"ListItem","position":2,"name":"Recursos","item":"https:\/\/go-hre.org\/es\/recursos\/"},{"@type":"ListItem","position":3,"name":"Recursos gr\u00e1ficos"}]},{"@type":"WebSite","@id":"https:\/\/go-hre.org\/#website","url":"https:\/\/go-hre.org\/","name":"GO-HRE","description":"Oficina de Ginebra para la Educaci\u00f3n en Derechos Humanos","publisher":{"@id":"https:\/\/go-hre.org\/#organization"},"potentialAction":[{"@type":"SearchAction","target":{"@type":"EntryPoint","urlTemplate":"https:\/\/go-hre.org\/?s={search_term_string}"},"query-input":{"@type":"PropertyValueSpecification","valueRequired":true,"valueName":"search_term_string"}}],"inLanguage":"es"},{"@type":"Organization","@id":"https:\/\/go-hre.org\/#organization","name":"GO-HRE","url":"https:\/\/go-hre.org\/","logo":{"@type":"ImageObject","inLanguage":"es","@id":"https:\/\/go-hre.org\/#\/schema\/logo\/image\/","url":"https:\/\/go-hre.org\/wp-content\/uploads\/2025\/04\/favicon.png","contentUrl":"https:\/\/go-hre.org\/wp-content\/uploads\/2025\/04\/favicon.png","width":258,"height":258,"caption":"GO-HRE"},"image":{"@id":"https:\/\/go-hre.org\/#\/schema\/logo\/image\/"}}]}},"_links":{"self":[{"href":"https:\/\/go-hre.org\/es\/wp-json\/wp\/v2\/pages\/3011","targetHints":{"allow":["GET"]}}],"collection":[{"href":"https:\/\/go-hre.org\/es\/wp-json\/wp\/v2\/pages"}],"about":[{"href":"https:\/\/go-hre.org\/es\/wp-json\/wp\/v2\/types\/page"}],"author":[{"embeddable":true,"href":"https:\/\/go-hre.org\/es\/wp-json\/wp\/v2\/users\/1"}],"replies":[{"embeddable":true,"href":"https:\/\/go-hre.org\/es\/wp-json\/wp\/v2\/comments?post=3011"}],"version-history":[{"count":2,"href":"https:\/\/go-hre.org\/es\/wp-json\/wp\/v2\/pages\/3011\/revisions"}],"predecessor-version":[{"id":3015,"href":"https:\/\/go-hre.org\/es\/wp-json\/wp\/v2\/pages\/3011\/revisions\/3015"}],"up":[{"embeddable":true,"href":"https:\/\/go-hre.org\/es\/wp-json\/wp\/v2\/pages\/1591"}],"wp:attachment":[{"href":"https:\/\/go-hre.org\/es\/wp-json\/wp\/v2\/media?parent=3011"}],"curies":[{"name":"wp","href":"https:\/\/api.w.org\/{rel}","templated":true}]}}