{"id":3031,"date":"2025-05-26T16:03:43","date_gmt":"2025-05-26T22:03:43","guid":{"rendered":"https:\/\/go-hre.org\/recursos\/go-hre-oficina-de-ginebra-para-la-educacion-en-derechos-humanos\/"},"modified":"2025-06-03T21:39:25","modified_gmt":"2025-06-04T03:39:25","slug":"go-hre-oficina-de-ginebra-para-la-educacion-en-derechos-humanos","status":"publish","type":"page","link":"https:\/\/go-hre.org\/es\/recursos\/go-hre-oficina-de-ginebra-para-la-educacion-en-derechos-humanos\/","title":{"rendered":"GO-HRE Oficina de Ginebra para la Educaci\u00f3n en Derechos Humanos"},"content":{"rendered":"\n<h3 class=\"wp-block-heading has-red-color has-text-color has-link-color wp-elements-981bfdd38acc5dc7108e35a6f6a0a5cc\"><strong>La Convenci\u00f3n sobre los Derechos del Ni\u00f1o<\/strong><\/h3>\n\n<p>La legislaci\u00f3n sobre derechos humanos define al ni\u00f1o como todo ser humano menor de 18 a\u00f1os. En 2014, UNICEF estim\u00f3 en 2.200 millones el n\u00famero total de ni\u00f1os en el mundo (Estado Mundial de la Infancia 2014 En cifras: Cada ni\u00f1o cuenta). El ni\u00f1o debe saber que es un milagro, que desde el principio del mundo no ha habido y hasta el fin del mundo no habr\u00e1, otro ni\u00f1o como \u00e9l. Pablo Casals Los ni\u00f1os son seres humanos, por lo que tienen exactamente los mismos derechos humanos que los adultos. Sin embargo, se ha reconocido que los ni\u00f1os necesitan cuidados y asistencia especiales, y por eso tambi\u00e9n tienen su \u201cpropio\u201d tratado de derechos humanos: la Convenci\u00f3n sobre los Derechos del Ni\u00f1o (CDN). La CDN fue adoptada por las Naciones Unidas en 1989 y entr\u00f3 en vigor el 2 de septiembre de 1990. La CDN se aplica a todos los menores de 18 a\u00f1os de los pa\u00edses que la han aceptado, y casi todos los pa\u00edses del mundo lo han hecho.      <\/p>\n\n<details class=\"wp-block-details is-layout-flow wp-block-details-is-layout-flow\"><summary>1. Igualdad<\/summary>\n<p>Todos los seres humanos nacen libres e iguales en dignidad y derechos. Est\u00e1n dotados de raz\u00f3n y conciencia y deben actuar entre s\u00ed con esp\u00edritu de fraternidad. <\/p>\n<\/details>\n\n<details class=\"wp-block-details is-layout-flow wp-block-details-is-layout-flow\"><summary>2. Discriminaci\u00f3n<\/summary>\n<p>Toda persona tiene todos los derechos y libertades proclamados en esta Declaraci\u00f3n, sin distinci\u00f3n alguna de raza, color, sexo, idioma, religi\u00f3n, opini\u00f3n pol\u00edtica o de cualquier otra \u00edndole, origen nacional o social, posici\u00f3n econ\u00f3mica, nacimiento o cualquier otra condici\u00f3n.<\/p>\n\n\n\n<p>Adem\u00e1s, no se har\u00e1 distinci\u00f3n alguna basada en el estatus pol\u00edtico, jurisdiccional o internacional del pa\u00eds o territorio al que pertenezca una persona, ya sea independiente, fiduciario, no aut\u00f3nomo o sometido a cualquier otra limitaci\u00f3n de soberan\u00eda.<\/p>\n<\/details>\n\n<details class=\"wp-block-details is-layout-flow wp-block-details-is-layout-flow\"><summary>3. Life, Liberty &amp; Security<\/summary>\n<p>Todo individuo tiene derecho a la vida, a la libertad y a la seguridad de su persona.<\/p>\n<\/details>\n\n<details class=\"wp-block-details is-layout-flow wp-block-details-is-layout-flow\"><summary>4. Esclavitud<\/summary>\n<p>Nadie estar\u00e1 sometido a esclavitud ni a servidumbre; la esclavitud y la trata de esclavos est\u00e1n prohibidas en todas sus formas.<\/p>\n<\/details>\n\n<details class=\"wp-block-details is-layout-flow wp-block-details-is-layout-flow\"><summary>5. Tortura<\/summary>\n<p>Nadie ser\u00e1 sometido a tortura ni a penas o tratos crueles, inhumanos o degradantes.<\/p>\n<\/details>\n\n<details class=\"wp-block-details is-layout-flow wp-block-details-is-layout-flow\"><summary>6. Identidad<\/summary>\n<p>Todo el mundo tiene derecho a ser reconocido en todas partes como persona ante la ley.<\/p>\n<\/details>\n\n<details class=\"wp-block-details is-layout-flow wp-block-details-is-layout-flow\"><summary>7. Justicia<\/summary>\n<p>Todos son iguales ante la ley y tienen derecho, sin discriminaci\u00f3n alguna, a igual protecci\u00f3n de la ley. Todos tienen derecho a igual protecci\u00f3n contra toda discriminaci\u00f3n que infrinja esta Declaraci\u00f3n y contra toda incitaci\u00f3n a tal discriminaci\u00f3n. <\/p>\n<\/details>\n\n<details class=\"wp-block-details is-layout-flow wp-block-details-is-layout-flow\"><summary>8. Protecci\u00f3n<\/summary>\n<p>Toda persona tiene derecho a un recurso efectivo, ante los tribunales nacionales competentes, que la ampare contra actos que violen sus derechos fundamentales reconocidos por la Constituci\u00f3n o por la ley.<\/p>\n<\/details>\n\n<details class=\"wp-block-details is-layout-flow wp-block-details-is-layout-flow\"><summary>9. Detenci\u00f3n<\/summary>\n<p>Nadie ser\u00e1 sometido a detenci\u00f3n, prisi\u00f3n o exilio arbitrarios.<\/p>\n<\/details>\n\n<details class=\"wp-block-details is-layout-flow wp-block-details-is-layout-flow\"><summary>10. Prueba<\/summary>\n<p>Toda persona tiene derecho, en condiciones de plena igualdad, a ser o\u00edda p\u00fablicamente y con justicia por un tribunal independiente e imparcial, para la determinaci\u00f3n de sus derechos y obligaciones y para el examen de cualquier acusaci\u00f3n contra ella en materia penal.<\/p>\n<\/details>\n\n<details class=\"wp-block-details is-layout-flow wp-block-details-is-layout-flow\"><summary>11. Inocente<\/summary>\n<p>1) Toda persona acusada de delito tiene derecho a que se presuma su inocencia mientras no se pruebe su culpabilidad, conforme a la ley y en juicio p\u00fablico en el que se le hayan asegurado todas las garant\u00edas necesarias para su defensa.<\/p>\n\n\n\n<p>2) Nadie ser\u00e1 considerado culpable de ning\u00fan delito penal por actos u omisiones que no constituyeran delito penal, seg\u00fan el derecho nacional o internacional, en el momento en que fueron cometidos. Tampoco se impondr\u00e1 una pena mayor que la aplicable en el momento en que se cometi\u00f3 la infracci\u00f3n penal. <\/p>\n<\/details>\n\n<details class=\"wp-block-details is-layout-flow wp-block-details-is-layout-flow\"><summary>12. Privacidad<\/summary>\n<p>Nadie ser\u00e1 objeto de injerencias arbitrarias en su vida privada, su familia, su domicilio o su correspondencia, ni de ataques contra su honor y su reputaci\u00f3n. Toda persona tiene derecho a la protecci\u00f3n de la ley contra tales injerencias o ataques. <\/p>\n<\/details>\n\n<details class=\"wp-block-details is-layout-flow wp-block-details-is-layout-flow\"><summary>13. Viaja<\/summary>\n<p>1) Toda persona tiene derecho a circular y residir libremente dentro de las fronteras de cada Estado.<\/p>\n\n\n\n<p>2) Toda persona tiene derecho a salir de cualquier pa\u00eds, incluido el suyo, y a regresar a su pa\u00eds.<\/p>\n<\/details>\n\n<details class=\"wp-block-details is-layout-flow wp-block-details-is-layout-flow\"><summary>14. Asilo<\/summary>\n<p>1) Toda persona tiene derecho a buscar asilo contra la persecuci\u00f3n y a disfrutar de \u00e9l en otros pa\u00edses.<\/p>\n\n\n\n<p>2) Este derecho no podr\u00e1 invocarse en el caso de procesos realmente derivados de delitos no pol\u00edticos o de actos contrarios a los fines y principios de las Naciones Unidas.<\/p>\n<\/details>\n\n<details class=\"wp-block-details is-layout-flow wp-block-details-is-layout-flow\"><summary>15. Nacionalidad<\/summary>\n<p>1) Toda persona tiene derecho a una nacionalidad.<\/p>\n\n\n\n<p>2) Nadie ser\u00e1 privado arbitrariamente de su nacionalidad ni se le negar\u00e1 el derecho a cambiar de nacionalidad.<\/p>\n<\/details>\n\n<details class=\"wp-block-details is-layout-flow wp-block-details-is-layout-flow\"><summary>16. Marriage &amp; Family<\/summary>\n<p>1) Los hombres y las mujeres mayores de edad, sin limitaci\u00f3n alguna por motivos de raza, nacionalidad o religi\u00f3n, tienen derecho a contraer matrimonio y a fundar una familia. Tienen los mismos derechos en cuanto al matrimonio, durante el matrimonio y en el momento de su disoluci\u00f3n. <\/p>\n\n\n\n<p>2) S\u00f3lo se contraer\u00e1 matrimonio con el libre y pleno consentimiento de los futuros c\u00f3nyuges.<\/p>\n\n\n\n<p>3) La familia es la unidad de grupo natural y fundamental de la sociedad y tiene derecho a la protecci\u00f3n de la sociedad y del Estado.<\/p>\n<\/details>\n\n<details class=\"wp-block-details is-layout-flow wp-block-details-is-layout-flow\"><summary>17. Propiedad<\/summary>\n<p>1) Toda persona tiene derecho a la propiedad, tanto individualmente como en asociaci\u00f3n con otras personas.<\/p>\n\n\n\n<p>2) Nadie podr\u00e1 ser privado arbitrariamente de su propiedad.<\/p>\n<\/details>\n\n<details class=\"wp-block-details is-layout-flow wp-block-details-is-layout-flow\"><summary>18. Religion &amp; Belief<\/summary>\n<p>Toda persona tiene derecho a la libertad de pensamiento, de conciencia y de religi\u00f3n; este derecho incluye la libertad de cambiar de religi\u00f3n o de creencia, as\u00ed como la libertad de manifestar su religi\u00f3n o su creencia, individual y colectivamente, tanto en p\u00fablico como en privado, por la ense\u00f1anza, la pr\u00e1ctica, el culto y la observancia.<\/p>\n<\/details>\n\n<details class=\"wp-block-details is-layout-flow wp-block-details-is-layout-flow\"><summary>19. Expresi\u00f3n<\/summary>\n<p>Todo individuo tiene derecho a la libertad de opini\u00f3n y de expresi\u00f3n; este derecho incluye el de no ser molestado a causa de sus opiniones, el de investigar y recibir informaciones y opiniones, y el de difundirlas, sin limitaci\u00f3n de fronteras, por cualquier medio de expresi\u00f3n.<\/p>\n<\/details>\n\n<details class=\"wp-block-details is-layout-flow wp-block-details-is-layout-flow\"><summary>20. Montaje<\/summary>\n<p>1) Toda persona tiene derecho a la libertad de reuni\u00f3n y de asociaci\u00f3n pac\u00edficas.<\/p>\n\n\n\n<p>2) Nadie puede ser obligado a pertenecer a una asociaci\u00f3n.<\/p>\n<\/details>\n\n<details class=\"wp-block-details is-layout-flow wp-block-details-is-layout-flow\"><summary>21. Democracia<\/summary>\n<p>1) Toda persona tiene derecho a participar en el gobierno de su pa\u00eds, directamente o por medio de representantes libremente elegidos.<\/p>\n\n\n\n<p>2) Toda persona tiene derecho a la igualdad de acceso a la funci\u00f3n p\u00fablica en su pa\u00eds.<\/p>\n\n\n\n<p>3) La voluntad del pueblo ser\u00e1 la base de la autoridad del gobierno; esta voluntad se expresar\u00e1 mediante elecciones aut\u00e9nticas que habr\u00e1n de celebrarse peri\u00f3dicamente, por sufragio universal e igual y por voto secreto u otro procedimiento equivalente que garantice la libertad del voto.<\/p>\n<\/details>\n\n<details class=\"wp-block-details is-layout-flow wp-block-details-is-layout-flow\"><summary>22. Seguridad Social<\/summary>\n<p>Toda persona, como miembro de la sociedad, tiene derecho a la seguridad social, y a obtener, mediante el esfuerzo nacional y la cooperaci\u00f3n internacional, habida cuenta de la organizaci\u00f3n y los recursos de cada Estado, la satisfacci\u00f3n de los derechos econ\u00f3micos, sociales y culturales, indispensables a su dignidad y al libre desarrollo de su personalidad.<\/p>\n<\/details>\n\n<details class=\"wp-block-details is-layout-flow wp-block-details-is-layout-flow\"><summary>23. Trabaja en<\/summary>\n<p>1) Toda persona tiene derecho al trabajo, a la libre elecci\u00f3n de su trabajo, a condiciones equitativas y satisfactorias de trabajo y a la protecci\u00f3n contra el desempleo.<\/p>\n\n\n\n<p>2) Toda persona, sin discriminaci\u00f3n alguna, tiene derecho a igual salario por igual trabajo.<\/p>\n\n\n\n<p>3) Toda persona que trabaja tiene derecho a una remuneraci\u00f3n equitativa y satisfactoria, que le asegure, as\u00ed como a su familia, una existencia conforme a la dignidad humana y que ser\u00e1 completada, en caso necesario, por cualesquiera otros medios de protecci\u00f3n social.<\/p>\n\n\n\n<p>4) Toda persona tiene derecho a fundar sindicatos y a sindicarse para la defensa de sus intereses.<\/p>\n<\/details>\n\n<details class=\"wp-block-details is-layout-flow wp-block-details-is-layout-flow\"><summary>24. Rest &amp; Leisure<\/summary>\n<p>Toda persona tiene derecho al descanso y al disfrute del tiempo libre, incluida la limitaci\u00f3n razonable de la duraci\u00f3n del trabajo y las vacaciones peri\u00f3dicas pagadas.<\/p>\n<\/details>\n\n<details class=\"wp-block-details is-layout-flow wp-block-details-is-layout-flow\"><summary>25. Vida adecuada<\/summary>\n<p>1) Toda persona tiene derecho a un nivel de vida adecuado que le asegure, as\u00ed como a su familia, la salud y el bienestar, y en especial la alimentaci\u00f3n, el vestido, la vivienda, la asistencia m\u00e9dica y los servicios sociales necesarios; tiene asimismo derecho a los seguros en caso de desempleo, enfermedad, invalidez, viudez, vejez u otros casos de p\u00e9rdida de sus medios de subsistencia por circunstancias independientes de su voluntad.<\/p>\n\n\n\n<p>2) La maternidad y la infancia tienen derecho a cuidados y asistencia especiales. Todos los ni\u00f1os, nacidos dentro o fuera del matrimonio, gozar\u00e1n de la misma protecci\u00f3n social. <\/p>\n<\/details>\n\n<details class=\"wp-block-details is-layout-flow wp-block-details-is-layout-flow\"><summary>26. Educaci\u00f3n<\/summary>\n<p>1) Toda persona tiene derecho a la educaci\u00f3n. La educaci\u00f3n ser\u00e1 gratuita, al menos en las etapas elemental y fundamental. La ense\u00f1anza elemental ser\u00e1 obligatoria. La ense\u00f1anza t\u00e9cnica y profesional ser\u00e1 generalizada y la ense\u00f1anza superior ser\u00e1 igualmente accesible a todos en funci\u00f3n de los m\u00e9ritos.   <\/p>\n\n\n\n<p>2) La educaci\u00f3n tendr\u00e1 por objeto el pleno desarrollo de la personalidad humana y el fortalecimiento del respeto a los derechos humanos y a las libertades fundamentales. Fomentar\u00e1 la comprensi\u00f3n, la tolerancia y la amistad entre todas las naciones y todos los grupos raciales o religiosos, e impulsar\u00e1 las actividades de las Naciones Unidas para el mantenimiento de la paz. <\/p>\n\n\n\n<p>3) Los padres tienen derecho previo a elegir el tipo de educaci\u00f3n que se dar\u00e1 a sus hijos.<\/p>\n<\/details>\n\n<details class=\"wp-block-details is-layout-flow wp-block-details-is-layout-flow\"><summary>27. Culture &amp; Copyright<\/summary>\n<p>1) Toda persona tiene derecho a tomar parte libremente en la vida cultural de la comunidad, a gozar de las artes y a participar en el progreso cient\u00edfico y en los beneficios que de \u00e9l resulten.<\/p>\n\n\n\n<p>2) Toda persona tiene derecho a la protecci\u00f3n de los intereses morales y materiales que le correspondan por raz\u00f3n de las producciones cient\u00edficas, literarias o art\u00edsticas de que sea autora.<\/p>\n<\/details>\n\n<details class=\"wp-block-details is-layout-flow wp-block-details-is-layout-flow\"><summary>28. Free &amp; Fair World<\/summary>\n<p>Toda persona tiene derecho a que se establezca un orden social e internacional en el que los derechos y libertades proclamados en esta Declaraci\u00f3n se hagan plenamente efectivos.<\/p>\n<\/details>\n\n<details class=\"wp-block-details is-layout-flow wp-block-details-is-layout-flow\"><summary>29. Responsabilidad<\/summary>\n<p>1) Toda persona tiene deberes para con la comunidad, la \u00fanica en la que es posible el libre y pleno desarrollo de su personalidad.<\/p>\n\n\n\n<p>2) En el ejercicio de sus derechos y en el disfrute de sus libertades, toda persona estar\u00e1 solamente sujeta a las limitaciones establecidas por la ley con el \u00fanico fin de asegurar el reconocimiento y el respeto de los derechos y libertades de los dem\u00e1s, y de satisfacer las justas exigencias de la moral, del orden p\u00fablico y del bienestar general en una sociedad democr\u00e1tica.<\/p>\n\n\n\n<p>3) Estos derechos y libertades no podr\u00e1n ser ejercidos en ning\u00fan caso en contra de los prop\u00f3sitos y principios de las Naciones Unidas.<\/p>\n<\/details>\n\n<details class=\"wp-block-details is-layout-flow wp-block-details-is-layout-flow\"><summary>30. Indestructible<\/summary>\n<p>Nada de lo contenido en la presente Declaraci\u00f3n podr\u00e1 interpretarse en el sentido de que confiere derecho alguno al Estado, a un grupo o a una persona, para emprender y desarrollar actividades o realizar actos tendentes a la supresi\u00f3n de cualquiera de los derechos y libertades proclamados en esta Declaraci\u00f3n.<\/p>\n<\/details>\n","protected":false},"excerpt":{"rendered":"<p>La Convenci\u00f3n sobre los Derechos del Ni\u00f1o La legislaci\u00f3n sobre derechos humanos define al ni\u00f1o como todo ser humano menor de 18 a\u00f1os. En 2014, UNICEF estim\u00f3 en 2.200 millones el n\u00famero total de ni\u00f1os en el mundo (Estado Mundial de la Infancia 2014 En cifras: Cada ni\u00f1o cuenta). El ni\u00f1o debe saber que es [&hellip;]<\/p>\n","protected":false},"author":1,"featured_media":0,"parent":1591,"menu_order":0,"comment_status":"closed","ping_status":"closed","template":"","meta":{"_acf_changed":false,"inline_featured_image":false,"footnotes":""},"class_list":["post-3031","page","type-page","status-publish","hentry"],"acf":[],"yoast_head":"<!-- This site is optimized with the Yoast SEO plugin v27.4 - https:\/\/yoast.com\/product\/yoast-seo-wordpress\/ -->\n<title>GO-HRE Oficina de Ginebra para la Educaci\u00f3n en Derechos Humanos - GO-HRE<\/title>\n<meta name=\"robots\" content=\"index, follow, max-snippet:-1, max-image-preview:large, max-video-preview:-1\" \/>\n<link rel=\"canonical\" href=\"https:\/\/go-hre.org\/es\/recursos\/go-hre-oficina-de-ginebra-para-la-educacion-en-derechos-humanos\/\" \/>\n<meta property=\"og:locale\" content=\"es_ES\" \/>\n<meta property=\"og:type\" content=\"article\" \/>\n<meta property=\"og:title\" content=\"GO-HRE Oficina de Ginebra para la Educaci\u00f3n en Derechos Humanos - GO-HRE\" \/>\n<meta property=\"og:description\" content=\"La Convenci\u00f3n sobre los Derechos del Ni\u00f1o La legislaci\u00f3n sobre derechos humanos define al ni\u00f1o como todo ser humano menor de 18 a\u00f1os. En 2014, UNICEF estim\u00f3 en 2.200 millones el n\u00famero total de ni\u00f1os en el mundo (Estado Mundial de la Infancia 2014 En cifras: Cada ni\u00f1o cuenta). El ni\u00f1o debe saber que es [&hellip;]\" \/>\n<meta property=\"og:url\" content=\"https:\/\/go-hre.org\/es\/recursos\/go-hre-oficina-de-ginebra-para-la-educacion-en-derechos-humanos\/\" \/>\n<meta property=\"og:site_name\" content=\"GO-HRE\" \/>\n<meta property=\"article:modified_time\" content=\"2025-06-04T03:39:25+00:00\" \/>\n<meta name=\"twitter:card\" content=\"summary_large_image\" \/>\n<meta name=\"twitter:label1\" content=\"Tiempo de lectura\" \/>\n\t<meta name=\"twitter:data1\" content=\"9 minutos\" \/>\n<script type=\"application\/ld+json\" class=\"yoast-schema-graph\">{\"@context\":\"https:\\\/\\\/schema.org\",\"@graph\":[{\"@type\":\"WebPage\",\"@id\":\"https:\\\/\\\/go-hre.org\\\/es\\\/recursos\\\/go-hre-oficina-de-ginebra-para-la-educacion-en-derechos-humanos\\\/\",\"url\":\"https:\\\/\\\/go-hre.org\\\/es\\\/recursos\\\/go-hre-oficina-de-ginebra-para-la-educacion-en-derechos-humanos\\\/\",\"name\":\"GO-HRE Oficina de Ginebra para la Educaci\u00f3n en Derechos Humanos - GO-HRE\",\"isPartOf\":{\"@id\":\"https:\\\/\\\/go-hre.org\\\/#website\"},\"datePublished\":\"2025-05-26T22:03:43+00:00\",\"dateModified\":\"2025-06-04T03:39:25+00:00\",\"breadcrumb\":{\"@id\":\"https:\\\/\\\/go-hre.org\\\/es\\\/recursos\\\/go-hre-oficina-de-ginebra-para-la-educacion-en-derechos-humanos\\\/#breadcrumb\"},\"inLanguage\":\"es\",\"potentialAction\":[{\"@type\":\"ReadAction\",\"target\":[\"https:\\\/\\\/go-hre.org\\\/es\\\/recursos\\\/go-hre-oficina-de-ginebra-para-la-educacion-en-derechos-humanos\\\/\"]}]},{\"@type\":\"BreadcrumbList\",\"@id\":\"https:\\\/\\\/go-hre.org\\\/es\\\/recursos\\\/go-hre-oficina-de-ginebra-para-la-educacion-en-derechos-humanos\\\/#breadcrumb\",\"itemListElement\":[{\"@type\":\"ListItem\",\"position\":1,\"name\":\"Home\",\"item\":\"https:\\\/\\\/go-hre.org\\\/es\\\/\"},{\"@type\":\"ListItem\",\"position\":2,\"name\":\"Recursos\",\"item\":\"https:\\\/\\\/go-hre.org\\\/es\\\/recursos\\\/\"},{\"@type\":\"ListItem\",\"position\":3,\"name\":\"GO-HRE Oficina de Ginebra para la Educaci\u00f3n en Derechos Humanos\"}]},{\"@type\":\"WebSite\",\"@id\":\"https:\\\/\\\/go-hre.org\\\/#website\",\"url\":\"https:\\\/\\\/go-hre.org\\\/\",\"name\":\"GO-HRE\",\"description\":\"Oficina de Ginebra para la Educaci\u00f3n en Derechos Humanos\",\"publisher\":{\"@id\":\"https:\\\/\\\/go-hre.org\\\/#organization\"},\"potentialAction\":[{\"@type\":\"SearchAction\",\"target\":{\"@type\":\"EntryPoint\",\"urlTemplate\":\"https:\\\/\\\/go-hre.org\\\/?s={search_term_string}\"},\"query-input\":{\"@type\":\"PropertyValueSpecification\",\"valueRequired\":true,\"valueName\":\"search_term_string\"}}],\"inLanguage\":\"es\"},{\"@type\":\"Organization\",\"@id\":\"https:\\\/\\\/go-hre.org\\\/#organization\",\"name\":\"GO-HRE\",\"url\":\"https:\\\/\\\/go-hre.org\\\/\",\"logo\":{\"@type\":\"ImageObject\",\"inLanguage\":\"es\",\"@id\":\"https:\\\/\\\/go-hre.org\\\/#\\\/schema\\\/logo\\\/image\\\/\",\"url\":\"https:\\\/\\\/go-hre.org\\\/wp-content\\\/uploads\\\/2025\\\/04\\\/favicon.png\",\"contentUrl\":\"https:\\\/\\\/go-hre.org\\\/wp-content\\\/uploads\\\/2025\\\/04\\\/favicon.png\",\"width\":258,\"height\":258,\"caption\":\"GO-HRE\"},\"image\":{\"@id\":\"https:\\\/\\\/go-hre.org\\\/#\\\/schema\\\/logo\\\/image\\\/\"}}]}<\/script>\n<!-- \/ Yoast SEO plugin. -->","yoast_head_json":{"title":"GO-HRE Oficina de Ginebra para la Educaci\u00f3n en Derechos Humanos - GO-HRE","robots":{"index":"index","follow":"follow","max-snippet":"max-snippet:-1","max-image-preview":"max-image-preview:large","max-video-preview":"max-video-preview:-1"},"canonical":"https:\/\/go-hre.org\/es\/recursos\/go-hre-oficina-de-ginebra-para-la-educacion-en-derechos-humanos\/","og_locale":"es_ES","og_type":"article","og_title":"GO-HRE Oficina de Ginebra para la Educaci\u00f3n en Derechos Humanos - GO-HRE","og_description":"La Convenci\u00f3n sobre los Derechos del Ni\u00f1o La legislaci\u00f3n sobre derechos humanos define al ni\u00f1o como todo ser humano menor de 18 a\u00f1os. En 2014, UNICEF estim\u00f3 en 2.200 millones el n\u00famero total de ni\u00f1os en el mundo (Estado Mundial de la Infancia 2014 En cifras: Cada ni\u00f1o cuenta). El ni\u00f1o debe saber que es [&hellip;]","og_url":"https:\/\/go-hre.org\/es\/recursos\/go-hre-oficina-de-ginebra-para-la-educacion-en-derechos-humanos\/","og_site_name":"GO-HRE","article_modified_time":"2025-06-04T03:39:25+00:00","twitter_card":"summary_large_image","twitter_misc":{"Tiempo de lectura":"9 minutos"},"schema":{"@context":"https:\/\/schema.org","@graph":[{"@type":"WebPage","@id":"https:\/\/go-hre.org\/es\/recursos\/go-hre-oficina-de-ginebra-para-la-educacion-en-derechos-humanos\/","url":"https:\/\/go-hre.org\/es\/recursos\/go-hre-oficina-de-ginebra-para-la-educacion-en-derechos-humanos\/","name":"GO-HRE Oficina de Ginebra para la Educaci\u00f3n en Derechos Humanos - GO-HRE","isPartOf":{"@id":"https:\/\/go-hre.org\/#website"},"datePublished":"2025-05-26T22:03:43+00:00","dateModified":"2025-06-04T03:39:25+00:00","breadcrumb":{"@id":"https:\/\/go-hre.org\/es\/recursos\/go-hre-oficina-de-ginebra-para-la-educacion-en-derechos-humanos\/#breadcrumb"},"inLanguage":"es","potentialAction":[{"@type":"ReadAction","target":["https:\/\/go-hre.org\/es\/recursos\/go-hre-oficina-de-ginebra-para-la-educacion-en-derechos-humanos\/"]}]},{"@type":"BreadcrumbList","@id":"https:\/\/go-hre.org\/es\/recursos\/go-hre-oficina-de-ginebra-para-la-educacion-en-derechos-humanos\/#breadcrumb","itemListElement":[{"@type":"ListItem","position":1,"name":"Home","item":"https:\/\/go-hre.org\/es\/"},{"@type":"ListItem","position":2,"name":"Recursos","item":"https:\/\/go-hre.org\/es\/recursos\/"},{"@type":"ListItem","position":3,"name":"GO-HRE Oficina de Ginebra para la Educaci\u00f3n en Derechos Humanos"}]},{"@type":"WebSite","@id":"https:\/\/go-hre.org\/#website","url":"https:\/\/go-hre.org\/","name":"GO-HRE","description":"Oficina de Ginebra para la Educaci\u00f3n en Derechos Humanos","publisher":{"@id":"https:\/\/go-hre.org\/#organization"},"potentialAction":[{"@type":"SearchAction","target":{"@type":"EntryPoint","urlTemplate":"https:\/\/go-hre.org\/?s={search_term_string}"},"query-input":{"@type":"PropertyValueSpecification","valueRequired":true,"valueName":"search_term_string"}}],"inLanguage":"es"},{"@type":"Organization","@id":"https:\/\/go-hre.org\/#organization","name":"GO-HRE","url":"https:\/\/go-hre.org\/","logo":{"@type":"ImageObject","inLanguage":"es","@id":"https:\/\/go-hre.org\/#\/schema\/logo\/image\/","url":"https:\/\/go-hre.org\/wp-content\/uploads\/2025\/04\/favicon.png","contentUrl":"https:\/\/go-hre.org\/wp-content\/uploads\/2025\/04\/favicon.png","width":258,"height":258,"caption":"GO-HRE"},"image":{"@id":"https:\/\/go-hre.org\/#\/schema\/logo\/image\/"}}]}},"_links":{"self":[{"href":"https:\/\/go-hre.org\/es\/wp-json\/wp\/v2\/pages\/3031","targetHints":{"allow":["GET"]}}],"collection":[{"href":"https:\/\/go-hre.org\/es\/wp-json\/wp\/v2\/pages"}],"about":[{"href":"https:\/\/go-hre.org\/es\/wp-json\/wp\/v2\/types\/page"}],"author":[{"embeddable":true,"href":"https:\/\/go-hre.org\/es\/wp-json\/wp\/v2\/users\/1"}],"replies":[{"embeddable":true,"href":"https:\/\/go-hre.org\/es\/wp-json\/wp\/v2\/comments?post=3031"}],"version-history":[{"count":2,"href":"https:\/\/go-hre.org\/es\/wp-json\/wp\/v2\/pages\/3031\/revisions"}],"predecessor-version":[{"id":3033,"href":"https:\/\/go-hre.org\/es\/wp-json\/wp\/v2\/pages\/3031\/revisions\/3033"}],"up":[{"embeddable":true,"href":"https:\/\/go-hre.org\/es\/wp-json\/wp\/v2\/pages\/1591"}],"wp:attachment":[{"href":"https:\/\/go-hre.org\/es\/wp-json\/wp\/v2\/media?parent=3031"}],"curies":[{"name":"wp","href":"https:\/\/api.w.org\/{rel}","templated":true}]}}