{"id":4499,"date":"2025-05-26T10:08:01","date_gmt":"2025-05-26T16:08:01","guid":{"rendered":"https:\/\/go-hre.org\/paises\/costa-de-marfil-manual-de-primaria\/"},"modified":"2025-07-08T13:03:11","modified_gmt":"2025-07-08T19:03:11","slug":"costa-de-marfil-manual-de-primaria","status":"publish","type":"page","link":"https:\/\/go-hre.org\/es\/paises\/costa-de-marfil-manual-de-primaria\/","title":{"rendered":"Costa de Marfil: Manual de Primaria"},"content":{"rendered":"\n<p><strong>Contenido del curso:<\/strong><\/p>\n\n<ul class=\"wp-block-list pdf_links\">\n<li><a href=\"https:\/\/go-hre.org\/wp-content\/uploads\/2025\/05\/colega_ivo_250226_pri_0.pdf\" data-type=\"attachment\" data-id=\"2227\">Portada y tabla de materias<\/a><\/li>\n\n\n\n<li><a href=\"https:\/\/go-hre.org\/wp-content\/uploads\/2025\/05\/colega_ivo_250226_pri_1.pdf\" data-type=\"attachment\" data-id=\"2151\">1A &amp; 1B: Droit \u00e0 l&#8217;\u00e9galit\u00e9 - Na\u00eetre Libre<\/a><\/li>\n\n\n\n<li><a href=\"https:\/\/go-hre.org\/wp-content\/uploads\/2025\/05\/colega_ivo_250226_pri_2.pdf\" data-type=\"attachment\" data-id=\"2155\">2A &amp; 2B: Derechos humanos fundamentales e inalienables - Tengo derechos<\/a><\/li>\n\n\n\n<li><a href=\"https:\/\/go-hre.org\/wp-content\/uploads\/2025\/05\/colega_ivo_250226_pri_3.pdf\" data-type=\"attachment\" data-id=\"2159\">3A y 3B: Protecci\u00f3n contra la discriminaci\u00f3n - \u00bfEs discriminaci\u00f3n?<\/a><\/li>\n\n\n\n<li><a href=\"https:\/\/go-hre.org\/wp-content\/uploads\/2025\/05\/colega_ivo_250226_pri_4.pdf\" data-type=\"attachment\" data-id=\"2163\">4A Y 4B: Protecci\u00f3n contra el acoso - El acoso no est\u00e1 permitido<\/a><\/li>\n\n\n\n<li><a href=\"https:\/\/go-hre.org\/wp-content\/uploads\/2025\/05\/colega_ivo_250226_pri_5.pdf\" data-type=\"attachment\" data-id=\"2167\">5A &amp; 5B: Derecho matrimonial y de familia - La familia es maravillosa<\/a><\/li>\n\n\n\n<li><a href=\"https:\/\/go-hre.org\/wp-content\/uploads\/2025\/05\/colega_ivo_250226_pri_6.pdf\" data-type=\"attachment\" data-id=\"2171\">6A &amp; 6B: Libertad de religi\u00f3n o de convicci\u00f3n - J&#8217;ai le choix<\/a><\/li>\n\n\n\n<li><a href=\"https:\/\/go-hre.org\/wp-content\/uploads\/2025\/05\/colega_ivo_250226_pri_7.pdf\" data-type=\"attachment\" data-id=\"2175\">7A &amp; 7B: Libert\u00e9 d&#8217;expression - Les mots font la diff\u00e9rence<\/a><\/li>\n\n\n\n<li><a href=\"https:\/\/go-hre.org\/wp-content\/uploads\/2025\/05\/colega_ivo_250226_pri_8.pdf\" data-type=\"attachment\" data-id=\"2179\">8A y 8B: Derecho al reconocimiento jur\u00eddico - J&#8217;ai le droit d&#8217;\u00eatre moi-m\u00eame<\/a><\/li>\n\n\n\n<li><a href=\"https:\/\/go-hre.org\/wp-content\/uploads\/2025\/05\/colega_ivo_250226_pri_9.pdf\" data-type=\"attachment\" data-id=\"2183\">9A &amp; 9B: Protecci\u00f3n contra el trabajo infantil - El trabajo infantil es simplemente injusto<\/a><\/li>\n\n\n\n<li><a href=\"https:\/\/go-hre.org\/wp-content\/uploads\/2025\/05\/colega_ivo_250226_pri_10a.pdf\" data-type=\"attachment\" data-id=\"2187\">10A: Droit \u00e0 l&#8217;\u00e9ducation - Je vais \u00e0 l&#8217;\u00e9cole<\/a><\/li>\n\n\n\n<li><a href=\"https:\/\/go-hre.org\/wp-content\/uploads\/2025\/05\/colega_ivo_250226_pri_10b.pdf\" data-type=\"attachment\" data-id=\"2191\">10B: Responsabilidad ante la comunidad - Nuestra responsabilidad ante la comunidad<\/a><\/li>\n<\/ul>\n\n<hr class=\"wp-block-separator has-alpha-channel-opacity\"\/>\n\n<p><strong>Bo\u00eete \u00e0 outils des mod\u00e9rateur:<\/strong><\/p>\n\n<ul class=\"wp-block-list pdf_links\">\n<li><a href=\"https:\/\/go-hre.org\/wp-content\/uploads\/2025\/05\/colega_ivo_250226_pri_13.pdf\" data-type=\"attachment\" data-id=\"2199\">I: Informaci\u00f3n general<\/a><\/li>\n\n\n\n<li><a href=\"https:\/\/go-hre.org\/wp-content\/uploads\/2025\/05\/colega_ivo_250226_pri_14.pdf\" data-type=\"attachment\" data-id=\"2203\">II: L\u00edneas directrices y consejos pedag\u00f3gicos<\/a><\/li>\n\n\n\n<li><a href=\"https:\/\/go-hre.org\/wp-content\/uploads\/2025\/05\/colega_ivo_250226_pri_15.pdf\" data-type=\"attachment\" data-id=\"2207\">III: Canciones<\/a><\/li>\n\n\n\n<li><a href=\"https:\/\/go-hre.org\/wp-content\/uploads\/2025\/05\/colega_ivo_250226_pri_16.pdf\" data-type=\"attachment\" data-id=\"2211\">IV: Glosario<\/a><\/li>\n\n\n\n<li><a href=\"https:\/\/go-hre.org\/wp-content\/uploads\/2025\/05\/colega_ivo_250226_pri_17.pdf\" data-type=\"attachment\" data-id=\"2215\">V: Documentos de la ONU<\/a><\/li>\n\n\n\n<li><a href=\"https:\/\/go-hre.org\/wp-content\/uploads\/2025\/05\/colega_ivo_250226_pri_18.pdf\" data-type=\"attachment\" data-id=\"2219\">VI: Ejemplos de evaluaciones<\/a><\/li>\n<\/ul>\n","protected":false},"excerpt":{"rendered":"<p>Contenido del curso: Bo\u00eete \u00e0 outils des mod\u00e9rateur:<\/p>\n","protected":false},"author":2,"featured_media":0,"parent":1575,"menu_order":0,"comment_status":"closed","ping_status":"closed","template":"","meta":{"_acf_changed":false,"inline_featured_image":false,"footnotes":""},"class_list":["post-4499","page","type-page","status-publish","hentry"],"acf":[],"yoast_head":"<!-- This site is optimized with the Yoast SEO plugin v27.4 - https:\/\/yoast.com\/product\/yoast-seo-wordpress\/ -->\n<title>Costa de Marfil: Manual de Primaria - GO-HRE<\/title>\n<meta name=\"robots\" content=\"index, follow, max-snippet:-1, max-image-preview:large, max-video-preview:-1\" \/>\n<link rel=\"canonical\" href=\"https:\/\/go-hre.org\/es\/paises\/costa-de-marfil-manual-de-primaria\/\" \/>\n<meta property=\"og:locale\" content=\"es_ES\" \/>\n<meta property=\"og:type\" content=\"article\" \/>\n<meta property=\"og:title\" content=\"Costa de Marfil: Manual de Primaria - GO-HRE\" \/>\n<meta property=\"og:description\" content=\"Contenido del curso: Bo\u00eete \u00e0 outils des mod\u00e9rateur:\" \/>\n<meta property=\"og:url\" content=\"https:\/\/go-hre.org\/es\/paises\/costa-de-marfil-manual-de-primaria\/\" \/>\n<meta property=\"og:site_name\" content=\"GO-HRE\" \/>\n<meta property=\"article:modified_time\" content=\"2025-07-08T19:03:11+00:00\" \/>\n<meta name=\"twitter:card\" content=\"summary_large_image\" \/>\n<meta name=\"twitter:label1\" content=\"Tiempo de lectura\" \/>\n\t<meta name=\"twitter:data1\" content=\"1 minuto\" \/>\n<script type=\"application\/ld+json\" class=\"yoast-schema-graph\">{\"@context\":\"https:\\\/\\\/schema.org\",\"@graph\":[{\"@type\":\"WebPage\",\"@id\":\"https:\\\/\\\/go-hre.org\\\/es\\\/paises\\\/costa-de-marfil-manual-de-primaria\\\/\",\"url\":\"https:\\\/\\\/go-hre.org\\\/es\\\/paises\\\/costa-de-marfil-manual-de-primaria\\\/\",\"name\":\"Costa de Marfil: Manual de Primaria - GO-HRE\",\"isPartOf\":{\"@id\":\"https:\\\/\\\/go-hre.org\\\/#website\"},\"datePublished\":\"2025-05-26T16:08:01+00:00\",\"dateModified\":\"2025-07-08T19:03:11+00:00\",\"breadcrumb\":{\"@id\":\"https:\\\/\\\/go-hre.org\\\/es\\\/paises\\\/costa-de-marfil-manual-de-primaria\\\/#breadcrumb\"},\"inLanguage\":\"es\",\"potentialAction\":[{\"@type\":\"ReadAction\",\"target\":[\"https:\\\/\\\/go-hre.org\\\/es\\\/paises\\\/costa-de-marfil-manual-de-primaria\\\/\"]}]},{\"@type\":\"BreadcrumbList\",\"@id\":\"https:\\\/\\\/go-hre.org\\\/es\\\/paises\\\/costa-de-marfil-manual-de-primaria\\\/#breadcrumb\",\"itemListElement\":[{\"@type\":\"ListItem\",\"position\":1,\"name\":\"Home\",\"item\":\"https:\\\/\\\/go-hre.org\\\/es\\\/\"},{\"@type\":\"ListItem\",\"position\":2,\"name\":\"Pa\u00edses\",\"item\":\"https:\\\/\\\/go-hre.org\\\/es\\\/paises\\\/\"},{\"@type\":\"ListItem\",\"position\":3,\"name\":\"Costa de Marfil: Manual de Primaria\"}]},{\"@type\":\"WebSite\",\"@id\":\"https:\\\/\\\/go-hre.org\\\/#website\",\"url\":\"https:\\\/\\\/go-hre.org\\\/\",\"name\":\"GO-HRE\",\"description\":\"Oficina de Ginebra para la Educaci\u00f3n en Derechos Humanos\",\"publisher\":{\"@id\":\"https:\\\/\\\/go-hre.org\\\/#organization\"},\"potentialAction\":[{\"@type\":\"SearchAction\",\"target\":{\"@type\":\"EntryPoint\",\"urlTemplate\":\"https:\\\/\\\/go-hre.org\\\/?s={search_term_string}\"},\"query-input\":{\"@type\":\"PropertyValueSpecification\",\"valueRequired\":true,\"valueName\":\"search_term_string\"}}],\"inLanguage\":\"es\"},{\"@type\":\"Organization\",\"@id\":\"https:\\\/\\\/go-hre.org\\\/#organization\",\"name\":\"GO-HRE\",\"url\":\"https:\\\/\\\/go-hre.org\\\/\",\"logo\":{\"@type\":\"ImageObject\",\"inLanguage\":\"es\",\"@id\":\"https:\\\/\\\/go-hre.org\\\/#\\\/schema\\\/logo\\\/image\\\/\",\"url\":\"https:\\\/\\\/go-hre.org\\\/wp-content\\\/uploads\\\/2025\\\/04\\\/favicon.png\",\"contentUrl\":\"https:\\\/\\\/go-hre.org\\\/wp-content\\\/uploads\\\/2025\\\/04\\\/favicon.png\",\"width\":258,\"height\":258,\"caption\":\"GO-HRE\"},\"image\":{\"@id\":\"https:\\\/\\\/go-hre.org\\\/#\\\/schema\\\/logo\\\/image\\\/\"}}]}<\/script>\n<!-- \/ Yoast SEO plugin. -->","yoast_head_json":{"title":"Costa de Marfil: Manual de Primaria - GO-HRE","robots":{"index":"index","follow":"follow","max-snippet":"max-snippet:-1","max-image-preview":"max-image-preview:large","max-video-preview":"max-video-preview:-1"},"canonical":"https:\/\/go-hre.org\/es\/paises\/costa-de-marfil-manual-de-primaria\/","og_locale":"es_ES","og_type":"article","og_title":"Costa de Marfil: Manual de Primaria - GO-HRE","og_description":"Contenido del curso: Bo\u00eete \u00e0 outils des mod\u00e9rateur:","og_url":"https:\/\/go-hre.org\/es\/paises\/costa-de-marfil-manual-de-primaria\/","og_site_name":"GO-HRE","article_modified_time":"2025-07-08T19:03:11+00:00","twitter_card":"summary_large_image","twitter_misc":{"Tiempo de lectura":"1 minuto"},"schema":{"@context":"https:\/\/schema.org","@graph":[{"@type":"WebPage","@id":"https:\/\/go-hre.org\/es\/paises\/costa-de-marfil-manual-de-primaria\/","url":"https:\/\/go-hre.org\/es\/paises\/costa-de-marfil-manual-de-primaria\/","name":"Costa de Marfil: Manual de Primaria - GO-HRE","isPartOf":{"@id":"https:\/\/go-hre.org\/#website"},"datePublished":"2025-05-26T16:08:01+00:00","dateModified":"2025-07-08T19:03:11+00:00","breadcrumb":{"@id":"https:\/\/go-hre.org\/es\/paises\/costa-de-marfil-manual-de-primaria\/#breadcrumb"},"inLanguage":"es","potentialAction":[{"@type":"ReadAction","target":["https:\/\/go-hre.org\/es\/paises\/costa-de-marfil-manual-de-primaria\/"]}]},{"@type":"BreadcrumbList","@id":"https:\/\/go-hre.org\/es\/paises\/costa-de-marfil-manual-de-primaria\/#breadcrumb","itemListElement":[{"@type":"ListItem","position":1,"name":"Home","item":"https:\/\/go-hre.org\/es\/"},{"@type":"ListItem","position":2,"name":"Pa\u00edses","item":"https:\/\/go-hre.org\/es\/paises\/"},{"@type":"ListItem","position":3,"name":"Costa de Marfil: Manual de Primaria"}]},{"@type":"WebSite","@id":"https:\/\/go-hre.org\/#website","url":"https:\/\/go-hre.org\/","name":"GO-HRE","description":"Oficina de Ginebra para la Educaci\u00f3n en Derechos Humanos","publisher":{"@id":"https:\/\/go-hre.org\/#organization"},"potentialAction":[{"@type":"SearchAction","target":{"@type":"EntryPoint","urlTemplate":"https:\/\/go-hre.org\/?s={search_term_string}"},"query-input":{"@type":"PropertyValueSpecification","valueRequired":true,"valueName":"search_term_string"}}],"inLanguage":"es"},{"@type":"Organization","@id":"https:\/\/go-hre.org\/#organization","name":"GO-HRE","url":"https:\/\/go-hre.org\/","logo":{"@type":"ImageObject","inLanguage":"es","@id":"https:\/\/go-hre.org\/#\/schema\/logo\/image\/","url":"https:\/\/go-hre.org\/wp-content\/uploads\/2025\/04\/favicon.png","contentUrl":"https:\/\/go-hre.org\/wp-content\/uploads\/2025\/04\/favicon.png","width":258,"height":258,"caption":"GO-HRE"},"image":{"@id":"https:\/\/go-hre.org\/#\/schema\/logo\/image\/"}}]}},"_links":{"self":[{"href":"https:\/\/go-hre.org\/es\/wp-json\/wp\/v2\/pages\/4499","targetHints":{"allow":["GET"]}}],"collection":[{"href":"https:\/\/go-hre.org\/es\/wp-json\/wp\/v2\/pages"}],"about":[{"href":"https:\/\/go-hre.org\/es\/wp-json\/wp\/v2\/types\/page"}],"author":[{"embeddable":true,"href":"https:\/\/go-hre.org\/es\/wp-json\/wp\/v2\/users\/2"}],"replies":[{"embeddable":true,"href":"https:\/\/go-hre.org\/es\/wp-json\/wp\/v2\/comments?post=4499"}],"version-history":[{"count":1,"href":"https:\/\/go-hre.org\/es\/wp-json\/wp\/v2\/pages\/4499\/revisions"}],"predecessor-version":[{"id":4500,"href":"https:\/\/go-hre.org\/es\/wp-json\/wp\/v2\/pages\/4499\/revisions\/4500"}],"up":[{"embeddable":true,"href":"https:\/\/go-hre.org\/es\/wp-json\/wp\/v2\/pages\/1575"}],"wp:attachment":[{"href":"https:\/\/go-hre.org\/es\/wp-json\/wp\/v2\/media?parent=4499"}],"curies":[{"name":"wp","href":"https:\/\/api.w.org\/{rel}","templated":true}]}}