{"id":1580,"date":"2025-03-10T14:24:18","date_gmt":"2025-03-10T20:24:18","guid":{"rendered":"https:\/\/go-hre.org\/a-propos-de\/"},"modified":"2025-08-11T19:02:21","modified_gmt":"2025-08-12T01:02:21","slug":"a-propos-de","status":"publish","type":"page","link":"https:\/\/go-hre.org\/fr\/a-propos-de\/","title":{"rendered":"A propos de"},"content":{"rendered":"\n<h2 class=\"wp-block-heading has-text-align-center has-purple-color has-white-background-color has-text-color has-background has-link-color wp-elements-9188f75068d1af4eb6bf32ea1b85abc6\">Qu&rsquo;est-ce qui fait que Colega fonctionne ?<\/h2>\n\n\n\n<p>Chaque le\u00e7on Colega suit six \u00e9tapes coh\u00e9rentes, ce qui la rend facile \u00e0 enseigner et m\u00e9morable pour les \u00e9l\u00e8ves. Chaque le\u00e7on commence par un po\u00e8me, une chanson ou un chant, une explication du droit enseign\u00e9 et des points cl\u00e9s de l&rsquo;apprentissage. Les plans des le\u00e7ons sont adaptables et peuvent \u00eatre modifi\u00e9s pour incorporer des r\u00e9f\u00e9rences culturelles pertinentes pour vos \u00e9l\u00e8ves. Toutes les le\u00e7ons comprennent un exemple de chanson, de chant ou de po\u00e8me, des informations sur le th\u00e8me des droits de l&rsquo;homme, des histoires ou des jeux compl\u00e9mentaires, un sch\u00e9ma de questions-r\u00e9ponses, un r\u00e9sum\u00e9 du mat\u00e9riel de discussion et une suggestion de d\u00e9fi pour aider les \u00e9l\u00e8ves \u00e0 mettre en pratique le droit qu&rsquo;ils ont appris.  T\u00e9l\u00e9chargez le document complet <a href=\"https:\/\/go-hre.org\/wp-content\/uploads\/2025\/08\/WhatMakesColegaWork_French.pdf\"><strong><span style=\"text-decoration: underline;\">ici<\/span><\/strong><\/a>.<\/p>\n\n\n\n<p class=\"has-white-color has-text-color has-link-color wp-elements-7e4ac651328708ea719ac0894fa30934\">.<\/p>\n\n\n<div class=\"wp-block-image\">\n<figure class=\"aligncenter size-full is-resized\"><img decoding=\"async\" width=\"1126\" height=\"750\" data-src=\"https:\/\/go-hre.org\/wp-content\/uploads\/2025\/07\/Colega_Six-Components_Fren.png\" alt=\"\" class=\"wp-image-4719 lazyload\" style=\"--smush-placeholder-width: 1126px; --smush-placeholder-aspect-ratio: 1126\/750;width:750px\" data-srcset=\"https:\/\/go-hre.org\/wp-content\/uploads\/2025\/07\/Colega_Six-Components_Fren.png 1126w, https:\/\/go-hre.org\/wp-content\/uploads\/2025\/07\/Colega_Six-Components_Fren-900x599.png 900w, https:\/\/go-hre.org\/wp-content\/uploads\/2025\/07\/Colega_Six-Components_Fren-768x512.png 768w\" data-sizes=\"(max-width: 1126px) 100vw, 1126px\" src=\"data:image\/svg+xml;base64,PHN2ZyB3aWR0aD0iMSIgaGVpZ2h0PSIxIiB4bWxucz0iaHR0cDovL3d3dy53My5vcmcvMjAwMC9zdmciPjwvc3ZnPg==\" \/><\/figure>\n<\/div>","protected":false},"excerpt":{"rendered":"<p>Qu&rsquo;est-ce qui fait que Colega fonctionne ? Chaque le\u00e7on Colega suit six \u00e9tapes coh\u00e9rentes, ce qui la rend facile \u00e0 enseigner et m\u00e9morable pour les \u00e9l\u00e8ves. Chaque le\u00e7on commence par un po\u00e8me, une chanson ou un chant, une explication du droit enseign\u00e9 et des points cl\u00e9s de l&rsquo;apprentissage. Les plans des le\u00e7ons sont adaptables et [&hellip;]<\/p>\n","protected":false},"author":1,"featured_media":0,"parent":0,"menu_order":0,"comment_status":"closed","ping_status":"closed","template":"","meta":{"_acf_changed":false,"inline_featured_image":false,"footnotes":""},"class_list":["post-1580","page","type-page","status-publish","hentry"],"acf":[],"yoast_head":"<!-- This site is optimized with the Yoast SEO plugin v27.4 - https:\/\/yoast.com\/product\/yoast-seo-wordpress\/ -->\n<title>A propos de - GO-HRE<\/title>\n<meta name=\"robots\" content=\"index, follow, max-snippet:-1, max-image-preview:large, max-video-preview:-1\" \/>\n<link rel=\"canonical\" href=\"https:\/\/go-hre.org\/fr\/a-propos-de\/\" \/>\n<meta property=\"og:locale\" content=\"fr_FR\" \/>\n<meta property=\"og:type\" content=\"article\" \/>\n<meta property=\"og:title\" content=\"A propos de - GO-HRE\" \/>\n<meta property=\"og:description\" content=\"Qu&rsquo;est-ce qui fait que Colega fonctionne ? Chaque le\u00e7on Colega suit six \u00e9tapes coh\u00e9rentes, ce qui la rend facile \u00e0 enseigner et m\u00e9morable pour les \u00e9l\u00e8ves. Chaque le\u00e7on commence par un po\u00e8me, une chanson ou un chant, une explication du droit enseign\u00e9 et des points cl\u00e9s de l&rsquo;apprentissage. Les plans des le\u00e7ons sont adaptables et [&hellip;]\" \/>\n<meta property=\"og:url\" content=\"https:\/\/go-hre.org\/fr\/a-propos-de\/\" \/>\n<meta property=\"og:site_name\" content=\"GO-HRE\" \/>\n<meta property=\"article:modified_time\" content=\"2025-08-12T01:02:21+00:00\" \/>\n<meta property=\"og:image\" content=\"https:\/\/go-hre.org\/wp-content\/uploads\/2025\/07\/Colega_Six-Components_Fren.png\" \/>\n\t<meta property=\"og:image:width\" content=\"1126\" \/>\n\t<meta property=\"og:image:height\" content=\"750\" \/>\n\t<meta property=\"og:image:type\" content=\"image\/png\" \/>\n<meta name=\"twitter:card\" content=\"summary_large_image\" \/>\n<meta name=\"twitter:label1\" content=\"Dur\u00e9e de lecture estim\u00e9e\" \/>\n\t<meta name=\"twitter:data1\" content=\"1 minute\" \/>\n<script type=\"application\/ld+json\" class=\"yoast-schema-graph\">{\"@context\":\"https:\\\/\\\/schema.org\",\"@graph\":[{\"@type\":\"WebPage\",\"@id\":\"https:\\\/\\\/go-hre.org\\\/fr\\\/a-propos-de\\\/\",\"url\":\"https:\\\/\\\/go-hre.org\\\/fr\\\/a-propos-de\\\/\",\"name\":\"A propos de - GO-HRE\",\"isPartOf\":{\"@id\":\"https:\\\/\\\/go-hre.org\\\/#website\"},\"primaryImageOfPage\":{\"@id\":\"https:\\\/\\\/go-hre.org\\\/fr\\\/a-propos-de\\\/#primaryimage\"},\"image\":{\"@id\":\"https:\\\/\\\/go-hre.org\\\/fr\\\/a-propos-de\\\/#primaryimage\"},\"thumbnailUrl\":\"https:\\\/\\\/go-hre.org\\\/wp-content\\\/uploads\\\/2025\\\/07\\\/Colega_Six-Components_Fren.png\",\"datePublished\":\"2025-03-10T20:24:18+00:00\",\"dateModified\":\"2025-08-12T01:02:21+00:00\",\"breadcrumb\":{\"@id\":\"https:\\\/\\\/go-hre.org\\\/fr\\\/a-propos-de\\\/#breadcrumb\"},\"inLanguage\":\"fr-FR\",\"potentialAction\":[{\"@type\":\"ReadAction\",\"target\":[\"https:\\\/\\\/go-hre.org\\\/fr\\\/a-propos-de\\\/\"]}]},{\"@type\":\"ImageObject\",\"inLanguage\":\"fr-FR\",\"@id\":\"https:\\\/\\\/go-hre.org\\\/fr\\\/a-propos-de\\\/#primaryimage\",\"url\":\"https:\\\/\\\/go-hre.org\\\/wp-content\\\/uploads\\\/2025\\\/07\\\/Colega_Six-Components_Fren.png\",\"contentUrl\":\"https:\\\/\\\/go-hre.org\\\/wp-content\\\/uploads\\\/2025\\\/07\\\/Colega_Six-Components_Fren.png\"},{\"@type\":\"BreadcrumbList\",\"@id\":\"https:\\\/\\\/go-hre.org\\\/fr\\\/a-propos-de\\\/#breadcrumb\",\"itemListElement\":[{\"@type\":\"ListItem\",\"position\":1,\"name\":\"Home\",\"item\":\"https:\\\/\\\/go-hre.org\\\/fr\\\/page-daccueil\\\/\"},{\"@type\":\"ListItem\",\"position\":2,\"name\":\"A propos de\"}]},{\"@type\":\"WebSite\",\"@id\":\"https:\\\/\\\/go-hre.org\\\/#website\",\"url\":\"https:\\\/\\\/go-hre.org\\\/\",\"name\":\"GO-HRE\",\"description\":\"Bureau de l'\u00e9ducation aux droits de l'homme \u00e0 Gen\u00e8ve\",\"publisher\":{\"@id\":\"https:\\\/\\\/go-hre.org\\\/#organization\"},\"potentialAction\":[{\"@type\":\"SearchAction\",\"target\":{\"@type\":\"EntryPoint\",\"urlTemplate\":\"https:\\\/\\\/go-hre.org\\\/?s={search_term_string}\"},\"query-input\":{\"@type\":\"PropertyValueSpecification\",\"valueRequired\":true,\"valueName\":\"search_term_string\"}}],\"inLanguage\":\"fr-FR\"},{\"@type\":\"Organization\",\"@id\":\"https:\\\/\\\/go-hre.org\\\/#organization\",\"name\":\"GO-HRE\",\"url\":\"https:\\\/\\\/go-hre.org\\\/\",\"logo\":{\"@type\":\"ImageObject\",\"inLanguage\":\"fr-FR\",\"@id\":\"https:\\\/\\\/go-hre.org\\\/#\\\/schema\\\/logo\\\/image\\\/\",\"url\":\"https:\\\/\\\/go-hre.org\\\/wp-content\\\/uploads\\\/2025\\\/04\\\/favicon.png\",\"contentUrl\":\"https:\\\/\\\/go-hre.org\\\/wp-content\\\/uploads\\\/2025\\\/04\\\/favicon.png\",\"width\":258,\"height\":258,\"caption\":\"GO-HRE\"},\"image\":{\"@id\":\"https:\\\/\\\/go-hre.org\\\/#\\\/schema\\\/logo\\\/image\\\/\"}}]}<\/script>\n<!-- \/ Yoast SEO plugin. -->","yoast_head_json":{"title":"A propos de - GO-HRE","robots":{"index":"index","follow":"follow","max-snippet":"max-snippet:-1","max-image-preview":"max-image-preview:large","max-video-preview":"max-video-preview:-1"},"canonical":"https:\/\/go-hre.org\/fr\/a-propos-de\/","og_locale":"fr_FR","og_type":"article","og_title":"A propos de - GO-HRE","og_description":"Qu&rsquo;est-ce qui fait que Colega fonctionne ? Chaque le\u00e7on Colega suit six \u00e9tapes coh\u00e9rentes, ce qui la rend facile \u00e0 enseigner et m\u00e9morable pour les \u00e9l\u00e8ves. Chaque le\u00e7on commence par un po\u00e8me, une chanson ou un chant, une explication du droit enseign\u00e9 et des points cl\u00e9s de l&rsquo;apprentissage. Les plans des le\u00e7ons sont adaptables et [&hellip;]","og_url":"https:\/\/go-hre.org\/fr\/a-propos-de\/","og_site_name":"GO-HRE","article_modified_time":"2025-08-12T01:02:21+00:00","og_image":[{"width":1126,"height":750,"url":"https:\/\/go-hre.org\/wp-content\/uploads\/2025\/07\/Colega_Six-Components_Fren.png","type":"image\/png"}],"twitter_card":"summary_large_image","twitter_misc":{"Dur\u00e9e de lecture estim\u00e9e":"1 minute"},"schema":{"@context":"https:\/\/schema.org","@graph":[{"@type":"WebPage","@id":"https:\/\/go-hre.org\/fr\/a-propos-de\/","url":"https:\/\/go-hre.org\/fr\/a-propos-de\/","name":"A propos de - GO-HRE","isPartOf":{"@id":"https:\/\/go-hre.org\/#website"},"primaryImageOfPage":{"@id":"https:\/\/go-hre.org\/fr\/a-propos-de\/#primaryimage"},"image":{"@id":"https:\/\/go-hre.org\/fr\/a-propos-de\/#primaryimage"},"thumbnailUrl":"https:\/\/go-hre.org\/wp-content\/uploads\/2025\/07\/Colega_Six-Components_Fren.png","datePublished":"2025-03-10T20:24:18+00:00","dateModified":"2025-08-12T01:02:21+00:00","breadcrumb":{"@id":"https:\/\/go-hre.org\/fr\/a-propos-de\/#breadcrumb"},"inLanguage":"fr-FR","potentialAction":[{"@type":"ReadAction","target":["https:\/\/go-hre.org\/fr\/a-propos-de\/"]}]},{"@type":"ImageObject","inLanguage":"fr-FR","@id":"https:\/\/go-hre.org\/fr\/a-propos-de\/#primaryimage","url":"https:\/\/go-hre.org\/wp-content\/uploads\/2025\/07\/Colega_Six-Components_Fren.png","contentUrl":"https:\/\/go-hre.org\/wp-content\/uploads\/2025\/07\/Colega_Six-Components_Fren.png"},{"@type":"BreadcrumbList","@id":"https:\/\/go-hre.org\/fr\/a-propos-de\/#breadcrumb","itemListElement":[{"@type":"ListItem","position":1,"name":"Home","item":"https:\/\/go-hre.org\/fr\/page-daccueil\/"},{"@type":"ListItem","position":2,"name":"A propos de"}]},{"@type":"WebSite","@id":"https:\/\/go-hre.org\/#website","url":"https:\/\/go-hre.org\/","name":"GO-HRE","description":"Bureau de l'\u00e9ducation aux droits de l'homme \u00e0 Gen\u00e8ve","publisher":{"@id":"https:\/\/go-hre.org\/#organization"},"potentialAction":[{"@type":"SearchAction","target":{"@type":"EntryPoint","urlTemplate":"https:\/\/go-hre.org\/?s={search_term_string}"},"query-input":{"@type":"PropertyValueSpecification","valueRequired":true,"valueName":"search_term_string"}}],"inLanguage":"fr-FR"},{"@type":"Organization","@id":"https:\/\/go-hre.org\/#organization","name":"GO-HRE","url":"https:\/\/go-hre.org\/","logo":{"@type":"ImageObject","inLanguage":"fr-FR","@id":"https:\/\/go-hre.org\/#\/schema\/logo\/image\/","url":"https:\/\/go-hre.org\/wp-content\/uploads\/2025\/04\/favicon.png","contentUrl":"https:\/\/go-hre.org\/wp-content\/uploads\/2025\/04\/favicon.png","width":258,"height":258,"caption":"GO-HRE"},"image":{"@id":"https:\/\/go-hre.org\/#\/schema\/logo\/image\/"}}]}},"_links":{"self":[{"href":"https:\/\/go-hre.org\/fr\/wp-json\/wp\/v2\/pages\/1580","targetHints":{"allow":["GET"]}}],"collection":[{"href":"https:\/\/go-hre.org\/fr\/wp-json\/wp\/v2\/pages"}],"about":[{"href":"https:\/\/go-hre.org\/fr\/wp-json\/wp\/v2\/types\/page"}],"author":[{"embeddable":true,"href":"https:\/\/go-hre.org\/fr\/wp-json\/wp\/v2\/users\/1"}],"replies":[{"embeddable":true,"href":"https:\/\/go-hre.org\/fr\/wp-json\/wp\/v2\/comments?post=1580"}],"version-history":[{"count":9,"href":"https:\/\/go-hre.org\/fr\/wp-json\/wp\/v2\/pages\/1580\/revisions"}],"predecessor-version":[{"id":7473,"href":"https:\/\/go-hre.org\/fr\/wp-json\/wp\/v2\/pages\/1580\/revisions\/7473"}],"wp:attachment":[{"href":"https:\/\/go-hre.org\/fr\/wp-json\/wp\/v2\/media?parent=1580"}],"curies":[{"name":"wp","href":"https:\/\/api.w.org\/{rel}","templated":true}]}}