{"id":1603,"date":"2025-03-10T18:32:53","date_gmt":"2025-03-11T00:32:53","guid":{"rendered":"https:\/\/go-hre.org\/page-daccueil\/"},"modified":"2025-07-15T12:58:03","modified_gmt":"2025-07-15T18:58:03","slug":"page-daccueil","status":"publish","type":"page","link":"https:\/\/go-hre.org\/fr\/","title":{"rendered":"Page d&rsquo;accueil"},"content":{"rendered":"\n<h2 class=\"wp-block-heading has-text-align-center has-red-color has-text-color has-link-color wp-elements-f1aa9344da55463fcba00d20a4d2ee51\">Colega, Notre programme d&rsquo;enseignement des droits de l&rsquo;homme<\/h2>\n\n\n\n<figure class=\"wp-block-image size-large\"><img decoding=\"async\" width=\"1600\" height=\"750\" data-src=\"https:\/\/go-hre.org\/wp-content\/uploads\/2025\/06\/HomePage-CoversMockup-1600x750.png\" alt=\"\" class=\"wp-image-3178 lazyload\" style=\"--smush-placeholder-width: 1600px; --smush-placeholder-aspect-ratio: 1600\/750;object-fit:cover\" data-srcset=\"https:\/\/go-hre.org\/wp-content\/uploads\/2025\/06\/HomePage-CoversMockup-1600x750.png 1600w, https:\/\/go-hre.org\/wp-content\/uploads\/2025\/06\/HomePage-CoversMockup-900x422.png 900w, https:\/\/go-hre.org\/wp-content\/uploads\/2025\/06\/HomePage-CoversMockup-768x360.png 768w, https:\/\/go-hre.org\/wp-content\/uploads\/2025\/06\/HomePage-CoversMockup-1536x720.png 1536w, https:\/\/go-hre.org\/wp-content\/uploads\/2025\/06\/HomePage-CoversMockup.png 1920w\" data-sizes=\"(max-width: 1600px) 100vw, 1600px\" src=\"data:image\/svg+xml;base64,PHN2ZyB3aWR0aD0iMSIgaGVpZ2h0PSIxIiB4bWxucz0iaHR0cDovL3d3dy53My5vcmcvMjAwMC9zdmciPjwvc3ZnPg==\" \/><\/figure>\n\n\n\n<p><strong>Le Bureau de Gen\u00e8ve pour l&rsquo;\u00e9ducation aux droits de l&rsquo;homme (GO-HRE)<\/strong> est fier d&rsquo;offrir gratuitement son mat\u00e9riel p\u00e9dagogique Colega aux \u00e9coles du monde entier. Le mot Colega, qui signifie \u00ab\u00a0ami\u00a0\u00bb ou \u00ab\u00a0coll\u00e8gue\u00a0\u00bb, repr\u00e9sente un engagement \u00e0 donner aux enfants et aux jeunes du monde entier les moyens de conna\u00eetre leurs droits fondamentaux.<\/p>\n\n\n\n<p>\u00c0 travers le prisme de la D\u00e9claration universelle des droits de l&rsquo;homme et de la Convention relative aux droits de l&rsquo;enfant, nous inspirons la prochaine g\u00e9n\u00e9ration \u00e0 comprendre et \u00e0 d\u00e9fendre ses propres droits. En tant qu&rsquo;organisation b\u00e9n\u00e9vole \u00e0 but non lucratif, nous travaillons en partenariat avec les syst\u00e8mes \u00e9ducatifs et les minist\u00e8res de l&rsquo;\u00e9ducation du monde entier pour int\u00e9grer le programme Colega dans les salles de classe. Le mat\u00e9riel p\u00e9dagogique est actuellement disponible en espagnol, en anglais, en fran\u00e7ais et en portugais, avec des possibilit\u00e9s de traduction dans d&rsquo;autres langues, garantissant ainsi que nous touchons diverses communaut\u00e9s dans de nombreux pays. Nous sommes convaincus qu&rsquo;ensemble, nous pouvons fa\u00e7onner un monde o\u00f9 les droits de chaque enfant sont respect\u00e9s et d\u00e9fendus.<\/p>\n\n\n\n<div class=\"wp-block-buttons is-content-justification-center is-layout-flex wp-container-core-buttons-is-layout-16018d1d wp-block-buttons-is-layout-flex\">\n<div class=\"wp-block-button\"><a class=\"wp-block-button__link wp-element-button\" href=\"https:\/\/go-hre.org\/french-primary\/\">Feuilletez notre manuel<\/a><\/div>\n<\/div>\n","protected":false},"excerpt":{"rendered":"<p>Colega, Notre programme d&rsquo;enseignement des droits de l&rsquo;homme Le Bureau de Gen\u00e8ve pour l&rsquo;\u00e9ducation aux droits de l&rsquo;homme (GO-HRE) est fier d&rsquo;offrir gratuitement son mat\u00e9riel p\u00e9dagogique Colega aux \u00e9coles du monde entier. Le mot Colega, qui signifie \u00ab\u00a0ami\u00a0\u00bb ou \u00ab\u00a0coll\u00e8gue\u00a0\u00bb, repr\u00e9sente un engagement \u00e0 donner aux enfants et aux jeunes du monde entier les moyens [&hellip;]<\/p>\n","protected":false},"author":1,"featured_media":0,"parent":0,"menu_order":0,"comment_status":"closed","ping_status":"closed","template":"","meta":{"_acf_changed":false,"inline_featured_image":false,"footnotes":""},"class_list":["post-1603","page","type-page","status-publish","hentry"],"acf":[],"yoast_head":"<!-- This site is optimized with the Yoast SEO plugin v27.5 - https:\/\/yoast.com\/product\/yoast-seo-wordpress\/ -->\n<title>Page d&#039;accueil - GO-HRE<\/title>\n<meta name=\"robots\" content=\"index, follow, max-snippet:-1, max-image-preview:large, max-video-preview:-1\" \/>\n<link rel=\"canonical\" href=\"https:\/\/go-hre.org\/fr\/page-daccueil\/\" \/>\n<meta property=\"og:locale\" content=\"fr_FR\" \/>\n<meta property=\"og:type\" content=\"article\" \/>\n<meta property=\"og:title\" content=\"Page d&#039;accueil - GO-HRE\" \/>\n<meta property=\"og:description\" content=\"Colega, Notre programme d&rsquo;enseignement des droits de l&rsquo;homme Le Bureau de Gen\u00e8ve pour l&rsquo;\u00e9ducation aux droits de l&rsquo;homme (GO-HRE) est fier d&rsquo;offrir gratuitement son mat\u00e9riel p\u00e9dagogique Colega aux \u00e9coles du monde entier. Le mot Colega, qui signifie \u00ab\u00a0ami\u00a0\u00bb ou \u00ab\u00a0coll\u00e8gue\u00a0\u00bb, repr\u00e9sente un engagement \u00e0 donner aux enfants et aux jeunes du monde entier les moyens [&hellip;]\" \/>\n<meta property=\"og:url\" content=\"https:\/\/go-hre.org\/fr\/page-daccueil\/\" \/>\n<meta property=\"og:site_name\" content=\"GO-HRE\" \/>\n<meta property=\"article:modified_time\" content=\"2025-07-15T18:58:03+00:00\" \/>\n<meta property=\"og:image\" content=\"https:\/\/go-hre.org\/wp-content\/uploads\/2025\/06\/HomePage-CoversMockup.png\" \/>\n\t<meta property=\"og:image:width\" content=\"1920\" \/>\n\t<meta property=\"og:image:height\" content=\"900\" \/>\n\t<meta property=\"og:image:type\" content=\"image\/png\" \/>\n<meta name=\"twitter:card\" content=\"summary_large_image\" \/>\n<meta name=\"twitter:label1\" content=\"Dur\u00e9e de lecture estim\u00e9e\" \/>\n\t<meta name=\"twitter:data1\" content=\"1 minute\" \/>\n<script type=\"application\/ld+json\" class=\"yoast-schema-graph\">{\"@context\":\"https:\\\/\\\/schema.org\",\"@graph\":[{\"@type\":\"WebPage\",\"@id\":\"https:\\\/\\\/go-hre.org\\\/fr\\\/page-daccueil\\\/\",\"url\":\"https:\\\/\\\/go-hre.org\\\/fr\\\/page-daccueil\\\/\",\"name\":\"Page d'accueil - GO-HRE\",\"isPartOf\":{\"@id\":\"https:\\\/\\\/go-hre.org\\\/#website\"},\"primaryImageOfPage\":{\"@id\":\"https:\\\/\\\/go-hre.org\\\/fr\\\/page-daccueil\\\/#primaryimage\"},\"image\":{\"@id\":\"https:\\\/\\\/go-hre.org\\\/fr\\\/page-daccueil\\\/#primaryimage\"},\"thumbnailUrl\":\"https:\\\/\\\/go-hre.org\\\/wp-content\\\/uploads\\\/2025\\\/06\\\/HomePage-CoversMockup-1600x750.png\",\"datePublished\":\"2025-03-11T00:32:53+00:00\",\"dateModified\":\"2025-07-15T18:58:03+00:00\",\"breadcrumb\":{\"@id\":\"https:\\\/\\\/go-hre.org\\\/fr\\\/page-daccueil\\\/#breadcrumb\"},\"inLanguage\":\"fr-FR\",\"potentialAction\":[{\"@type\":\"ReadAction\",\"target\":[\"https:\\\/\\\/go-hre.org\\\/fr\\\/page-daccueil\\\/\"]}]},{\"@type\":\"ImageObject\",\"inLanguage\":\"fr-FR\",\"@id\":\"https:\\\/\\\/go-hre.org\\\/fr\\\/page-daccueil\\\/#primaryimage\",\"url\":\"https:\\\/\\\/go-hre.org\\\/wp-content\\\/uploads\\\/2025\\\/06\\\/HomePage-CoversMockup-1600x750.png\",\"contentUrl\":\"https:\\\/\\\/go-hre.org\\\/wp-content\\\/uploads\\\/2025\\\/06\\\/HomePage-CoversMockup-1600x750.png\"},{\"@type\":\"BreadcrumbList\",\"@id\":\"https:\\\/\\\/go-hre.org\\\/fr\\\/page-daccueil\\\/#breadcrumb\",\"itemListElement\":[{\"@type\":\"ListItem\",\"position\":1,\"name\":\"Home\",\"item\":\"https:\\\/\\\/go-hre.org\\\/fr\\\/page-daccueil\\\/\"},{\"@type\":\"ListItem\",\"position\":2,\"name\":\"Page d&#8217;accueil\"}]},{\"@type\":\"WebSite\",\"@id\":\"https:\\\/\\\/go-hre.org\\\/#website\",\"url\":\"https:\\\/\\\/go-hre.org\\\/\",\"name\":\"GO-HRE\",\"description\":\"Bureau de l'\u00e9ducation aux droits de l'homme \u00e0 Gen\u00e8ve\",\"publisher\":{\"@id\":\"https:\\\/\\\/go-hre.org\\\/#organization\"},\"potentialAction\":[{\"@type\":\"SearchAction\",\"target\":{\"@type\":\"EntryPoint\",\"urlTemplate\":\"https:\\\/\\\/go-hre.org\\\/?s={search_term_string}\"},\"query-input\":{\"@type\":\"PropertyValueSpecification\",\"valueRequired\":true,\"valueName\":\"search_term_string\"}}],\"inLanguage\":\"fr-FR\"},{\"@type\":\"Organization\",\"@id\":\"https:\\\/\\\/go-hre.org\\\/#organization\",\"name\":\"GO-HRE\",\"url\":\"https:\\\/\\\/go-hre.org\\\/\",\"logo\":{\"@type\":\"ImageObject\",\"inLanguage\":\"fr-FR\",\"@id\":\"https:\\\/\\\/go-hre.org\\\/#\\\/schema\\\/logo\\\/image\\\/\",\"url\":\"https:\\\/\\\/go-hre.org\\\/wp-content\\\/uploads\\\/2025\\\/04\\\/favicon.png\",\"contentUrl\":\"https:\\\/\\\/go-hre.org\\\/wp-content\\\/uploads\\\/2025\\\/04\\\/favicon.png\",\"width\":258,\"height\":258,\"caption\":\"GO-HRE\"},\"image\":{\"@id\":\"https:\\\/\\\/go-hre.org\\\/#\\\/schema\\\/logo\\\/image\\\/\"}}]}<\/script>\n<!-- \/ Yoast SEO plugin. -->","yoast_head_json":{"title":"Page d'accueil - GO-HRE","robots":{"index":"index","follow":"follow","max-snippet":"max-snippet:-1","max-image-preview":"max-image-preview:large","max-video-preview":"max-video-preview:-1"},"canonical":"https:\/\/go-hre.org\/fr\/page-daccueil\/","og_locale":"fr_FR","og_type":"article","og_title":"Page d'accueil - GO-HRE","og_description":"Colega, Notre programme d&rsquo;enseignement des droits de l&rsquo;homme Le Bureau de Gen\u00e8ve pour l&rsquo;\u00e9ducation aux droits de l&rsquo;homme (GO-HRE) est fier d&rsquo;offrir gratuitement son mat\u00e9riel p\u00e9dagogique Colega aux \u00e9coles du monde entier. Le mot Colega, qui signifie \u00ab\u00a0ami\u00a0\u00bb ou \u00ab\u00a0coll\u00e8gue\u00a0\u00bb, repr\u00e9sente un engagement \u00e0 donner aux enfants et aux jeunes du monde entier les moyens [&hellip;]","og_url":"https:\/\/go-hre.org\/fr\/page-daccueil\/","og_site_name":"GO-HRE","article_modified_time":"2025-07-15T18:58:03+00:00","og_image":[{"width":1920,"height":900,"url":"https:\/\/go-hre.org\/wp-content\/uploads\/2025\/06\/HomePage-CoversMockup.png","type":"image\/png"}],"twitter_card":"summary_large_image","twitter_misc":{"Dur\u00e9e de lecture estim\u00e9e":"1 minute"},"schema":{"@context":"https:\/\/schema.org","@graph":[{"@type":"WebPage","@id":"https:\/\/go-hre.org\/fr\/page-daccueil\/","url":"https:\/\/go-hre.org\/fr\/page-daccueil\/","name":"Page d'accueil - GO-HRE","isPartOf":{"@id":"https:\/\/go-hre.org\/#website"},"primaryImageOfPage":{"@id":"https:\/\/go-hre.org\/fr\/page-daccueil\/#primaryimage"},"image":{"@id":"https:\/\/go-hre.org\/fr\/page-daccueil\/#primaryimage"},"thumbnailUrl":"https:\/\/go-hre.org\/wp-content\/uploads\/2025\/06\/HomePage-CoversMockup-1600x750.png","datePublished":"2025-03-11T00:32:53+00:00","dateModified":"2025-07-15T18:58:03+00:00","breadcrumb":{"@id":"https:\/\/go-hre.org\/fr\/page-daccueil\/#breadcrumb"},"inLanguage":"fr-FR","potentialAction":[{"@type":"ReadAction","target":["https:\/\/go-hre.org\/fr\/page-daccueil\/"]}]},{"@type":"ImageObject","inLanguage":"fr-FR","@id":"https:\/\/go-hre.org\/fr\/page-daccueil\/#primaryimage","url":"https:\/\/go-hre.org\/wp-content\/uploads\/2025\/06\/HomePage-CoversMockup-1600x750.png","contentUrl":"https:\/\/go-hre.org\/wp-content\/uploads\/2025\/06\/HomePage-CoversMockup-1600x750.png"},{"@type":"BreadcrumbList","@id":"https:\/\/go-hre.org\/fr\/page-daccueil\/#breadcrumb","itemListElement":[{"@type":"ListItem","position":1,"name":"Home","item":"https:\/\/go-hre.org\/fr\/page-daccueil\/"},{"@type":"ListItem","position":2,"name":"Page d&#8217;accueil"}]},{"@type":"WebSite","@id":"https:\/\/go-hre.org\/#website","url":"https:\/\/go-hre.org\/","name":"GO-HRE","description":"Bureau de l'\u00e9ducation aux droits de l'homme \u00e0 Gen\u00e8ve","publisher":{"@id":"https:\/\/go-hre.org\/#organization"},"potentialAction":[{"@type":"SearchAction","target":{"@type":"EntryPoint","urlTemplate":"https:\/\/go-hre.org\/?s={search_term_string}"},"query-input":{"@type":"PropertyValueSpecification","valueRequired":true,"valueName":"search_term_string"}}],"inLanguage":"fr-FR"},{"@type":"Organization","@id":"https:\/\/go-hre.org\/#organization","name":"GO-HRE","url":"https:\/\/go-hre.org\/","logo":{"@type":"ImageObject","inLanguage":"fr-FR","@id":"https:\/\/go-hre.org\/#\/schema\/logo\/image\/","url":"https:\/\/go-hre.org\/wp-content\/uploads\/2025\/04\/favicon.png","contentUrl":"https:\/\/go-hre.org\/wp-content\/uploads\/2025\/04\/favicon.png","width":258,"height":258,"caption":"GO-HRE"},"image":{"@id":"https:\/\/go-hre.org\/#\/schema\/logo\/image\/"}}]}},"_links":{"self":[{"href":"https:\/\/go-hre.org\/fr\/wp-json\/wp\/v2\/pages\/1603","targetHints":{"allow":["GET"]}}],"collection":[{"href":"https:\/\/go-hre.org\/fr\/wp-json\/wp\/v2\/pages"}],"about":[{"href":"https:\/\/go-hre.org\/fr\/wp-json\/wp\/v2\/types\/page"}],"author":[{"embeddable":true,"href":"https:\/\/go-hre.org\/fr\/wp-json\/wp\/v2\/users\/1"}],"replies":[{"embeddable":true,"href":"https:\/\/go-hre.org\/fr\/wp-json\/wp\/v2\/comments?post=1603"}],"version-history":[{"count":11,"href":"https:\/\/go-hre.org\/fr\/wp-json\/wp\/v2\/pages\/1603\/revisions"}],"predecessor-version":[{"id":4766,"href":"https:\/\/go-hre.org\/fr\/wp-json\/wp\/v2\/pages\/1603\/revisions\/4766"}],"wp:attachment":[{"href":"https:\/\/go-hre.org\/fr\/wp-json\/wp\/v2\/media?parent=1603"}],"curies":[{"name":"wp","href":"https:\/\/api.w.org\/{rel}","templated":true}]}}