{"id":1621,"date":"2025-04-21T15:30:04","date_gmt":"2025-04-21T21:30:04","guid":{"rendered":"https:\/\/go-hre.org\/langues\/anglais-jeunesse-materiel-general\/"},"modified":"2025-05-21T19:30:33","modified_gmt":"2025-05-22T01:30:33","slug":"anglais-jeunesse-materiel-general","status":"publish","type":"page","link":"https:\/\/go-hre.org\/fr\/langues\/anglais-jeunesse-materiel-general\/","title":{"rendered":"Anglais : General Youth Material"},"content":{"rendered":"\n<p>Le manuel du coll\u00e8gue pour les jeunes s&rsquo;adresse aux enfants \u00e2g\u00e9s de 12 \u00e0 18 ans environ. S\u00e9lectionnez dans la liste ci-dessous pour visualiser des le\u00e7ons ou des sections individuelles ou t\u00e9l\u00e9chargez les PDF complets \u00e0 partir de la liste des boutons.   <\/p>\n\n<hr class=\"wp-block-separator has-alpha-channel-opacity\"\/>\n\n<p><strong>Page de couverture, table des mati\u00e8res, introduction et aper\u00e7u IA et 1B : Droit \u00e0 l&rsquo;\u00e9galit\u00e9<\/strong><\/p>\n\n<ul class=\"wp-block-list pdf_links\">\n<li><a href=\"https:\/\/go-hre.org\/wp-content\/uploads\/2025\/04\/colega_eng_250421_sec_0.pdf\" data-type=\"attachment\" data-id=\"464\">Couverture et table des mati\u00e8res<\/a><\/li>\n\n\n\n<li><a href=\"https:\/\/go-hre.org\/wp-content\/uploads\/2025\/04\/colega_eng_250421_sec_2.pdf\" data-type=\"attachment\" data-id=\"466\">Le\u00e7on 1 : Le droit \u00e0 l&rsquo;\u00e9galit\u00e9<\/a><\/li>\n\n\n\n<li><a href=\"https:\/\/go-hre.org\/wp-content\/uploads\/2025\/04\/colega_eng_250421_sec_3.pdf\" data-type=\"attachment\" data-id=\"467\">Le\u00e7on 2 : Droits de l&rsquo;homme \u00e9gaux et inali\u00e9nables<\/a><\/li>\n\n\n\n<li><a href=\"https:\/\/go-hre.org\/wp-content\/uploads\/2025\/04\/colega_eng_250421_sec_4.pdf\" data-type=\"attachment\" data-id=\"468\">Le\u00e7on 3 : Lutte contre la discrimination<\/a><\/li>\n\n\n\n<li><a href=\"https:\/\/go-hre.org\/wp-content\/uploads\/2025\/04\/colega_eng_250421_sec_4.pdf\" data-type=\"attachment\" data-id=\"468\">Le\u00e7on 4 : Ne pas subir de traitement inhumain<\/a><\/li>\n\n\n\n<li><a href=\"https:\/\/go-hre.org\/wp-content\/uploads\/2025\/04\/colega_eng_250421_sec_5.pdf\" data-type=\"attachment\" data-id=\"469\">Le\u00e7on 5 : Le droit au mariage et \u00e0 la famille<\/a><\/li>\n\n\n\n<li><a href=\"https:\/\/go-hre.org\/wp-content\/uploads\/2025\/04\/colega_eng_250421_sec_6.pdf\" data-type=\"attachment\" data-id=\"470\">Le\u00e7on 6 : Libert\u00e9 de religion et de conviction<\/a><\/li>\n\n\n\n<li><a href=\"https:\/\/go-hre.org\/wp-content\/uploads\/2025\/04\/colega_eng_250421_sec_7.pdf\" data-type=\"attachment\" data-id=\"471\">Le\u00e7on 7 : Libert\u00e9 d&rsquo;opinion et d&rsquo;expression<\/a><\/li>\n\n\n\n<li><a href=\"https:\/\/go-hre.org\/wp-content\/uploads\/2025\/04\/colega_eng_250421_sec_8.pdf\" data-type=\"attachment\" data-id=\"472\">Le\u00e7on 8 : Droit \u00e0 la reconnaissance juridique<\/a><\/li>\n\n\n\n<li><a href=\"https:\/\/go-hre.org\/wp-content\/uploads\/2025\/04\/colega_eng_250421_sec_9.pdf\" data-type=\"attachment\" data-id=\"473\">Le\u00e7on 9 : Protection contre le travail des enfants<\/a><\/li>\n\n\n\n<li><a href=\"https:\/\/go-hre.org\/wp-content\/uploads\/2025\/04\/colega_eng_250421_sec_10a.pdf\" data-type=\"attachment\" data-id=\"474\">Le\u00e7on 10A : Le droit \u00e0 l&rsquo;\u00e9ducation<\/a><\/li>\n\n\n\n<li><a href=\"https:\/\/go-hre.org\/wp-content\/uploads\/2025\/04\/colega_eng_250421_sec_10b.pdf\" data-type=\"attachment\" data-id=\"475\">Le\u00e7on 10B : Notre devoir envers la communaut\u00e9 et les autres<\/a><\/li>\n<\/ul>\n\n<hr class=\"wp-block-separator has-alpha-channel-opacity\"\/>\n\n<p><strong>Outils pour les facilitateurs<\/strong><\/p>\n\n<ul class=\"wp-block-list pdf_links\">\n<li><a href=\"https:\/\/go-hre.org\/wp-content\/uploads\/2025\/04\/colega_eng_250421_sec_13.pdf\" data-type=\"attachment\" data-id=\"480\">Section I : Contexte<\/a><\/li>\n\n\n\n<li><a href=\"https:\/\/go-hre.org\/wp-content\/uploads\/2025\/04\/colega_eng_250421_sec_14.pdf\" data-type=\"attachment\" data-id=\"481\">Section II : Lignes directrices et conseils en mati\u00e8re d&rsquo;enseignement<\/a><\/li>\n\n\n\n<li><a href=\"https:\/\/go-hre.org\/wp-content\/uploads\/2025\/04\/colega_eng_250421_sec_15.pdf\" data-type=\"attachment\" data-id=\"482\">Section III : Chansons<\/a><\/li>\n\n\n\n<li><a href=\"https:\/\/go-hre.org\/wp-content\/uploads\/2025\/04\/colega_eng_250421_sec_16.pdf\" data-type=\"attachment\" data-id=\"483\">Section IV : Glossaire<\/a><\/li>\n\n\n\n<li><a href=\"https:\/\/go-hre.org\/wp-content\/uploads\/2025\/04\/colega_eng_250421_sec_17.pdf\" data-type=\"attachment\" data-id=\"484\">Section V : Documents des Nations unies<\/a><\/li>\n\n\n\n<li><a href=\"https:\/\/go-hre.org\/wp-content\/uploads\/2025\/04\/colega_eng_250421_sec_18.pdf\" data-type=\"attachment\" data-id=\"485\">Section VI : Exemples d&rsquo;\u00e9valuations<\/a><\/li>\n<\/ul>\n\n<p><\/p>\n","protected":false},"excerpt":{"rendered":"<p>Le manuel du coll\u00e8gue pour les jeunes s&rsquo;adresse aux enfants \u00e2g\u00e9s de 12 \u00e0 18 ans environ. S\u00e9lectionnez dans la liste ci-dessous pour visualiser des le\u00e7ons ou des sections individuelles ou t\u00e9l\u00e9chargez les PDF complets \u00e0 partir de la liste des boutons. Page de couverture, table des mati\u00e8res, introduction et aper\u00e7u IA et 1B : [&hellip;]<\/p>\n","protected":false},"author":1,"featured_media":0,"parent":1592,"menu_order":0,"comment_status":"closed","ping_status":"closed","template":"","meta":{"_acf_changed":false,"inline_featured_image":false,"footnotes":""},"class_list":["post-1621","page","type-page","status-publish","hentry"],"acf":[],"yoast_head":"<!-- This site is optimized with the Yoast SEO plugin v27.3 - https:\/\/yoast.com\/product\/yoast-seo-wordpress\/ -->\n<title>Anglais : General Youth Material - GO-HRE<\/title>\n<meta name=\"robots\" content=\"index, follow, max-snippet:-1, max-image-preview:large, max-video-preview:-1\" \/>\n<link rel=\"canonical\" href=\"https:\/\/go-hre.org\/fr\/langues\/anglais-jeunesse-materiel-general\/\" \/>\n<meta property=\"og:locale\" content=\"fr_FR\" \/>\n<meta property=\"og:type\" content=\"article\" \/>\n<meta property=\"og:title\" content=\"Anglais : General Youth Material - GO-HRE\" \/>\n<meta property=\"og:description\" content=\"Le manuel du coll\u00e8gue pour les jeunes s&rsquo;adresse aux enfants \u00e2g\u00e9s de 12 \u00e0 18 ans environ. S\u00e9lectionnez dans la liste ci-dessous pour visualiser des le\u00e7ons ou des sections individuelles ou t\u00e9l\u00e9chargez les PDF complets \u00e0 partir de la liste des boutons. Page de couverture, table des mati\u00e8res, introduction et aper\u00e7u IA et 1B : [&hellip;]\" \/>\n<meta property=\"og:url\" content=\"https:\/\/go-hre.org\/fr\/langues\/anglais-jeunesse-materiel-general\/\" \/>\n<meta property=\"og:site_name\" content=\"GO-HRE\" \/>\n<meta property=\"article:modified_time\" content=\"2025-05-22T01:30:33+00:00\" \/>\n<meta name=\"twitter:card\" content=\"summary_large_image\" \/>\n<meta name=\"twitter:label1\" content=\"Dur\u00e9e de lecture estim\u00e9e\" \/>\n\t<meta name=\"twitter:data1\" content=\"1 minute\" \/>\n<script type=\"application\/ld+json\" class=\"yoast-schema-graph\">{\"@context\":\"https:\\\/\\\/schema.org\",\"@graph\":[{\"@type\":\"WebPage\",\"@id\":\"https:\\\/\\\/go-hre.org\\\/fr\\\/langues\\\/anglais-jeunesse-materiel-general\\\/\",\"url\":\"https:\\\/\\\/go-hre.org\\\/fr\\\/langues\\\/anglais-jeunesse-materiel-general\\\/\",\"name\":\"Anglais : General Youth Material - GO-HRE\",\"isPartOf\":{\"@id\":\"https:\\\/\\\/go-hre.org\\\/#website\"},\"datePublished\":\"2025-04-21T21:30:04+00:00\",\"dateModified\":\"2025-05-22T01:30:33+00:00\",\"breadcrumb\":{\"@id\":\"https:\\\/\\\/go-hre.org\\\/fr\\\/langues\\\/anglais-jeunesse-materiel-general\\\/#breadcrumb\"},\"inLanguage\":\"fr-FR\",\"potentialAction\":[{\"@type\":\"ReadAction\",\"target\":[\"https:\\\/\\\/go-hre.org\\\/fr\\\/langues\\\/anglais-jeunesse-materiel-general\\\/\"]}]},{\"@type\":\"BreadcrumbList\",\"@id\":\"https:\\\/\\\/go-hre.org\\\/fr\\\/langues\\\/anglais-jeunesse-materiel-general\\\/#breadcrumb\",\"itemListElement\":[{\"@type\":\"ListItem\",\"position\":1,\"name\":\"Home\",\"item\":\"https:\\\/\\\/go-hre.org\\\/fr\\\/page-daccueil\\\/\"},{\"@type\":\"ListItem\",\"position\":2,\"name\":\"Langues\",\"item\":\"https:\\\/\\\/go-hre.org\\\/fr\\\/langues\\\/\"},{\"@type\":\"ListItem\",\"position\":3,\"name\":\"Anglais : General Youth Material\"}]},{\"@type\":\"WebSite\",\"@id\":\"https:\\\/\\\/go-hre.org\\\/#website\",\"url\":\"https:\\\/\\\/go-hre.org\\\/\",\"name\":\"GO-HRE\",\"description\":\"Bureau de l'\u00e9ducation aux droits de l'homme \u00e0 Gen\u00e8ve\",\"publisher\":{\"@id\":\"https:\\\/\\\/go-hre.org\\\/#organization\"},\"potentialAction\":[{\"@type\":\"SearchAction\",\"target\":{\"@type\":\"EntryPoint\",\"urlTemplate\":\"https:\\\/\\\/go-hre.org\\\/?s={search_term_string}\"},\"query-input\":{\"@type\":\"PropertyValueSpecification\",\"valueRequired\":true,\"valueName\":\"search_term_string\"}}],\"inLanguage\":\"fr-FR\"},{\"@type\":\"Organization\",\"@id\":\"https:\\\/\\\/go-hre.org\\\/#organization\",\"name\":\"GO-HRE\",\"url\":\"https:\\\/\\\/go-hre.org\\\/\",\"logo\":{\"@type\":\"ImageObject\",\"inLanguage\":\"fr-FR\",\"@id\":\"https:\\\/\\\/go-hre.org\\\/#\\\/schema\\\/logo\\\/image\\\/\",\"url\":\"https:\\\/\\\/go-hre.org\\\/wp-content\\\/uploads\\\/2025\\\/04\\\/favicon.png\",\"contentUrl\":\"https:\\\/\\\/go-hre.org\\\/wp-content\\\/uploads\\\/2025\\\/04\\\/favicon.png\",\"width\":258,\"height\":258,\"caption\":\"GO-HRE\"},\"image\":{\"@id\":\"https:\\\/\\\/go-hre.org\\\/#\\\/schema\\\/logo\\\/image\\\/\"}}]}<\/script>\n<!-- \/ Yoast SEO plugin. -->","yoast_head_json":{"title":"Anglais : General Youth Material - GO-HRE","robots":{"index":"index","follow":"follow","max-snippet":"max-snippet:-1","max-image-preview":"max-image-preview:large","max-video-preview":"max-video-preview:-1"},"canonical":"https:\/\/go-hre.org\/fr\/langues\/anglais-jeunesse-materiel-general\/","og_locale":"fr_FR","og_type":"article","og_title":"Anglais : General Youth Material - GO-HRE","og_description":"Le manuel du coll\u00e8gue pour les jeunes s&rsquo;adresse aux enfants \u00e2g\u00e9s de 12 \u00e0 18 ans environ. S\u00e9lectionnez dans la liste ci-dessous pour visualiser des le\u00e7ons ou des sections individuelles ou t\u00e9l\u00e9chargez les PDF complets \u00e0 partir de la liste des boutons. Page de couverture, table des mati\u00e8res, introduction et aper\u00e7u IA et 1B : [&hellip;]","og_url":"https:\/\/go-hre.org\/fr\/langues\/anglais-jeunesse-materiel-general\/","og_site_name":"GO-HRE","article_modified_time":"2025-05-22T01:30:33+00:00","twitter_card":"summary_large_image","twitter_misc":{"Dur\u00e9e de lecture estim\u00e9e":"1 minute"},"schema":{"@context":"https:\/\/schema.org","@graph":[{"@type":"WebPage","@id":"https:\/\/go-hre.org\/fr\/langues\/anglais-jeunesse-materiel-general\/","url":"https:\/\/go-hre.org\/fr\/langues\/anglais-jeunesse-materiel-general\/","name":"Anglais : General Youth Material - GO-HRE","isPartOf":{"@id":"https:\/\/go-hre.org\/#website"},"datePublished":"2025-04-21T21:30:04+00:00","dateModified":"2025-05-22T01:30:33+00:00","breadcrumb":{"@id":"https:\/\/go-hre.org\/fr\/langues\/anglais-jeunesse-materiel-general\/#breadcrumb"},"inLanguage":"fr-FR","potentialAction":[{"@type":"ReadAction","target":["https:\/\/go-hre.org\/fr\/langues\/anglais-jeunesse-materiel-general\/"]}]},{"@type":"BreadcrumbList","@id":"https:\/\/go-hre.org\/fr\/langues\/anglais-jeunesse-materiel-general\/#breadcrumb","itemListElement":[{"@type":"ListItem","position":1,"name":"Home","item":"https:\/\/go-hre.org\/fr\/page-daccueil\/"},{"@type":"ListItem","position":2,"name":"Langues","item":"https:\/\/go-hre.org\/fr\/langues\/"},{"@type":"ListItem","position":3,"name":"Anglais : General Youth Material"}]},{"@type":"WebSite","@id":"https:\/\/go-hre.org\/#website","url":"https:\/\/go-hre.org\/","name":"GO-HRE","description":"Bureau de l'\u00e9ducation aux droits de l'homme \u00e0 Gen\u00e8ve","publisher":{"@id":"https:\/\/go-hre.org\/#organization"},"potentialAction":[{"@type":"SearchAction","target":{"@type":"EntryPoint","urlTemplate":"https:\/\/go-hre.org\/?s={search_term_string}"},"query-input":{"@type":"PropertyValueSpecification","valueRequired":true,"valueName":"search_term_string"}}],"inLanguage":"fr-FR"},{"@type":"Organization","@id":"https:\/\/go-hre.org\/#organization","name":"GO-HRE","url":"https:\/\/go-hre.org\/","logo":{"@type":"ImageObject","inLanguage":"fr-FR","@id":"https:\/\/go-hre.org\/#\/schema\/logo\/image\/","url":"https:\/\/go-hre.org\/wp-content\/uploads\/2025\/04\/favicon.png","contentUrl":"https:\/\/go-hre.org\/wp-content\/uploads\/2025\/04\/favicon.png","width":258,"height":258,"caption":"GO-HRE"},"image":{"@id":"https:\/\/go-hre.org\/#\/schema\/logo\/image\/"}}]}},"_links":{"self":[{"href":"https:\/\/go-hre.org\/fr\/wp-json\/wp\/v2\/pages\/1621","targetHints":{"allow":["GET"]}}],"collection":[{"href":"https:\/\/go-hre.org\/fr\/wp-json\/wp\/v2\/pages"}],"about":[{"href":"https:\/\/go-hre.org\/fr\/wp-json\/wp\/v2\/types\/page"}],"author":[{"embeddable":true,"href":"https:\/\/go-hre.org\/fr\/wp-json\/wp\/v2\/users\/1"}],"replies":[{"embeddable":true,"href":"https:\/\/go-hre.org\/fr\/wp-json\/wp\/v2\/comments?post=1621"}],"version-history":[{"count":4,"href":"https:\/\/go-hre.org\/fr\/wp-json\/wp\/v2\/pages\/1621\/revisions"}],"predecessor-version":[{"id":1762,"href":"https:\/\/go-hre.org\/fr\/wp-json\/wp\/v2\/pages\/1621\/revisions\/1762"}],"up":[{"embeddable":true,"href":"https:\/\/go-hre.org\/fr\/wp-json\/wp\/v2\/pages\/1592"}],"wp:attachment":[{"href":"https:\/\/go-hre.org\/fr\/wp-json\/wp\/v2\/media?parent=1621"}],"curies":[{"name":"wp","href":"https:\/\/api.w.org\/{rel}","templated":true}]}}