{"id":1682,"date":"2025-04-23T18:50:50","date_gmt":"2025-04-24T00:50:50","guid":{"rendered":"https:\/\/go-hre.org\/langues\/portugais-materiel-general-de-base\/"},"modified":"2025-07-09T08:14:43","modified_gmt":"2025-07-09T14:14:43","slug":"portugais-materiel-general-de-base","status":"publish","type":"page","link":"https:\/\/go-hre.org\/fr\/langues\/portugais-materiel-general-de-base\/","title":{"rendered":"Portugais : mat\u00e9riel primaire g\u00e9n\u00e9ral"},"content":{"rendered":"\n<p><strong>O Manual Prim\u00e1rio Colega \u00e9 para crian\u00e7as de aproximadamente 6 a 11 anos.<\/strong> Selecione na lista abaixo para visualizar li\u00e7\u00f5es ou se\u00e7\u00f5es individuais ou baixe PDFs completos na lista de bot\u00f5es.<\/p>\n\n\n\n<hr class=\"wp-block-separator has-alpha-channel-opacity\"\/>\n\n\n\n<p><strong>Conte\u00fado do Curso:<\/strong><\/p>\n\n\n\n<ul class=\"wp-block-list pdf_links\">\n<li><a href=\"https:\/\/go-hre.org\/wp-content\/uploads\/2025\/04\/colega_por_250226_pri_0.pdf\" data-type=\"attachment\" data-id=\"605\">Capa e \u00edndice<\/a><\/li>\n\n\n\n<li><a href=\"https:\/\/go-hre.org\/wp-content\/uploads\/2025\/04\/colega_por_250226_pri_1.pdf\" data-type=\"attachment\" data-id=\"606\">1A &amp; 1B: Direito \u00e0 igualdade - Nascer livre<\/a><\/li>\n\n\n\n<li><a href=\"https:\/\/go-hre.org\/wp-content\/uploads\/2025\/04\/colega_por_250226_pri_2.pdf\" data-type=\"attachment\" data-id=\"607\">2A &amp; 2B: Direitos humanos iguais e inalien\u00e1veis - Eu tenho direitos<\/a><\/li>\n\n\n\n<li><a href=\"https:\/\/go-hre.org\/wp-content\/uploads\/2025\/04\/colega_por_250226_pri_3.pdf\" data-type=\"attachment\" data-id=\"608\">3A &amp; 3B: N\u00e3o discrimina\u00e7\u00e3o - Isso \u00e9 discrimina\u00e7\u00e3o?<\/a><\/li>\n\n\n\n<li><a href=\"https:\/\/go-hre.org\/wp-content\/uploads\/2025\/04\/colega_por_250226_pri_4.pdf\" data-type=\"attachment\" data-id=\"609\">4A &amp; 4B: Liberdade contra o bullying - N\u00e3o aceitaremos nenhum bullying<\/a><\/li>\n\n\n\n<li><a href=\"https:\/\/go-hre.org\/wp-content\/uploads\/2025\/04\/colega_por_250226_pri_5.pdf\" data-type=\"attachment\" data-id=\"610\">5A &amp; 5B: Direito ao casamento e \u00e0 fam\u00edlia - Fam\u00edlia, uma coisa bela<\/a><\/li>\n\n\n\n<li><a href=\"https:\/\/go-hre.org\/wp-content\/uploads\/2025\/04\/colega_por_250226_pri_6.pdf\" data-type=\"attachment\" data-id=\"611\">6A &amp; 6B: Liberdade de religi\u00e3o ou cren\u00e7a - Eu posso escolher<\/a><\/li>\n\n\n\n<li><a href=\"https:\/\/go-hre.org\/wp-content\/uploads\/2025\/04\/colega_por_250226_pri_7.pdf\" data-type=\"attachment\" data-id=\"612\">7A &amp; 7B: Liberdade de express\u00e3o - Palavras fazem diferen\u00e7a<\/a><\/li>\n\n\n\n<li><a href=\"https:\/\/go-hre.org\/wp-content\/uploads\/2025\/04\/colega_por_250226_pri_8.pdf\" data-type=\"attachment\" data-id=\"613\">8A &amp; 8B: Direito ao reconhecimento legal - Meu direito de ser eu<\/a><\/li>\n\n\n\n<li><a href=\"https:\/\/go-hre.org\/wp-content\/uploads\/2025\/04\/colega_por_250226_pri_9.pdf\" data-type=\"attachment\" data-id=\"614\">9A &amp; 9B: Liberdade contra o trabalho infantil - O trabalho infantil n\u00e3o \u00e9 justo<\/a><\/li>\n\n\n\n<li><a href=\"https:\/\/go-hre.org\/wp-content\/uploads\/2025\/04\/colega_por_250226_pri_10a.pdf\" data-type=\"attachment\" data-id=\"615\">10A: Direito \u00e0 educa\u00e7\u00e3o - Posso ir \u00e0 escola<\/a><\/li>\n\n\n\n<li><a href=\"https:\/\/go-hre.org\/wp-content\/uploads\/2025\/04\/colega_por_250226_pri_10b.pdf\" data-type=\"attachment\" data-id=\"616\">10B: Responsabilidade com a comunidade - Nossa responsabilidade com a comunidade<\/a><\/li>\n<\/ul>\n\n\n\n<hr class=\"wp-block-separator has-alpha-channel-opacity\"\/>\n\n\n\n<p><strong>Kit de ferramentas do facilitador:<\/strong><\/p>\n\n\n\n<ul class=\"wp-block-list pdf_links\">\n<li><a href=\"https:\/\/go-hre.org\/wp-content\/uploads\/2025\/04\/colega_por_250226_pri_13.pdf\" data-type=\"attachment\" data-id=\"620\">I. Informa\u00e7\u00f5es gerais<\/a><\/li>\n\n\n\n<li><a href=\"https:\/\/go-hre.org\/wp-content\/uploads\/2025\/04\/colega_por_250226_pri_14.pdf\" data-type=\"attachment\" data-id=\"621\">II. Diretrizes e dicas de ensino<\/a><\/li>\n\n\n\n<li><a href=\"https:\/\/go-hre.org\/wp-content\/uploads\/2025\/04\/colega_por_250226_pri_15.pdf\" data-type=\"attachment\" data-id=\"622\">III. M\u00fasicas<\/a><\/li>\n\n\n\n<li><a href=\"https:\/\/go-hre.org\/wp-content\/uploads\/2025\/04\/colega_por_250226_pri_16.pdf\" data-type=\"attachment\" data-id=\"623\">IV. Gloss\u00e1rio<\/a><\/li>\n\n\n\n<li><a href=\"https:\/\/go-hre.org\/wp-content\/uploads\/2025\/04\/colega_por_250226_pri_17.pdf\" data-type=\"attachment\" data-id=\"624\">V. Documentos da ONU<\/a><\/li>\n\n\n\n<li><a href=\"https:\/\/go-hre.org\/wp-content\/uploads\/2025\/04\/colega_por_250226_pri_18.pdf\" data-type=\"attachment\" data-id=\"625\">VI. Avalia\u00e7\u00f5es propostas<\/a><\/li>\n<\/ul>\n\n\n\n<p><\/p>\n","protected":false},"excerpt":{"rendered":"<p>O Manual Prim\u00e1rio Colega \u00e9 para crian\u00e7as de aproximadamente 6 a 11 anos. Selecione na lista abaixo para visualizar li\u00e7\u00f5es ou se\u00e7\u00f5es individuais ou baixe PDFs completos na lista de bot\u00f5es. Conte\u00fado do Curso: Kit de ferramentas do facilitador:<\/p>\n","protected":false},"author":1,"featured_media":0,"parent":1592,"menu_order":0,"comment_status":"closed","ping_status":"closed","template":"","meta":{"_acf_changed":false,"inline_featured_image":false,"footnotes":""},"class_list":["post-1682","page","type-page","status-publish","hentry"],"acf":[],"yoast_head":"<!-- This site is optimized with the Yoast SEO plugin v27.3 - https:\/\/yoast.com\/product\/yoast-seo-wordpress\/ -->\n<title>Portugais : mat\u00e9riel primaire g\u00e9n\u00e9ral - GO-HRE<\/title>\n<meta name=\"robots\" content=\"index, follow, max-snippet:-1, max-image-preview:large, max-video-preview:-1\" \/>\n<link rel=\"canonical\" href=\"https:\/\/go-hre.org\/fr\/langues\/portugais-materiel-general-de-base\/\" \/>\n<meta property=\"og:locale\" content=\"fr_FR\" \/>\n<meta property=\"og:type\" content=\"article\" \/>\n<meta property=\"og:title\" content=\"Portugais : mat\u00e9riel primaire g\u00e9n\u00e9ral - GO-HRE\" \/>\n<meta property=\"og:description\" content=\"O Manual Prim\u00e1rio Colega \u00e9 para crian\u00e7as de aproximadamente 6 a 11 anos. Selecione na lista abaixo para visualizar li\u00e7\u00f5es ou se\u00e7\u00f5es individuais ou baixe PDFs completos na lista de bot\u00f5es. Conte\u00fado do Curso: Kit de ferramentas do facilitador:\" \/>\n<meta property=\"og:url\" content=\"https:\/\/go-hre.org\/fr\/langues\/portugais-materiel-general-de-base\/\" \/>\n<meta property=\"og:site_name\" content=\"GO-HRE\" \/>\n<meta property=\"article:modified_time\" content=\"2025-07-09T14:14:43+00:00\" \/>\n<meta name=\"twitter:card\" content=\"summary_large_image\" \/>\n<meta name=\"twitter:label1\" content=\"Dur\u00e9e de lecture estim\u00e9e\" \/>\n\t<meta name=\"twitter:data1\" content=\"1 minute\" \/>\n<script type=\"application\/ld+json\" class=\"yoast-schema-graph\">{\"@context\":\"https:\\\/\\\/schema.org\",\"@graph\":[{\"@type\":\"WebPage\",\"@id\":\"https:\\\/\\\/go-hre.org\\\/fr\\\/langues\\\/portugais-materiel-general-de-base\\\/\",\"url\":\"https:\\\/\\\/go-hre.org\\\/fr\\\/langues\\\/portugais-materiel-general-de-base\\\/\",\"name\":\"Portugais : mat\u00e9riel primaire g\u00e9n\u00e9ral - GO-HRE\",\"isPartOf\":{\"@id\":\"https:\\\/\\\/go-hre.org\\\/#website\"},\"datePublished\":\"2025-04-24T00:50:50+00:00\",\"dateModified\":\"2025-07-09T14:14:43+00:00\",\"breadcrumb\":{\"@id\":\"https:\\\/\\\/go-hre.org\\\/fr\\\/langues\\\/portugais-materiel-general-de-base\\\/#breadcrumb\"},\"inLanguage\":\"fr-FR\",\"potentialAction\":[{\"@type\":\"ReadAction\",\"target\":[\"https:\\\/\\\/go-hre.org\\\/fr\\\/langues\\\/portugais-materiel-general-de-base\\\/\"]}]},{\"@type\":\"BreadcrumbList\",\"@id\":\"https:\\\/\\\/go-hre.org\\\/fr\\\/langues\\\/portugais-materiel-general-de-base\\\/#breadcrumb\",\"itemListElement\":[{\"@type\":\"ListItem\",\"position\":1,\"name\":\"Home\",\"item\":\"https:\\\/\\\/go-hre.org\\\/fr\\\/page-daccueil\\\/\"},{\"@type\":\"ListItem\",\"position\":2,\"name\":\"Langues\",\"item\":\"https:\\\/\\\/go-hre.org\\\/fr\\\/langues\\\/\"},{\"@type\":\"ListItem\",\"position\":3,\"name\":\"Portugais : mat\u00e9riel primaire g\u00e9n\u00e9ral\"}]},{\"@type\":\"WebSite\",\"@id\":\"https:\\\/\\\/go-hre.org\\\/#website\",\"url\":\"https:\\\/\\\/go-hre.org\\\/\",\"name\":\"GO-HRE\",\"description\":\"Bureau de l'\u00e9ducation aux droits de l'homme \u00e0 Gen\u00e8ve\",\"publisher\":{\"@id\":\"https:\\\/\\\/go-hre.org\\\/#organization\"},\"potentialAction\":[{\"@type\":\"SearchAction\",\"target\":{\"@type\":\"EntryPoint\",\"urlTemplate\":\"https:\\\/\\\/go-hre.org\\\/?s={search_term_string}\"},\"query-input\":{\"@type\":\"PropertyValueSpecification\",\"valueRequired\":true,\"valueName\":\"search_term_string\"}}],\"inLanguage\":\"fr-FR\"},{\"@type\":\"Organization\",\"@id\":\"https:\\\/\\\/go-hre.org\\\/#organization\",\"name\":\"GO-HRE\",\"url\":\"https:\\\/\\\/go-hre.org\\\/\",\"logo\":{\"@type\":\"ImageObject\",\"inLanguage\":\"fr-FR\",\"@id\":\"https:\\\/\\\/go-hre.org\\\/#\\\/schema\\\/logo\\\/image\\\/\",\"url\":\"https:\\\/\\\/go-hre.org\\\/wp-content\\\/uploads\\\/2025\\\/04\\\/favicon.png\",\"contentUrl\":\"https:\\\/\\\/go-hre.org\\\/wp-content\\\/uploads\\\/2025\\\/04\\\/favicon.png\",\"width\":258,\"height\":258,\"caption\":\"GO-HRE\"},\"image\":{\"@id\":\"https:\\\/\\\/go-hre.org\\\/#\\\/schema\\\/logo\\\/image\\\/\"}}]}<\/script>\n<!-- \/ Yoast SEO plugin. -->","yoast_head_json":{"title":"Portugais : mat\u00e9riel primaire g\u00e9n\u00e9ral - GO-HRE","robots":{"index":"index","follow":"follow","max-snippet":"max-snippet:-1","max-image-preview":"max-image-preview:large","max-video-preview":"max-video-preview:-1"},"canonical":"https:\/\/go-hre.org\/fr\/langues\/portugais-materiel-general-de-base\/","og_locale":"fr_FR","og_type":"article","og_title":"Portugais : mat\u00e9riel primaire g\u00e9n\u00e9ral - GO-HRE","og_description":"O Manual Prim\u00e1rio Colega \u00e9 para crian\u00e7as de aproximadamente 6 a 11 anos. Selecione na lista abaixo para visualizar li\u00e7\u00f5es ou se\u00e7\u00f5es individuais ou baixe PDFs completos na lista de bot\u00f5es. Conte\u00fado do Curso: Kit de ferramentas do facilitador:","og_url":"https:\/\/go-hre.org\/fr\/langues\/portugais-materiel-general-de-base\/","og_site_name":"GO-HRE","article_modified_time":"2025-07-09T14:14:43+00:00","twitter_card":"summary_large_image","twitter_misc":{"Dur\u00e9e de lecture estim\u00e9e":"1 minute"},"schema":{"@context":"https:\/\/schema.org","@graph":[{"@type":"WebPage","@id":"https:\/\/go-hre.org\/fr\/langues\/portugais-materiel-general-de-base\/","url":"https:\/\/go-hre.org\/fr\/langues\/portugais-materiel-general-de-base\/","name":"Portugais : mat\u00e9riel primaire g\u00e9n\u00e9ral - GO-HRE","isPartOf":{"@id":"https:\/\/go-hre.org\/#website"},"datePublished":"2025-04-24T00:50:50+00:00","dateModified":"2025-07-09T14:14:43+00:00","breadcrumb":{"@id":"https:\/\/go-hre.org\/fr\/langues\/portugais-materiel-general-de-base\/#breadcrumb"},"inLanguage":"fr-FR","potentialAction":[{"@type":"ReadAction","target":["https:\/\/go-hre.org\/fr\/langues\/portugais-materiel-general-de-base\/"]}]},{"@type":"BreadcrumbList","@id":"https:\/\/go-hre.org\/fr\/langues\/portugais-materiel-general-de-base\/#breadcrumb","itemListElement":[{"@type":"ListItem","position":1,"name":"Home","item":"https:\/\/go-hre.org\/fr\/page-daccueil\/"},{"@type":"ListItem","position":2,"name":"Langues","item":"https:\/\/go-hre.org\/fr\/langues\/"},{"@type":"ListItem","position":3,"name":"Portugais : mat\u00e9riel primaire g\u00e9n\u00e9ral"}]},{"@type":"WebSite","@id":"https:\/\/go-hre.org\/#website","url":"https:\/\/go-hre.org\/","name":"GO-HRE","description":"Bureau de l'\u00e9ducation aux droits de l'homme \u00e0 Gen\u00e8ve","publisher":{"@id":"https:\/\/go-hre.org\/#organization"},"potentialAction":[{"@type":"SearchAction","target":{"@type":"EntryPoint","urlTemplate":"https:\/\/go-hre.org\/?s={search_term_string}"},"query-input":{"@type":"PropertyValueSpecification","valueRequired":true,"valueName":"search_term_string"}}],"inLanguage":"fr-FR"},{"@type":"Organization","@id":"https:\/\/go-hre.org\/#organization","name":"GO-HRE","url":"https:\/\/go-hre.org\/","logo":{"@type":"ImageObject","inLanguage":"fr-FR","@id":"https:\/\/go-hre.org\/#\/schema\/logo\/image\/","url":"https:\/\/go-hre.org\/wp-content\/uploads\/2025\/04\/favicon.png","contentUrl":"https:\/\/go-hre.org\/wp-content\/uploads\/2025\/04\/favicon.png","width":258,"height":258,"caption":"GO-HRE"},"image":{"@id":"https:\/\/go-hre.org\/#\/schema\/logo\/image\/"}}]}},"_links":{"self":[{"href":"https:\/\/go-hre.org\/fr\/wp-json\/wp\/v2\/pages\/1682","targetHints":{"allow":["GET"]}}],"collection":[{"href":"https:\/\/go-hre.org\/fr\/wp-json\/wp\/v2\/pages"}],"about":[{"href":"https:\/\/go-hre.org\/fr\/wp-json\/wp\/v2\/types\/page"}],"author":[{"embeddable":true,"href":"https:\/\/go-hre.org\/fr\/wp-json\/wp\/v2\/users\/1"}],"replies":[{"embeddable":true,"href":"https:\/\/go-hre.org\/fr\/wp-json\/wp\/v2\/comments?post=1682"}],"version-history":[{"count":5,"href":"https:\/\/go-hre.org\/fr\/wp-json\/wp\/v2\/pages\/1682\/revisions"}],"predecessor-version":[{"id":4610,"href":"https:\/\/go-hre.org\/fr\/wp-json\/wp\/v2\/pages\/1682\/revisions\/4610"}],"up":[{"embeddable":true,"href":"https:\/\/go-hre.org\/fr\/wp-json\/wp\/v2\/pages\/1592"}],"wp:attachment":[{"href":"https:\/\/go-hre.org\/fr\/wp-json\/wp\/v2\/media?parent=1682"}],"curies":[{"name":"wp","href":"https:\/\/api.w.org\/{rel}","templated":true}]}}