{"id":1693,"date":"2025-04-23T18:34:10","date_gmt":"2025-04-24T00:34:10","guid":{"rendered":"https:\/\/go-hre.org\/langues\/francais-jeunesse-materiel-general\/"},"modified":"2025-05-21T19:30:41","modified_gmt":"2025-05-22T01:30:41","slug":"francais-jeunesse-materiel-general","status":"publish","type":"page","link":"https:\/\/go-hre.org\/fr\/langues\/francais-jeunesse-materiel-general\/","title":{"rendered":"Fran\u00e7ais : mat\u00e9riel g\u00e9n\u00e9ral pour la jeunesse"},"content":{"rendered":"\n<p><strong>Contenu du cours :<\/strong><\/p>\n\n<ul class=\"wp-block-list pdf_links\">\n<li><a href=\"https:\/\/go-hre.org\/wp-content\/uploads\/2025\/04\/colega_fre_240228_sec_0.pdf\" data-type=\"attachment\" data-id=\"577\">Page de couverture et table des mati\u00e8res<\/a><\/li>\n\n\n\n<li><a href=\"https:\/\/go-hre.org\/wp-content\/uploads\/2025\/04\/colega_fre_240228_sec_1.pdf\" data-type=\"attachment\" data-id=\"578\">Le\u00e7on 1 : Na\u00eetre libre<\/a><\/li>\n\n\n\n<li><a href=\"https:\/\/go-hre.org\/wp-content\/uploads\/2025\/04\/colega_fre_240228_sec_2.pdf\" data-type=\"attachment\" data-id=\"579\">Le\u00e7on 2 : J&rsquo;ai des droits<\/a><\/li>\n\n\n\n<li><a href=\"https:\/\/go-hre.org\/wp-content\/uploads\/2025\/04\/colega_fre_240228_sec_3.pdf\" data-type=\"attachment\" data-id=\"580\">Le\u00e7on 3 : S&rsquo;agit-il d&rsquo;une discrimination ?<\/a><\/li>\n\n\n\n<li><a href=\"https:\/\/go-hre.org\/wp-content\/uploads\/2025\/04\/colega_fre_240228_sec_4.pdf\" data-type=\"attachment\" data-id=\"581\">Le\u00e7on 4 : Le harc\u00e8lement n&rsquo;est pas autoris\u00e9<\/a><\/li>\n\n\n\n<li><a href=\"https:\/\/go-hre.org\/wp-content\/uploads\/2025\/04\/colega_fre_240228_sec.pdf\" data-type=\"attachment\" data-id=\"589\">Le\u00e7on 5 : La famille, c&rsquo;est merveilleux<\/a><\/li>\n\n\n\n<li><a href=\"https:\/\/go-hre.org\/wp-content\/uploads\/2025\/04\/colega_fre_240228_sec_6.pdf\" data-type=\"attachment\" data-id=\"582\">Le\u00e7on 6 : J&rsquo;ai le choix<\/a><\/li>\n\n\n\n<li><a href=\"https:\/\/go-hre.org\/wp-content\/uploads\/2025\/04\/colega_fre_240228_sec_7.pdf\" data-type=\"attachment\" data-id=\"583\">Le\u00e7on 7 : Les mots font la diff\u00e9rence<\/a><\/li>\n\n\n\n<li><a href=\"https:\/\/go-hre.org\/wp-content\/uploads\/2025\/04\/colega_fre_240228_sec_8.pdf\" data-type=\"attachment\" data-id=\"584\">Le\u00e7on 8 : J&rsquo;ai le droit d&rsquo;\u00eatre moi-m\u00eame<\/a><\/li>\n\n\n\n<li><a href=\"https:\/\/go-hre.org\/wp-content\/uploads\/2025\/04\/colega_fre_240228_sec_9.pdf\" data-type=\"attachment\" data-id=\"585\">Section 9 : Le travail des enfants est tout simplement injuste<\/a><\/li>\n\n\n\n<li><a href=\"https:\/\/go-hre.org\/wp-content\/uploads\/2025\/04\/colega_fre_240228_sec_10.pdf\" data-type=\"attachment\" data-id=\"586\">Le\u00e7on 10 : Je vais \u00e0 l&rsquo;\u00e9cole !<\/a><\/li>\n\n\n\n<li><a href=\"https:\/\/go-hre.org\/wp-content\/uploads\/2025\/04\/colega_fre_240228_sec_11.pdf\" data-type=\"attachment\" data-id=\"587\">Notes et r\u00e9flexions du mod\u00e9rateur<\/a><\/li>\n\n\n\n<li><a href=\"https:\/\/go-hre.org\/wp-content\/uploads\/2025\/04\/colega_fre_240228_sec_12.pdf\" data-type=\"attachment\" data-id=\"588\">Kit d&rsquo;outils du mod\u00e9rateur<\/a><\/li>\n<\/ul>\n","protected":false},"excerpt":{"rendered":"<p>Contenu du cours :<\/p>\n","protected":false},"author":1,"featured_media":0,"parent":1592,"menu_order":0,"comment_status":"closed","ping_status":"closed","template":"","meta":{"_acf_changed":false,"inline_featured_image":false,"footnotes":""},"class_list":["post-1693","page","type-page","status-publish","hentry"],"acf":[],"yoast_head":"<!-- This site is optimized with the Yoast SEO plugin v27.3 - https:\/\/yoast.com\/product\/yoast-seo-wordpress\/ -->\n<title>Fran\u00e7ais : mat\u00e9riel g\u00e9n\u00e9ral pour la jeunesse - GO-HRE<\/title>\n<meta name=\"robots\" content=\"index, follow, max-snippet:-1, max-image-preview:large, max-video-preview:-1\" \/>\n<link rel=\"canonical\" href=\"https:\/\/go-hre.org\/fr\/langues\/francais-jeunesse-materiel-general\/\" \/>\n<meta property=\"og:locale\" content=\"fr_FR\" \/>\n<meta property=\"og:type\" content=\"article\" \/>\n<meta property=\"og:title\" content=\"Fran\u00e7ais : mat\u00e9riel g\u00e9n\u00e9ral pour la jeunesse - GO-HRE\" \/>\n<meta property=\"og:description\" content=\"Contenu du cours :\" \/>\n<meta property=\"og:url\" content=\"https:\/\/go-hre.org\/fr\/langues\/francais-jeunesse-materiel-general\/\" \/>\n<meta property=\"og:site_name\" content=\"GO-HRE\" \/>\n<meta property=\"article:modified_time\" content=\"2025-05-22T01:30:41+00:00\" \/>\n<meta name=\"twitter:card\" content=\"summary_large_image\" \/>\n<script type=\"application\/ld+json\" class=\"yoast-schema-graph\">{\"@context\":\"https:\\\/\\\/schema.org\",\"@graph\":[{\"@type\":\"WebPage\",\"@id\":\"https:\\\/\\\/go-hre.org\\\/fr\\\/langues\\\/francais-jeunesse-materiel-general\\\/\",\"url\":\"https:\\\/\\\/go-hre.org\\\/fr\\\/langues\\\/francais-jeunesse-materiel-general\\\/\",\"name\":\"Fran\u00e7ais : mat\u00e9riel g\u00e9n\u00e9ral pour la jeunesse - GO-HRE\",\"isPartOf\":{\"@id\":\"https:\\\/\\\/go-hre.org\\\/#website\"},\"datePublished\":\"2025-04-24T00:34:10+00:00\",\"dateModified\":\"2025-05-22T01:30:41+00:00\",\"breadcrumb\":{\"@id\":\"https:\\\/\\\/go-hre.org\\\/fr\\\/langues\\\/francais-jeunesse-materiel-general\\\/#breadcrumb\"},\"inLanguage\":\"fr-FR\",\"potentialAction\":[{\"@type\":\"ReadAction\",\"target\":[\"https:\\\/\\\/go-hre.org\\\/fr\\\/langues\\\/francais-jeunesse-materiel-general\\\/\"]}]},{\"@type\":\"BreadcrumbList\",\"@id\":\"https:\\\/\\\/go-hre.org\\\/fr\\\/langues\\\/francais-jeunesse-materiel-general\\\/#breadcrumb\",\"itemListElement\":[{\"@type\":\"ListItem\",\"position\":1,\"name\":\"Home\",\"item\":\"https:\\\/\\\/go-hre.org\\\/fr\\\/page-daccueil\\\/\"},{\"@type\":\"ListItem\",\"position\":2,\"name\":\"Langues\",\"item\":\"https:\\\/\\\/go-hre.org\\\/fr\\\/langues\\\/\"},{\"@type\":\"ListItem\",\"position\":3,\"name\":\"Fran\u00e7ais : mat\u00e9riel g\u00e9n\u00e9ral pour la jeunesse\"}]},{\"@type\":\"WebSite\",\"@id\":\"https:\\\/\\\/go-hre.org\\\/#website\",\"url\":\"https:\\\/\\\/go-hre.org\\\/\",\"name\":\"GO-HRE\",\"description\":\"Bureau de l'\u00e9ducation aux droits de l'homme \u00e0 Gen\u00e8ve\",\"publisher\":{\"@id\":\"https:\\\/\\\/go-hre.org\\\/#organization\"},\"potentialAction\":[{\"@type\":\"SearchAction\",\"target\":{\"@type\":\"EntryPoint\",\"urlTemplate\":\"https:\\\/\\\/go-hre.org\\\/?s={search_term_string}\"},\"query-input\":{\"@type\":\"PropertyValueSpecification\",\"valueRequired\":true,\"valueName\":\"search_term_string\"}}],\"inLanguage\":\"fr-FR\"},{\"@type\":\"Organization\",\"@id\":\"https:\\\/\\\/go-hre.org\\\/#organization\",\"name\":\"GO-HRE\",\"url\":\"https:\\\/\\\/go-hre.org\\\/\",\"logo\":{\"@type\":\"ImageObject\",\"inLanguage\":\"fr-FR\",\"@id\":\"https:\\\/\\\/go-hre.org\\\/#\\\/schema\\\/logo\\\/image\\\/\",\"url\":\"https:\\\/\\\/go-hre.org\\\/wp-content\\\/uploads\\\/2025\\\/04\\\/favicon.png\",\"contentUrl\":\"https:\\\/\\\/go-hre.org\\\/wp-content\\\/uploads\\\/2025\\\/04\\\/favicon.png\",\"width\":258,\"height\":258,\"caption\":\"GO-HRE\"},\"image\":{\"@id\":\"https:\\\/\\\/go-hre.org\\\/#\\\/schema\\\/logo\\\/image\\\/\"}}]}<\/script>\n<!-- \/ Yoast SEO plugin. -->","yoast_head_json":{"title":"Fran\u00e7ais : mat\u00e9riel g\u00e9n\u00e9ral pour la jeunesse - GO-HRE","robots":{"index":"index","follow":"follow","max-snippet":"max-snippet:-1","max-image-preview":"max-image-preview:large","max-video-preview":"max-video-preview:-1"},"canonical":"https:\/\/go-hre.org\/fr\/langues\/francais-jeunesse-materiel-general\/","og_locale":"fr_FR","og_type":"article","og_title":"Fran\u00e7ais : mat\u00e9riel g\u00e9n\u00e9ral pour la jeunesse - GO-HRE","og_description":"Contenu du cours :","og_url":"https:\/\/go-hre.org\/fr\/langues\/francais-jeunesse-materiel-general\/","og_site_name":"GO-HRE","article_modified_time":"2025-05-22T01:30:41+00:00","twitter_card":"summary_large_image","schema":{"@context":"https:\/\/schema.org","@graph":[{"@type":"WebPage","@id":"https:\/\/go-hre.org\/fr\/langues\/francais-jeunesse-materiel-general\/","url":"https:\/\/go-hre.org\/fr\/langues\/francais-jeunesse-materiel-general\/","name":"Fran\u00e7ais : mat\u00e9riel g\u00e9n\u00e9ral pour la jeunesse - GO-HRE","isPartOf":{"@id":"https:\/\/go-hre.org\/#website"},"datePublished":"2025-04-24T00:34:10+00:00","dateModified":"2025-05-22T01:30:41+00:00","breadcrumb":{"@id":"https:\/\/go-hre.org\/fr\/langues\/francais-jeunesse-materiel-general\/#breadcrumb"},"inLanguage":"fr-FR","potentialAction":[{"@type":"ReadAction","target":["https:\/\/go-hre.org\/fr\/langues\/francais-jeunesse-materiel-general\/"]}]},{"@type":"BreadcrumbList","@id":"https:\/\/go-hre.org\/fr\/langues\/francais-jeunesse-materiel-general\/#breadcrumb","itemListElement":[{"@type":"ListItem","position":1,"name":"Home","item":"https:\/\/go-hre.org\/fr\/page-daccueil\/"},{"@type":"ListItem","position":2,"name":"Langues","item":"https:\/\/go-hre.org\/fr\/langues\/"},{"@type":"ListItem","position":3,"name":"Fran\u00e7ais : mat\u00e9riel g\u00e9n\u00e9ral pour la jeunesse"}]},{"@type":"WebSite","@id":"https:\/\/go-hre.org\/#website","url":"https:\/\/go-hre.org\/","name":"GO-HRE","description":"Bureau de l'\u00e9ducation aux droits de l'homme \u00e0 Gen\u00e8ve","publisher":{"@id":"https:\/\/go-hre.org\/#organization"},"potentialAction":[{"@type":"SearchAction","target":{"@type":"EntryPoint","urlTemplate":"https:\/\/go-hre.org\/?s={search_term_string}"},"query-input":{"@type":"PropertyValueSpecification","valueRequired":true,"valueName":"search_term_string"}}],"inLanguage":"fr-FR"},{"@type":"Organization","@id":"https:\/\/go-hre.org\/#organization","name":"GO-HRE","url":"https:\/\/go-hre.org\/","logo":{"@type":"ImageObject","inLanguage":"fr-FR","@id":"https:\/\/go-hre.org\/#\/schema\/logo\/image\/","url":"https:\/\/go-hre.org\/wp-content\/uploads\/2025\/04\/favicon.png","contentUrl":"https:\/\/go-hre.org\/wp-content\/uploads\/2025\/04\/favicon.png","width":258,"height":258,"caption":"GO-HRE"},"image":{"@id":"https:\/\/go-hre.org\/#\/schema\/logo\/image\/"}}]}},"_links":{"self":[{"href":"https:\/\/go-hre.org\/fr\/wp-json\/wp\/v2\/pages\/1693","targetHints":{"allow":["GET"]}}],"collection":[{"href":"https:\/\/go-hre.org\/fr\/wp-json\/wp\/v2\/pages"}],"about":[{"href":"https:\/\/go-hre.org\/fr\/wp-json\/wp\/v2\/types\/page"}],"author":[{"embeddable":true,"href":"https:\/\/go-hre.org\/fr\/wp-json\/wp\/v2\/users\/1"}],"replies":[{"embeddable":true,"href":"https:\/\/go-hre.org\/fr\/wp-json\/wp\/v2\/comments?post=1693"}],"version-history":[{"count":4,"href":"https:\/\/go-hre.org\/fr\/wp-json\/wp\/v2\/pages\/1693\/revisions"}],"predecessor-version":[{"id":1778,"href":"https:\/\/go-hre.org\/fr\/wp-json\/wp\/v2\/pages\/1693\/revisions\/1778"}],"up":[{"embeddable":true,"href":"https:\/\/go-hre.org\/fr\/wp-json\/wp\/v2\/pages\/1592"}],"wp:attachment":[{"href":"https:\/\/go-hre.org\/fr\/wp-json\/wp\/v2\/media?parent=1693"}],"curies":[{"name":"wp","href":"https:\/\/api.w.org\/{rel}","templated":true}]}}