{"id":2982,"date":"2025-06-03T18:15:52","date_gmt":"2025-06-04T00:15:52","guid":{"rendered":"https:\/\/go-hre.org\/anglais-formation-1\/"},"modified":"2025-06-03T22:20:57","modified_gmt":"2025-06-04T04:20:57","slug":"anglais-formation-1","status":"publish","type":"page","link":"https:\/\/go-hre.org\/fr\/langues\/anglais-formation-1\/","title":{"rendered":"Anglais : Formation 1"},"content":{"rendered":"\n<p>D\u00e9couvrez pourquoi Colega a \u00e9t\u00e9 cr\u00e9\u00e9, ce que d&rsquo;autres disent de ses avantages \u00e9ducatifs et de son mat\u00e9riel et de ses ressources soigneusement \u00e9labor\u00e9s. D\u00e9couvrez les principes d&rsquo;enseignement de Colega, l&rsquo;organisation des le\u00e7ons et la mani\u00e8re dont les \u00e9l\u00e8ves apprennent leurs droits et leurs responsabilit\u00e9s. <\/p>\n\n<hr class=\"wp-block-separator has-alpha-channel-opacity\"\/>\n\n<div class=\"wp-block-columns is-layout-flex wp-container-core-columns-is-layout-9d6595d7 wp-block-columns-is-layout-flex\">\n<div class=\"wp-block-column is-layout-flow wp-block-column-is-layout-flow\">\n<div class=\"wp-block-columns is-layout-flex wp-container-core-columns-is-layout-9d6595d7 wp-block-columns-is-layout-flex\">\n<div class=\"wp-block-column is-layout-flow wp-block-column-is-layout-flow\">\n<p>L&rsquo;\u00e9ducation aux droits de l&rsquo;homme est importante dans la vie de chaque enfant.<\/p>\n<\/div>\n\n\n\n<div class=\"wp-block-column is-layout-flow wp-block-column-is-layout-flow\"><div class=\"wp-block-image\">\n<figure class=\"aligncenter size-full\"><img decoding=\"async\" width=\"1600\" height=\"771\" data-src=\"https:\/\/go-hre.org\/wp-content\/uploads\/2025\/04\/hero-carousel-4.jpg\" alt=\"Carrousel Go-HRE 4\" class=\"wp-image-43 lazyload\" data-srcset=\"https:\/\/go-hre.org\/wp-content\/uploads\/2025\/04\/hero-carousel-4.jpg 1600w, https:\/\/go-hre.org\/wp-content\/uploads\/2025\/04\/hero-carousel-4-900x434.jpg 900w, https:\/\/go-hre.org\/wp-content\/uploads\/2025\/04\/hero-carousel-4-768x370.jpg 768w, https:\/\/go-hre.org\/wp-content\/uploads\/2025\/04\/hero-carousel-4-1536x740.jpg 1536w\" data-sizes=\"(max-width: 1600px) 100vw, 1600px\" src=\"data:image\/svg+xml;base64,PHN2ZyB3aWR0aD0iMSIgaGVpZ2h0PSIxIiB4bWxucz0iaHR0cDovL3d3dy53My5vcmcvMjAwMC9zdmciPjwvc3ZnPg==\" style=\"--smush-placeholder-width: 1600px; --smush-placeholder-aspect-ratio: 1600\/771;\" \/><\/figure>\n<\/div><\/div>\n<\/div>\n<\/div>\n<\/div>\n\n<div class=\"wp-block-columns is-layout-flex wp-container-core-columns-is-layout-9d6595d7 wp-block-columns-is-layout-flex\">\n<div class=\"wp-block-column is-layout-flow wp-block-column-is-layout-flow\">\n<p>La D\u00e9claration universelle des droits de l&rsquo;homme de 1948, cr\u00e9\u00e9e par les Nations unies apr\u00e8s la Seconde Guerre mondiale, identifie 30 droits de l&rsquo;homme sp\u00e9cifiques qui s&rsquo;appliquent \u00e0 tous, partout.<\/p>\n<\/div>\n\n\n\n<div class=\"wp-block-column is-layout-flow wp-block-column-is-layout-flow\"><div class=\"wp-block-image\">\n<figure class=\"aligncenter size-full\"><img decoding=\"async\" width=\"920\" height=\"521\" data-src=\"https:\/\/go-hre.org\/wp-content\/uploads\/2025\/04\/Eleanor_Roosevelt_UDHR.png\" alt=\"Eleanor-Roosevelt\" class=\"wp-image-841 lazyload\" data-srcset=\"https:\/\/go-hre.org\/wp-content\/uploads\/2025\/04\/Eleanor_Roosevelt_UDHR.png 920w, https:\/\/go-hre.org\/wp-content\/uploads\/2025\/04\/Eleanor_Roosevelt_UDHR-900x510.png 900w, https:\/\/go-hre.org\/wp-content\/uploads\/2025\/04\/Eleanor_Roosevelt_UDHR-768x435.png 768w\" data-sizes=\"(max-width: 920px) 100vw, 920px\" src=\"data:image\/svg+xml;base64,PHN2ZyB3aWR0aD0iMSIgaGVpZ2h0PSIxIiB4bWxucz0iaHR0cDovL3d3dy53My5vcmcvMjAwMC9zdmciPjwvc3ZnPg==\" style=\"--smush-placeholder-width: 920px; --smush-placeholder-aspect-ratio: 920\/521;\" \/><\/figure>\n<\/div><\/div>\n<\/div>\n\n<div class=\"wp-block-columns is-layout-flex wp-container-core-columns-is-layout-9d6595d7 wp-block-columns-is-layout-flex\">\n<div class=\"wp-block-column is-layout-flow wp-block-column-is-layout-flow\">\n<p>De nombreux enfants ne connaissent pas leurs droits fondamentaux. Enseigner les droits de l&rsquo;homme aux enfants apporte de l&rsquo;enthousiasme et une \u00e9ducation critique \u00e0 la salle de classe. <\/p>\n<\/div>\n\n\n\n<div class=\"wp-block-column is-layout-flow wp-block-column-is-layout-flow\"><div class=\"wp-block-image\">\n<figure class=\"aligncenter size-full\"><img decoding=\"async\" width=\"960\" height=\"540\" data-src=\"https:\/\/go-hre.org\/wp-content\/uploads\/2025\/06\/Classroom_Slide_2.png\" alt=\"\" class=\"wp-image-2896 lazyload\" data-srcset=\"https:\/\/go-hre.org\/wp-content\/uploads\/2025\/06\/Classroom_Slide_2.png 960w, https:\/\/go-hre.org\/wp-content\/uploads\/2025\/06\/Classroom_Slide_2-900x506.png 900w, https:\/\/go-hre.org\/wp-content\/uploads\/2025\/06\/Classroom_Slide_2-768x432.png 768w\" data-sizes=\"(max-width: 960px) 100vw, 960px\" src=\"data:image\/svg+xml;base64,PHN2ZyB3aWR0aD0iMSIgaGVpZ2h0PSIxIiB4bWxucz0iaHR0cDovL3d3dy53My5vcmcvMjAwMC9zdmciPjwvc3ZnPg==\" style=\"--smush-placeholder-width: 960px; --smush-placeholder-aspect-ratio: 960\/540;\" \/><\/figure>\n<\/div><\/div>\n<\/div>\n\n<div class=\"wp-block-columns is-layout-flex wp-container-core-columns-is-layout-9d6595d7 wp-block-columns-is-layout-flex\">\n<div class=\"wp-block-column is-layout-flow wp-block-column-is-layout-flow\">\n<p>Le manuel Colega enseigne les droits de l&rsquo;homme \u00e9nonc\u00e9s dans la D\u00e9claration universelle des droits de l&rsquo;homme.<\/p>\n<\/div>\n\n\n\n<div class=\"wp-block-column is-layout-flow wp-block-column-is-layout-flow\"><div class=\"wp-block-image\">\n<figure class=\"aligncenter size-full\"><img decoding=\"async\" width=\"920\" height=\"521\" data-src=\"https:\/\/go-hre.org\/wp-content\/uploads\/2025\/04\/Cover_English_training.png\" alt=\"Couverture-anglais-formation\" class=\"wp-image-844 lazyload\" data-srcset=\"https:\/\/go-hre.org\/wp-content\/uploads\/2025\/04\/Cover_English_training.png 920w, https:\/\/go-hre.org\/wp-content\/uploads\/2025\/04\/Cover_English_training-900x510.png 900w, https:\/\/go-hre.org\/wp-content\/uploads\/2025\/04\/Cover_English_training-768x435.png 768w\" data-sizes=\"(max-width: 920px) 100vw, 920px\" src=\"data:image\/svg+xml;base64,PHN2ZyB3aWR0aD0iMSIgaGVpZ2h0PSIxIiB4bWxucz0iaHR0cDovL3d3dy53My5vcmcvMjAwMC9zdmciPjwvc3ZnPg==\" style=\"--smush-placeholder-width: 920px; --smush-placeholder-aspect-ratio: 920\/521;\" \/><\/figure>\n<\/div><\/div>\n<\/div>\n\n<div class=\"wp-block-columns is-layout-flex wp-container-core-columns-is-layout-9d6595d7 wp-block-columns-is-layout-flex\">\n<div class=\"wp-block-column is-layout-flow wp-block-column-is-layout-flow\">\n<p>Le manuel Colega comprend des le\u00e7ons sur l \u00ab \u00e9galit\u00e9, la discrimination, les brimades, le mariage et la famille, la religion ou les convictions, l \u00bb \u00e9ducation et le devoir envers la communaut\u00e9.<\/p>\n<\/div>\n\n\n\n<div class=\"wp-block-column is-layout-flow wp-block-column-is-layout-flow\"><div class=\"wp-block-image\">\n<figure class=\"aligncenter size-full\"><img decoding=\"async\" width=\"920\" height=\"521\" data-src=\"https:\/\/go-hre.org\/wp-content\/uploads\/2025\/04\/Lesson_English.png\" alt=\"Le&#xE7;on-anglais\" class=\"wp-image-847 lazyload\" data-srcset=\"https:\/\/go-hre.org\/wp-content\/uploads\/2025\/04\/Lesson_English.png 920w, https:\/\/go-hre.org\/wp-content\/uploads\/2025\/04\/Lesson_English-900x510.png 900w, https:\/\/go-hre.org\/wp-content\/uploads\/2025\/04\/Lesson_English-768x435.png 768w\" data-sizes=\"(max-width: 920px) 100vw, 920px\" src=\"data:image\/svg+xml;base64,PHN2ZyB3aWR0aD0iMSIgaGVpZ2h0PSIxIiB4bWxucz0iaHR0cDovL3d3dy53My5vcmcvMjAwMC9zdmciPjwvc3ZnPg==\" style=\"--smush-placeholder-width: 920px; --smush-placeholder-aspect-ratio: 920\/521;\" \/><\/figure>\n<\/div><\/div>\n<\/div>\n\n<div class=\"wp-block-columns is-layout-flex wp-container-core-columns-is-layout-9d6595d7 wp-block-columns-is-layout-flex\">\n<div class=\"wp-block-column is-layout-flow wp-block-column-is-layout-flow\">\n<p>En tant que membre des Nations Unies, votre pays a accept\u00e9 de d\u00e9fendre et d&rsquo;enseigner les principes et les valeurs \u00e9nonc\u00e9s dans la D\u00e9claration universelle des droits de l&rsquo;homme. Le mat\u00e9riel Colega a \u00e9t\u00e9 con\u00e7u pour vous aider \u00e0 sensibiliser les jeunes de votre communaut\u00e9 \u00e0 ces principes. Ce manuel est fourni gratuitement par le Bureau de Gen\u00e8ve pour l&rsquo;\u00e9ducation aux droits de l&rsquo;homme.  <\/p>\n<\/div>\n\n\n\n<div class=\"wp-block-column is-layout-flow wp-block-column-is-layout-flow\"><div class=\"wp-block-image\">\n<figure class=\"aligncenter size-full\"><img decoding=\"async\" width=\"900\" height=\"676\" data-src=\"https:\/\/go-hre.org\/wp-content\/uploads\/2025\/04\/go-hre-headquarters.jpg\" alt=\"go-hre-headquarters\" class=\"wp-image-83 lazyload\" data-srcset=\"https:\/\/go-hre.org\/wp-content\/uploads\/2025\/04\/go-hre-headquarters.jpg 900w, https:\/\/go-hre.org\/wp-content\/uploads\/2025\/04\/go-hre-headquarters-768x577.jpg 768w\" data-sizes=\"(max-width: 900px) 100vw, 900px\" src=\"data:image\/svg+xml;base64,PHN2ZyB3aWR0aD0iMSIgaGVpZ2h0PSIxIiB4bWxucz0iaHR0cDovL3d3dy53My5vcmcvMjAwMC9zdmciPjwvc3ZnPg==\" style=\"--smush-placeholder-width: 900px; --smush-placeholder-aspect-ratio: 900\/676;\" \/><figcaption class=\"wp-element-caption\">Bureau de l&rsquo;\u00e9ducation aux droits de l&rsquo;homme \u00e0 Gen\u00e8ve, Suisse<\/figcaption><\/figure>\n<\/div><\/div>\n<\/div>\n\n<div class=\"wp-block-columns is-layout-flex wp-container-core-columns-is-layout-9d6595d7 wp-block-columns-is-layout-flex\">\n<div class=\"wp-block-column is-layout-flow wp-block-column-is-layout-flow\">\n<p>Colega signifie ami. Notre logo repr\u00e9sente des enfants et leurs livres, et met l&rsquo;accent sur les droits de l&rsquo;homme pour tous les enfants. <\/p>\n<\/div>\n\n\n\n<div class=\"wp-block-column is-layout-flow wp-block-column-is-layout-flow\"><div class=\"wp-block-image\">\n<figure class=\"aligncenter size-full\"><img decoding=\"async\" width=\"286\" height=\"168\" data-src=\"https:\/\/go-hre.org\/wp-content\/uploads\/2025\/04\/Colega_Logo.png\" alt=\"Logo Colega\" class=\"wp-image-850 lazyload\" src=\"data:image\/svg+xml;base64,PHN2ZyB3aWR0aD0iMSIgaGVpZ2h0PSIxIiB4bWxucz0iaHR0cDovL3d3dy53My5vcmcvMjAwMC9zdmciPjwvc3ZnPg==\" style=\"--smush-placeholder-width: 286px; --smush-placeholder-aspect-ratio: 286\/168;\" \/><\/figure>\n<\/div><\/div>\n<\/div>\n\n<div class=\"wp-block-columns is-layout-flex wp-container-core-columns-is-layout-9d6595d7 wp-block-columns-is-layout-flex\">\n<div class=\"wp-block-column is-layout-flow wp-block-column-is-layout-flow\">\n<p>Les le\u00e7ons de Colega aident les enseignants, les administrateurs et les \u00e9l\u00e8ves \u00e0 conna\u00eetre leurs droits et leurs responsabilit\u00e9s.<\/p>\n<\/div>\n\n\n\n<div class=\"wp-block-column is-layout-flow wp-block-column-is-layout-flow\"><div class=\"wp-block-image\">\n<figure class=\"aligncenter size-full\"><img decoding=\"async\" width=\"460\" height=\"257\" data-src=\"https:\/\/go-hre.org\/wp-content\/uploads\/2025\/04\/T110.jpg\" alt=\"T110\" class=\"wp-image-851 lazyload\" src=\"data:image\/svg+xml;base64,PHN2ZyB3aWR0aD0iMSIgaGVpZ2h0PSIxIiB4bWxucz0iaHR0cDovL3d3dy53My5vcmcvMjAwMC9zdmciPjwvc3ZnPg==\" style=\"--smush-placeholder-width: 460px; --smush-placeholder-aspect-ratio: 460\/257;\" \/><\/figure>\n<\/div><\/div>\n<\/div>\n\n<div class=\"wp-block-columns is-layout-flex wp-container-core-columns-is-layout-9d6595d7 wp-block-columns-is-layout-flex\">\n<div class=\"wp-block-column is-layout-flow wp-block-column-is-layout-flow\">\n<p>Les le\u00e7ons de Colega comprennent des chansons, des histoires, des activit\u00e9s, des questions, des discussions et des d\u00e9fis.<\/p>\n<\/div>\n\n\n\n<div class=\"wp-block-column is-layout-flow wp-block-column-is-layout-flow\"><div class=\"wp-block-image\">\n<figure class=\"aligncenter size-full\"><img decoding=\"async\" width=\"960\" height=\"540\" data-src=\"https:\/\/go-hre.org\/wp-content\/uploads\/2025\/06\/Classroom_Slide_5.png\" alt=\"\" class=\"wp-image-2900 lazyload\" data-srcset=\"https:\/\/go-hre.org\/wp-content\/uploads\/2025\/06\/Classroom_Slide_5.png 960w, https:\/\/go-hre.org\/wp-content\/uploads\/2025\/06\/Classroom_Slide_5-900x506.png 900w, https:\/\/go-hre.org\/wp-content\/uploads\/2025\/06\/Classroom_Slide_5-768x432.png 768w\" data-sizes=\"(max-width: 960px) 100vw, 960px\" src=\"data:image\/svg+xml;base64,PHN2ZyB3aWR0aD0iMSIgaGVpZ2h0PSIxIiB4bWxucz0iaHR0cDovL3d3dy53My5vcmcvMjAwMC9zdmciPjwvc3ZnPg==\" style=\"--smush-placeholder-width: 960px; --smush-placeholder-aspect-ratio: 960\/540;\" \/><\/figure>\n<\/div><\/div>\n<\/div>\n","protected":false},"excerpt":{"rendered":"<p>D\u00e9couvrez pourquoi Colega a \u00e9t\u00e9 cr\u00e9\u00e9, ce que d&rsquo;autres disent de ses avantages \u00e9ducatifs et de son mat\u00e9riel et de ses ressources soigneusement \u00e9labor\u00e9s. D\u00e9couvrez les principes d&rsquo;enseignement de Colega, l&rsquo;organisation des le\u00e7ons et la mani\u00e8re dont les \u00e9l\u00e8ves apprennent leurs droits et leurs responsabilit\u00e9s. L&rsquo;\u00e9ducation aux droits de l&rsquo;homme est importante dans la vie [&hellip;]<\/p>\n","protected":false},"author":2,"featured_media":0,"parent":1592,"menu_order":0,"comment_status":"closed","ping_status":"closed","template":"","meta":{"_acf_changed":false,"inline_featured_image":false,"footnotes":""},"class_list":["post-2982","page","type-page","status-publish","hentry"],"acf":[],"yoast_head":"<!-- This site is optimized with the Yoast SEO plugin v27.4 - https:\/\/yoast.com\/product\/yoast-seo-wordpress\/ -->\n<title>Anglais : Formation 1 - GO-HRE<\/title>\n<meta name=\"robots\" content=\"index, follow, max-snippet:-1, max-image-preview:large, max-video-preview:-1\" \/>\n<link rel=\"canonical\" href=\"https:\/\/go-hre.org\/fr\/anglais-formation-1\/\" \/>\n<meta property=\"og:locale\" content=\"fr_FR\" \/>\n<meta property=\"og:type\" content=\"article\" \/>\n<meta property=\"og:title\" content=\"Anglais : Formation 1 - GO-HRE\" \/>\n<meta property=\"og:description\" content=\"D\u00e9couvrez pourquoi Colega a \u00e9t\u00e9 cr\u00e9\u00e9, ce que d&rsquo;autres disent de ses avantages \u00e9ducatifs et de son mat\u00e9riel et de ses ressources soigneusement \u00e9labor\u00e9s. D\u00e9couvrez les principes d&rsquo;enseignement de Colega, l&rsquo;organisation des le\u00e7ons et la mani\u00e8re dont les \u00e9l\u00e8ves apprennent leurs droits et leurs responsabilit\u00e9s. L&rsquo;\u00e9ducation aux droits de l&rsquo;homme est importante dans la vie [&hellip;]\" \/>\n<meta property=\"og:url\" content=\"https:\/\/go-hre.org\/fr\/anglais-formation-1\/\" \/>\n<meta property=\"og:site_name\" content=\"GO-HRE\" \/>\n<meta property=\"article:modified_time\" content=\"2025-06-04T04:20:57+00:00\" \/>\n<meta property=\"og:image\" content=\"https:\/\/go-hre.org\/wp-content\/uploads\/2025\/04\/hero-carousel-4.jpg\" \/>\n\t<meta property=\"og:image:width\" content=\"1600\" \/>\n\t<meta property=\"og:image:height\" content=\"771\" \/>\n\t<meta property=\"og:image:type\" content=\"image\/jpeg\" \/>\n<meta name=\"twitter:card\" content=\"summary_large_image\" \/>\n<meta name=\"twitter:label1\" content=\"Dur\u00e9e de lecture estim\u00e9e\" \/>\n\t<meta name=\"twitter:data1\" content=\"2 minutes\" \/>\n<script type=\"application\/ld+json\" class=\"yoast-schema-graph\">{\"@context\":\"https:\\\/\\\/schema.org\",\"@graph\":[{\"@type\":\"WebPage\",\"@id\":\"https:\\\/\\\/go-hre.org\\\/fr\\\/anglais-formation-1\\\/\",\"url\":\"https:\\\/\\\/go-hre.org\\\/fr\\\/anglais-formation-1\\\/\",\"name\":\"Anglais : Formation 1 - GO-HRE\",\"isPartOf\":{\"@id\":\"https:\\\/\\\/go-hre.org\\\/#website\"},\"primaryImageOfPage\":{\"@id\":\"https:\\\/\\\/go-hre.org\\\/fr\\\/anglais-formation-1\\\/#primaryimage\"},\"image\":{\"@id\":\"https:\\\/\\\/go-hre.org\\\/fr\\\/anglais-formation-1\\\/#primaryimage\"},\"thumbnailUrl\":\"https:\\\/\\\/go-hre.org\\\/wp-content\\\/uploads\\\/2025\\\/04\\\/hero-carousel-4.jpg\",\"datePublished\":\"2025-06-04T00:15:52+00:00\",\"dateModified\":\"2025-06-04T04:20:57+00:00\",\"breadcrumb\":{\"@id\":\"https:\\\/\\\/go-hre.org\\\/fr\\\/anglais-formation-1\\\/#breadcrumb\"},\"inLanguage\":\"fr-FR\",\"potentialAction\":[{\"@type\":\"ReadAction\",\"target\":[\"https:\\\/\\\/go-hre.org\\\/fr\\\/anglais-formation-1\\\/\"]}]},{\"@type\":\"ImageObject\",\"inLanguage\":\"fr-FR\",\"@id\":\"https:\\\/\\\/go-hre.org\\\/fr\\\/anglais-formation-1\\\/#primaryimage\",\"url\":\"https:\\\/\\\/go-hre.org\\\/wp-content\\\/uploads\\\/2025\\\/04\\\/hero-carousel-4.jpg\",\"contentUrl\":\"https:\\\/\\\/go-hre.org\\\/wp-content\\\/uploads\\\/2025\\\/04\\\/hero-carousel-4.jpg\"},{\"@type\":\"BreadcrumbList\",\"@id\":\"https:\\\/\\\/go-hre.org\\\/fr\\\/anglais-formation-1\\\/#breadcrumb\",\"itemListElement\":[{\"@type\":\"ListItem\",\"position\":1,\"name\":\"Home\",\"item\":\"https:\\\/\\\/go-hre.org\\\/fr\\\/page-daccueil\\\/\"},{\"@type\":\"ListItem\",\"position\":2,\"name\":\"Anglais : Formation 1\"}]},{\"@type\":\"WebSite\",\"@id\":\"https:\\\/\\\/go-hre.org\\\/#website\",\"url\":\"https:\\\/\\\/go-hre.org\\\/\",\"name\":\"GO-HRE\",\"description\":\"Bureau de l'\u00e9ducation aux droits de l'homme \u00e0 Gen\u00e8ve\",\"publisher\":{\"@id\":\"https:\\\/\\\/go-hre.org\\\/#organization\"},\"potentialAction\":[{\"@type\":\"SearchAction\",\"target\":{\"@type\":\"EntryPoint\",\"urlTemplate\":\"https:\\\/\\\/go-hre.org\\\/?s={search_term_string}\"},\"query-input\":{\"@type\":\"PropertyValueSpecification\",\"valueRequired\":true,\"valueName\":\"search_term_string\"}}],\"inLanguage\":\"fr-FR\"},{\"@type\":\"Organization\",\"@id\":\"https:\\\/\\\/go-hre.org\\\/#organization\",\"name\":\"GO-HRE\",\"url\":\"https:\\\/\\\/go-hre.org\\\/\",\"logo\":{\"@type\":\"ImageObject\",\"inLanguage\":\"fr-FR\",\"@id\":\"https:\\\/\\\/go-hre.org\\\/#\\\/schema\\\/logo\\\/image\\\/\",\"url\":\"https:\\\/\\\/go-hre.org\\\/wp-content\\\/uploads\\\/2025\\\/04\\\/favicon.png\",\"contentUrl\":\"https:\\\/\\\/go-hre.org\\\/wp-content\\\/uploads\\\/2025\\\/04\\\/favicon.png\",\"width\":258,\"height\":258,\"caption\":\"GO-HRE\"},\"image\":{\"@id\":\"https:\\\/\\\/go-hre.org\\\/#\\\/schema\\\/logo\\\/image\\\/\"}}]}<\/script>\n<!-- \/ Yoast SEO plugin. -->","yoast_head_json":{"title":"Anglais : Formation 1 - GO-HRE","robots":{"index":"index","follow":"follow","max-snippet":"max-snippet:-1","max-image-preview":"max-image-preview:large","max-video-preview":"max-video-preview:-1"},"canonical":"https:\/\/go-hre.org\/fr\/anglais-formation-1\/","og_locale":"fr_FR","og_type":"article","og_title":"Anglais : Formation 1 - GO-HRE","og_description":"D\u00e9couvrez pourquoi Colega a \u00e9t\u00e9 cr\u00e9\u00e9, ce que d&rsquo;autres disent de ses avantages \u00e9ducatifs et de son mat\u00e9riel et de ses ressources soigneusement \u00e9labor\u00e9s. D\u00e9couvrez les principes d&rsquo;enseignement de Colega, l&rsquo;organisation des le\u00e7ons et la mani\u00e8re dont les \u00e9l\u00e8ves apprennent leurs droits et leurs responsabilit\u00e9s. L&rsquo;\u00e9ducation aux droits de l&rsquo;homme est importante dans la vie [&hellip;]","og_url":"https:\/\/go-hre.org\/fr\/anglais-formation-1\/","og_site_name":"GO-HRE","article_modified_time":"2025-06-04T04:20:57+00:00","og_image":[{"width":1600,"height":771,"url":"https:\/\/go-hre.org\/wp-content\/uploads\/2025\/04\/hero-carousel-4.jpg","type":"image\/jpeg"}],"twitter_card":"summary_large_image","twitter_misc":{"Dur\u00e9e de lecture estim\u00e9e":"2 minutes"},"schema":{"@context":"https:\/\/schema.org","@graph":[{"@type":"WebPage","@id":"https:\/\/go-hre.org\/fr\/anglais-formation-1\/","url":"https:\/\/go-hre.org\/fr\/anglais-formation-1\/","name":"Anglais : Formation 1 - GO-HRE","isPartOf":{"@id":"https:\/\/go-hre.org\/#website"},"primaryImageOfPage":{"@id":"https:\/\/go-hre.org\/fr\/anglais-formation-1\/#primaryimage"},"image":{"@id":"https:\/\/go-hre.org\/fr\/anglais-formation-1\/#primaryimage"},"thumbnailUrl":"https:\/\/go-hre.org\/wp-content\/uploads\/2025\/04\/hero-carousel-4.jpg","datePublished":"2025-06-04T00:15:52+00:00","dateModified":"2025-06-04T04:20:57+00:00","breadcrumb":{"@id":"https:\/\/go-hre.org\/fr\/anglais-formation-1\/#breadcrumb"},"inLanguage":"fr-FR","potentialAction":[{"@type":"ReadAction","target":["https:\/\/go-hre.org\/fr\/anglais-formation-1\/"]}]},{"@type":"ImageObject","inLanguage":"fr-FR","@id":"https:\/\/go-hre.org\/fr\/anglais-formation-1\/#primaryimage","url":"https:\/\/go-hre.org\/wp-content\/uploads\/2025\/04\/hero-carousel-4.jpg","contentUrl":"https:\/\/go-hre.org\/wp-content\/uploads\/2025\/04\/hero-carousel-4.jpg"},{"@type":"BreadcrumbList","@id":"https:\/\/go-hre.org\/fr\/anglais-formation-1\/#breadcrumb","itemListElement":[{"@type":"ListItem","position":1,"name":"Home","item":"https:\/\/go-hre.org\/fr\/page-daccueil\/"},{"@type":"ListItem","position":2,"name":"Anglais : Formation 1"}]},{"@type":"WebSite","@id":"https:\/\/go-hre.org\/#website","url":"https:\/\/go-hre.org\/","name":"GO-HRE","description":"Bureau de l'\u00e9ducation aux droits de l'homme \u00e0 Gen\u00e8ve","publisher":{"@id":"https:\/\/go-hre.org\/#organization"},"potentialAction":[{"@type":"SearchAction","target":{"@type":"EntryPoint","urlTemplate":"https:\/\/go-hre.org\/?s={search_term_string}"},"query-input":{"@type":"PropertyValueSpecification","valueRequired":true,"valueName":"search_term_string"}}],"inLanguage":"fr-FR"},{"@type":"Organization","@id":"https:\/\/go-hre.org\/#organization","name":"GO-HRE","url":"https:\/\/go-hre.org\/","logo":{"@type":"ImageObject","inLanguage":"fr-FR","@id":"https:\/\/go-hre.org\/#\/schema\/logo\/image\/","url":"https:\/\/go-hre.org\/wp-content\/uploads\/2025\/04\/favicon.png","contentUrl":"https:\/\/go-hre.org\/wp-content\/uploads\/2025\/04\/favicon.png","width":258,"height":258,"caption":"GO-HRE"},"image":{"@id":"https:\/\/go-hre.org\/#\/schema\/logo\/image\/"}}]}},"_links":{"self":[{"href":"https:\/\/go-hre.org\/fr\/wp-json\/wp\/v2\/pages\/2982","targetHints":{"allow":["GET"]}}],"collection":[{"href":"https:\/\/go-hre.org\/fr\/wp-json\/wp\/v2\/pages"}],"about":[{"href":"https:\/\/go-hre.org\/fr\/wp-json\/wp\/v2\/types\/page"}],"author":[{"embeddable":true,"href":"https:\/\/go-hre.org\/fr\/wp-json\/wp\/v2\/users\/2"}],"replies":[{"embeddable":true,"href":"https:\/\/go-hre.org\/fr\/wp-json\/wp\/v2\/comments?post=2982"}],"version-history":[{"count":3,"href":"https:\/\/go-hre.org\/fr\/wp-json\/wp\/v2\/pages\/2982\/revisions"}],"predecessor-version":[{"id":3052,"href":"https:\/\/go-hre.org\/fr\/wp-json\/wp\/v2\/pages\/2982\/revisions\/3052"}],"up":[{"embeddable":true,"href":"https:\/\/go-hre.org\/fr\/wp-json\/wp\/v2\/pages\/1592"}],"wp:attachment":[{"href":"https:\/\/go-hre.org\/fr\/wp-json\/wp\/v2\/media?parent=2982"}],"curies":[{"name":"wp","href":"https:\/\/api.w.org\/{rel}","templated":true}]}}