{"id":3000,"date":"2025-05-27T12:24:26","date_gmt":"2025-05-27T18:24:26","guid":{"rendered":"https:\/\/go-hre.org\/ressources\/ressources-video\/"},"modified":"2025-06-03T21:39:05","modified_gmt":"2025-06-04T03:39:05","slug":"ressources-video","status":"publish","type":"page","link":"https:\/\/go-hre.org\/fr\/ressources\/ressources-video\/","title":{"rendered":"Ressources vid\u00e9o"},"content":{"rendered":"\n<div class=\"wp-block-columns is-layout-flex wp-container-core-columns-is-layout-9d6595d7 wp-block-columns-is-layout-flex\">\n<div class=\"wp-block-column is-layout-flow wp-block-column-is-layout-flow\">\n<p class=\"has-red-color has-text-color has-link-color wp-elements-2e8a60671ccb4e5ea944ed2735f61c32\"><strong>Un chemin vers la dignit\u00e9 : Le pouvoir de l&rsquo;\u00e9ducation aux droits de l&rsquo;homme<\/strong><\/p>\n\n\n\n<p>Le pouvoir de l&rsquo;\u00e9ducation aux droits de l&rsquo;homme est illustr\u00e9 par des \u00e9tudes de cas en Inde, en Australie et en Turquie dans ce film produit conjointement par SGI, Human Rights Education Associates (HREA) et le Haut-Commissariat des Nations unies aux droits de l&rsquo;homme (HCDH). Vous pouvez consulter ce film \u00e0 l&rsquo;adresse suivante <a href=\"http:\/\/pathtodignity.org\/\"><strong>http:\/\/pathtodignity.org\/<\/strong><\/a> <\/p>\n<\/div>\n\n\n\n<div class=\"wp-block-column is-layout-flow wp-block-column-is-layout-flow\">\n<div class=\"responsive_video\"><iframe width=\"560\" height=\"315\" data-src=\"https:\/\/www.youtube.com\/embed\/nQeTvTCncrU?si=qFybRjqdIrFbVUzC\" title=\"Lecteur vid\u00e9o YouTube\" frameborder=\"0\" allow=\"accelerometer; autoplay; clipboard-write; encrypted-media; gyroscope; picture-in-picture; web-share\" referrerpolicy=\"strict-origin-when-cross-origin\" allowfullscreen=\"\" src=\"data:image\/svg+xml;base64,PHN2ZyB3aWR0aD0iMSIgaGVpZ2h0PSIxIiB4bWxucz0iaHR0cDovL3d3dy53My5vcmcvMjAwMC9zdmciPjwvc3ZnPg==\" class=\"lazyload\" data-load-mode=\"1\"><\/iframe><\/div>\n<\/div>\n<\/div>\n\n<hr class=\"wp-block-separator has-alpha-channel-opacity\"\/>\n\n<div class=\"wp-block-columns is-layout-flex wp-container-core-columns-is-layout-9d6595d7 wp-block-columns-is-layout-flex\">\n<div class=\"wp-block-column is-layout-flow wp-block-column-is-layout-flow\">\n<p class=\"has-red-color has-text-color has-link-color wp-elements-ef3a36433af8e1c9b99007e6bf3b85a9\"><strong>La vie et les pri\u00e8res quotidiennes de cinq enfants de confessions diff\u00e9rentes<\/strong><\/p>\n\n\n\n<p>Un nouveau court-m\u00e9trage intitul\u00e9 <em>Five<\/em>, r\u00e9alis\u00e9 par un couple californien, les Mercadantes, refl\u00e8te magnifiquement la vie quotidienne, les rituels et les pri\u00e8res de cinq jeunes enfants originaires de diff\u00e9rentes parties du monde. Commen\u00e7ant le matin et nous emmenant finalement dans le lieu de culte de chacun de ces enfants, ce film nous permet de r\u00e9fl\u00e9chir instantan\u00e9ment aux diff\u00e9rences et aux similitudes quotidiennes des personnes de foi \u00e0 travers le monde. <\/p>\n<\/div>\n\n\n\n<div class=\"wp-block-column is-layout-flow wp-block-column-is-layout-flow\">\n<div style=\"padding:56.25% 0 0 0;position:relative;\"><iframe data-src=\"https:\/\/player.vimeo.com\/video\/124385005?badge=0&#038;autopause=0&#038;player_id=0&#038;app_id=58479\" frameborder=\"0\" allow=\"autoplay; fullscreen; picture-in-picture; clipboard-write; encrypted-media\" style=\"position:absolute;top:0;left:0;width:100%;height:100%;\" title=\"Cinq\" src=\"data:image\/svg+xml;base64,PHN2ZyB3aWR0aD0iMSIgaGVpZ2h0PSIxIiB4bWxucz0iaHR0cDovL3d3dy53My5vcmcvMjAwMC9zdmciPjwvc3ZnPg==\" class=\"lazyload\" data-load-mode=\"1\"><\/iframe><\/div><script src=\"https:\/\/player.vimeo.com\/api\/player.js\"><\/script>\n<\/div>\n<\/div>\n\n<hr class=\"wp-block-separator has-alpha-channel-opacity\"\/>\n\n<div class=\"wp-block-columns is-layout-flex wp-container-core-columns-is-layout-9d6595d7 wp-block-columns-is-layout-flex\">\n<div class=\"wp-block-column is-layout-flow wp-block-column-is-layout-flow\">\n<p class=\"has-red-color has-text-color has-link-color wp-elements-1b2743ef549527dd7589d90bac75c497\"><strong>Qu&rsquo;est-ce que les droits de l&rsquo;homme et pourquoi sont-ils importants ?<\/strong><\/p>\n\n\n\n<p>Chaque personne sur cette terre a des droits, notamment le droit \u00e0 un nom, le droit \u00e0 une nationalit\u00e9, le droit \u00e0 l&rsquo;\u00e9ducation et le droit \u00e0 un logement d\u00e9cent. La D\u00e9claration universelle des droits de l&rsquo;homme \u00e9nonce 30 droits de l&rsquo;homme. Si la plupart des pays du monde respectent ces droits, de nombreux pays les bafouent ou les ignorent encore. Il est important que nous connaissions nos droits, de sorte que lorsque ces droits sont viol\u00e9s, nous puissions faire le n\u00e9cessaire pour y rem\u00e9dier.   <\/p>\n<\/div>\n\n\n\n<div class=\"wp-block-column is-layout-flow wp-block-column-is-layout-flow\">\n<div style=\"padding:56.25% 0 0 0;position:relative;\"><iframe data-src=\"https:\/\/player.vimeo.com\/video\/711054899?badge=0&#038;autopause=0&#038;player_id=0&#038;app_id=58479\" frameborder=\"0\" allow=\"autoplay; fullscreen; picture-in-picture; clipboard-write; encrypted-media\" style=\"position:absolute;top:0;left:0;width:100%;height:100%;\" title=\"Qu'est-ce que les droits de l'homme et pourquoi sont-ils importants ?\" src=\"data:image\/svg+xml;base64,PHN2ZyB3aWR0aD0iMSIgaGVpZ2h0PSIxIiB4bWxucz0iaHR0cDovL3d3dy53My5vcmcvMjAwMC9zdmciPjwvc3ZnPg==\" class=\"lazyload\" data-load-mode=\"1\"><\/iframe><\/div>\n<\/div>\n<\/div>\n\n<hr class=\"wp-block-separator has-alpha-channel-opacity\"\/>\n\n<div class=\"wp-block-columns is-layout-flex wp-container-core-columns-is-layout-9d6595d7 wp-block-columns-is-layout-flex\">\n<div class=\"wp-block-column is-layout-flow wp-block-column-is-layout-flow\">\n<p class=\"has-red-color has-text-color has-link-color wp-elements-cbfdd25ff72295fac51acb64c5af0897\"><strong>L&rsquo;\u00e9ducation - Votre cl\u00e9 magique<\/strong><\/p>\n\n\n\n<p>L&rsquo;article 26 stipule que tous les \u00eatres humains ont droit \u00e0 l&rsquo;\u00e9ducation. L&rsquo;\u00e9ducation de base doit \u00eatre obligatoire et gratuite, au moins aux stades \u00e9l\u00e9mentaire et fondamental. Cependant, de nombreuses personnes sont priv\u00e9es d&rsquo;\u00e9ducation dans le monde. C&rsquo;est votre droit, et chacun m\u00e9rite d&rsquo;avoir la possibilit\u00e9 d&rsquo;apprendre dans une \u00e9cole. L&rsquo;enseignement technique et professionnel doit \u00eatre g\u00e9n\u00e9ralis\u00e9 et l&rsquo;enseignement sup\u00e9rieur doit \u00eatre accessible \u00e0 tous sur la base du m\u00e9rite.    <\/p>\n<\/div>\n\n\n\n<div class=\"wp-block-column is-layout-flow wp-block-column-is-layout-flow\">\n<div style=\"padding:56.25% 0 0 0;position:relative;\"><iframe data-src=\"https:\/\/player.vimeo.com\/video\/711054852?badge=0&#038;autopause=0&#038;player_id=0&#038;app_id=58479\" frameborder=\"0\" allow=\"autoplay; fullscreen; picture-in-picture; clipboard-write; encrypted-media\" style=\"position:absolute;top:0;left:0;width:100%;height:100%;\" title=\"L'\u00e9ducation - Votre cl\u00e9 magique (Droits de l'homme).mp4\" src=\"data:image\/svg+xml;base64,PHN2ZyB3aWR0aD0iMSIgaGVpZ2h0PSIxIiB4bWxucz0iaHR0cDovL3d3dy53My5vcmcvMjAwMC9zdmciPjwvc3ZnPg==\" class=\"lazyload\" data-load-mode=\"1\"><\/iframe><\/div>\n<\/div>\n<\/div>\n\n<hr class=\"wp-block-separator has-alpha-channel-opacity\"\/>\n\n<div class=\"wp-block-columns is-layout-flex wp-container-core-columns-is-layout-9d6595d7 wp-block-columns-is-layout-flex\">\n<div class=\"wp-block-column is-layout-flow wp-block-column-is-layout-flow\">\n<p class=\"has-red-color has-text-color has-link-color wp-elements-27204863aeb9380d795197a414ec171d\"><strong>Libert\u00e9 de religion ou de conviction<\/strong><\/p>\n\n\n\n<p>L&rsquo;article 18 de la D\u00e9claration universelle des droits de l&rsquo;homme stipule ce qui suit : Toute personne a droit \u00e0 la libert\u00e9 de pens\u00e9e, de conscience et de religion ; ce droit implique la libert\u00e9 de changer de religion ou de conviction ainsi que la libert\u00e9 de manifester sa religion ou sa conviction, individuellement ou collectivement, en public ou en priv\u00e9, par l&rsquo;enseignement, les pratiques, le culte et l&rsquo;accomplissement des rites.<\/p>\n<\/div>\n\n\n\n<div class=\"wp-block-column is-layout-flow wp-block-column-is-layout-flow\">\n<div style=\"padding:56.25% 0 0 0;position:relative;\"><iframe data-src=\"https:\/\/player.vimeo.com\/video\/711054874?badge=0&#038;autopause=0&#038;player_id=0&#038;app_id=58479\" frameborder=\"0\" allow=\"autoplay; fullscreen; picture-in-picture; clipboard-write; encrypted-media\" style=\"position:absolute;top:0;left:0;width:100%;height:100%;\" title=\"Libert\u00e9 de religion ou de conviction - Droits de l'homme.mp4\" src=\"data:image\/svg+xml;base64,PHN2ZyB3aWR0aD0iMSIgaGVpZ2h0PSIxIiB4bWxucz0iaHR0cDovL3d3dy53My5vcmcvMjAwMC9zdmciPjwvc3ZnPg==\" class=\"lazyload\" data-load-mode=\"1\"><\/iframe><\/div>\n<\/div>\n<\/div>\n\n<hr class=\"wp-block-separator has-alpha-channel-opacity\"\/>\n\n<div class=\"wp-block-columns is-layout-flex wp-container-core-columns-is-layout-9d6595d7 wp-block-columns-is-layout-flex\">\n<div class=\"wp-block-column is-layout-flow wp-block-column-is-layout-flow\">\n<p class=\"has-red-color has-text-color has-link-color wp-elements-14013ca1051da5fa44f81032f2021bef\"><strong>Vous avez droit \u00e0 une famille<\/strong><\/p>\n\n\n\n<p>Saviez-vous que faire partie d&rsquo;une famille est l&rsquo;un de vos 30 droits fondamentaux ? Vous avez \u00e9galement le droit de choisir quand et avec qui vous vous mariez. Vous et votre conjoint avez des droits \u00e9gaux. (Article 16)   <\/p>\n<\/div>\n\n\n\n<div class=\"wp-block-column is-layout-flow wp-block-column-is-layout-flow\">\n<div style=\"padding:56.25% 0 0 0;position:relative;\"><iframe data-src=\"https:\/\/player.vimeo.com\/video\/711054837?badge=0&#038;autopause=0&#038;player_id=0&#038;app_id=58479\" frameborder=\"0\" allow=\"autoplay; fullscreen; picture-in-picture; clipboard-write; encrypted-media\" style=\"position:absolute;top:0;left:0;width:100%;height:100%;\" title=\"Avez-vous droit \u00e0 une famille - (Droits de l'homme).mp4\" src=\"data:image\/svg+xml;base64,PHN2ZyB3aWR0aD0iMSIgaGVpZ2h0PSIxIiB4bWxucz0iaHR0cDovL3d3dy53My5vcmcvMjAwMC9zdmciPjwvc3ZnPg==\" class=\"lazyload\" data-load-mode=\"1\"><\/iframe><\/div>\n<\/div>\n<\/div>\n\n<hr class=\"wp-block-separator has-alpha-channel-opacity\"\/>\n\n<div class=\"wp-block-columns is-layout-flex wp-container-core-columns-is-layout-9d6595d7 wp-block-columns-is-layout-flex\">\n<div class=\"wp-block-column is-layout-flow wp-block-column-is-layout-flow\">\n<p class=\"has-red-color has-text-color has-link-color wp-elements-2782496374a5bf7070d1e2ce2efe5d61\"><strong>Droit \u00e0 la vie<\/strong><\/p>\n\n\n\n<p>L&rsquo;article 3 de la D\u00e9claration universelle des droits de l&rsquo;homme stipule ce qui suit : Tout individu a droit \u00e0 la vie, \u00e0 la libert\u00e9 et \u00e0 la s\u00fbret\u00e9 de sa personne. Nous avons tous des droits l\u00e9gaux et devons \u00eatre trait\u00e9s de la m\u00eame mani\u00e8re par la loi. Une personne accus\u00e9e a le droit d&rsquo;\u00eatre pr\u00e9sum\u00e9e innocente jusqu&rsquo;\u00e0 ce que sa culpabilit\u00e9 soit prouv\u00e9e (article 11), d&rsquo;\u00eatre trait\u00e9e avec humanit\u00e9 (articles 4 et 5) et de b\u00e9n\u00e9ficier d&rsquo;un proc\u00e8s \u00e9quitable et public (article 10).  <\/p>\n<\/div>\n\n\n\n<div class=\"wp-block-column is-layout-flow wp-block-column-is-layout-flow\">\n<div style=\"padding:56.25% 0 0 0;position:relative;\"><iframe data-src=\"https:\/\/player.vimeo.com\/video\/711054880?badge=0&#038;autopause=0&#038;player_id=0&#038;app_id=58479\" frameborder=\"0\" allow=\"autoplay; fullscreen; picture-in-picture; clipboard-write; encrypted-media\" style=\"position:absolute;top:0;left:0;width:100%;height:100%;\" title=\"Droit \u00e0 la vie - Droits de l'homme.mp4\" src=\"data:image\/svg+xml;base64,PHN2ZyB3aWR0aD0iMSIgaGVpZ2h0PSIxIiB4bWxucz0iaHR0cDovL3d3dy53My5vcmcvMjAwMC9zdmciPjwvc3ZnPg==\" class=\"lazyload\" data-load-mode=\"1\"><\/iframe><\/div>\n<\/div>\n<\/div>\n\n<hr class=\"wp-block-separator has-alpha-channel-opacity\"\/>\n\n<div class=\"wp-block-columns is-layout-flex wp-container-core-columns-is-layout-9d6595d7 wp-block-columns-is-layout-flex\">\n<div class=\"wp-block-column is-layout-flow wp-block-column-is-layout-flow\">\n<p class=\"has-red-color has-text-color has-link-color wp-elements-a0922ce156ff17249192682e0a946aa5\"><strong>Discrimination<\/strong><\/p>\n\n\n\n<p>Lorsque nous traitons les autres diff\u00e9remment ou injustement parce qu&rsquo;ils sont diff\u00e9rents de nous, il s&rsquo;agit de discrimination. En r\u00e9alit\u00e9, nous nous ressemblons plus que nous ne sommes diff\u00e9rents. Cette vid\u00e9o montre comment nous pouvons d\u00e9velopper l&rsquo;empathie, la compr\u00e9hension et la compassion et lutter contre la discrimination.  <\/p>\n<\/div>\n\n\n\n<div class=\"wp-block-column is-layout-flow wp-block-column-is-layout-flow\">\n<div style=\"padding:56.25% 0 0 0;position:relative;\"><iframe data-src=\"https:\/\/player.vimeo.com\/video\/711054821?badge=0&#038;autopause=0&#038;player_id=0&#038;app_id=58479\" frameborder=\"0\" allow=\"autoplay; fullscreen; picture-in-picture; clipboard-write; encrypted-media\" style=\"position:absolute;top:0;left:0;width:100%;height:100%;\" title=\"Discrimination (Nous sommes tous \u00e9gaux) - Droits de l'homme.mp4\" src=\"data:image\/svg+xml;base64,PHN2ZyB3aWR0aD0iMSIgaGVpZ2h0PSIxIiB4bWxucz0iaHR0cDovL3d3dy53My5vcmcvMjAwMC9zdmciPjwvc3ZnPg==\" class=\"lazyload\" data-load-mode=\"1\"><\/iframe><\/div>\n<\/div>\n<\/div>\n","protected":false},"excerpt":{"rendered":"<p>Un chemin vers la dignit\u00e9 : Le pouvoir de l&rsquo;\u00e9ducation aux droits de l&rsquo;homme Le pouvoir de l&rsquo;\u00e9ducation aux droits de l&rsquo;homme est illustr\u00e9 par des \u00e9tudes de cas en Inde, en Australie et en Turquie dans ce film produit conjointement par SGI, Human Rights Education Associates (HREA) et le Haut-Commissariat des Nations unies aux [&hellip;]<\/p>\n","protected":false},"author":1,"featured_media":0,"parent":1597,"menu_order":0,"comment_status":"closed","ping_status":"closed","template":"","meta":{"_acf_changed":false,"inline_featured_image":false,"footnotes":""},"class_list":["post-3000","page","type-page","status-publish","hentry"],"acf":[],"yoast_head":"<!-- This site is optimized with the Yoast SEO plugin v27.4 - https:\/\/yoast.com\/product\/yoast-seo-wordpress\/ -->\n<title>Ressources vid\u00e9o - GO-HRE<\/title>\n<meta name=\"robots\" content=\"index, follow, max-snippet:-1, max-image-preview:large, max-video-preview:-1\" \/>\n<link rel=\"canonical\" href=\"https:\/\/go-hre.org\/fr\/ressources\/ressources-video\/\" \/>\n<meta property=\"og:locale\" content=\"fr_FR\" \/>\n<meta property=\"og:type\" content=\"article\" \/>\n<meta property=\"og:title\" content=\"Ressources vid\u00e9o - GO-HRE\" \/>\n<meta property=\"og:description\" content=\"Un chemin vers la dignit\u00e9 : Le pouvoir de l&rsquo;\u00e9ducation aux droits de l&rsquo;homme Le pouvoir de l&rsquo;\u00e9ducation aux droits de l&rsquo;homme est illustr\u00e9 par des \u00e9tudes de cas en Inde, en Australie et en Turquie dans ce film produit conjointement par SGI, Human Rights Education Associates (HREA) et le Haut-Commissariat des Nations unies aux [&hellip;]\" \/>\n<meta property=\"og:url\" content=\"https:\/\/go-hre.org\/fr\/ressources\/ressources-video\/\" \/>\n<meta property=\"og:site_name\" content=\"GO-HRE\" \/>\n<meta property=\"article:modified_time\" content=\"2025-06-04T03:39:05+00:00\" \/>\n<meta name=\"twitter:card\" content=\"summary_large_image\" \/>\n<meta name=\"twitter:label1\" content=\"Dur\u00e9e de lecture estim\u00e9e\" \/>\n\t<meta name=\"twitter:data1\" content=\"3 minutes\" \/>\n<script type=\"application\/ld+json\" class=\"yoast-schema-graph\">{\"@context\":\"https:\\\/\\\/schema.org\",\"@graph\":[{\"@type\":\"WebPage\",\"@id\":\"https:\\\/\\\/go-hre.org\\\/fr\\\/ressources\\\/ressources-video\\\/\",\"url\":\"https:\\\/\\\/go-hre.org\\\/fr\\\/ressources\\\/ressources-video\\\/\",\"name\":\"Ressources vid\u00e9o - GO-HRE\",\"isPartOf\":{\"@id\":\"https:\\\/\\\/go-hre.org\\\/#website\"},\"datePublished\":\"2025-05-27T18:24:26+00:00\",\"dateModified\":\"2025-06-04T03:39:05+00:00\",\"breadcrumb\":{\"@id\":\"https:\\\/\\\/go-hre.org\\\/fr\\\/ressources\\\/ressources-video\\\/#breadcrumb\"},\"inLanguage\":\"fr-FR\",\"potentialAction\":[{\"@type\":\"ReadAction\",\"target\":[\"https:\\\/\\\/go-hre.org\\\/fr\\\/ressources\\\/ressources-video\\\/\"]}]},{\"@type\":\"BreadcrumbList\",\"@id\":\"https:\\\/\\\/go-hre.org\\\/fr\\\/ressources\\\/ressources-video\\\/#breadcrumb\",\"itemListElement\":[{\"@type\":\"ListItem\",\"position\":1,\"name\":\"Home\",\"item\":\"https:\\\/\\\/go-hre.org\\\/fr\\\/page-daccueil\\\/\"},{\"@type\":\"ListItem\",\"position\":2,\"name\":\"Ressources\",\"item\":\"https:\\\/\\\/go-hre.org\\\/fr\\\/ressources\\\/\"},{\"@type\":\"ListItem\",\"position\":3,\"name\":\"Ressources vid\u00e9o\"}]},{\"@type\":\"WebSite\",\"@id\":\"https:\\\/\\\/go-hre.org\\\/#website\",\"url\":\"https:\\\/\\\/go-hre.org\\\/\",\"name\":\"GO-HRE\",\"description\":\"Bureau de l'\u00e9ducation aux droits de l'homme \u00e0 Gen\u00e8ve\",\"publisher\":{\"@id\":\"https:\\\/\\\/go-hre.org\\\/#organization\"},\"potentialAction\":[{\"@type\":\"SearchAction\",\"target\":{\"@type\":\"EntryPoint\",\"urlTemplate\":\"https:\\\/\\\/go-hre.org\\\/?s={search_term_string}\"},\"query-input\":{\"@type\":\"PropertyValueSpecification\",\"valueRequired\":true,\"valueName\":\"search_term_string\"}}],\"inLanguage\":\"fr-FR\"},{\"@type\":\"Organization\",\"@id\":\"https:\\\/\\\/go-hre.org\\\/#organization\",\"name\":\"GO-HRE\",\"url\":\"https:\\\/\\\/go-hre.org\\\/\",\"logo\":{\"@type\":\"ImageObject\",\"inLanguage\":\"fr-FR\",\"@id\":\"https:\\\/\\\/go-hre.org\\\/#\\\/schema\\\/logo\\\/image\\\/\",\"url\":\"https:\\\/\\\/go-hre.org\\\/wp-content\\\/uploads\\\/2025\\\/04\\\/favicon.png\",\"contentUrl\":\"https:\\\/\\\/go-hre.org\\\/wp-content\\\/uploads\\\/2025\\\/04\\\/favicon.png\",\"width\":258,\"height\":258,\"caption\":\"GO-HRE\"},\"image\":{\"@id\":\"https:\\\/\\\/go-hre.org\\\/#\\\/schema\\\/logo\\\/image\\\/\"}}]}<\/script>\n<!-- \/ Yoast SEO plugin. -->","yoast_head_json":{"title":"Ressources vid\u00e9o - GO-HRE","robots":{"index":"index","follow":"follow","max-snippet":"max-snippet:-1","max-image-preview":"max-image-preview:large","max-video-preview":"max-video-preview:-1"},"canonical":"https:\/\/go-hre.org\/fr\/ressources\/ressources-video\/","og_locale":"fr_FR","og_type":"article","og_title":"Ressources vid\u00e9o - GO-HRE","og_description":"Un chemin vers la dignit\u00e9 : Le pouvoir de l&rsquo;\u00e9ducation aux droits de l&rsquo;homme Le pouvoir de l&rsquo;\u00e9ducation aux droits de l&rsquo;homme est illustr\u00e9 par des \u00e9tudes de cas en Inde, en Australie et en Turquie dans ce film produit conjointement par SGI, Human Rights Education Associates (HREA) et le Haut-Commissariat des Nations unies aux [&hellip;]","og_url":"https:\/\/go-hre.org\/fr\/ressources\/ressources-video\/","og_site_name":"GO-HRE","article_modified_time":"2025-06-04T03:39:05+00:00","twitter_card":"summary_large_image","twitter_misc":{"Dur\u00e9e de lecture estim\u00e9e":"3 minutes"},"schema":{"@context":"https:\/\/schema.org","@graph":[{"@type":"WebPage","@id":"https:\/\/go-hre.org\/fr\/ressources\/ressources-video\/","url":"https:\/\/go-hre.org\/fr\/ressources\/ressources-video\/","name":"Ressources vid\u00e9o - GO-HRE","isPartOf":{"@id":"https:\/\/go-hre.org\/#website"},"datePublished":"2025-05-27T18:24:26+00:00","dateModified":"2025-06-04T03:39:05+00:00","breadcrumb":{"@id":"https:\/\/go-hre.org\/fr\/ressources\/ressources-video\/#breadcrumb"},"inLanguage":"fr-FR","potentialAction":[{"@type":"ReadAction","target":["https:\/\/go-hre.org\/fr\/ressources\/ressources-video\/"]}]},{"@type":"BreadcrumbList","@id":"https:\/\/go-hre.org\/fr\/ressources\/ressources-video\/#breadcrumb","itemListElement":[{"@type":"ListItem","position":1,"name":"Home","item":"https:\/\/go-hre.org\/fr\/page-daccueil\/"},{"@type":"ListItem","position":2,"name":"Ressources","item":"https:\/\/go-hre.org\/fr\/ressources\/"},{"@type":"ListItem","position":3,"name":"Ressources vid\u00e9o"}]},{"@type":"WebSite","@id":"https:\/\/go-hre.org\/#website","url":"https:\/\/go-hre.org\/","name":"GO-HRE","description":"Bureau de l'\u00e9ducation aux droits de l'homme \u00e0 Gen\u00e8ve","publisher":{"@id":"https:\/\/go-hre.org\/#organization"},"potentialAction":[{"@type":"SearchAction","target":{"@type":"EntryPoint","urlTemplate":"https:\/\/go-hre.org\/?s={search_term_string}"},"query-input":{"@type":"PropertyValueSpecification","valueRequired":true,"valueName":"search_term_string"}}],"inLanguage":"fr-FR"},{"@type":"Organization","@id":"https:\/\/go-hre.org\/#organization","name":"GO-HRE","url":"https:\/\/go-hre.org\/","logo":{"@type":"ImageObject","inLanguage":"fr-FR","@id":"https:\/\/go-hre.org\/#\/schema\/logo\/image\/","url":"https:\/\/go-hre.org\/wp-content\/uploads\/2025\/04\/favicon.png","contentUrl":"https:\/\/go-hre.org\/wp-content\/uploads\/2025\/04\/favicon.png","width":258,"height":258,"caption":"GO-HRE"},"image":{"@id":"https:\/\/go-hre.org\/#\/schema\/logo\/image\/"}}]}},"_links":{"self":[{"href":"https:\/\/go-hre.org\/fr\/wp-json\/wp\/v2\/pages\/3000","targetHints":{"allow":["GET"]}}],"collection":[{"href":"https:\/\/go-hre.org\/fr\/wp-json\/wp\/v2\/pages"}],"about":[{"href":"https:\/\/go-hre.org\/fr\/wp-json\/wp\/v2\/types\/page"}],"author":[{"embeddable":true,"href":"https:\/\/go-hre.org\/fr\/wp-json\/wp\/v2\/users\/1"}],"replies":[{"embeddable":true,"href":"https:\/\/go-hre.org\/fr\/wp-json\/wp\/v2\/comments?post=3000"}],"version-history":[{"count":2,"href":"https:\/\/go-hre.org\/fr\/wp-json\/wp\/v2\/pages\/3000\/revisions"}],"predecessor-version":[{"id":3006,"href":"https:\/\/go-hre.org\/fr\/wp-json\/wp\/v2\/pages\/3000\/revisions\/3006"}],"up":[{"embeddable":true,"href":"https:\/\/go-hre.org\/fr\/wp-json\/wp\/v2\/pages\/1597"}],"wp:attachment":[{"href":"https:\/\/go-hre.org\/fr\/wp-json\/wp\/v2\/media?parent=3000"}],"curies":[{"name":"wp","href":"https:\/\/api.w.org\/{rel}","templated":true}]}}