{"id":3003,"date":"2025-05-27T16:06:00","date_gmt":"2025-05-27T22:06:00","guid":{"rendered":"https:\/\/go-hre.org\/ressources\/ressources-graphiques\/"},"modified":"2025-06-03T21:39:05","modified_gmt":"2025-06-04T03:39:05","slug":"ressources-graphiques","status":"publish","type":"page","link":"https:\/\/go-hre.org\/fr\/ressources\/ressources-graphiques\/","title":{"rendered":"Ressources graphiques"},"content":{"rendered":"\n<p>Les ressources graphiques de Colega et de GO-HRE peuvent \u00eatre t\u00e9l\u00e9charg\u00e9es ci-dessous.<br\/>Veuillez nous contacter par courriel si vous avez des questions ou si vous avez besoin de ressources suppl\u00e9mentaires,<br\/>ou si vous souhaitez une traduction diff\u00e9rente de l&rsquo;un ou l&rsquo;autre des documents figurant sur cette page.<\/p>\n\n<hr class=\"wp-block-separator has-alpha-channel-opacity\"\/>\n\n<div class=\"wp-block-columns is-layout-flex wp-container-core-columns-is-layout-9d6595d7 wp-block-columns-is-layout-flex\">\n<div class=\"wp-block-column is-layout-flow wp-block-column-is-layout-flow\" style=\"flex-basis:66.66%\">\n<p class=\"has-red-color has-text-color has-link-color wp-elements-d926e3c3ee62954d71726822015eb546\"><strong>Guide de style GO-HRE et Colega<\/strong><\/p>\n\n\n\n<p>Le guide de style a \u00e9t\u00e9 \u00e9labor\u00e9 pour garantir que nous cr\u00e9ons une apparence et une sensation unifi\u00e9es<br\/>dans tous nos documents, et que notre marque<br\/>est repr\u00e9sent\u00e9e de mani\u00e8re coh\u00e9rente. Veuillez vous r\u00e9f\u00e9rer \u00e0 ce guide lorsque<br\/>cr\u00e9e de nouveaux documents pour votre pays ou votre langue. <\/p>\n\n\n\n<div class=\"wp-block-columns is-layout-flex wp-container-core-columns-is-layout-9d6595d7 wp-block-columns-is-layout-flex\">\n<div class=\"wp-block-column is-layout-flow wp-block-column-is-layout-flow\">\n<p><a href=\"https:\/\/go-hre.org\/wp-content\/uploads\/2025\/05\/Go-HRE_Style_Guide_12_2023.pdf\" data-type=\"attachment\" data-id=\"2344\" target=\"_blank\" rel=\"noreferrer noopener\">T\u00e9l\u00e9chargez le guide de style<\/a><\/p>\n<\/div>\n<\/div>\n<\/div>\n\n\n\n<div class=\"wp-block-column is-layout-flow wp-block-column-is-layout-flow\" style=\"flex-basis:33.33%\"><div class=\"wp-block-image\">\n<figure class=\"aligncenter size-full\"><img decoding=\"async\" width=\"220\" height=\"284\" data-src=\"https:\/\/go-hre.org\/wp-content\/uploads\/2025\/05\/Style-Guide_Cover.png\" alt=\"\" class=\"wp-image-2339 lazyload\" src=\"data:image\/svg+xml;base64,PHN2ZyB3aWR0aD0iMSIgaGVpZ2h0PSIxIiB4bWxucz0iaHR0cDovL3d3dy53My5vcmcvMjAwMC9zdmciPjwvc3ZnPg==\" style=\"--smush-placeholder-width: 220px; --smush-placeholder-aspect-ratio: 220\/284;\" \/><\/figure>\n<\/div><\/div>\n<\/div>\n\n<hr class=\"wp-block-separator has-alpha-channel-opacity\"\/>\n\n<div class=\"wp-block-columns is-layout-flex wp-container-core-columns-is-layout-9d6595d7 wp-block-columns-is-layout-flex\">\n<div class=\"wp-block-column is-layout-flow wp-block-column-is-layout-flow\" style=\"flex-basis:66.66%\">\n<p class=\"has-red-color has-text-color has-link-color wp-elements-2c681c90631ba53146630c460420d36d\"><strong>Logos GO-HRE et Colega<\/strong><\/p>\n\n\n\n<p>Les logos ont \u00e9t\u00e9 fournis dans trois formats standard : JPEG, PNG<br\/>et PDF. Les logos PDF et JPEG doivent \u00eatre utilis\u00e9s pour l&rsquo;impression et les logos PNG<br\/>doivent \u00eatre utilis\u00e9s dans les applications web. <\/p>\n\n\n\n<div class=\"wp-block-columns is-layout-flex wp-container-core-columns-is-layout-9d6595d7 wp-block-columns-is-layout-flex\">\n<div class=\"wp-block-column is-layout-flow wp-block-column-is-layout-flow\">\n<p><a href=\"https:\/\/go-hre.org\/wp-content\/uploads\/2025\/05\/GO-HRE_Logos_Resources.zip\" data-type=\"attachment\" data-id=\"2361\" target=\"_blank\" rel=\"noreferrer noopener\">T\u00e9l\u00e9chargez les logos GO-HRE<\/a><\/p>\n<\/div>\n\n\n\n<div class=\"wp-block-column is-layout-flow wp-block-column-is-layout-flow\">\n<p><a href=\"https:\/\/go-hre.org\/wp-content\/uploads\/2025\/05\/Colega_Logos_Resources.zip\" data-type=\"attachment\" data-id=\"2365\" target=\"_blank\" rel=\"noreferrer noopener\">T\u00e9l\u00e9charger Colega Logos<\/a><\/p>\n<\/div>\n<\/div>\n<\/div>\n\n\n\n<div class=\"wp-block-column is-layout-flow wp-block-column-is-layout-flow\" style=\"flex-basis:33.33%\"><div class=\"wp-block-image\">\n<figure class=\"aligncenter size-full\"><img decoding=\"async\" width=\"276\" height=\"69\" data-src=\"https:\/\/go-hre.org\/wp-content\/uploads\/2025\/05\/GO-HRE_LOGO.png\" alt=\"\" class=\"wp-image-2351 lazyload\" src=\"data:image\/svg+xml;base64,PHN2ZyB3aWR0aD0iMSIgaGVpZ2h0PSIxIiB4bWxucz0iaHR0cDovL3d3dy53My5vcmcvMjAwMC9zdmciPjwvc3ZnPg==\" style=\"--smush-placeholder-width: 276px; --smush-placeholder-aspect-ratio: 276\/69;\" \/><\/figure>\n<\/div>\n\n\n<div class=\"wp-block-columns is-layout-flex wp-container-core-columns-is-layout-9d6595d7 wp-block-columns-is-layout-flex\">\n<div class=\"wp-block-column is-layout-flow wp-block-column-is-layout-flow\"><div class=\"wp-block-image\">\n<figure class=\"aligncenter size-full is-resized\"><img decoding=\"async\" width=\"286\" height=\"168\" data-src=\"https:\/\/go-hre.org\/wp-content\/uploads\/2025\/04\/Colega_Logo.png\" alt=\"Logo Colega\" class=\"wp-image-850 lazyload\" style=\"--smush-placeholder-width: 286px; --smush-placeholder-aspect-ratio: 286\/168;width:186px;height:auto\" src=\"data:image\/svg+xml;base64,PHN2ZyB3aWR0aD0iMSIgaGVpZ2h0PSIxIiB4bWxucz0iaHR0cDovL3d3dy53My5vcmcvMjAwMC9zdmciPjwvc3ZnPg==\" \/><\/figure>\n<\/div><\/div>\n<\/div>\n<\/div>\n<\/div>\n\n<hr class=\"wp-block-separator has-alpha-channel-opacity\"\/>\n\n<div class=\"wp-block-columns is-layout-flex wp-container-core-columns-is-layout-9d6595d7 wp-block-columns-is-layout-flex\">\n<div class=\"wp-block-column is-layout-flow wp-block-column-is-layout-flow\" style=\"flex-basis:66.66%\">\n<p class=\"has-red-color has-text-color has-link-color wp-elements-2f5c7795f9a6d66a31f105cb55ff766d\"><strong>Police - Montserrat<\/strong><\/p>\n\n\n\n<p>L&rsquo;utilisation de la m\u00eame police de caract\u00e8res contribue \u00e0 la coh\u00e9rence de nos documents<br\/>et constitue un \u00e9l\u00e9ment cl\u00e9 de notre image de marque.<\/p>\n\n\n\n<div class=\"wp-block-columns is-layout-flex wp-container-core-columns-is-layout-9d6595d7 wp-block-columns-is-layout-flex\">\n<div class=\"wp-block-column is-layout-flow wp-block-column-is-layout-flow\">\n<p><a href=\"https:\/\/go-hre.org\/wp-content\/uploads\/2024\/01\/Montserrat_otf.zip\">T\u00e9l\u00e9charger <\/a><a href=\"https:\/\/go-hre.org\/wp-content\/uploads\/2025\/05\/Montserrat_otf.zip\" data-type=\"attachment\" data-id=\"2381\" target=\"_blank\" rel=\"noreferrer noopener\">Montserrat<\/a><\/p>\n<\/div>\n<\/div>\n<\/div>\n\n\n\n<div class=\"wp-block-column is-layout-flow wp-block-column-is-layout-flow\" style=\"flex-basis:33.33%\">\n<span style=\"<wpml_invalid_tag original=\" pgzvbnqtc2l6ztogmzbwedsgzm9udc13zwlnahq6idqwmdsgbgluzs1ozwln=\"\" ahq6ideum2vtoybjb2xvcjogizu0ntu1ntsipg=\"=\"><\/span>AaBbCcDdEeFfGgHhIiJj\n<br\/><span style=\"<wpml_invalid_tag original=\" pgzvbnqtc2l6ztogmzbwedsgzm9udc13zwlnahq6iduwmdsgbgluzs1ozwln=\"\" ahq6ideum2vtoybjb2xvcjogizu0ntu1ntsipg=\"=\"><\/span> KkLlMmNnOoPpQqRrSs\n<br\/><span style=\"<wpml_invalid_tag original=\" pgzvbnqtc2l6ztogmzbwedsgzm9udc13zwlnahq6idywmdsgbgluzs1ozwln=\"\" ahq6ideum2vtoybjb2xvcjogizu0ntu1ntsipg=\"=\"><\/span> TtUuVvWwXxYyZz\n<br\/><span style=\"<wpml_invalid_tag original=\" pgzvbnqtc2l6ztogmzbwedsgzm9udc13zwlnahq6igjvbgq7igxpbmutagvp=\"\" z2h0oiaxljnlbtsgy29sb3i6icm1ndu1ntu7ij4=\"  \/>1234567890<wpml_invalid_tag original=\" pc9zcgfupg=\"=\"><\/span>\n<\/div>\n<\/div>\n\n<hr class=\"wp-block-separator has-alpha-channel-opacity\"\/>\n\n<div class=\"wp-block-columns is-layout-flex wp-container-core-columns-is-layout-9d6595d7 wp-block-columns-is-layout-flex\">\n<div class=\"wp-block-column is-layout-flow wp-block-column-is-layout-flow\" style=\"flex-basis:66.66%\">\n<p class=\"has-red-color has-text-color has-link-color wp-elements-1c275b43556853ed04298f3a1837505e\"><strong>Couverture du manuel Colega<\/strong><\/p>\n\n\n\n<p>Des fichiers pr\u00eats \u00e0 imprimer et des fichiers images de la couverture en plusieurs langues<br\/>sont disponibles ici. Veuillez nous contacter directement si vous avez besoin de<br\/>traductions ou de modifications sp\u00e9cifiques \u00e0 votre langue ou \u00e0 votre pays. <\/p>\n\n\n\n<div class=\"wp-block-columns is-layout-flex wp-container-core-columns-is-layout-9d6595d7 wp-block-columns-is-layout-flex\">\n<div class=\"wp-block-column is-layout-flow wp-block-column-is-layout-flow\">\n<p><a href=\"https:\/\/go-hre.org\/wp-content\/uploads\/2025\/05\/cover_art.zip\" target=\"_blank\" rel=\"noreferrer noopener\">T\u00e9l\u00e9chargez la couverture pr\u00eate \u00e0 imprimer<\/a>  <\/p>\n<\/div>\n\n\n\n<div class=\"wp-block-column is-layout-flow wp-block-column-is-layout-flow\">\n<p><a href=\"https:\/\/go-hre.org\/wp-content\/uploads\/2025\/05\/cover_art_images.zip\" target=\"_blank\" rel=\"noreferrer noopener\">T\u00e9l\u00e9charger les images de couverture<\/a><\/p>\n<\/div>\n<\/div>\n<\/div>\n\n\n\n<div class=\"wp-block-column is-layout-flow wp-block-column-is-layout-flow\" style=\"flex-basis:33.33%\"><div class=\"wp-block-image\">\n<figure class=\"aligncenter size-full is-resized\"><img decoding=\"async\" width=\"360\" height=\"466\" data-src=\"https:\/\/go-hre.org\/wp-content\/uploads\/2025\/04\/english_primary_button.png\" alt=\"anglais-primaire\" class=\"wp-image-669 lazyload\" style=\"--smush-placeholder-width: 360px; --smush-placeholder-aspect-ratio: 360\/466;width:237px;height:auto\" src=\"data:image\/svg+xml;base64,PHN2ZyB3aWR0aD0iMSIgaGVpZ2h0PSIxIiB4bWxucz0iaHR0cDovL3d3dy53My5vcmcvMjAwMC9zdmciPjwvc3ZnPg==\" \/><\/figure>\n<\/div><\/div>\n<\/div>\n\n<hr class=\"wp-block-separator has-alpha-channel-opacity\"\/>\n\n<div class=\"wp-block-columns is-layout-flex wp-container-core-columns-is-layout-9d6595d7 wp-block-columns-is-layout-flex\">\n<div class=\"wp-block-column is-layout-flow wp-block-column-is-layout-flow\" style=\"flex-basis:66.66%\">\n<p class=\"has-red-color has-text-color has-link-color wp-elements-ba53d53b36b601f9039ce6ec5ae63060\"><strong>Brochures trifold<\/strong><\/p>\n\n\n\n<p>Des brochures promotionnelles trifold ont \u00e9t\u00e9 cr\u00e9\u00e9es dans plusieurs langues<br\/>et sont disponibles ici. Veuillez nous contacter directement si vous<br\/>avez besoin de modifications suppl\u00e9mentaires sp\u00e9cifiques \u00e0 votre langue ou \u00e0 votre pays.<br\/>D&rsquo;autres versions du d\u00e9pliant seront disponibles au fur et \u00e0 mesure de leur cr\u00e9ation<br\/>. <\/p>\n<\/div>\n\n\n\n<div class=\"wp-block-column is-layout-flow wp-block-column-is-layout-flow\" style=\"flex-basis:33.33%\">\n<div class=\"wp-block-columns is-layout-flex wp-container-core-columns-is-layout-9d6595d7 wp-block-columns-is-layout-flex\">\n<div class=\"wp-block-column is-layout-flow wp-block-column-is-layout-flow\">\n<figure class=\"wp-block-image size-full\"><img decoding=\"async\" width=\"220\" height=\"330\" data-src=\"https:\/\/go-hre.org\/wp-content\/uploads\/2025\/05\/Brocure-02.png\" alt=\"\" class=\"wp-image-2393 lazyload\" src=\"data:image\/svg+xml;base64,PHN2ZyB3aWR0aD0iMSIgaGVpZ2h0PSIxIiB4bWxucz0iaHR0cDovL3d3dy53My5vcmcvMjAwMC9zdmciPjwvc3ZnPg==\" style=\"--smush-placeholder-width: 220px; --smush-placeholder-aspect-ratio: 220\/330;\" \/><\/figure>\n<\/div>\n\n\n\n<div class=\"wp-block-column is-layout-flow wp-block-column-is-layout-flow\">\n<figure class=\"wp-block-image size-full\"><img decoding=\"async\" width=\"294\" height=\"374\" data-src=\"https:\/\/go-hre.org\/wp-content\/uploads\/2025\/05\/Brocure-01.png\" alt=\"\" class=\"wp-image-2389 lazyload\" src=\"data:image\/svg+xml;base64,PHN2ZyB3aWR0aD0iMSIgaGVpZ2h0PSIxIiB4bWxucz0iaHR0cDovL3d3dy53My5vcmcvMjAwMC9zdmciPjwvc3ZnPg==\" style=\"--smush-placeholder-width: 294px; --smush-placeholder-aspect-ratio: 294\/374;\" \/><\/figure>\n<\/div>\n<\/div>\n<\/div>\n<\/div>\n\n<div class=\"wp-block-columns is-layout-flex wp-container-core-columns-is-layout-9d6595d7 wp-block-columns-is-layout-flex\">\n<div class=\"wp-block-column is-layout-flow wp-block-column-is-layout-flow\">\n<p><a href=\"https:\/\/go-hre.org\/wp-content\/uploads\/2025\/05\/GO_HRE-Trifold_English_Parents_USLet.pdf\" target=\"_blank\" rel=\"noreferrer noopener\">Anglais - US size Trifold for <\/a><a href=\"https:\/\/go-hre.org\/wp-content\/uploads\/2025\/05\/GO_HRE-Trifold_English_Parents_USLet.pdf\" data-type=\"attachment\" data-id=\"2413\">\u00e9coles <\/a><a href=\"https:\/\/go-hre.org\/wp-content\/uploads\/2024\/02\/GO_HRE-Trifold_English_Parents_USLet.pdf\">et les parents<\/a><\/p>\n\n\n\n<p><a href=\"https:\/\/go-hre.org\/wp-content\/uploads\/2025\/05\/GO_HRE-Trifold_Spanish_Parents_US_Size.pdf\" target=\"_blank\" rel=\"noreferrer noopener\">Espagnol - format US Trifold pour les \u00e9coles et les parents<\/a><\/p>\n<\/div>\n\n\n\n<div class=\"wp-block-column is-layout-flow wp-block-column-is-layout-flow\">\n<p><a href=\"https:\/\/go-hre.org\/wp-content\/uploads\/2025\/05\/GO_HRE-Trifold_English_Govt_A4_Size.pdf\" target=\"_blank\" rel=\"noreferrer noopener\">English - A4 Trifold for Governments (en anglais)<\/a><\/p>\n\n\n\n<p><a href=\"https:\/\/go-hre.org\/wp-content\/uploads\/2025\/05\/GO_HRE-Trifold_French_Govt_A4_Size.pdf\" target=\"_blank\" rel=\"noreferrer noopener\">Fran\u00e7ais - Trifold A4 pour les gouvernements<\/a><\/p>\n\n\n\n<p><a href=\"https:\/\/go-hre.org\/wp-content\/uploads\/2025\/05\/GO_HRE-Trifold_Spanish_Govt_A4_Size.pdf\" target=\"_blank\" rel=\"noreferrer noopener\">Espagnol - D\u00e9pliant A4 pour les gouvernements<\/a><\/p>\n<\/div>\n<\/div>\n\n<hr class=\"wp-block-separator has-alpha-channel-opacity\"\/>\n\n<div class=\"wp-block-columns is-layout-flex wp-container-core-columns-is-layout-9d6595d7 wp-block-columns-is-layout-flex\">\n<div class=\"wp-block-column is-layout-flow wp-block-column-is-layout-flow\" style=\"flex-basis:66.66%\">\n<p class=\"has-red-color has-text-color has-link-color wp-elements-1e64a75b8d7659e601c988363874bc6f\"><strong>Diapositives de titre de bienvenue Powerpoint<\/strong><\/p>\n\n\n\n<p>Cette diapositive de pr\u00e9sentation a \u00e9t\u00e9 fournie en plusieurs langues.<br\/>Ces diapositives peuvent \u00eatre utilis\u00e9es comme graphique d&rsquo;ouverture pour des pr\u00e9sentations ou des sessions de formation<br\/>.<\/p>\n<\/div>\n\n\n\n<div class=\"wp-block-column is-layout-flow wp-block-column-is-layout-flow\" style=\"flex-basis:33.33%\"><div class=\"wp-block-image\">\n<figure class=\"aligncenter size-full\"><img decoding=\"async\" width=\"320\" height=\"180\" data-src=\"https:\/\/go-hre.org\/wp-content\/uploads\/2025\/05\/FrenchWelcomePPT.png\" alt=\"\" class=\"wp-image-2419 lazyload\" src=\"data:image\/svg+xml;base64,PHN2ZyB3aWR0aD0iMSIgaGVpZ2h0PSIxIiB4bWxucz0iaHR0cDovL3d3dy53My5vcmcvMjAwMC9zdmciPjwvc3ZnPg==\" style=\"--smush-placeholder-width: 320px; --smush-placeholder-aspect-ratio: 320\/180;\" \/><\/figure>\n<\/div><\/div>\n<\/div>\n\n<div class=\"wp-block-columns is-layout-flex wp-container-core-columns-is-layout-9d6595d7 wp-block-columns-is-layout-flex\">\n<div class=\"wp-block-column is-layout-flow wp-block-column-is-layout-flow\">\n<p><a href=\"https:\/\/go-hre.org\/wp-content\/uploads\/2025\/05\/Presentation-Intro_English.pptx\" target=\"_blank\" rel=\"noreferrer noopener\">Anglais Powerpoint Diapositive d&rsquo;introduction<\/a><\/p>\n\n\n\n<p><a href=\"https:\/\/go-hre.org\/wp-content\/uploads\/2025\/05\/Presentation-Intro_Francais.pptx\" target=\"_blank\" rel=\"noreferrer noopener\">Diapositive d&rsquo;introduction \u00e0 Powerpoint en fran\u00e7ais<\/a><\/p>\n<\/div>\n\n\n\n<div class=\"wp-block-column is-layout-flow wp-block-column-is-layout-flow\">\n<p><a href=\"https:\/\/go-hre.org\/wp-content\/uploads\/2025\/05\/Presentation-Intro_Portuguese.pptx\" target=\"_blank\" rel=\"noreferrer noopener\">Diapositive d&rsquo;introduction \u00e0 Powerpoint en portugais<\/a><\/p>\n\n\n\n<p><a href=\"https:\/\/go-hre.org\/wp-content\/uploads\/2025\/05\/Presentation-Intro_Spanish.pptx\" target=\"_blank\" rel=\"noreferrer noopener\">Diapositive Powerpoint d&rsquo;introduction \u00e0 l&rsquo;espagnol<\/a><\/p>\n<\/div>\n<\/div>\n","protected":false},"excerpt":{"rendered":"<p>Les ressources graphiques de Colega et de GO-HRE peuvent \u00eatre t\u00e9l\u00e9charg\u00e9es ci-dessous.Veuillez nous contacter par courriel si vous avez des questions ou si vous avez besoin de ressources suppl\u00e9mentaires,ou si vous souhaitez une traduction diff\u00e9rente de l&rsquo;un ou l&rsquo;autre des documents figurant sur cette page. Guide de style GO-HRE et Colega Le guide de style [&hellip;]<\/p>\n","protected":false},"author":1,"featured_media":0,"parent":1597,"menu_order":0,"comment_status":"closed","ping_status":"closed","template":"","meta":{"_acf_changed":false,"inline_featured_image":false,"footnotes":""},"class_list":["post-3003","page","type-page","status-publish","hentry"],"acf":[],"yoast_head":"<!-- This site is optimized with the Yoast SEO plugin v27.4 - https:\/\/yoast.com\/product\/yoast-seo-wordpress\/ -->\n<title>Ressources graphiques - GO-HRE<\/title>\n<meta name=\"robots\" content=\"index, follow, max-snippet:-1, max-image-preview:large, max-video-preview:-1\" \/>\n<link rel=\"canonical\" href=\"https:\/\/go-hre.org\/fr\/ressources\/ressources-graphiques\/\" \/>\n<meta property=\"og:locale\" content=\"fr_FR\" \/>\n<meta property=\"og:type\" content=\"article\" \/>\n<meta property=\"og:title\" content=\"Ressources graphiques - GO-HRE\" \/>\n<meta property=\"og:description\" content=\"Les ressources graphiques de Colega et de GO-HRE peuvent \u00eatre t\u00e9l\u00e9charg\u00e9es ci-dessous.Veuillez nous contacter par courriel si vous avez des questions ou si vous avez besoin de ressources suppl\u00e9mentaires,ou si vous souhaitez une traduction diff\u00e9rente de l&rsquo;un ou l&rsquo;autre des documents figurant sur cette page. Guide de style GO-HRE et Colega Le guide de style [&hellip;]\" \/>\n<meta property=\"og:url\" content=\"https:\/\/go-hre.org\/fr\/ressources\/ressources-graphiques\/\" \/>\n<meta property=\"og:site_name\" content=\"GO-HRE\" \/>\n<meta property=\"article:modified_time\" content=\"2025-06-04T03:39:05+00:00\" \/>\n<meta property=\"og:image\" content=\"https:\/\/go-hre.org\/wp-content\/uploads\/2025\/05\/Style-Guide_Cover.png\" \/>\n\t<meta property=\"og:image:width\" content=\"220\" \/>\n\t<meta property=\"og:image:height\" content=\"284\" \/>\n\t<meta property=\"og:image:type\" content=\"image\/png\" \/>\n<meta name=\"twitter:card\" content=\"summary_large_image\" \/>\n<meta name=\"twitter:label1\" content=\"Dur\u00e9e de lecture estim\u00e9e\" \/>\n\t<meta name=\"twitter:data1\" content=\"2 minutes\" \/>\n<script type=\"application\/ld+json\" class=\"yoast-schema-graph\">{\"@context\":\"https:\\\/\\\/schema.org\",\"@graph\":[{\"@type\":\"WebPage\",\"@id\":\"https:\\\/\\\/go-hre.org\\\/fr\\\/ressources\\\/ressources-graphiques\\\/\",\"url\":\"https:\\\/\\\/go-hre.org\\\/fr\\\/ressources\\\/ressources-graphiques\\\/\",\"name\":\"Ressources graphiques - GO-HRE\",\"isPartOf\":{\"@id\":\"https:\\\/\\\/go-hre.org\\\/#website\"},\"primaryImageOfPage\":{\"@id\":\"https:\\\/\\\/go-hre.org\\\/fr\\\/ressources\\\/ressources-graphiques\\\/#primaryimage\"},\"image\":{\"@id\":\"https:\\\/\\\/go-hre.org\\\/fr\\\/ressources\\\/ressources-graphiques\\\/#primaryimage\"},\"thumbnailUrl\":\"https:\\\/\\\/go-hre.org\\\/wp-content\\\/uploads\\\/2025\\\/05\\\/Style-Guide_Cover.png\",\"datePublished\":\"2025-05-27T22:06:00+00:00\",\"dateModified\":\"2025-06-04T03:39:05+00:00\",\"breadcrumb\":{\"@id\":\"https:\\\/\\\/go-hre.org\\\/fr\\\/ressources\\\/ressources-graphiques\\\/#breadcrumb\"},\"inLanguage\":\"fr-FR\",\"potentialAction\":[{\"@type\":\"ReadAction\",\"target\":[\"https:\\\/\\\/go-hre.org\\\/fr\\\/ressources\\\/ressources-graphiques\\\/\"]}]},{\"@type\":\"ImageObject\",\"inLanguage\":\"fr-FR\",\"@id\":\"https:\\\/\\\/go-hre.org\\\/fr\\\/ressources\\\/ressources-graphiques\\\/#primaryimage\",\"url\":\"https:\\\/\\\/go-hre.org\\\/wp-content\\\/uploads\\\/2025\\\/05\\\/Style-Guide_Cover.png\",\"contentUrl\":\"https:\\\/\\\/go-hre.org\\\/wp-content\\\/uploads\\\/2025\\\/05\\\/Style-Guide_Cover.png\"},{\"@type\":\"BreadcrumbList\",\"@id\":\"https:\\\/\\\/go-hre.org\\\/fr\\\/ressources\\\/ressources-graphiques\\\/#breadcrumb\",\"itemListElement\":[{\"@type\":\"ListItem\",\"position\":1,\"name\":\"Home\",\"item\":\"https:\\\/\\\/go-hre.org\\\/fr\\\/page-daccueil\\\/\"},{\"@type\":\"ListItem\",\"position\":2,\"name\":\"Ressources\",\"item\":\"https:\\\/\\\/go-hre.org\\\/fr\\\/ressources\\\/\"},{\"@type\":\"ListItem\",\"position\":3,\"name\":\"Ressources graphiques\"}]},{\"@type\":\"WebSite\",\"@id\":\"https:\\\/\\\/go-hre.org\\\/#website\",\"url\":\"https:\\\/\\\/go-hre.org\\\/\",\"name\":\"GO-HRE\",\"description\":\"Bureau de l'\u00e9ducation aux droits de l'homme \u00e0 Gen\u00e8ve\",\"publisher\":{\"@id\":\"https:\\\/\\\/go-hre.org\\\/#organization\"},\"potentialAction\":[{\"@type\":\"SearchAction\",\"target\":{\"@type\":\"EntryPoint\",\"urlTemplate\":\"https:\\\/\\\/go-hre.org\\\/?s={search_term_string}\"},\"query-input\":{\"@type\":\"PropertyValueSpecification\",\"valueRequired\":true,\"valueName\":\"search_term_string\"}}],\"inLanguage\":\"fr-FR\"},{\"@type\":\"Organization\",\"@id\":\"https:\\\/\\\/go-hre.org\\\/#organization\",\"name\":\"GO-HRE\",\"url\":\"https:\\\/\\\/go-hre.org\\\/\",\"logo\":{\"@type\":\"ImageObject\",\"inLanguage\":\"fr-FR\",\"@id\":\"https:\\\/\\\/go-hre.org\\\/#\\\/schema\\\/logo\\\/image\\\/\",\"url\":\"https:\\\/\\\/go-hre.org\\\/wp-content\\\/uploads\\\/2025\\\/04\\\/favicon.png\",\"contentUrl\":\"https:\\\/\\\/go-hre.org\\\/wp-content\\\/uploads\\\/2025\\\/04\\\/favicon.png\",\"width\":258,\"height\":258,\"caption\":\"GO-HRE\"},\"image\":{\"@id\":\"https:\\\/\\\/go-hre.org\\\/#\\\/schema\\\/logo\\\/image\\\/\"}}]}<\/script>\n<!-- \/ Yoast SEO plugin. -->","yoast_head_json":{"title":"Ressources graphiques - GO-HRE","robots":{"index":"index","follow":"follow","max-snippet":"max-snippet:-1","max-image-preview":"max-image-preview:large","max-video-preview":"max-video-preview:-1"},"canonical":"https:\/\/go-hre.org\/fr\/ressources\/ressources-graphiques\/","og_locale":"fr_FR","og_type":"article","og_title":"Ressources graphiques - GO-HRE","og_description":"Les ressources graphiques de Colega et de GO-HRE peuvent \u00eatre t\u00e9l\u00e9charg\u00e9es ci-dessous.Veuillez nous contacter par courriel si vous avez des questions ou si vous avez besoin de ressources suppl\u00e9mentaires,ou si vous souhaitez une traduction diff\u00e9rente de l&rsquo;un ou l&rsquo;autre des documents figurant sur cette page. Guide de style GO-HRE et Colega Le guide de style [&hellip;]","og_url":"https:\/\/go-hre.org\/fr\/ressources\/ressources-graphiques\/","og_site_name":"GO-HRE","article_modified_time":"2025-06-04T03:39:05+00:00","og_image":[{"width":220,"height":284,"url":"https:\/\/go-hre.org\/wp-content\/uploads\/2025\/05\/Style-Guide_Cover.png","type":"image\/png"}],"twitter_card":"summary_large_image","twitter_misc":{"Dur\u00e9e de lecture estim\u00e9e":"2 minutes"},"schema":{"@context":"https:\/\/schema.org","@graph":[{"@type":"WebPage","@id":"https:\/\/go-hre.org\/fr\/ressources\/ressources-graphiques\/","url":"https:\/\/go-hre.org\/fr\/ressources\/ressources-graphiques\/","name":"Ressources graphiques - GO-HRE","isPartOf":{"@id":"https:\/\/go-hre.org\/#website"},"primaryImageOfPage":{"@id":"https:\/\/go-hre.org\/fr\/ressources\/ressources-graphiques\/#primaryimage"},"image":{"@id":"https:\/\/go-hre.org\/fr\/ressources\/ressources-graphiques\/#primaryimage"},"thumbnailUrl":"https:\/\/go-hre.org\/wp-content\/uploads\/2025\/05\/Style-Guide_Cover.png","datePublished":"2025-05-27T22:06:00+00:00","dateModified":"2025-06-04T03:39:05+00:00","breadcrumb":{"@id":"https:\/\/go-hre.org\/fr\/ressources\/ressources-graphiques\/#breadcrumb"},"inLanguage":"fr-FR","potentialAction":[{"@type":"ReadAction","target":["https:\/\/go-hre.org\/fr\/ressources\/ressources-graphiques\/"]}]},{"@type":"ImageObject","inLanguage":"fr-FR","@id":"https:\/\/go-hre.org\/fr\/ressources\/ressources-graphiques\/#primaryimage","url":"https:\/\/go-hre.org\/wp-content\/uploads\/2025\/05\/Style-Guide_Cover.png","contentUrl":"https:\/\/go-hre.org\/wp-content\/uploads\/2025\/05\/Style-Guide_Cover.png"},{"@type":"BreadcrumbList","@id":"https:\/\/go-hre.org\/fr\/ressources\/ressources-graphiques\/#breadcrumb","itemListElement":[{"@type":"ListItem","position":1,"name":"Home","item":"https:\/\/go-hre.org\/fr\/page-daccueil\/"},{"@type":"ListItem","position":2,"name":"Ressources","item":"https:\/\/go-hre.org\/fr\/ressources\/"},{"@type":"ListItem","position":3,"name":"Ressources graphiques"}]},{"@type":"WebSite","@id":"https:\/\/go-hre.org\/#website","url":"https:\/\/go-hre.org\/","name":"GO-HRE","description":"Bureau de l'\u00e9ducation aux droits de l'homme \u00e0 Gen\u00e8ve","publisher":{"@id":"https:\/\/go-hre.org\/#organization"},"potentialAction":[{"@type":"SearchAction","target":{"@type":"EntryPoint","urlTemplate":"https:\/\/go-hre.org\/?s={search_term_string}"},"query-input":{"@type":"PropertyValueSpecification","valueRequired":true,"valueName":"search_term_string"}}],"inLanguage":"fr-FR"},{"@type":"Organization","@id":"https:\/\/go-hre.org\/#organization","name":"GO-HRE","url":"https:\/\/go-hre.org\/","logo":{"@type":"ImageObject","inLanguage":"fr-FR","@id":"https:\/\/go-hre.org\/#\/schema\/logo\/image\/","url":"https:\/\/go-hre.org\/wp-content\/uploads\/2025\/04\/favicon.png","contentUrl":"https:\/\/go-hre.org\/wp-content\/uploads\/2025\/04\/favicon.png","width":258,"height":258,"caption":"GO-HRE"},"image":{"@id":"https:\/\/go-hre.org\/#\/schema\/logo\/image\/"}}]}},"_links":{"self":[{"href":"https:\/\/go-hre.org\/fr\/wp-json\/wp\/v2\/pages\/3003","targetHints":{"allow":["GET"]}}],"collection":[{"href":"https:\/\/go-hre.org\/fr\/wp-json\/wp\/v2\/pages"}],"about":[{"href":"https:\/\/go-hre.org\/fr\/wp-json\/wp\/v2\/types\/page"}],"author":[{"embeddable":true,"href":"https:\/\/go-hre.org\/fr\/wp-json\/wp\/v2\/users\/1"}],"replies":[{"embeddable":true,"href":"https:\/\/go-hre.org\/fr\/wp-json\/wp\/v2\/comments?post=3003"}],"version-history":[{"count":2,"href":"https:\/\/go-hre.org\/fr\/wp-json\/wp\/v2\/pages\/3003\/revisions"}],"predecessor-version":[{"id":3009,"href":"https:\/\/go-hre.org\/fr\/wp-json\/wp\/v2\/pages\/3003\/revisions\/3009"}],"up":[{"embeddable":true,"href":"https:\/\/go-hre.org\/fr\/wp-json\/wp\/v2\/pages\/1597"}],"wp:attachment":[{"href":"https:\/\/go-hre.org\/fr\/wp-json\/wp\/v2\/media?parent=3003"}],"curies":[{"name":"wp","href":"https:\/\/api.w.org\/{rel}","templated":true}]}}