{"id":3017,"date":"2025-05-26T16:03:43","date_gmt":"2025-05-26T22:03:43","guid":{"rendered":"https:\/\/go-hre.org\/ressources\/go-hre-bureau-de-geneve-pour-leducation-aux-droits-de-lhomme\/"},"modified":"2025-06-03T21:39:22","modified_gmt":"2025-06-04T03:39:22","slug":"go-hre-bureau-de-geneve-pour-leducation-aux-droits-de-lhomme","status":"publish","type":"page","link":"https:\/\/go-hre.org\/fr\/ressources\/go-hre-bureau-de-geneve-pour-leducation-aux-droits-de-lhomme\/","title":{"rendered":"GO-HRE Bureau de Gen\u00e8ve pour l&rsquo;\u00e9ducation aux droits de l&rsquo;homme"},"content":{"rendered":"\n<h3 class=\"wp-block-heading has-red-color has-text-color has-link-color wp-elements-5bd38b32b0c4176e00d398102162c235\"><strong>La Convention relative aux droits de l&rsquo;enfant<\/strong><\/h3>\n\n<p>Le droit relatif aux droits de l&rsquo;homme d\u00e9finit un enfant comme tout \u00eatre humain \u00e2g\u00e9 de moins de 18 ans. En 2014, l&rsquo;UNICEF a estim\u00e9 le nombre total d&rsquo;enfants dans le monde \u00e0 2,2 milliards (La situation des enfants dans le monde 2014 en chiffres : chaque enfant compte). L&rsquo;enfant doit savoir qu&rsquo;il est un miracle, que depuis le d\u00e9but du monde il n&rsquo;y a pas eu et jusqu&rsquo;\u00e0 la fin du monde il n&rsquo;y aura pas d&rsquo;autre enfant comme lui. Pablo Casals Les enfants sont des \u00eatres humains, ils ont donc exactement les m\u00eames droits que les adultes. Cependant, les enfants ont \u00e9t\u00e9 reconnus comme ayant un besoin particulier de soins et d&rsquo;assistance, et c&rsquo;est pour cette raison qu&rsquo;ils ont leur \u00ab\u00a0propre\u00a0\u00bb trait\u00e9 sur les droits de l&rsquo;homme : la Convention relative aux droits de l&rsquo;enfant (CDE). La CDE a \u00e9t\u00e9 adopt\u00e9e par les Nations unies en 1989 et est entr\u00e9e en vigueur le 2 septembre 1990. La CDE s&rsquo;applique \u00e0 tous les enfants de moins de 18 ans dans les pays qui l&rsquo;ont accept\u00e9e - ce qui est le cas de presque tous les pays du monde.      <\/p>\n\n<details class=\"wp-block-details is-layout-flow wp-block-details-is-layout-flow\"><summary>1. L&rsquo;\u00e9galit\u00e9<\/summary>\n<p>Tous les \u00eatres humains naissent libres et \u00e9gaux en dignit\u00e9 et en droits. Ils sont dou\u00e9s de raison et de conscience et doivent agir les uns envers les autres dans un esprit de fraternit\u00e9. <\/p>\n<\/details>\n\n<details class=\"wp-block-details is-layout-flow wp-block-details-is-layout-flow\"><summary>2. La discrimination<\/summary>\n<p>Chacun peut se pr\u00e9valoir de tous les droits et de toutes les libert\u00e9s proclam\u00e9s dans la pr\u00e9sente D\u00e9claration, sans distinction aucune, notamment de race, de couleur, de sexe, de langue, de religion, d&rsquo;opinion politique ou de toute autre opinion, d&rsquo;origine nationale ou sociale, de fortune, de naissance ou de toute autre situation.<\/p>\n\n\n\n<p>En outre, aucune distinction ne sera faite sur la base du statut politique, juridictionnel ou international du pays ou du territoire auquel une personne appartient, qu&rsquo;il soit ind\u00e9pendant, sous tutelle, non autonome ou soumis \u00e0 toute autre limitation de souverainet\u00e9.<\/p>\n<\/details>\n\n<details class=\"wp-block-details is-layout-flow wp-block-details-is-layout-flow\"><summary>3. Life, Liberty &amp; Security<\/summary>\n<p>Tout individu a droit \u00e0 la vie, \u00e0 la libert\u00e9 et \u00e0 la s\u00e9curit\u00e9 de sa personne.<\/p>\n<\/details>\n\n<details class=\"wp-block-details is-layout-flow wp-block-details-is-layout-flow\"><summary>4. L&rsquo;esclavage<\/summary>\n<p>Nul ne sera tenu en esclavage ni en servitude ; l&rsquo;esclavage et la traite des esclaves sont interdits sous toutes leurs formes.<\/p>\n<\/details>\n\n<details class=\"wp-block-details is-layout-flow wp-block-details-is-layout-flow\"><summary>5. La torture<\/summary>\n<p>Nul ne peut \u00eatre soumis \u00e0 la torture ou \u00e0 des peines ou traitements cruels, inhumains ou d\u00e9gradants.<\/p>\n<\/details>\n\n<details class=\"wp-block-details is-layout-flow wp-block-details-is-layout-flow\"><summary>6. Identit\u00e9<\/summary>\n<p>Chacun a le droit d&rsquo;\u00eatre reconnu partout comme une personne devant la loi.<\/p>\n<\/details>\n\n<details class=\"wp-block-details is-layout-flow wp-block-details-is-layout-flow\"><summary>7. La justice<\/summary>\n<p>Tous sont \u00e9gaux devant la loi et ont droit sans discrimination \u00e0 une \u00e9gale protection de la loi. Tous ont droit \u00e0 une protection \u00e9gale contre toute discrimination qui violerait la pr\u00e9sente D\u00e9claration et contre toute provocation \u00e0 une telle discrimination. <\/p>\n<\/details>\n\n<details class=\"wp-block-details is-layout-flow wp-block-details-is-layout-flow\"><summary>8. Protection de l&rsquo;environnement<\/summary>\n<p>Toute personne a droit \u00e0 un recours effectif devant les juridictions nationales comp\u00e9tentes contre les actes violant les droits fondamentaux qui lui sont reconnus par la constitution ou par la loi.<\/p>\n<\/details>\n\n<details class=\"wp-block-details is-layout-flow wp-block-details-is-layout-flow\"><summary>9. La d\u00e9tention<\/summary>\n<p>Nul ne peut faire l&rsquo;objet d&rsquo;une arrestation, d&rsquo;une d\u00e9tention ou d&rsquo;un exil arbitraires.<\/p>\n<\/details>\n\n<details class=\"wp-block-details is-layout-flow wp-block-details-is-layout-flow\"><summary>10. Proc\u00e8s<\/summary>\n<p>Toute personne a droit, en pleine \u00e9galit\u00e9, \u00e0 ce que sa cause soit entendue \u00e9quitablement et publiquement par un tribunal ind\u00e9pendant et impartial, qui d\u00e9cidera de ses droits et obligations ainsi que de toute accusation en mati\u00e8re p\u00e9nale dirig\u00e9e contre elle.<\/p>\n<\/details>\n\n<details class=\"wp-block-details is-layout-flow wp-block-details-is-layout-flow\"><summary>11. Innocent<\/summary>\n<p>1) Toute personne accus\u00e9e d&rsquo;une infraction p\u00e9nale a le droit d \u00ab \u00eatre pr\u00e9sum\u00e9e innocente jusqu \u00bb \u00e0 ce que sa culpabilit\u00e9 ait \u00e9t\u00e9 l\u00e9galement \u00e9tablie au cours d&rsquo;un proc\u00e8s public o\u00f9 toutes les garanties n\u00e9cessaires \u00e0 sa d\u00e9fense lui auront \u00e9t\u00e9 assur\u00e9es.<\/p>\n\n\n\n<p>2) Nul ne peut \u00eatre tenu pour coupable d&rsquo;une infraction p\u00e9nale en raison d&rsquo;une action ou d&rsquo;une omission qui, au moment o\u00f9 elle a \u00e9t\u00e9 commise, ne constituait pas une infraction p\u00e9nale d&rsquo;apr\u00e8s le droit national ou international. Il ne peut \u00eatre inflig\u00e9 de peine plus forte que celle qui \u00e9tait applicable au moment o\u00f9 l&rsquo;infraction a \u00e9t\u00e9 commise. <\/p>\n<\/details>\n\n<details class=\"wp-block-details is-layout-flow wp-block-details-is-layout-flow\"><summary>12. Respect de la vie priv\u00e9e<\/summary>\n<p>Nul ne sera l&rsquo;objet d&rsquo;immixtions arbitraires dans sa vie priv\u00e9e, sa famille, son domicile ou sa correspondance, ni d&rsquo;atteintes \u00e0 son honneur et \u00e0 sa r\u00e9putation. Toute personne a droit \u00e0 la protection de la loi contre de telles immixtions ou de telles atteintes. <\/p>\n<\/details>\n\n<details class=\"wp-block-details is-layout-flow wp-block-details-is-layout-flow\"><summary>13. D\u00e9placements<\/summary>\n<p>1) Toute personne a le droit de circuler librement et de choisir sa r\u00e9sidence \u00e0 l&rsquo;int\u00e9rieur des fronti\u00e8res de chaque \u00c9tat.<\/p>\n\n\n\n<p>2) Toute personne a le droit de quitter tout pays, y compris le sien, et de revenir dans son pays.<\/p>\n<\/details>\n\n<details class=\"wp-block-details is-layout-flow wp-block-details-is-layout-flow\"><summary>14. L&rsquo;asile<\/summary>\n<p>1) Toute personne a le droit de chercher asile et de b\u00e9n\u00e9ficier de l&rsquo;asile dans d&rsquo;autres pays en cas de pers\u00e9cution.<\/p>\n\n\n\n<p>2) Ce droit ne peut \u00eatre invoqu\u00e9 dans le cas de poursuites d\u00e9coulant v\u00e9ritablement de crimes de droit commun ou d&rsquo;actes contraires aux buts et principes des Nations unies.<\/p>\n<\/details>\n\n<details class=\"wp-block-details is-layout-flow wp-block-details-is-layout-flow\"><summary>15. La nationalit\u00e9<\/summary>\n<p>1) Tout le monde a droit \u00e0 une nationalit\u00e9.<\/p>\n\n\n\n<p>2) Nul ne peut \u00eatre arbitrairement priv\u00e9 de sa nationalit\u00e9 ni du droit de changer de nationalit\u00e9.<\/p>\n<\/details>\n\n<details class=\"wp-block-details is-layout-flow wp-block-details-is-layout-flow\"><summary>16. Marriage &amp; Family<\/summary>\n<p>1) L&rsquo;homme et la femme majeurs, sans aucune restriction quant \u00e0 la race, la nationalit\u00e9 ou la religion, ont le droit de se marier et de fonder une famille. Ils jouissent de droits \u00e9gaux au regard du mariage, pendant le mariage et lors de sa dissolution. <\/p>\n\n\n\n<p>2) Le mariage n&rsquo;est contract\u00e9 qu&rsquo;avec le libre et plein consentement des futurs \u00e9poux.<\/p>\n\n\n\n<p>3) La famille est l&rsquo;unit\u00e9 naturelle et fondamentale de la soci\u00e9t\u00e9 et a droit \u00e0 la protection de la soci\u00e9t\u00e9 et de l&rsquo;\u00c9tat.<\/p>\n<\/details>\n\n<details class=\"wp-block-details is-layout-flow wp-block-details-is-layout-flow\"><summary>17. Biens<\/summary>\n<p>1) Chacun a le droit de poss\u00e9der des biens, seul ou en association avec d&rsquo;autres.<\/p>\n\n\n\n<p>2) Nul ne peut \u00eatre arbitrairement priv\u00e9 de sa propri\u00e9t\u00e9.<\/p>\n<\/details>\n\n<details class=\"wp-block-details is-layout-flow wp-block-details-is-layout-flow\"><summary>18. Religion &amp; Belief<\/summary>\n<p>Toute personne a droit \u00e0 la libert\u00e9 de pens\u00e9e, de conscience et de religion ; ce droit implique la libert\u00e9 de changer de religion ou de conviction ainsi que la libert\u00e9 de manifester sa religion ou sa conviction, individuellement ou collectivement, en public ou en priv\u00e9, par l&rsquo;enseignement, les pratiques, le culte et l&rsquo;accomplissement des rites.<\/p>\n<\/details>\n\n<details class=\"wp-block-details is-layout-flow wp-block-details-is-layout-flow\"><summary>19. Expression<\/summary>\n<p>Toute personne a droit \u00e0 la libert\u00e9 d&rsquo;opinion et d&rsquo;expression, ce qui implique le droit de ne pas \u00eatre inqui\u00e9t\u00e9 pour ses opinions et celui de chercher, de recevoir et de r\u00e9pandre, sans consid\u00e9rations de fronti\u00e8res, les informations et les id\u00e9es par quelque moyen d&rsquo;expression que ce soit.<\/p>\n<\/details>\n\n<details class=\"wp-block-details is-layout-flow wp-block-details-is-layout-flow\"><summary>20. Assemblage<\/summary>\n<p>1) Toute personne a droit \u00e0 la libert\u00e9 de r\u00e9union et d&rsquo;association pacifiques.<\/p>\n\n\n\n<p>2) Nul ne peut \u00eatre contraint d&rsquo;adh\u00e9rer \u00e0 une association.<\/p>\n<\/details>\n\n<details class=\"wp-block-details is-layout-flow wp-block-details-is-layout-flow\"><summary>21. La d\u00e9mocratie<\/summary>\n<p>1) Toute personne a le droit de participer \u00e0 la direction des affaires publiques de son pays, soit directement, soit par l&rsquo;interm\u00e9diaire de repr\u00e9sentants librement choisis.<\/p>\n\n\n\n<p>2) Toute personne a le droit d&rsquo;acc\u00e9der, dans des conditions d&rsquo;\u00e9galit\u00e9, aux fonctions publiques de son pays.<\/p>\n\n\n\n<p>3) La volont\u00e9 du peuple est le fondement de l&rsquo;autorit\u00e9 du gouvernement ; cette volont\u00e9 s&rsquo;exprime par des \u00e9lections honn\u00eates qui ont lieu p\u00e9riodiquement, au suffrage universel et \u00e9gal et au vote secret ou suivant une proc\u00e9dure \u00e9quivalente assurant la libert\u00e9 du vote.<\/p>\n<\/details>\n\n<details class=\"wp-block-details is-layout-flow wp-block-details-is-layout-flow\"><summary>22. S\u00e9curit\u00e9 sociale<\/summary>\n<p>Toute personne, en tant que membre de la soci\u00e9t\u00e9, a droit \u00e0 la s\u00e9curit\u00e9 sociale et est fond\u00e9e \u00e0 obtenir la satisfaction des droits \u00e9conomiques, sociaux et culturels indispensables \u00e0 sa dignit\u00e9 et au libre d\u00e9veloppement de sa personnalit\u00e9, gr\u00e2ce \u00e0 l&rsquo;effort national et \u00e0 la coop\u00e9ration internationale, compte tenu de l&rsquo;organisation et des ressources de chaque \u00c9tat.<\/p>\n<\/details>\n\n<details class=\"wp-block-details is-layout-flow wp-block-details-is-layout-flow\"><summary>23. Travail<\/summary>\n<p>1) Toute personne a droit au travail, au libre choix de son travail, \u00e0 des conditions \u00e9quitables et satisfaisantes de travail et \u00e0 la protection contre le ch\u00f4mage.<\/p>\n\n\n\n<p>2) Toute personne, sans aucune discrimination, a droit \u00e0 un salaire \u00e9gal pour un travail \u00e9gal.<\/p>\n\n\n\n<p>3) Quiconque travaille a droit \u00e0 une r\u00e9mun\u00e9ration \u00e9quitable et satisfaisante lui assurant ainsi qu&rsquo;\u00e0 sa famille une existence conforme \u00e0 la dignit\u00e9 humaine et compl\u00e9t\u00e9e, s&rsquo;il y a lieu, par d&rsquo;autres moyens de protection sociale.<\/p>\n\n\n\n<p>4) Toute personne a le droit de fonder des syndicats et de s&rsquo;y affilier pour la d\u00e9fense de ses int\u00e9r\u00eats.<\/p>\n<\/details>\n\n<details class=\"wp-block-details is-layout-flow wp-block-details-is-layout-flow\"><summary>24. Rest &amp; Leisure<\/summary>\n<p>Toute personne a droit au repos et aux loisirs, y compris \u00e0 une limitation raisonnable de la dur\u00e9e du travail et \u00e0 des cong\u00e9s pay\u00e9s p\u00e9riodiques.<\/p>\n<\/details>\n\n<details class=\"wp-block-details is-layout-flow wp-block-details-is-layout-flow\"><summary>25. Conditions de vie ad\u00e9quates<\/summary>\n<p>1) Toute personne a droit \u00e0 un niveau de vie suffisant pour assurer sa sant\u00e9, son bien-\u00eatre et ceux de sa famille, notamment pour l&rsquo;alimentation, l&rsquo;habillement, le logement, les soins m\u00e9dicaux ainsi que pour les services sociaux n\u00e9cessaires ; elle a droit \u00e0 la s\u00e9curit\u00e9 en cas de ch\u00f4mage, de maladie, d&rsquo;invalidit\u00e9, de veuvage, de vieillesse ou dans les autres cas de perte de ses moyens de subsistance par suite de circonstances ind\u00e9pendantes de sa volont\u00e9.<\/p>\n\n\n\n<p>2) La maternit\u00e9 et l&rsquo;enfance ont droit \u00e0 une assistance et \u00e0 des soins particuliers. Tous les enfants, qu&rsquo;ils soient n\u00e9s dans le mariage ou hors mariage, b\u00e9n\u00e9ficient de la m\u00eame protection sociale. <\/p>\n<\/details>\n\n<details class=\"wp-block-details is-layout-flow wp-block-details-is-layout-flow\"><summary>26. L&rsquo;\u00e9ducation<\/summary>\n<p>1) Toute personne a droit \u00e0 l \u00ab \u00e9ducation. L \u00bb \u00e9ducation est gratuite, au moins aux stades \u00e9l\u00e9mentaire et fondamental. L&rsquo;enseignement \u00e9l\u00e9mentaire est obligatoire. L&rsquo;enseignement technique et professionnel doit \u00eatre g\u00e9n\u00e9ralis\u00e9 et l&rsquo;enseignement sup\u00e9rieur doit \u00eatre accessible \u00e0 tous en pleine \u00e9galit\u00e9, en fonction du m\u00e9rite.   <\/p>\n\n\n\n<p>2) L&rsquo;\u00e9ducation doit viser au plein \u00e9panouissement de la personnalit\u00e9 humaine et au renforcement du respect des droits de l&rsquo;homme et des libert\u00e9s fondamentales. Elle doit favoriser la compr\u00e9hension, la tol\u00e9rance et l&rsquo;amiti\u00e9 entre toutes les nations et tous les groupes raciaux ou religieux, ainsi que le d\u00e9veloppement des activit\u00e9s des Nations Unies pour le maintien de la paix. <\/p>\n\n\n\n<p>3) Les parents ont le droit pr\u00e9alable de choisir le type d&rsquo;\u00e9ducation \u00e0 donner \u00e0 leurs enfants.<\/p>\n<\/details>\n\n<details class=\"wp-block-details is-layout-flow wp-block-details-is-layout-flow\"><summary>27. Culture &amp; Copyright<\/summary>\n<p>1) Toute personne a le droit de participer librement \u00e0 la vie culturelle de la communaut\u00e9, de jouir des arts et de participer au progr\u00e8s scientifique et aux bienfaits qui en r\u00e9sultent.<\/p>\n\n\n\n<p>2) Toute personne a droit \u00e0 la protection des int\u00e9r\u00eats moraux et mat\u00e9riels d\u00e9coulant de toute production scientifique, litt\u00e9raire ou artistique dont elle est l&rsquo;auteur.<\/p>\n<\/details>\n\n<details class=\"wp-block-details is-layout-flow wp-block-details-is-layout-flow\"><summary>28. Free &amp; Fair World<\/summary>\n<p>Toute personne a droit \u00e0 ce que r\u00e8gne, sur le plan social et sur le plan international, un ordre tel que les droits et libert\u00e9s \u00e9nonc\u00e9s dans la pr\u00e9sente d\u00e9claration puissent y trouver plein effet.<\/p>\n<\/details>\n\n<details class=\"wp-block-details is-layout-flow wp-block-details-is-layout-flow\"><summary>29. Responsabilit\u00e9<\/summary>\n<p>1) Chacun a des devoirs envers la communaut\u00e9 dans laquelle seul le libre et plein d\u00e9veloppement de sa personnalit\u00e9 est possible.<\/p>\n\n\n\n<p>2) Dans l&rsquo;exercice de ses droits et libert\u00e9s, chacun n&rsquo;est soumis qu&rsquo;aux limitations \u00e9tablies par la loi exclusivement en vue d&rsquo;assurer la reconnaissance et le respect des droits et libert\u00e9s d&rsquo;autrui et afin de satisfaire aux justes exigences de la morale, de l&rsquo;ordre public et du bien-\u00eatre g\u00e9n\u00e9ral dans une soci\u00e9t\u00e9 d\u00e9mocratique.<\/p>\n\n\n\n<p>3) Ces droits et libert\u00e9s ne peuvent en aucun cas \u00eatre exerc\u00e9s contrairement aux buts et principes des Nations Unies.<\/p>\n<\/details>\n\n<details class=\"wp-block-details is-layout-flow wp-block-details-is-layout-flow\"><summary>30. Indestructible<\/summary>\n<p>Aucune disposition de la pr\u00e9sente d\u00e9claration ne peut \u00eatre interpr\u00e9t\u00e9e comme impliquant pour un \u00c9tat, un groupement ou un individu, un droit quelconque de se livrer \u00e0 une activit\u00e9 ou d&rsquo;accomplir un acte visant \u00e0 la destruction des droits et libert\u00e9s qui y sont \u00e9nonc\u00e9s.<\/p>\n<\/details>\n","protected":false},"excerpt":{"rendered":"<p>La Convention relative aux droits de l&rsquo;enfant Le droit relatif aux droits de l&rsquo;homme d\u00e9finit un enfant comme tout \u00eatre humain \u00e2g\u00e9 de moins de 18 ans. En 2014, l&rsquo;UNICEF a estim\u00e9 le nombre total d&rsquo;enfants dans le monde \u00e0 2,2 milliards (La situation des enfants dans le monde 2014 en chiffres : chaque enfant [&hellip;]<\/p>\n","protected":false},"author":1,"featured_media":0,"parent":1597,"menu_order":0,"comment_status":"closed","ping_status":"closed","template":"","meta":{"_acf_changed":false,"inline_featured_image":false,"footnotes":""},"class_list":["post-3017","page","type-page","status-publish","hentry"],"acf":[],"yoast_head":"<!-- This site is optimized with the Yoast SEO plugin v27.4 - https:\/\/yoast.com\/product\/yoast-seo-wordpress\/ -->\n<title>GO-HRE Bureau de Gen\u00e8ve pour l&#039;\u00e9ducation aux droits de l&#039;homme - GO-HRE<\/title>\n<meta name=\"robots\" content=\"index, follow, max-snippet:-1, max-image-preview:large, max-video-preview:-1\" \/>\n<link rel=\"canonical\" href=\"https:\/\/go-hre.org\/fr\/ressources\/go-hre-bureau-de-geneve-pour-leducation-aux-droits-de-lhomme\/\" \/>\n<meta property=\"og:locale\" content=\"fr_FR\" \/>\n<meta property=\"og:type\" content=\"article\" \/>\n<meta property=\"og:title\" content=\"GO-HRE Bureau de Gen\u00e8ve pour l&#039;\u00e9ducation aux droits de l&#039;homme - GO-HRE\" \/>\n<meta property=\"og:description\" content=\"La Convention relative aux droits de l&rsquo;enfant Le droit relatif aux droits de l&rsquo;homme d\u00e9finit un enfant comme tout \u00eatre humain \u00e2g\u00e9 de moins de 18 ans. En 2014, l&rsquo;UNICEF a estim\u00e9 le nombre total d&rsquo;enfants dans le monde \u00e0 2,2 milliards (La situation des enfants dans le monde 2014 en chiffres : chaque enfant [&hellip;]\" \/>\n<meta property=\"og:url\" content=\"https:\/\/go-hre.org\/fr\/ressources\/go-hre-bureau-de-geneve-pour-leducation-aux-droits-de-lhomme\/\" \/>\n<meta property=\"og:site_name\" content=\"GO-HRE\" \/>\n<meta property=\"article:modified_time\" content=\"2025-06-04T03:39:22+00:00\" \/>\n<meta name=\"twitter:card\" content=\"summary_large_image\" \/>\n<meta name=\"twitter:label1\" content=\"Dur\u00e9e de lecture estim\u00e9e\" \/>\n\t<meta name=\"twitter:data1\" content=\"9 minutes\" \/>\n<script type=\"application\/ld+json\" class=\"yoast-schema-graph\">{\"@context\":\"https:\\\/\\\/schema.org\",\"@graph\":[{\"@type\":\"WebPage\",\"@id\":\"https:\\\/\\\/go-hre.org\\\/fr\\\/ressources\\\/go-hre-bureau-de-geneve-pour-leducation-aux-droits-de-lhomme\\\/\",\"url\":\"https:\\\/\\\/go-hre.org\\\/fr\\\/ressources\\\/go-hre-bureau-de-geneve-pour-leducation-aux-droits-de-lhomme\\\/\",\"name\":\"GO-HRE Bureau de Gen\u00e8ve pour l'\u00e9ducation aux droits de l'homme - GO-HRE\",\"isPartOf\":{\"@id\":\"https:\\\/\\\/go-hre.org\\\/#website\"},\"datePublished\":\"2025-05-26T22:03:43+00:00\",\"dateModified\":\"2025-06-04T03:39:22+00:00\",\"breadcrumb\":{\"@id\":\"https:\\\/\\\/go-hre.org\\\/fr\\\/ressources\\\/go-hre-bureau-de-geneve-pour-leducation-aux-droits-de-lhomme\\\/#breadcrumb\"},\"inLanguage\":\"fr-FR\",\"potentialAction\":[{\"@type\":\"ReadAction\",\"target\":[\"https:\\\/\\\/go-hre.org\\\/fr\\\/ressources\\\/go-hre-bureau-de-geneve-pour-leducation-aux-droits-de-lhomme\\\/\"]}]},{\"@type\":\"BreadcrumbList\",\"@id\":\"https:\\\/\\\/go-hre.org\\\/fr\\\/ressources\\\/go-hre-bureau-de-geneve-pour-leducation-aux-droits-de-lhomme\\\/#breadcrumb\",\"itemListElement\":[{\"@type\":\"ListItem\",\"position\":1,\"name\":\"Home\",\"item\":\"https:\\\/\\\/go-hre.org\\\/fr\\\/page-daccueil\\\/\"},{\"@type\":\"ListItem\",\"position\":2,\"name\":\"Ressources\",\"item\":\"https:\\\/\\\/go-hre.org\\\/fr\\\/ressources\\\/\"},{\"@type\":\"ListItem\",\"position\":3,\"name\":\"GO-HRE Bureau de Gen\u00e8ve pour l&#8217;\u00e9ducation aux droits de l&#8217;homme\"}]},{\"@type\":\"WebSite\",\"@id\":\"https:\\\/\\\/go-hre.org\\\/#website\",\"url\":\"https:\\\/\\\/go-hre.org\\\/\",\"name\":\"GO-HRE\",\"description\":\"Bureau de l'\u00e9ducation aux droits de l'homme \u00e0 Gen\u00e8ve\",\"publisher\":{\"@id\":\"https:\\\/\\\/go-hre.org\\\/#organization\"},\"potentialAction\":[{\"@type\":\"SearchAction\",\"target\":{\"@type\":\"EntryPoint\",\"urlTemplate\":\"https:\\\/\\\/go-hre.org\\\/?s={search_term_string}\"},\"query-input\":{\"@type\":\"PropertyValueSpecification\",\"valueRequired\":true,\"valueName\":\"search_term_string\"}}],\"inLanguage\":\"fr-FR\"},{\"@type\":\"Organization\",\"@id\":\"https:\\\/\\\/go-hre.org\\\/#organization\",\"name\":\"GO-HRE\",\"url\":\"https:\\\/\\\/go-hre.org\\\/\",\"logo\":{\"@type\":\"ImageObject\",\"inLanguage\":\"fr-FR\",\"@id\":\"https:\\\/\\\/go-hre.org\\\/#\\\/schema\\\/logo\\\/image\\\/\",\"url\":\"https:\\\/\\\/go-hre.org\\\/wp-content\\\/uploads\\\/2025\\\/04\\\/favicon.png\",\"contentUrl\":\"https:\\\/\\\/go-hre.org\\\/wp-content\\\/uploads\\\/2025\\\/04\\\/favicon.png\",\"width\":258,\"height\":258,\"caption\":\"GO-HRE\"},\"image\":{\"@id\":\"https:\\\/\\\/go-hre.org\\\/#\\\/schema\\\/logo\\\/image\\\/\"}}]}<\/script>\n<!-- \/ Yoast SEO plugin. -->","yoast_head_json":{"title":"GO-HRE Bureau de Gen\u00e8ve pour l'\u00e9ducation aux droits de l'homme - GO-HRE","robots":{"index":"index","follow":"follow","max-snippet":"max-snippet:-1","max-image-preview":"max-image-preview:large","max-video-preview":"max-video-preview:-1"},"canonical":"https:\/\/go-hre.org\/fr\/ressources\/go-hre-bureau-de-geneve-pour-leducation-aux-droits-de-lhomme\/","og_locale":"fr_FR","og_type":"article","og_title":"GO-HRE Bureau de Gen\u00e8ve pour l'\u00e9ducation aux droits de l'homme - GO-HRE","og_description":"La Convention relative aux droits de l&rsquo;enfant Le droit relatif aux droits de l&rsquo;homme d\u00e9finit un enfant comme tout \u00eatre humain \u00e2g\u00e9 de moins de 18 ans. En 2014, l&rsquo;UNICEF a estim\u00e9 le nombre total d&rsquo;enfants dans le monde \u00e0 2,2 milliards (La situation des enfants dans le monde 2014 en chiffres : chaque enfant [&hellip;]","og_url":"https:\/\/go-hre.org\/fr\/ressources\/go-hre-bureau-de-geneve-pour-leducation-aux-droits-de-lhomme\/","og_site_name":"GO-HRE","article_modified_time":"2025-06-04T03:39:22+00:00","twitter_card":"summary_large_image","twitter_misc":{"Dur\u00e9e de lecture estim\u00e9e":"9 minutes"},"schema":{"@context":"https:\/\/schema.org","@graph":[{"@type":"WebPage","@id":"https:\/\/go-hre.org\/fr\/ressources\/go-hre-bureau-de-geneve-pour-leducation-aux-droits-de-lhomme\/","url":"https:\/\/go-hre.org\/fr\/ressources\/go-hre-bureau-de-geneve-pour-leducation-aux-droits-de-lhomme\/","name":"GO-HRE Bureau de Gen\u00e8ve pour l'\u00e9ducation aux droits de l'homme - GO-HRE","isPartOf":{"@id":"https:\/\/go-hre.org\/#website"},"datePublished":"2025-05-26T22:03:43+00:00","dateModified":"2025-06-04T03:39:22+00:00","breadcrumb":{"@id":"https:\/\/go-hre.org\/fr\/ressources\/go-hre-bureau-de-geneve-pour-leducation-aux-droits-de-lhomme\/#breadcrumb"},"inLanguage":"fr-FR","potentialAction":[{"@type":"ReadAction","target":["https:\/\/go-hre.org\/fr\/ressources\/go-hre-bureau-de-geneve-pour-leducation-aux-droits-de-lhomme\/"]}]},{"@type":"BreadcrumbList","@id":"https:\/\/go-hre.org\/fr\/ressources\/go-hre-bureau-de-geneve-pour-leducation-aux-droits-de-lhomme\/#breadcrumb","itemListElement":[{"@type":"ListItem","position":1,"name":"Home","item":"https:\/\/go-hre.org\/fr\/page-daccueil\/"},{"@type":"ListItem","position":2,"name":"Ressources","item":"https:\/\/go-hre.org\/fr\/ressources\/"},{"@type":"ListItem","position":3,"name":"GO-HRE Bureau de Gen\u00e8ve pour l&#8217;\u00e9ducation aux droits de l&#8217;homme"}]},{"@type":"WebSite","@id":"https:\/\/go-hre.org\/#website","url":"https:\/\/go-hre.org\/","name":"GO-HRE","description":"Bureau de l'\u00e9ducation aux droits de l'homme \u00e0 Gen\u00e8ve","publisher":{"@id":"https:\/\/go-hre.org\/#organization"},"potentialAction":[{"@type":"SearchAction","target":{"@type":"EntryPoint","urlTemplate":"https:\/\/go-hre.org\/?s={search_term_string}"},"query-input":{"@type":"PropertyValueSpecification","valueRequired":true,"valueName":"search_term_string"}}],"inLanguage":"fr-FR"},{"@type":"Organization","@id":"https:\/\/go-hre.org\/#organization","name":"GO-HRE","url":"https:\/\/go-hre.org\/","logo":{"@type":"ImageObject","inLanguage":"fr-FR","@id":"https:\/\/go-hre.org\/#\/schema\/logo\/image\/","url":"https:\/\/go-hre.org\/wp-content\/uploads\/2025\/04\/favicon.png","contentUrl":"https:\/\/go-hre.org\/wp-content\/uploads\/2025\/04\/favicon.png","width":258,"height":258,"caption":"GO-HRE"},"image":{"@id":"https:\/\/go-hre.org\/#\/schema\/logo\/image\/"}}]}},"_links":{"self":[{"href":"https:\/\/go-hre.org\/fr\/wp-json\/wp\/v2\/pages\/3017","targetHints":{"allow":["GET"]}}],"collection":[{"href":"https:\/\/go-hre.org\/fr\/wp-json\/wp\/v2\/pages"}],"about":[{"href":"https:\/\/go-hre.org\/fr\/wp-json\/wp\/v2\/types\/page"}],"author":[{"embeddable":true,"href":"https:\/\/go-hre.org\/fr\/wp-json\/wp\/v2\/users\/1"}],"replies":[{"embeddable":true,"href":"https:\/\/go-hre.org\/fr\/wp-json\/wp\/v2\/comments?post=3017"}],"version-history":[{"count":2,"href":"https:\/\/go-hre.org\/fr\/wp-json\/wp\/v2\/pages\/3017\/revisions"}],"predecessor-version":[{"id":3023,"href":"https:\/\/go-hre.org\/fr\/wp-json\/wp\/v2\/pages\/3017\/revisions\/3023"}],"up":[{"embeddable":true,"href":"https:\/\/go-hre.org\/fr\/wp-json\/wp\/v2\/pages\/1597"}],"wp:attachment":[{"href":"https:\/\/go-hre.org\/fr\/wp-json\/wp\/v2\/media?parent=3017"}],"curies":[{"name":"wp","href":"https:\/\/api.w.org\/{rel}","templated":true}]}}