{"id":4485,"date":"2025-05-24T19:55:00","date_gmt":"2025-05-25T01:55:00","guid":{"rendered":"https:\/\/go-hre.org\/pays\/guatemala-documents-de-base\/"},"modified":"2025-07-08T13:53:50","modified_gmt":"2025-07-08T19:53:50","slug":"guatemala-documents-de-base","status":"publish","type":"page","link":"https:\/\/go-hre.org\/fr\/pays\/guatemala-documents-de-base\/","title":{"rendered":"Guatemala : Documents de base"},"content":{"rendered":"\n<p><strong>Contenu du cours :<\/strong><\/p>\n\n<ul class=\"wp-block-list pdf_links\">\n<li><a href=\"https:\/\/go-hre.org\/wp-content\/uploads\/2025\/05\/colega_gua_250326_pri_0.pdf\" data-type=\"attachment\" data-id=\"1963\">Portada e \u00edndice de contenidos<\/a><\/li>\n\n\n\n<li><a href=\"https:\/\/go-hre.org\/wp-content\/uploads\/2025\/05\/colega_gua_250326_pri_1.pdf\" data-type=\"attachment\" data-id=\"1907\">1A &amp; 1B : Derecho a la igualidad - Nac\u00ed libre<\/a><\/li>\n\n\n\n<li><a href=\"https:\/\/go-hre.org\/wp-content\/uploads\/2025\/05\/colega_gua_250326_pri_2.pdf\" data-type=\"attachment\" data-id=\"1911\">2A &amp; 2B : Derechos humanos iquales e inalienables - Tengo derechos<\/a><\/li>\n\n\n\n<li><a href=\"https:\/\/go-hre.org\/wp-content\/uploads\/2025\/05\/colega_gua_250326_pri_3.pdf\" data-type=\"attachment\" data-id=\"1967\">3A &amp; 3B : Libre de discrimination - \u00bfEs esto discriminaci\u00f3n ?<\/a><\/li>\n\n\n\n<li><a href=\"https:\/\/go-hre.org\/wp-content\/uploads\/2025\/05\/colega_gua_250326_pri_4.pdf\" data-type=\"attachment\" data-id=\"1971\">4A &amp; 4B : Libre de toute intimidation - No se permite la intimidaci\u00f3n<\/a><\/li>\n\n\n\n<li><a href=\"https:\/\/go-hre.org\/wp-content\/uploads\/2025\/05\/colega_gua_250326_pri_5.pdf\" data-type=\"attachment\" data-id=\"1915\">5A &amp; 5B : Derecho al matramonio y a una familia - La familia, una cosa hermosa<\/a><\/li>\n\n\n\n<li><a href=\"https:\/\/go-hre.org\/wp-content\/uploads\/2025\/05\/colega_gua_250326_pri_6.pdf\" data-type=\"attachment\" data-id=\"1919\">6A &amp; 6B : Libertad de religi\u00f3n o creencia - Yo puedo elegir<\/a><\/li>\n\n\n\n<li><a href=\"https:\/\/go-hre.org\/wp-content\/uploads\/2025\/05\/colega_gua_250326_pri_7.pdf\" data-type=\"attachment\" data-id=\"1923\">7A &amp; 7B : Libert\u00e9 d&rsquo;expression - Les mots font la diff\u00e9rence<\/a><\/li>\n\n\n\n<li><a href=\"https:\/\/go-hre.org\/wp-content\/uploads\/2025\/05\/colega_gua_250326_pri_8.pdf\" data-type=\"attachment\" data-id=\"1927\">8A &amp; 8B : Derecho al reconocimiento legal - Mi derecho a ser yo<\/a><\/li>\n\n\n\n<li><a href=\"https:\/\/go-hre.org\/wp-content\/uploads\/2025\/05\/colega_gua_250326_pri_9.pdf\" data-type=\"attachment\" data-id=\"1975\">9A &amp; 9B : Protecci\u00f3n contra el trabajo infantil - El trabajo infantil no es justo<\/a><\/li>\n\n\n\n<li><a href=\"https:\/\/go-hre.org\/wp-content\/uploads\/2025\/05\/colega_gua_250326_pri_10a.pdf\" data-type=\"attachment\" data-id=\"1931\">10A : Derecho a la educaci\u00f3n - Puedo ir a la escuela<\/a><\/li>\n\n\n\n<li><a href=\"https:\/\/go-hre.org\/wp-content\/uploads\/2025\/05\/colega_gua_250326_pri_10b.pdf\" data-type=\"attachment\" data-id=\"1979\">10B : Nuestra responsabilidad hacia la comunidad - Nuestra responsabilidad hacia la comunidad<\/a><\/li>\n<\/ul>\n\n<hr class=\"wp-block-separator has-alpha-channel-opacity\"\/>\n\n<p><strong>Il s&rsquo;agit d&rsquo;un outil d&rsquo;aide \u00e0 la d\u00e9cision :<\/strong><\/p>\n\n<ul class=\"wp-block-list pdf_links\">\n<li><a href=\"https:\/\/go-hre.org\/wp-content\/uploads\/2025\/05\/colega_gua_250326_pri_13.pdf\" data-type=\"attachment\" data-id=\"1935\">I : Informaci\u00f3n de contexto<\/a><\/li>\n\n\n\n<li><a href=\"https:\/\/go-hre.org\/wp-content\/uploads\/2025\/05\/colega_gua_250326_pri_14.pdf\" data-type=\"attachment\" data-id=\"1939\">II : Pautas y consejos did\u00e1cticos<\/a><\/li>\n\n\n\n<li><a href=\"https:\/\/go-hre.org\/wp-content\/uploads\/2025\/05\/colega_gua_250326_pri_15.pdf\" data-type=\"attachment\" data-id=\"1943\">III : Canciones<\/a><\/li>\n\n\n\n<li><a href=\"https:\/\/go-hre.org\/wp-content\/uploads\/2025\/05\/colega_gua_250326_pri_16.pdf\" data-type=\"attachment\" data-id=\"1947\">IV : Glosario<\/a><\/li>\n\n\n\n<li><a href=\"https:\/\/go-hre.org\/wp-content\/uploads\/2025\/05\/colega_gua_250326_pri_17.pdf\" data-type=\"attachment\" data-id=\"1987\">V : Documents<\/a><\/li>\n\n\n\n<li><a href=\"https:\/\/go-hre.org\/wp-content\/uploads\/2025\/05\/colega_gua_250326_pri_18.pdf\" data-type=\"attachment\" data-id=\"1951\">VI : \u00c9valuations de la m\u00e9moire<\/a><\/li>\n\n\n\n<li><a href=\"https:\/\/go-hre.org\/wp-content\/uploads\/2025\/05\/colega_gua_250326_pri_19.pdf\" data-type=\"attachment\" data-id=\"1955\">VII : Mini p\u00f3steres y juego<\/a><\/li>\n<\/ul>\n","protected":false},"excerpt":{"rendered":"<p>Contenu du cours : Il s&rsquo;agit d&rsquo;un outil d&rsquo;aide \u00e0 la d\u00e9cision :<\/p>\n","protected":false},"author":2,"featured_media":0,"parent":1586,"menu_order":0,"comment_status":"closed","ping_status":"closed","template":"","meta":{"_acf_changed":false,"inline_featured_image":false,"footnotes":""},"class_list":["post-4485","page","type-page","status-publish","hentry"],"acf":[],"yoast_head":"<!-- This site is optimized with the Yoast SEO plugin v27.3 - https:\/\/yoast.com\/product\/yoast-seo-wordpress\/ -->\n<title>Guatemala : Documents de base - GO-HRE<\/title>\n<meta name=\"robots\" content=\"index, follow, max-snippet:-1, max-image-preview:large, max-video-preview:-1\" \/>\n<link rel=\"canonical\" href=\"https:\/\/go-hre.org\/fr\/pays\/guatemala-documents-de-base\/\" \/>\n<meta property=\"og:locale\" content=\"fr_FR\" \/>\n<meta property=\"og:type\" content=\"article\" \/>\n<meta property=\"og:title\" content=\"Guatemala : Documents de base - GO-HRE\" \/>\n<meta property=\"og:description\" content=\"Contenu du cours : Il s&rsquo;agit d&rsquo;un outil d&rsquo;aide \u00e0 la d\u00e9cision :\" \/>\n<meta property=\"og:url\" content=\"https:\/\/go-hre.org\/fr\/pays\/guatemala-documents-de-base\/\" \/>\n<meta property=\"og:site_name\" content=\"GO-HRE\" \/>\n<meta property=\"article:modified_time\" content=\"2025-07-08T19:53:50+00:00\" \/>\n<meta name=\"twitter:card\" content=\"summary_large_image\" \/>\n<meta name=\"twitter:label1\" content=\"Dur\u00e9e de lecture estim\u00e9e\" \/>\n\t<meta name=\"twitter:data1\" content=\"1 minute\" \/>\n<script type=\"application\/ld+json\" class=\"yoast-schema-graph\">{\"@context\":\"https:\\\/\\\/schema.org\",\"@graph\":[{\"@type\":\"WebPage\",\"@id\":\"https:\\\/\\\/go-hre.org\\\/fr\\\/pays\\\/guatemala-documents-de-base\\\/\",\"url\":\"https:\\\/\\\/go-hre.org\\\/fr\\\/pays\\\/guatemala-documents-de-base\\\/\",\"name\":\"Guatemala : Documents de base - GO-HRE\",\"isPartOf\":{\"@id\":\"https:\\\/\\\/go-hre.org\\\/#website\"},\"datePublished\":\"2025-05-25T01:55:00+00:00\",\"dateModified\":\"2025-07-08T19:53:50+00:00\",\"breadcrumb\":{\"@id\":\"https:\\\/\\\/go-hre.org\\\/fr\\\/pays\\\/guatemala-documents-de-base\\\/#breadcrumb\"},\"inLanguage\":\"fr-FR\",\"potentialAction\":[{\"@type\":\"ReadAction\",\"target\":[\"https:\\\/\\\/go-hre.org\\\/fr\\\/pays\\\/guatemala-documents-de-base\\\/\"]}]},{\"@type\":\"BreadcrumbList\",\"@id\":\"https:\\\/\\\/go-hre.org\\\/fr\\\/pays\\\/guatemala-documents-de-base\\\/#breadcrumb\",\"itemListElement\":[{\"@type\":\"ListItem\",\"position\":1,\"name\":\"Home\",\"item\":\"https:\\\/\\\/go-hre.org\\\/fr\\\/page-daccueil\\\/\"},{\"@type\":\"ListItem\",\"position\":2,\"name\":\"Pays\",\"item\":\"https:\\\/\\\/go-hre.org\\\/fr\\\/pays\\\/\"},{\"@type\":\"ListItem\",\"position\":3,\"name\":\"Guatemala : Documents de base\"}]},{\"@type\":\"WebSite\",\"@id\":\"https:\\\/\\\/go-hre.org\\\/#website\",\"url\":\"https:\\\/\\\/go-hre.org\\\/\",\"name\":\"GO-HRE\",\"description\":\"Bureau de l'\u00e9ducation aux droits de l'homme \u00e0 Gen\u00e8ve\",\"publisher\":{\"@id\":\"https:\\\/\\\/go-hre.org\\\/#organization\"},\"potentialAction\":[{\"@type\":\"SearchAction\",\"target\":{\"@type\":\"EntryPoint\",\"urlTemplate\":\"https:\\\/\\\/go-hre.org\\\/?s={search_term_string}\"},\"query-input\":{\"@type\":\"PropertyValueSpecification\",\"valueRequired\":true,\"valueName\":\"search_term_string\"}}],\"inLanguage\":\"fr-FR\"},{\"@type\":\"Organization\",\"@id\":\"https:\\\/\\\/go-hre.org\\\/#organization\",\"name\":\"GO-HRE\",\"url\":\"https:\\\/\\\/go-hre.org\\\/\",\"logo\":{\"@type\":\"ImageObject\",\"inLanguage\":\"fr-FR\",\"@id\":\"https:\\\/\\\/go-hre.org\\\/#\\\/schema\\\/logo\\\/image\\\/\",\"url\":\"https:\\\/\\\/go-hre.org\\\/wp-content\\\/uploads\\\/2025\\\/04\\\/favicon.png\",\"contentUrl\":\"https:\\\/\\\/go-hre.org\\\/wp-content\\\/uploads\\\/2025\\\/04\\\/favicon.png\",\"width\":258,\"height\":258,\"caption\":\"GO-HRE\"},\"image\":{\"@id\":\"https:\\\/\\\/go-hre.org\\\/#\\\/schema\\\/logo\\\/image\\\/\"}}]}<\/script>\n<!-- \/ Yoast SEO plugin. -->","yoast_head_json":{"title":"Guatemala : Documents de base - GO-HRE","robots":{"index":"index","follow":"follow","max-snippet":"max-snippet:-1","max-image-preview":"max-image-preview:large","max-video-preview":"max-video-preview:-1"},"canonical":"https:\/\/go-hre.org\/fr\/pays\/guatemala-documents-de-base\/","og_locale":"fr_FR","og_type":"article","og_title":"Guatemala : Documents de base - GO-HRE","og_description":"Contenu du cours : Il s&rsquo;agit d&rsquo;un outil d&rsquo;aide \u00e0 la d\u00e9cision :","og_url":"https:\/\/go-hre.org\/fr\/pays\/guatemala-documents-de-base\/","og_site_name":"GO-HRE","article_modified_time":"2025-07-08T19:53:50+00:00","twitter_card":"summary_large_image","twitter_misc":{"Dur\u00e9e de lecture estim\u00e9e":"1 minute"},"schema":{"@context":"https:\/\/schema.org","@graph":[{"@type":"WebPage","@id":"https:\/\/go-hre.org\/fr\/pays\/guatemala-documents-de-base\/","url":"https:\/\/go-hre.org\/fr\/pays\/guatemala-documents-de-base\/","name":"Guatemala : Documents de base - GO-HRE","isPartOf":{"@id":"https:\/\/go-hre.org\/#website"},"datePublished":"2025-05-25T01:55:00+00:00","dateModified":"2025-07-08T19:53:50+00:00","breadcrumb":{"@id":"https:\/\/go-hre.org\/fr\/pays\/guatemala-documents-de-base\/#breadcrumb"},"inLanguage":"fr-FR","potentialAction":[{"@type":"ReadAction","target":["https:\/\/go-hre.org\/fr\/pays\/guatemala-documents-de-base\/"]}]},{"@type":"BreadcrumbList","@id":"https:\/\/go-hre.org\/fr\/pays\/guatemala-documents-de-base\/#breadcrumb","itemListElement":[{"@type":"ListItem","position":1,"name":"Home","item":"https:\/\/go-hre.org\/fr\/page-daccueil\/"},{"@type":"ListItem","position":2,"name":"Pays","item":"https:\/\/go-hre.org\/fr\/pays\/"},{"@type":"ListItem","position":3,"name":"Guatemala : Documents de base"}]},{"@type":"WebSite","@id":"https:\/\/go-hre.org\/#website","url":"https:\/\/go-hre.org\/","name":"GO-HRE","description":"Bureau de l'\u00e9ducation aux droits de l'homme \u00e0 Gen\u00e8ve","publisher":{"@id":"https:\/\/go-hre.org\/#organization"},"potentialAction":[{"@type":"SearchAction","target":{"@type":"EntryPoint","urlTemplate":"https:\/\/go-hre.org\/?s={search_term_string}"},"query-input":{"@type":"PropertyValueSpecification","valueRequired":true,"valueName":"search_term_string"}}],"inLanguage":"fr-FR"},{"@type":"Organization","@id":"https:\/\/go-hre.org\/#organization","name":"GO-HRE","url":"https:\/\/go-hre.org\/","logo":{"@type":"ImageObject","inLanguage":"fr-FR","@id":"https:\/\/go-hre.org\/#\/schema\/logo\/image\/","url":"https:\/\/go-hre.org\/wp-content\/uploads\/2025\/04\/favicon.png","contentUrl":"https:\/\/go-hre.org\/wp-content\/uploads\/2025\/04\/favicon.png","width":258,"height":258,"caption":"GO-HRE"},"image":{"@id":"https:\/\/go-hre.org\/#\/schema\/logo\/image\/"}}]}},"_links":{"self":[{"href":"https:\/\/go-hre.org\/fr\/wp-json\/wp\/v2\/pages\/4485","targetHints":{"allow":["GET"]}}],"collection":[{"href":"https:\/\/go-hre.org\/fr\/wp-json\/wp\/v2\/pages"}],"about":[{"href":"https:\/\/go-hre.org\/fr\/wp-json\/wp\/v2\/types\/page"}],"author":[{"embeddable":true,"href":"https:\/\/go-hre.org\/fr\/wp-json\/wp\/v2\/users\/2"}],"replies":[{"embeddable":true,"href":"https:\/\/go-hre.org\/fr\/wp-json\/wp\/v2\/comments?post=4485"}],"version-history":[{"count":2,"href":"https:\/\/go-hre.org\/fr\/wp-json\/wp\/v2\/pages\/4485\/revisions"}],"predecessor-version":[{"id":4544,"href":"https:\/\/go-hre.org\/fr\/wp-json\/wp\/v2\/pages\/4485\/revisions\/4544"}],"up":[{"embeddable":true,"href":"https:\/\/go-hre.org\/fr\/wp-json\/wp\/v2\/pages\/1586"}],"wp:attachment":[{"href":"https:\/\/go-hre.org\/fr\/wp-json\/wp\/v2\/media?parent=4485"}],"curies":[{"name":"wp","href":"https:\/\/api.w.org\/{rel}","templated":true}]}}