{"id":4489,"date":"2025-05-24T23:55:28","date_gmt":"2025-05-25T05:55:28","guid":{"rendered":"https:\/\/go-hre.org\/pays\/guyane-materiel-primaire\/"},"modified":"2025-07-08T13:56:17","modified_gmt":"2025-07-08T19:56:17","slug":"guyane-materiel-primaire","status":"publish","type":"page","link":"https:\/\/go-hre.org\/fr\/pays\/guyane-materiel-primaire\/","title":{"rendered":"Guyane : Mat\u00e9riel primaire"},"content":{"rendered":"\n<p><strong>Contenu du cours :<\/strong><\/p>\n\n<ul class=\"wp-block-list pdf_links\">\n<li><a href=\"https:\/\/go-hre.org\/wp-content\/uploads\/2025\/05\/colega_eng_250226_pri_0.pdf\" data-type=\"attachment\" data-id=\"2115\">Couverture et table des mati\u00e8res<\/a><\/li>\n\n\n\n<li><a href=\"https:\/\/go-hre.org\/wp-content\/uploads\/2025\/04\/colega_eng_250226_pri_1.pdf\" data-type=\"attachment\" data-id=\"432\">1A &amp; 1B : Droit \u00e0 l&rsquo;\u00e9galit\u00e9 - Born Free<\/a><\/li>\n\n\n\n<li><a href=\"https:\/\/go-hre.org\/wp-content\/uploads\/2025\/04\/colega_eng_250226_pri_2.pdf\" data-type=\"attachment\" data-id=\"433\">2A &amp; 2B : Droits de l&rsquo;homme \u00e9gaux et inali\u00e9nables - J&rsquo;ai des droits<\/a><\/li>\n\n\n\n<li><a href=\"https:\/\/go-hre.org\/wp-content\/uploads\/2025\/04\/colega_eng_250226_pri_3.pdf\" data-type=\"attachment\" data-id=\"434\">3A &amp; 3B : Absence de discrimination - S&rsquo;agit-il d&rsquo;une discrimination ?<\/a><\/li>\n\n\n\n<li><a href=\"https:\/\/go-hre.org\/wp-content\/uploads\/2025\/04\/colega_eng_250226_pri_4.pdf\" data-type=\"attachment\" data-id=\"435\">4A &amp; 4B : Lutte contre les brimades - Pas de brimades permises<\/a><\/li>\n\n\n\n<li><a href=\"https:\/\/go-hre.org\/wp-content\/uploads\/2025\/04\/colega_eng_250226_pri_5.pdf\" data-type=\"attachment\" data-id=\"436\">5A &amp; 5B : Droit au mariage et \u00e0 la famille - La famille, une belle chose<\/a><\/li>\n\n\n\n<li><a href=\"https:\/\/go-hre.org\/wp-content\/uploads\/2025\/04\/colega_eng_250226_pri_6.pdf\" data-type=\"attachment\" data-id=\"437\">6A &amp; 6B : Libert\u00e9 de religion ou de conviction - Je peux choisir !<\/a><\/li>\n\n\n\n<li><a href=\"https:\/\/go-hre.org\/wp-content\/uploads\/2025\/04\/colega_eng_250226_pri_7.pdf\" data-type=\"attachment\" data-id=\"438\">7A &amp; 7B : Libert\u00e9 d&rsquo;expression - Les mots font la diff\u00e9rence<\/a><\/li>\n\n\n\n<li><a href=\"https:\/\/go-hre.org\/wp-content\/uploads\/2025\/04\/colega_eng_250226_pri_8.pdf\" data-type=\"attachment\" data-id=\"439\">8A &amp; 8B : Droit \u00e0 la reconnaissance juridique - Mon droit d&rsquo;\u00eatre moi<\/a><\/li>\n\n\n\n<li><a href=\"https:\/\/go-hre.org\/wp-content\/uploads\/2025\/04\/colega_eng_250226_pri_9.pdf\" data-type=\"attachment\" data-id=\"440\">9A &amp; 9B : Protection contre le travail des enfants - Le travail des enfants est tout simplement injuste !<\/a><\/li>\n\n\n\n<li><a href=\"https:\/\/go-hre.org\/wp-content\/uploads\/2025\/04\/colega_eng_250226_pri_10a.pdf\" data-type=\"attachment\" data-id=\"441\">10A : Droit \u00e0 l&rsquo;\u00e9ducation - Je peux aller \u00e0 l&rsquo;\u00e9cole<\/a><\/li>\n\n\n\n<li><a href=\"https:\/\/go-hre.org\/wp-content\/uploads\/2025\/04\/colega_eng_250226_pri_10b.pdf\" data-type=\"attachment\" data-id=\"442\">10B : Responsabilit\u00e9 \u00e0 l&rsquo;\u00e9gard de la communaut\u00e9 - Notre responsabilit\u00e9 \u00e0 l&rsquo;\u00e9gard de la communaut\u00e9<\/a><\/li>\n<\/ul>\n\n<hr class=\"wp-block-separator has-alpha-channel-opacity\"\/>\n\n<p><strong>Bo\u00eete \u00e0 outils pour les animateurs :<\/strong><\/p>\n\n<ul class=\"wp-block-list pdf_links\">\n<li><a href=\"https:\/\/go-hre.org\/wp-content\/uploads\/2025\/04\/colega_eng_250226_pri_13.pdf\" data-type=\"attachment\" data-id=\"449\">I : Informations g\u00e9n\u00e9rales<\/a><\/li>\n\n\n\n<li><a href=\"https:\/\/go-hre.org\/wp-content\/uploads\/2025\/04\/colega_eng_250226_pri_14.pdf\" data-type=\"attachment\" data-id=\"450\">II : Lignes directrices et conseils p\u00e9dagogiques<\/a><\/li>\n\n\n\n<li><a href=\"https:\/\/go-hre.org\/wp-content\/uploads\/2025\/04\/colega_eng_250226_pri_15.pdf\" data-type=\"attachment\" data-id=\"451\">III : Chansons<\/a><\/li>\n\n\n\n<li><a href=\"https:\/\/go-hre.org\/wp-content\/uploads\/2025\/04\/colega_eng_250226_pri_16.pdf\" data-type=\"attachment\" data-id=\"452\">IV : Glossaire<\/a><\/li>\n\n\n\n<li><a href=\"https:\/\/go-hre.org\/wp-content\/uploads\/2025\/04\/colega_eng_250226_pri_17.pdf\" data-type=\"attachment\" data-id=\"453\">V : Documents de l&rsquo;ONU<\/a><\/li>\n\n\n\n<li><a href=\"https:\/\/go-hre.org\/wp-content\/uploads\/2025\/04\/colega_eng_250226_pri_18.pdf\" data-type=\"attachment\" data-id=\"454\">VI : Exemples d&rsquo;\u00e9valuations<\/a><\/li>\n<\/ul>\n","protected":false},"excerpt":{"rendered":"<p>Contenu du cours : Bo\u00eete \u00e0 outils pour les animateurs :<\/p>\n","protected":false},"author":2,"featured_media":0,"parent":1586,"menu_order":0,"comment_status":"closed","ping_status":"closed","template":"","meta":{"_acf_changed":false,"inline_featured_image":false,"footnotes":""},"class_list":["post-4489","page","type-page","status-publish","hentry"],"acf":[],"yoast_head":"<!-- This site is optimized with the Yoast SEO plugin v27.3 - https:\/\/yoast.com\/product\/yoast-seo-wordpress\/ -->\n<title>Guyane : Mat\u00e9riel primaire - GO-HRE<\/title>\n<meta name=\"robots\" content=\"index, follow, max-snippet:-1, max-image-preview:large, max-video-preview:-1\" \/>\n<link rel=\"canonical\" href=\"https:\/\/go-hre.org\/fr\/pays\/guyane-materiel-primaire\/\" \/>\n<meta property=\"og:locale\" content=\"fr_FR\" \/>\n<meta property=\"og:type\" content=\"article\" \/>\n<meta property=\"og:title\" content=\"Guyane : Mat\u00e9riel primaire - GO-HRE\" \/>\n<meta property=\"og:description\" content=\"Contenu du cours : Bo\u00eete \u00e0 outils pour les animateurs :\" \/>\n<meta property=\"og:url\" content=\"https:\/\/go-hre.org\/fr\/pays\/guyane-materiel-primaire\/\" \/>\n<meta property=\"og:site_name\" content=\"GO-HRE\" \/>\n<meta property=\"article:modified_time\" content=\"2025-07-08T19:56:17+00:00\" \/>\n<meta name=\"twitter:card\" content=\"summary_large_image\" \/>\n<meta name=\"twitter:label1\" content=\"Dur\u00e9e de lecture estim\u00e9e\" \/>\n\t<meta name=\"twitter:data1\" content=\"1 minute\" \/>\n<script type=\"application\/ld+json\" class=\"yoast-schema-graph\">{\"@context\":\"https:\\\/\\\/schema.org\",\"@graph\":[{\"@type\":\"WebPage\",\"@id\":\"https:\\\/\\\/go-hre.org\\\/fr\\\/pays\\\/guyane-materiel-primaire\\\/\",\"url\":\"https:\\\/\\\/go-hre.org\\\/fr\\\/pays\\\/guyane-materiel-primaire\\\/\",\"name\":\"Guyane : Mat\u00e9riel primaire - GO-HRE\",\"isPartOf\":{\"@id\":\"https:\\\/\\\/go-hre.org\\\/#website\"},\"datePublished\":\"2025-05-25T05:55:28+00:00\",\"dateModified\":\"2025-07-08T19:56:17+00:00\",\"breadcrumb\":{\"@id\":\"https:\\\/\\\/go-hre.org\\\/fr\\\/pays\\\/guyane-materiel-primaire\\\/#breadcrumb\"},\"inLanguage\":\"fr-FR\",\"potentialAction\":[{\"@type\":\"ReadAction\",\"target\":[\"https:\\\/\\\/go-hre.org\\\/fr\\\/pays\\\/guyane-materiel-primaire\\\/\"]}]},{\"@type\":\"BreadcrumbList\",\"@id\":\"https:\\\/\\\/go-hre.org\\\/fr\\\/pays\\\/guyane-materiel-primaire\\\/#breadcrumb\",\"itemListElement\":[{\"@type\":\"ListItem\",\"position\":1,\"name\":\"Home\",\"item\":\"https:\\\/\\\/go-hre.org\\\/fr\\\/page-daccueil\\\/\"},{\"@type\":\"ListItem\",\"position\":2,\"name\":\"Pays\",\"item\":\"https:\\\/\\\/go-hre.org\\\/fr\\\/pays\\\/\"},{\"@type\":\"ListItem\",\"position\":3,\"name\":\"Guyane : Mat\u00e9riel primaire\"}]},{\"@type\":\"WebSite\",\"@id\":\"https:\\\/\\\/go-hre.org\\\/#website\",\"url\":\"https:\\\/\\\/go-hre.org\\\/\",\"name\":\"GO-HRE\",\"description\":\"Bureau de l'\u00e9ducation aux droits de l'homme \u00e0 Gen\u00e8ve\",\"publisher\":{\"@id\":\"https:\\\/\\\/go-hre.org\\\/#organization\"},\"potentialAction\":[{\"@type\":\"SearchAction\",\"target\":{\"@type\":\"EntryPoint\",\"urlTemplate\":\"https:\\\/\\\/go-hre.org\\\/?s={search_term_string}\"},\"query-input\":{\"@type\":\"PropertyValueSpecification\",\"valueRequired\":true,\"valueName\":\"search_term_string\"}}],\"inLanguage\":\"fr-FR\"},{\"@type\":\"Organization\",\"@id\":\"https:\\\/\\\/go-hre.org\\\/#organization\",\"name\":\"GO-HRE\",\"url\":\"https:\\\/\\\/go-hre.org\\\/\",\"logo\":{\"@type\":\"ImageObject\",\"inLanguage\":\"fr-FR\",\"@id\":\"https:\\\/\\\/go-hre.org\\\/#\\\/schema\\\/logo\\\/image\\\/\",\"url\":\"https:\\\/\\\/go-hre.org\\\/wp-content\\\/uploads\\\/2025\\\/04\\\/favicon.png\",\"contentUrl\":\"https:\\\/\\\/go-hre.org\\\/wp-content\\\/uploads\\\/2025\\\/04\\\/favicon.png\",\"width\":258,\"height\":258,\"caption\":\"GO-HRE\"},\"image\":{\"@id\":\"https:\\\/\\\/go-hre.org\\\/#\\\/schema\\\/logo\\\/image\\\/\"}}]}<\/script>\n<!-- \/ Yoast SEO plugin. -->","yoast_head_json":{"title":"Guyane : Mat\u00e9riel primaire - GO-HRE","robots":{"index":"index","follow":"follow","max-snippet":"max-snippet:-1","max-image-preview":"max-image-preview:large","max-video-preview":"max-video-preview:-1"},"canonical":"https:\/\/go-hre.org\/fr\/pays\/guyane-materiel-primaire\/","og_locale":"fr_FR","og_type":"article","og_title":"Guyane : Mat\u00e9riel primaire - GO-HRE","og_description":"Contenu du cours : Bo\u00eete \u00e0 outils pour les animateurs :","og_url":"https:\/\/go-hre.org\/fr\/pays\/guyane-materiel-primaire\/","og_site_name":"GO-HRE","article_modified_time":"2025-07-08T19:56:17+00:00","twitter_card":"summary_large_image","twitter_misc":{"Dur\u00e9e de lecture estim\u00e9e":"1 minute"},"schema":{"@context":"https:\/\/schema.org","@graph":[{"@type":"WebPage","@id":"https:\/\/go-hre.org\/fr\/pays\/guyane-materiel-primaire\/","url":"https:\/\/go-hre.org\/fr\/pays\/guyane-materiel-primaire\/","name":"Guyane : Mat\u00e9riel primaire - GO-HRE","isPartOf":{"@id":"https:\/\/go-hre.org\/#website"},"datePublished":"2025-05-25T05:55:28+00:00","dateModified":"2025-07-08T19:56:17+00:00","breadcrumb":{"@id":"https:\/\/go-hre.org\/fr\/pays\/guyane-materiel-primaire\/#breadcrumb"},"inLanguage":"fr-FR","potentialAction":[{"@type":"ReadAction","target":["https:\/\/go-hre.org\/fr\/pays\/guyane-materiel-primaire\/"]}]},{"@type":"BreadcrumbList","@id":"https:\/\/go-hre.org\/fr\/pays\/guyane-materiel-primaire\/#breadcrumb","itemListElement":[{"@type":"ListItem","position":1,"name":"Home","item":"https:\/\/go-hre.org\/fr\/page-daccueil\/"},{"@type":"ListItem","position":2,"name":"Pays","item":"https:\/\/go-hre.org\/fr\/pays\/"},{"@type":"ListItem","position":3,"name":"Guyane : Mat\u00e9riel primaire"}]},{"@type":"WebSite","@id":"https:\/\/go-hre.org\/#website","url":"https:\/\/go-hre.org\/","name":"GO-HRE","description":"Bureau de l'\u00e9ducation aux droits de l'homme \u00e0 Gen\u00e8ve","publisher":{"@id":"https:\/\/go-hre.org\/#organization"},"potentialAction":[{"@type":"SearchAction","target":{"@type":"EntryPoint","urlTemplate":"https:\/\/go-hre.org\/?s={search_term_string}"},"query-input":{"@type":"PropertyValueSpecification","valueRequired":true,"valueName":"search_term_string"}}],"inLanguage":"fr-FR"},{"@type":"Organization","@id":"https:\/\/go-hre.org\/#organization","name":"GO-HRE","url":"https:\/\/go-hre.org\/","logo":{"@type":"ImageObject","inLanguage":"fr-FR","@id":"https:\/\/go-hre.org\/#\/schema\/logo\/image\/","url":"https:\/\/go-hre.org\/wp-content\/uploads\/2025\/04\/favicon.png","contentUrl":"https:\/\/go-hre.org\/wp-content\/uploads\/2025\/04\/favicon.png","width":258,"height":258,"caption":"GO-HRE"},"image":{"@id":"https:\/\/go-hre.org\/#\/schema\/logo\/image\/"}}]}},"_links":{"self":[{"href":"https:\/\/go-hre.org\/fr\/wp-json\/wp\/v2\/pages\/4489","targetHints":{"allow":["GET"]}}],"collection":[{"href":"https:\/\/go-hre.org\/fr\/wp-json\/wp\/v2\/pages"}],"about":[{"href":"https:\/\/go-hre.org\/fr\/wp-json\/wp\/v2\/types\/page"}],"author":[{"embeddable":true,"href":"https:\/\/go-hre.org\/fr\/wp-json\/wp\/v2\/users\/2"}],"replies":[{"embeddable":true,"href":"https:\/\/go-hre.org\/fr\/wp-json\/wp\/v2\/comments?post=4489"}],"version-history":[{"count":2,"href":"https:\/\/go-hre.org\/fr\/wp-json\/wp\/v2\/pages\/4489\/revisions"}],"predecessor-version":[{"id":4547,"href":"https:\/\/go-hre.org\/fr\/wp-json\/wp\/v2\/pages\/4489\/revisions\/4547"}],"up":[{"embeddable":true,"href":"https:\/\/go-hre.org\/fr\/wp-json\/wp\/v2\/pages\/1586"}],"wp:attachment":[{"href":"https:\/\/go-hre.org\/fr\/wp-json\/wp\/v2\/media?parent=4489"}],"curies":[{"name":"wp","href":"https:\/\/api.w.org\/{rel}","templated":true}]}}