{"id":4697,"date":"2025-07-10T11:29:26","date_gmt":"2025-07-10T17:29:26","guid":{"rendered":"https:\/\/go-hre.org\/contactez-nous\/"},"modified":"2025-07-10T13:39:35","modified_gmt":"2025-07-10T19:39:35","slug":"contactez-nous","status":"publish","type":"page","link":"https:\/\/go-hre.org\/fr\/contactez-nous\/","title":{"rendered":"Contactez nous"},"content":{"rendered":"\n<p>Nous sommes une organisation g\u00e9r\u00e9e par des b\u00e9n\u00e9voles et nous faisons de notre mieux pour r\u00e9pondre aussi rapidement que possible. Veuillez compter jusqu&rsquo;\u00e0 48 heures pour une r\u00e9ponse. Il ne s&rsquo;agit pas d&rsquo;un contact d&rsquo;assistance technique ; ce courriel est destin\u00e9 \u00e0 r\u00e9pondre aux nouvelles demandes de renseignements sur la mise en \u0153uvre du programme Colega.  <\/p>\n\n<p>Nous sommes impatients de vous lire !<\/p>\n\n<p>Le formulaire se trouve ici<\/p>\n","protected":false},"excerpt":{"rendered":"<p>Nous sommes une organisation g\u00e9r\u00e9e par des b\u00e9n\u00e9voles et nous faisons de notre mieux pour r\u00e9pondre aussi rapidement que possible. Veuillez compter jusqu&rsquo;\u00e0 48 heures pour une r\u00e9ponse. Il ne s&rsquo;agit pas d&rsquo;un contact d&rsquo;assistance technique ; ce courriel est destin\u00e9 \u00e0 r\u00e9pondre aux nouvelles demandes de renseignements sur la mise en \u0153uvre du programme [&hellip;]<\/p>\n","protected":false},"author":1,"featured_media":0,"parent":0,"menu_order":0,"comment_status":"closed","ping_status":"closed","template":"","meta":{"_acf_changed":false,"inline_featured_image":false,"footnotes":""},"class_list":["post-4697","page","type-page","status-publish","hentry"],"acf":[],"yoast_head":"<!-- This site is optimized with the Yoast SEO plugin v27.4 - https:\/\/yoast.com\/product\/yoast-seo-wordpress\/ -->\n<title>Contactez nous - GO-HRE<\/title>\n<meta name=\"robots\" content=\"index, follow, max-snippet:-1, max-image-preview:large, max-video-preview:-1\" \/>\n<link rel=\"canonical\" href=\"https:\/\/go-hre.org\/fr\/contactez-nous\/\" \/>\n<meta property=\"og:locale\" content=\"fr_FR\" \/>\n<meta property=\"og:type\" content=\"article\" \/>\n<meta property=\"og:title\" content=\"Contactez nous - GO-HRE\" \/>\n<meta property=\"og:description\" content=\"Nous sommes une organisation g\u00e9r\u00e9e par des b\u00e9n\u00e9voles et nous faisons de notre mieux pour r\u00e9pondre aussi rapidement que possible. Veuillez compter jusqu&rsquo;\u00e0 48 heures pour une r\u00e9ponse. Il ne s&rsquo;agit pas d&rsquo;un contact d&rsquo;assistance technique ; ce courriel est destin\u00e9 \u00e0 r\u00e9pondre aux nouvelles demandes de renseignements sur la mise en \u0153uvre du programme [&hellip;]\" \/>\n<meta property=\"og:url\" content=\"https:\/\/go-hre.org\/fr\/contactez-nous\/\" \/>\n<meta property=\"og:site_name\" content=\"GO-HRE\" \/>\n<meta property=\"article:modified_time\" content=\"2025-07-10T19:39:35+00:00\" \/>\n<meta name=\"twitter:card\" content=\"summary_large_image\" \/>\n<script type=\"application\/ld+json\" class=\"yoast-schema-graph\">{\"@context\":\"https:\\\/\\\/schema.org\",\"@graph\":[{\"@type\":\"WebPage\",\"@id\":\"https:\\\/\\\/go-hre.org\\\/fr\\\/contactez-nous\\\/\",\"url\":\"https:\\\/\\\/go-hre.org\\\/fr\\\/contactez-nous\\\/\",\"name\":\"Contactez nous - GO-HRE\",\"isPartOf\":{\"@id\":\"https:\\\/\\\/go-hre.org\\\/#website\"},\"datePublished\":\"2025-07-10T17:29:26+00:00\",\"dateModified\":\"2025-07-10T19:39:35+00:00\",\"breadcrumb\":{\"@id\":\"https:\\\/\\\/go-hre.org\\\/fr\\\/contactez-nous\\\/#breadcrumb\"},\"inLanguage\":\"fr-FR\",\"potentialAction\":[{\"@type\":\"ReadAction\",\"target\":[\"https:\\\/\\\/go-hre.org\\\/fr\\\/contactez-nous\\\/\"]}]},{\"@type\":\"BreadcrumbList\",\"@id\":\"https:\\\/\\\/go-hre.org\\\/fr\\\/contactez-nous\\\/#breadcrumb\",\"itemListElement\":[{\"@type\":\"ListItem\",\"position\":1,\"name\":\"Home\",\"item\":\"https:\\\/\\\/go-hre.org\\\/fr\\\/page-daccueil\\\/\"},{\"@type\":\"ListItem\",\"position\":2,\"name\":\"Contactez nous\"}]},{\"@type\":\"WebSite\",\"@id\":\"https:\\\/\\\/go-hre.org\\\/#website\",\"url\":\"https:\\\/\\\/go-hre.org\\\/\",\"name\":\"GO-HRE\",\"description\":\"Bureau de l'\u00e9ducation aux droits de l'homme \u00e0 Gen\u00e8ve\",\"publisher\":{\"@id\":\"https:\\\/\\\/go-hre.org\\\/#organization\"},\"potentialAction\":[{\"@type\":\"SearchAction\",\"target\":{\"@type\":\"EntryPoint\",\"urlTemplate\":\"https:\\\/\\\/go-hre.org\\\/?s={search_term_string}\"},\"query-input\":{\"@type\":\"PropertyValueSpecification\",\"valueRequired\":true,\"valueName\":\"search_term_string\"}}],\"inLanguage\":\"fr-FR\"},{\"@type\":\"Organization\",\"@id\":\"https:\\\/\\\/go-hre.org\\\/#organization\",\"name\":\"GO-HRE\",\"url\":\"https:\\\/\\\/go-hre.org\\\/\",\"logo\":{\"@type\":\"ImageObject\",\"inLanguage\":\"fr-FR\",\"@id\":\"https:\\\/\\\/go-hre.org\\\/#\\\/schema\\\/logo\\\/image\\\/\",\"url\":\"https:\\\/\\\/go-hre.org\\\/wp-content\\\/uploads\\\/2025\\\/04\\\/favicon.png\",\"contentUrl\":\"https:\\\/\\\/go-hre.org\\\/wp-content\\\/uploads\\\/2025\\\/04\\\/favicon.png\",\"width\":258,\"height\":258,\"caption\":\"GO-HRE\"},\"image\":{\"@id\":\"https:\\\/\\\/go-hre.org\\\/#\\\/schema\\\/logo\\\/image\\\/\"}}]}<\/script>\n<!-- \/ Yoast SEO plugin. -->","yoast_head_json":{"title":"Contactez nous - GO-HRE","robots":{"index":"index","follow":"follow","max-snippet":"max-snippet:-1","max-image-preview":"max-image-preview:large","max-video-preview":"max-video-preview:-1"},"canonical":"https:\/\/go-hre.org\/fr\/contactez-nous\/","og_locale":"fr_FR","og_type":"article","og_title":"Contactez nous - GO-HRE","og_description":"Nous sommes une organisation g\u00e9r\u00e9e par des b\u00e9n\u00e9voles et nous faisons de notre mieux pour r\u00e9pondre aussi rapidement que possible. Veuillez compter jusqu&rsquo;\u00e0 48 heures pour une r\u00e9ponse. Il ne s&rsquo;agit pas d&rsquo;un contact d&rsquo;assistance technique ; ce courriel est destin\u00e9 \u00e0 r\u00e9pondre aux nouvelles demandes de renseignements sur la mise en \u0153uvre du programme [&hellip;]","og_url":"https:\/\/go-hre.org\/fr\/contactez-nous\/","og_site_name":"GO-HRE","article_modified_time":"2025-07-10T19:39:35+00:00","twitter_card":"summary_large_image","schema":{"@context":"https:\/\/schema.org","@graph":[{"@type":"WebPage","@id":"https:\/\/go-hre.org\/fr\/contactez-nous\/","url":"https:\/\/go-hre.org\/fr\/contactez-nous\/","name":"Contactez nous - GO-HRE","isPartOf":{"@id":"https:\/\/go-hre.org\/#website"},"datePublished":"2025-07-10T17:29:26+00:00","dateModified":"2025-07-10T19:39:35+00:00","breadcrumb":{"@id":"https:\/\/go-hre.org\/fr\/contactez-nous\/#breadcrumb"},"inLanguage":"fr-FR","potentialAction":[{"@type":"ReadAction","target":["https:\/\/go-hre.org\/fr\/contactez-nous\/"]}]},{"@type":"BreadcrumbList","@id":"https:\/\/go-hre.org\/fr\/contactez-nous\/#breadcrumb","itemListElement":[{"@type":"ListItem","position":1,"name":"Home","item":"https:\/\/go-hre.org\/fr\/page-daccueil\/"},{"@type":"ListItem","position":2,"name":"Contactez nous"}]},{"@type":"WebSite","@id":"https:\/\/go-hre.org\/#website","url":"https:\/\/go-hre.org\/","name":"GO-HRE","description":"Bureau de l'\u00e9ducation aux droits de l'homme \u00e0 Gen\u00e8ve","publisher":{"@id":"https:\/\/go-hre.org\/#organization"},"potentialAction":[{"@type":"SearchAction","target":{"@type":"EntryPoint","urlTemplate":"https:\/\/go-hre.org\/?s={search_term_string}"},"query-input":{"@type":"PropertyValueSpecification","valueRequired":true,"valueName":"search_term_string"}}],"inLanguage":"fr-FR"},{"@type":"Organization","@id":"https:\/\/go-hre.org\/#organization","name":"GO-HRE","url":"https:\/\/go-hre.org\/","logo":{"@type":"ImageObject","inLanguage":"fr-FR","@id":"https:\/\/go-hre.org\/#\/schema\/logo\/image\/","url":"https:\/\/go-hre.org\/wp-content\/uploads\/2025\/04\/favicon.png","contentUrl":"https:\/\/go-hre.org\/wp-content\/uploads\/2025\/04\/favicon.png","width":258,"height":258,"caption":"GO-HRE"},"image":{"@id":"https:\/\/go-hre.org\/#\/schema\/logo\/image\/"}}]}},"_links":{"self":[{"href":"https:\/\/go-hre.org\/fr\/wp-json\/wp\/v2\/pages\/4697","targetHints":{"allow":["GET"]}}],"collection":[{"href":"https:\/\/go-hre.org\/fr\/wp-json\/wp\/v2\/pages"}],"about":[{"href":"https:\/\/go-hre.org\/fr\/wp-json\/wp\/v2\/types\/page"}],"author":[{"embeddable":true,"href":"https:\/\/go-hre.org\/fr\/wp-json\/wp\/v2\/users\/1"}],"replies":[{"embeddable":true,"href":"https:\/\/go-hre.org\/fr\/wp-json\/wp\/v2\/comments?post=4697"}],"version-history":[{"count":1,"href":"https:\/\/go-hre.org\/fr\/wp-json\/wp\/v2\/pages\/4697\/revisions"}],"predecessor-version":[{"id":4700,"href":"https:\/\/go-hre.org\/fr\/wp-json\/wp\/v2\/pages\/4697\/revisions\/4700"}],"wp:attachment":[{"href":"https:\/\/go-hre.org\/fr\/wp-json\/wp\/v2\/media?parent=4697"}],"curies":[{"name":"wp","href":"https:\/\/api.w.org\/{rel}","templated":true}]}}