{"id":1576,"date":"2025-03-10T14:24:18","date_gmt":"2025-03-10T20:24:18","guid":{"rendered":"https:\/\/go-hre.org\/sobre-voce\/"},"modified":"2025-07-12T22:27:28","modified_gmt":"2025-07-13T04:27:28","slug":"sobre-voce","status":"publish","type":"page","link":"https:\/\/go-hre.org\/pt-br\/sobre-voce\/","title":{"rendered":"Sobre voc\u00ea"},"content":{"rendered":"\n<h2 class=\"wp-block-heading has-text-align-center has-purple-color has-white-background-color has-text-color has-background has-link-color wp-elements-1b2a3e4bb4a00715c4a4d3130fb80c9b\">O que faz o Colega funcionar?<\/h2>\n\n\n\n<p>Cada li\u00e7\u00e3o do Colega segue seis etapas consistentes, o que as torna f\u00e1ceis de ensinar e memor\u00e1veis para os alunos. Cada li\u00e7\u00e3o come\u00e7a com um poema, uma m\u00fasica ou um c\u00e2ntico, uma explica\u00e7\u00e3o do direito que est\u00e1 sendo ensinado e os principais pontos de aprendizagem ou conclus\u00f5es. Os esbo\u00e7os das li\u00e7\u00f5es s\u00e3o adapt\u00e1veis e podem ser alterados para incorporar refer\u00eancias culturais relevantes para seus alunos. Todas as li\u00e7\u00f5es incluem um exemplo de m\u00fasica, canto ou poema, informa\u00e7\u00f5es sobre o t\u00f3pico de Direitos Humanos, hist\u00f3rias ou jogos de apoio, um esbo\u00e7o de perguntas e respostas, material de discuss\u00e3o resumido e um desafio sugerido para ajudar os alunos a praticar o direito que aprenderam.   <\/p>\n\n\n\n<p class=\"has-white-color has-text-color has-link-color wp-elements-7e4ac651328708ea719ac0894fa30934\">.<\/p>\n\n\n<div class=\"wp-block-image\">\n<figure class=\"aligncenter size-full is-resized\"><img decoding=\"async\" width=\"818\" height=\"544\" data-src=\"https:\/\/go-hre.org\/wp-content\/uploads\/2025\/07\/Colega_Six-Components_Port.png\" alt=\"\" class=\"wp-image-4737 lazyload\" style=\"--smush-placeholder-width: 818px; --smush-placeholder-aspect-ratio: 818\/544;width:750px\" data-srcset=\"https:\/\/go-hre.org\/wp-content\/uploads\/2025\/07\/Colega_Six-Components_Port.png 818w, https:\/\/go-hre.org\/wp-content\/uploads\/2025\/07\/Colega_Six-Components_Port-768x511.png 768w\" data-sizes=\"(max-width: 818px) 100vw, 818px\" src=\"data:image\/svg+xml;base64,PHN2ZyB3aWR0aD0iMSIgaGVpZ2h0PSIxIiB4bWxucz0iaHR0cDovL3d3dy53My5vcmcvMjAwMC9zdmciPjwvc3ZnPg==\" \/><\/figure>\n<\/div>","protected":false},"excerpt":{"rendered":"<p>O que faz o Colega funcionar? Cada li\u00e7\u00e3o do Colega segue seis etapas consistentes, o que as torna f\u00e1ceis de ensinar e memor\u00e1veis para os alunos. Cada li\u00e7\u00e3o come\u00e7a com um poema, uma m\u00fasica ou um c\u00e2ntico, uma explica\u00e7\u00e3o do direito que est\u00e1 sendo ensinado e os principais pontos de aprendizagem ou conclus\u00f5es. Os esbo\u00e7os [&hellip;]<\/p>\n","protected":false},"author":1,"featured_media":0,"parent":0,"menu_order":0,"comment_status":"closed","ping_status":"closed","template":"","meta":{"_acf_changed":false,"inline_featured_image":false,"footnotes":""},"class_list":["post-1576","page","type-page","status-publish","hentry"],"acf":[],"yoast_head":"<!-- This site is optimized with the Yoast SEO plugin v27.4 - https:\/\/yoast.com\/product\/yoast-seo-wordpress\/ -->\n<title>Sobre voc\u00ea - GO-HRE<\/title>\n<meta name=\"robots\" content=\"index, follow, max-snippet:-1, max-image-preview:large, max-video-preview:-1\" \/>\n<link rel=\"canonical\" href=\"https:\/\/go-hre.org\/pt-br\/sobre-voce\/\" \/>\n<meta property=\"og:locale\" content=\"pt_BR\" \/>\n<meta property=\"og:type\" content=\"article\" \/>\n<meta property=\"og:title\" content=\"Sobre voc\u00ea - GO-HRE\" \/>\n<meta property=\"og:description\" content=\"O que faz o Colega funcionar? Cada li\u00e7\u00e3o do Colega segue seis etapas consistentes, o que as torna f\u00e1ceis de ensinar e memor\u00e1veis para os alunos. Cada li\u00e7\u00e3o come\u00e7a com um poema, uma m\u00fasica ou um c\u00e2ntico, uma explica\u00e7\u00e3o do direito que est\u00e1 sendo ensinado e os principais pontos de aprendizagem ou conclus\u00f5es. Os esbo\u00e7os [&hellip;]\" \/>\n<meta property=\"og:url\" content=\"https:\/\/go-hre.org\/pt-br\/sobre-voce\/\" \/>\n<meta property=\"og:site_name\" content=\"GO-HRE\" \/>\n<meta property=\"article:modified_time\" content=\"2025-07-13T04:27:28+00:00\" \/>\n<meta property=\"og:image\" content=\"https:\/\/go-hre.org\/wp-content\/uploads\/2025\/07\/Colega_Six-Components_Port.png\" \/>\n\t<meta property=\"og:image:width\" content=\"818\" \/>\n\t<meta property=\"og:image:height\" content=\"544\" \/>\n\t<meta property=\"og:image:type\" content=\"image\/png\" \/>\n<meta name=\"twitter:card\" content=\"summary_large_image\" \/>\n<meta name=\"twitter:label1\" content=\"Est. tempo de leitura\" \/>\n\t<meta name=\"twitter:data1\" content=\"1 minuto\" \/>\n<script type=\"application\/ld+json\" class=\"yoast-schema-graph\">{\"@context\":\"https:\\\/\\\/schema.org\",\"@graph\":[{\"@type\":\"WebPage\",\"@id\":\"https:\\\/\\\/go-hre.org\\\/pt-br\\\/sobre-voce\\\/\",\"url\":\"https:\\\/\\\/go-hre.org\\\/pt-br\\\/sobre-voce\\\/\",\"name\":\"Sobre voc\u00ea - GO-HRE\",\"isPartOf\":{\"@id\":\"https:\\\/\\\/go-hre.org\\\/#website\"},\"primaryImageOfPage\":{\"@id\":\"https:\\\/\\\/go-hre.org\\\/pt-br\\\/sobre-voce\\\/#primaryimage\"},\"image\":{\"@id\":\"https:\\\/\\\/go-hre.org\\\/pt-br\\\/sobre-voce\\\/#primaryimage\"},\"thumbnailUrl\":\"https:\\\/\\\/go-hre.org\\\/wp-content\\\/uploads\\\/2025\\\/07\\\/Colega_Six-Components_Port.png\",\"datePublished\":\"2025-03-10T20:24:18+00:00\",\"dateModified\":\"2025-07-13T04:27:28+00:00\",\"breadcrumb\":{\"@id\":\"https:\\\/\\\/go-hre.org\\\/pt-br\\\/sobre-voce\\\/#breadcrumb\"},\"inLanguage\":\"pt-BR\",\"potentialAction\":[{\"@type\":\"ReadAction\",\"target\":[\"https:\\\/\\\/go-hre.org\\\/pt-br\\\/sobre-voce\\\/\"]}]},{\"@type\":\"ImageObject\",\"inLanguage\":\"pt-BR\",\"@id\":\"https:\\\/\\\/go-hre.org\\\/pt-br\\\/sobre-voce\\\/#primaryimage\",\"url\":\"https:\\\/\\\/go-hre.org\\\/wp-content\\\/uploads\\\/2025\\\/07\\\/Colega_Six-Components_Port.png\",\"contentUrl\":\"https:\\\/\\\/go-hre.org\\\/wp-content\\\/uploads\\\/2025\\\/07\\\/Colega_Six-Components_Port.png\"},{\"@type\":\"BreadcrumbList\",\"@id\":\"https:\\\/\\\/go-hre.org\\\/pt-br\\\/sobre-voce\\\/#breadcrumb\",\"itemListElement\":[{\"@type\":\"ListItem\",\"position\":1,\"name\":\"Home\",\"item\":\"https:\\\/\\\/go-hre.org\\\/pt-br\\\/pagina-inicial\\\/\"},{\"@type\":\"ListItem\",\"position\":2,\"name\":\"Sobre voc\u00ea\"}]},{\"@type\":\"WebSite\",\"@id\":\"https:\\\/\\\/go-hre.org\\\/#website\",\"url\":\"https:\\\/\\\/go-hre.org\\\/\",\"name\":\"GO-HRE\",\"description\":\"Escrit\u00f3rio de Genebra para Educa\u00e7\u00e3o em Direitos Humanos\",\"publisher\":{\"@id\":\"https:\\\/\\\/go-hre.org\\\/#organization\"},\"potentialAction\":[{\"@type\":\"SearchAction\",\"target\":{\"@type\":\"EntryPoint\",\"urlTemplate\":\"https:\\\/\\\/go-hre.org\\\/?s={search_term_string}\"},\"query-input\":{\"@type\":\"PropertyValueSpecification\",\"valueRequired\":true,\"valueName\":\"search_term_string\"}}],\"inLanguage\":\"pt-BR\"},{\"@type\":\"Organization\",\"@id\":\"https:\\\/\\\/go-hre.org\\\/#organization\",\"name\":\"GO-HRE\",\"url\":\"https:\\\/\\\/go-hre.org\\\/\",\"logo\":{\"@type\":\"ImageObject\",\"inLanguage\":\"pt-BR\",\"@id\":\"https:\\\/\\\/go-hre.org\\\/#\\\/schema\\\/logo\\\/image\\\/\",\"url\":\"https:\\\/\\\/go-hre.org\\\/wp-content\\\/uploads\\\/2025\\\/04\\\/favicon.png\",\"contentUrl\":\"https:\\\/\\\/go-hre.org\\\/wp-content\\\/uploads\\\/2025\\\/04\\\/favicon.png\",\"width\":258,\"height\":258,\"caption\":\"GO-HRE\"},\"image\":{\"@id\":\"https:\\\/\\\/go-hre.org\\\/#\\\/schema\\\/logo\\\/image\\\/\"}}]}<\/script>\n<!-- \/ Yoast SEO plugin. -->","yoast_head_json":{"title":"Sobre voc\u00ea - GO-HRE","robots":{"index":"index","follow":"follow","max-snippet":"max-snippet:-1","max-image-preview":"max-image-preview:large","max-video-preview":"max-video-preview:-1"},"canonical":"https:\/\/go-hre.org\/pt-br\/sobre-voce\/","og_locale":"pt_BR","og_type":"article","og_title":"Sobre voc\u00ea - GO-HRE","og_description":"O que faz o Colega funcionar? Cada li\u00e7\u00e3o do Colega segue seis etapas consistentes, o que as torna f\u00e1ceis de ensinar e memor\u00e1veis para os alunos. Cada li\u00e7\u00e3o come\u00e7a com um poema, uma m\u00fasica ou um c\u00e2ntico, uma explica\u00e7\u00e3o do direito que est\u00e1 sendo ensinado e os principais pontos de aprendizagem ou conclus\u00f5es. Os esbo\u00e7os [&hellip;]","og_url":"https:\/\/go-hre.org\/pt-br\/sobre-voce\/","og_site_name":"GO-HRE","article_modified_time":"2025-07-13T04:27:28+00:00","og_image":[{"width":818,"height":544,"url":"https:\/\/go-hre.org\/wp-content\/uploads\/2025\/07\/Colega_Six-Components_Port.png","type":"image\/png"}],"twitter_card":"summary_large_image","twitter_misc":{"Est. tempo de leitura":"1 minuto"},"schema":{"@context":"https:\/\/schema.org","@graph":[{"@type":"WebPage","@id":"https:\/\/go-hre.org\/pt-br\/sobre-voce\/","url":"https:\/\/go-hre.org\/pt-br\/sobre-voce\/","name":"Sobre voc\u00ea - GO-HRE","isPartOf":{"@id":"https:\/\/go-hre.org\/#website"},"primaryImageOfPage":{"@id":"https:\/\/go-hre.org\/pt-br\/sobre-voce\/#primaryimage"},"image":{"@id":"https:\/\/go-hre.org\/pt-br\/sobre-voce\/#primaryimage"},"thumbnailUrl":"https:\/\/go-hre.org\/wp-content\/uploads\/2025\/07\/Colega_Six-Components_Port.png","datePublished":"2025-03-10T20:24:18+00:00","dateModified":"2025-07-13T04:27:28+00:00","breadcrumb":{"@id":"https:\/\/go-hre.org\/pt-br\/sobre-voce\/#breadcrumb"},"inLanguage":"pt-BR","potentialAction":[{"@type":"ReadAction","target":["https:\/\/go-hre.org\/pt-br\/sobre-voce\/"]}]},{"@type":"ImageObject","inLanguage":"pt-BR","@id":"https:\/\/go-hre.org\/pt-br\/sobre-voce\/#primaryimage","url":"https:\/\/go-hre.org\/wp-content\/uploads\/2025\/07\/Colega_Six-Components_Port.png","contentUrl":"https:\/\/go-hre.org\/wp-content\/uploads\/2025\/07\/Colega_Six-Components_Port.png"},{"@type":"BreadcrumbList","@id":"https:\/\/go-hre.org\/pt-br\/sobre-voce\/#breadcrumb","itemListElement":[{"@type":"ListItem","position":1,"name":"Home","item":"https:\/\/go-hre.org\/pt-br\/pagina-inicial\/"},{"@type":"ListItem","position":2,"name":"Sobre voc\u00ea"}]},{"@type":"WebSite","@id":"https:\/\/go-hre.org\/#website","url":"https:\/\/go-hre.org\/","name":"GO-HRE","description":"Escrit\u00f3rio de Genebra para Educa\u00e7\u00e3o em Direitos Humanos","publisher":{"@id":"https:\/\/go-hre.org\/#organization"},"potentialAction":[{"@type":"SearchAction","target":{"@type":"EntryPoint","urlTemplate":"https:\/\/go-hre.org\/?s={search_term_string}"},"query-input":{"@type":"PropertyValueSpecification","valueRequired":true,"valueName":"search_term_string"}}],"inLanguage":"pt-BR"},{"@type":"Organization","@id":"https:\/\/go-hre.org\/#organization","name":"GO-HRE","url":"https:\/\/go-hre.org\/","logo":{"@type":"ImageObject","inLanguage":"pt-BR","@id":"https:\/\/go-hre.org\/#\/schema\/logo\/image\/","url":"https:\/\/go-hre.org\/wp-content\/uploads\/2025\/04\/favicon.png","contentUrl":"https:\/\/go-hre.org\/wp-content\/uploads\/2025\/04\/favicon.png","width":258,"height":258,"caption":"GO-HRE"},"image":{"@id":"https:\/\/go-hre.org\/#\/schema\/logo\/image\/"}}]}},"_links":{"self":[{"href":"https:\/\/go-hre.org\/pt-br\/wp-json\/wp\/v2\/pages\/1576","targetHints":{"allow":["GET"]}}],"collection":[{"href":"https:\/\/go-hre.org\/pt-br\/wp-json\/wp\/v2\/pages"}],"about":[{"href":"https:\/\/go-hre.org\/pt-br\/wp-json\/wp\/v2\/types\/page"}],"author":[{"embeddable":true,"href":"https:\/\/go-hre.org\/pt-br\/wp-json\/wp\/v2\/users\/1"}],"replies":[{"embeddable":true,"href":"https:\/\/go-hre.org\/pt-br\/wp-json\/wp\/v2\/comments?post=1576"}],"version-history":[{"count":12,"href":"https:\/\/go-hre.org\/pt-br\/wp-json\/wp\/v2\/pages\/1576\/revisions"}],"predecessor-version":[{"id":4741,"href":"https:\/\/go-hre.org\/pt-br\/wp-json\/wp\/v2\/pages\/1576\/revisions\/4741"}],"wp:attachment":[{"href":"https:\/\/go-hre.org\/pt-br\/wp-json\/wp\/v2\/media?parent=1576"}],"curies":[{"name":"wp","href":"https:\/\/api.w.org\/{rel}","templated":true}]}}