{"id":1598,"date":"2025-03-10T18:32:53","date_gmt":"2025-03-11T00:32:53","guid":{"rendered":"https:\/\/go-hre.org\/pagina-inicial\/"},"modified":"2025-07-09T13:05:26","modified_gmt":"2025-07-09T19:05:26","slug":"pagina-inicial","status":"publish","type":"page","link":"https:\/\/go-hre.org\/pt-br\/","title":{"rendered":"P\u00e1gina inicial"},"content":{"rendered":"\n<h2 class=\"wp-block-heading has-text-align-center has-red-color has-text-color has-link-color wp-elements-07236cad9888ae2d5a2f0d6c367a047d\">Colega, Nosso curr\u00edculo para o ensino de direitos humanos<\/h2>\n\n\n\n<figure class=\"wp-block-image size-large\"><img decoding=\"async\" width=\"1600\" height=\"750\" data-src=\"https:\/\/go-hre.org\/wp-content\/uploads\/2025\/06\/HomePage-CoversMockup-1600x750.png\" alt=\"\" class=\"wp-image-3177 lazyload\" style=\"--smush-placeholder-width: 1600px; --smush-placeholder-aspect-ratio: 1600\/750;object-fit:cover\" data-srcset=\"https:\/\/go-hre.org\/wp-content\/uploads\/2025\/06\/HomePage-CoversMockup-1600x750.png 1600w, https:\/\/go-hre.org\/wp-content\/uploads\/2025\/06\/HomePage-CoversMockup-900x422.png 900w, https:\/\/go-hre.org\/wp-content\/uploads\/2025\/06\/HomePage-CoversMockup-768x360.png 768w, https:\/\/go-hre.org\/wp-content\/uploads\/2025\/06\/HomePage-CoversMockup-1536x720.png 1536w, https:\/\/go-hre.org\/wp-content\/uploads\/2025\/06\/HomePage-CoversMockup.png 1920w\" data-sizes=\"(max-width: 1600px) 100vw, 1600px\" src=\"data:image\/svg+xml;base64,PHN2ZyB3aWR0aD0iMSIgaGVpZ2h0PSIxIiB4bWxucz0iaHR0cDovL3d3dy53My5vcmcvMjAwMC9zdmciPjwvc3ZnPg==\" \/><\/figure>\n\n\n\n<p><strong>O Escrit\u00f3rio de Genebra para Educa\u00e7\u00e3o em Direitos Humanos (GO-HRE)<\/strong> oferece materiais did\u00e1ticos do Colega gratuitamente para escolas em todo o mundo. A palavra Colega, que significa &#8220;amigo&#8221; ou &#8220;colega&#8221;, representa o compromisso de capacitar crian\u00e7as e jovens de todo o mundo com conhecimento sobre seus direitos fundamentais. <\/p>\n\n\n\n<p>Por meio das lentes da Declara\u00e7\u00e3o Universal dos Direitos Humanos e da Conven\u00e7\u00e3o sobre os Direitos da Crian\u00e7a, inspiramos a pr\u00f3xima gera\u00e7\u00e3o a entender e defender seus pr\u00f3prios direitos. Como uma organiza\u00e7\u00e3o sem fins lucrativos, dirigida por volunt\u00e1rios, fazemos parcerias com sistemas educacionais e Minist\u00e9rios da Educa\u00e7\u00e3o em todo o mundo para integrar o curr\u00edculo do Colega nas salas de aula. Atualmente, os materiais did\u00e1ticos est\u00e3o dispon\u00edveis em espanhol, ingl\u00eas, franc\u00eas e portugu\u00eas, com oportunidades de tradu\u00e7\u00e3o para outros idiomas, o que garante o alcance de diversas comunidades em muitos pa\u00edses. Acreditamos que, juntos, podemos moldar um mundo em que os direitos de todas as crian\u00e7as sejam respeitados e defendidos.<\/p>\n\n\n\n<div class=\"wp-block-buttons is-content-justification-center is-layout-flex wp-container-core-buttons-is-layout-16018d1d wp-block-buttons-is-layout-flex\">\n<div class=\"wp-block-button\"><a class=\"wp-block-button__link wp-element-button\" href=\"https:\/\/go-hre.org\/languages\/portuguese-primary\/\">Consulte nosso manual<\/a><\/div>\n<\/div>\n","protected":false},"excerpt":{"rendered":"<p>Colega, Nosso curr\u00edculo para o ensino de direitos humanos O Escrit\u00f3rio de Genebra para Educa\u00e7\u00e3o em Direitos Humanos (GO-HRE) oferece materiais did\u00e1ticos do Colega gratuitamente para escolas em todo o mundo. A palavra Colega, que significa &#8220;amigo&#8221; ou &#8220;colega&#8221;, representa o compromisso de capacitar crian\u00e7as e jovens de todo o mundo com conhecimento sobre seus [&hellip;]<\/p>\n","protected":false},"author":1,"featured_media":0,"parent":0,"menu_order":0,"comment_status":"closed","ping_status":"closed","template":"","meta":{"_acf_changed":false,"inline_featured_image":false,"footnotes":""},"class_list":["post-1598","page","type-page","status-publish","hentry"],"acf":[],"yoast_head":"<!-- This site is optimized with the Yoast SEO plugin v27.5 - https:\/\/yoast.com\/product\/yoast-seo-wordpress\/ -->\n<title>P\u00e1gina inicial - GO-HRE<\/title>\n<meta name=\"robots\" content=\"index, follow, max-snippet:-1, max-image-preview:large, max-video-preview:-1\" \/>\n<link rel=\"canonical\" href=\"https:\/\/go-hre.org\/pt-br\/pagina-inicial\/\" \/>\n<meta property=\"og:locale\" content=\"pt_BR\" \/>\n<meta property=\"og:type\" content=\"article\" \/>\n<meta property=\"og:title\" content=\"P\u00e1gina inicial - GO-HRE\" \/>\n<meta property=\"og:description\" content=\"Colega, Nosso curr\u00edculo para o ensino de direitos humanos O Escrit\u00f3rio de Genebra para Educa\u00e7\u00e3o em Direitos Humanos (GO-HRE) oferece materiais did\u00e1ticos do Colega gratuitamente para escolas em todo o mundo. A palavra Colega, que significa &#8220;amigo&#8221; ou &#8220;colega&#8221;, representa o compromisso de capacitar crian\u00e7as e jovens de todo o mundo com conhecimento sobre seus [&hellip;]\" \/>\n<meta property=\"og:url\" content=\"https:\/\/go-hre.org\/pt-br\/pagina-inicial\/\" \/>\n<meta property=\"og:site_name\" content=\"GO-HRE\" \/>\n<meta property=\"article:modified_time\" content=\"2025-07-09T19:05:26+00:00\" \/>\n<meta property=\"og:image\" content=\"https:\/\/go-hre.org\/wp-content\/uploads\/2025\/06\/HomePage-CoversMockup.png\" \/>\n\t<meta property=\"og:image:width\" content=\"1920\" \/>\n\t<meta property=\"og:image:height\" content=\"900\" \/>\n\t<meta property=\"og:image:type\" content=\"image\/png\" \/>\n<meta name=\"twitter:card\" content=\"summary_large_image\" \/>\n<meta name=\"twitter:label1\" content=\"Est. tempo de leitura\" \/>\n\t<meta name=\"twitter:data1\" content=\"1 minuto\" \/>\n<script type=\"application\/ld+json\" class=\"yoast-schema-graph\">{\"@context\":\"https:\\\/\\\/schema.org\",\"@graph\":[{\"@type\":\"WebPage\",\"@id\":\"https:\\\/\\\/go-hre.org\\\/pt-br\\\/pagina-inicial\\\/\",\"url\":\"https:\\\/\\\/go-hre.org\\\/pt-br\\\/pagina-inicial\\\/\",\"name\":\"P\u00e1gina inicial - GO-HRE\",\"isPartOf\":{\"@id\":\"https:\\\/\\\/go-hre.org\\\/#website\"},\"primaryImageOfPage\":{\"@id\":\"https:\\\/\\\/go-hre.org\\\/pt-br\\\/pagina-inicial\\\/#primaryimage\"},\"image\":{\"@id\":\"https:\\\/\\\/go-hre.org\\\/pt-br\\\/pagina-inicial\\\/#primaryimage\"},\"thumbnailUrl\":\"https:\\\/\\\/go-hre.org\\\/wp-content\\\/uploads\\\/2025\\\/06\\\/HomePage-CoversMockup-1600x750.png\",\"datePublished\":\"2025-03-11T00:32:53+00:00\",\"dateModified\":\"2025-07-09T19:05:26+00:00\",\"breadcrumb\":{\"@id\":\"https:\\\/\\\/go-hre.org\\\/pt-br\\\/pagina-inicial\\\/#breadcrumb\"},\"inLanguage\":\"pt-BR\",\"potentialAction\":[{\"@type\":\"ReadAction\",\"target\":[\"https:\\\/\\\/go-hre.org\\\/pt-br\\\/pagina-inicial\\\/\"]}]},{\"@type\":\"ImageObject\",\"inLanguage\":\"pt-BR\",\"@id\":\"https:\\\/\\\/go-hre.org\\\/pt-br\\\/pagina-inicial\\\/#primaryimage\",\"url\":\"https:\\\/\\\/go-hre.org\\\/wp-content\\\/uploads\\\/2025\\\/06\\\/HomePage-CoversMockup-1600x750.png\",\"contentUrl\":\"https:\\\/\\\/go-hre.org\\\/wp-content\\\/uploads\\\/2025\\\/06\\\/HomePage-CoversMockup-1600x750.png\"},{\"@type\":\"BreadcrumbList\",\"@id\":\"https:\\\/\\\/go-hre.org\\\/pt-br\\\/pagina-inicial\\\/#breadcrumb\",\"itemListElement\":[{\"@type\":\"ListItem\",\"position\":1,\"name\":\"Home\",\"item\":\"https:\\\/\\\/go-hre.org\\\/pt-br\\\/pagina-inicial\\\/\"},{\"@type\":\"ListItem\",\"position\":2,\"name\":\"P\u00e1gina inicial\"}]},{\"@type\":\"WebSite\",\"@id\":\"https:\\\/\\\/go-hre.org\\\/#website\",\"url\":\"https:\\\/\\\/go-hre.org\\\/\",\"name\":\"GO-HRE\",\"description\":\"Escrit\u00f3rio de Genebra para Educa\u00e7\u00e3o em Direitos Humanos\",\"publisher\":{\"@id\":\"https:\\\/\\\/go-hre.org\\\/#organization\"},\"potentialAction\":[{\"@type\":\"SearchAction\",\"target\":{\"@type\":\"EntryPoint\",\"urlTemplate\":\"https:\\\/\\\/go-hre.org\\\/?s={search_term_string}\"},\"query-input\":{\"@type\":\"PropertyValueSpecification\",\"valueRequired\":true,\"valueName\":\"search_term_string\"}}],\"inLanguage\":\"pt-BR\"},{\"@type\":\"Organization\",\"@id\":\"https:\\\/\\\/go-hre.org\\\/#organization\",\"name\":\"GO-HRE\",\"url\":\"https:\\\/\\\/go-hre.org\\\/\",\"logo\":{\"@type\":\"ImageObject\",\"inLanguage\":\"pt-BR\",\"@id\":\"https:\\\/\\\/go-hre.org\\\/#\\\/schema\\\/logo\\\/image\\\/\",\"url\":\"https:\\\/\\\/go-hre.org\\\/wp-content\\\/uploads\\\/2025\\\/04\\\/favicon.png\",\"contentUrl\":\"https:\\\/\\\/go-hre.org\\\/wp-content\\\/uploads\\\/2025\\\/04\\\/favicon.png\",\"width\":258,\"height\":258,\"caption\":\"GO-HRE\"},\"image\":{\"@id\":\"https:\\\/\\\/go-hre.org\\\/#\\\/schema\\\/logo\\\/image\\\/\"}}]}<\/script>\n<!-- \/ Yoast SEO plugin. -->","yoast_head_json":{"title":"P\u00e1gina inicial - GO-HRE","robots":{"index":"index","follow":"follow","max-snippet":"max-snippet:-1","max-image-preview":"max-image-preview:large","max-video-preview":"max-video-preview:-1"},"canonical":"https:\/\/go-hre.org\/pt-br\/pagina-inicial\/","og_locale":"pt_BR","og_type":"article","og_title":"P\u00e1gina inicial - GO-HRE","og_description":"Colega, Nosso curr\u00edculo para o ensino de direitos humanos O Escrit\u00f3rio de Genebra para Educa\u00e7\u00e3o em Direitos Humanos (GO-HRE) oferece materiais did\u00e1ticos do Colega gratuitamente para escolas em todo o mundo. A palavra Colega, que significa &#8220;amigo&#8221; ou &#8220;colega&#8221;, representa o compromisso de capacitar crian\u00e7as e jovens de todo o mundo com conhecimento sobre seus [&hellip;]","og_url":"https:\/\/go-hre.org\/pt-br\/pagina-inicial\/","og_site_name":"GO-HRE","article_modified_time":"2025-07-09T19:05:26+00:00","og_image":[{"width":1920,"height":900,"url":"https:\/\/go-hre.org\/wp-content\/uploads\/2025\/06\/HomePage-CoversMockup.png","type":"image\/png"}],"twitter_card":"summary_large_image","twitter_misc":{"Est. tempo de leitura":"1 minuto"},"schema":{"@context":"https:\/\/schema.org","@graph":[{"@type":"WebPage","@id":"https:\/\/go-hre.org\/pt-br\/pagina-inicial\/","url":"https:\/\/go-hre.org\/pt-br\/pagina-inicial\/","name":"P\u00e1gina inicial - GO-HRE","isPartOf":{"@id":"https:\/\/go-hre.org\/#website"},"primaryImageOfPage":{"@id":"https:\/\/go-hre.org\/pt-br\/pagina-inicial\/#primaryimage"},"image":{"@id":"https:\/\/go-hre.org\/pt-br\/pagina-inicial\/#primaryimage"},"thumbnailUrl":"https:\/\/go-hre.org\/wp-content\/uploads\/2025\/06\/HomePage-CoversMockup-1600x750.png","datePublished":"2025-03-11T00:32:53+00:00","dateModified":"2025-07-09T19:05:26+00:00","breadcrumb":{"@id":"https:\/\/go-hre.org\/pt-br\/pagina-inicial\/#breadcrumb"},"inLanguage":"pt-BR","potentialAction":[{"@type":"ReadAction","target":["https:\/\/go-hre.org\/pt-br\/pagina-inicial\/"]}]},{"@type":"ImageObject","inLanguage":"pt-BR","@id":"https:\/\/go-hre.org\/pt-br\/pagina-inicial\/#primaryimage","url":"https:\/\/go-hre.org\/wp-content\/uploads\/2025\/06\/HomePage-CoversMockup-1600x750.png","contentUrl":"https:\/\/go-hre.org\/wp-content\/uploads\/2025\/06\/HomePage-CoversMockup-1600x750.png"},{"@type":"BreadcrumbList","@id":"https:\/\/go-hre.org\/pt-br\/pagina-inicial\/#breadcrumb","itemListElement":[{"@type":"ListItem","position":1,"name":"Home","item":"https:\/\/go-hre.org\/pt-br\/pagina-inicial\/"},{"@type":"ListItem","position":2,"name":"P\u00e1gina inicial"}]},{"@type":"WebSite","@id":"https:\/\/go-hre.org\/#website","url":"https:\/\/go-hre.org\/","name":"GO-HRE","description":"Escrit\u00f3rio de Genebra para Educa\u00e7\u00e3o em Direitos Humanos","publisher":{"@id":"https:\/\/go-hre.org\/#organization"},"potentialAction":[{"@type":"SearchAction","target":{"@type":"EntryPoint","urlTemplate":"https:\/\/go-hre.org\/?s={search_term_string}"},"query-input":{"@type":"PropertyValueSpecification","valueRequired":true,"valueName":"search_term_string"}}],"inLanguage":"pt-BR"},{"@type":"Organization","@id":"https:\/\/go-hre.org\/#organization","name":"GO-HRE","url":"https:\/\/go-hre.org\/","logo":{"@type":"ImageObject","inLanguage":"pt-BR","@id":"https:\/\/go-hre.org\/#\/schema\/logo\/image\/","url":"https:\/\/go-hre.org\/wp-content\/uploads\/2025\/04\/favicon.png","contentUrl":"https:\/\/go-hre.org\/wp-content\/uploads\/2025\/04\/favicon.png","width":258,"height":258,"caption":"GO-HRE"},"image":{"@id":"https:\/\/go-hre.org\/#\/schema\/logo\/image\/"}}]}},"_links":{"self":[{"href":"https:\/\/go-hre.org\/pt-br\/wp-json\/wp\/v2\/pages\/1598","targetHints":{"allow":["GET"]}}],"collection":[{"href":"https:\/\/go-hre.org\/pt-br\/wp-json\/wp\/v2\/pages"}],"about":[{"href":"https:\/\/go-hre.org\/pt-br\/wp-json\/wp\/v2\/types\/page"}],"author":[{"embeddable":true,"href":"https:\/\/go-hre.org\/pt-br\/wp-json\/wp\/v2\/users\/1"}],"replies":[{"embeddable":true,"href":"https:\/\/go-hre.org\/pt-br\/wp-json\/wp\/v2\/comments?post=1598"}],"version-history":[{"count":10,"href":"https:\/\/go-hre.org\/pt-br\/wp-json\/wp\/v2\/pages\/1598\/revisions"}],"predecessor-version":[{"id":4659,"href":"https:\/\/go-hre.org\/pt-br\/wp-json\/wp\/v2\/pages\/1598\/revisions\/4659"}],"wp:attachment":[{"href":"https:\/\/go-hre.org\/pt-br\/wp-json\/wp\/v2\/media?parent=1598"}],"curies":[{"name":"wp","href":"https:\/\/api.w.org\/{rel}","templated":true}]}}