{"id":1671,"date":"2025-04-23T18:08:04","date_gmt":"2025-04-24T00:08:04","guid":{"rendered":"https:\/\/go-hre.org\/idiomas\/frances-material-geral-primario\/"},"modified":"2025-07-09T08:10:45","modified_gmt":"2025-07-09T14:10:45","slug":"frances-material-geral-primario","status":"publish","type":"page","link":"https:\/\/go-hre.org\/pt-br\/idiomas\/frances-material-geral-primario\/","title":{"rendered":"Franc\u00eas: material prim\u00e1rio geral"},"content":{"rendered":"\n<p><strong>Le manuel primaire Colega est destin\u00e9 aux enfants \u00e2g\u00e9s d\u2019environ 6 \u00e0 11 ans.<\/strong> S\u00e9lectionnez dans la liste ci-dessous pour afficher des le\u00e7ons ou des sections individuelles, ou t\u00e9l\u00e9chargez des fichiers PDF complets \u00e0 partir de la liste de boutons.<\/p>\n\n\n\n<hr class=\"wp-block-separator has-alpha-channel-opacity\"\/>\n\n\n\n<p><strong>Contenu du Cours:<\/strong><\/p>\n\n\n\n<ul class=\"wp-block-list pdf_links\">\n<li><a href=\"https:\/\/go-hre.org\/wp-content\/uploads\/2025\/04\/colega_fre_240924_pri_0.pdf\" data-type=\"attachment\" data-id=\"535\">Couverture et table des mati\u00e8res<\/a><\/li>\n\n\n\n<li><a href=\"https:\/\/go-hre.org\/wp-content\/uploads\/2025\/04\/colega_fre_240924_pri_1.pdf\" data-type=\"attachment\" data-id=\"536\">1A &amp; 1B: Droit \u00e0 l&#8217;\u00e9galit\u00e9 - Na\u00eetre libre<\/a><\/li>\n\n\n\n<li><a href=\"https:\/\/go-hre.org\/wp-content\/uploads\/2025\/04\/colega_fre_240924_pri_2.pdf\" data-type=\"attachment\" data-id=\"537\">2A &amp; 2B: Droits de l&#8217;homme \u00e9gaux et inali\u00e9nables - J\u2019ai des droits<\/a><\/li>\n\n\n\n<li><a href=\"https:\/\/go-hre.org\/wp-content\/uploads\/2025\/04\/colega_fre_240924_pri_3.pdf\" data-type=\"attachment\" data-id=\"538\">3A &amp; 3B: Protection contre la discrimination - S\u2019agit-il de la discrimination ?<\/a><\/li>\n\n\n\n<li><a href=\"https:\/\/go-hre.org\/wp-content\/uploads\/2025\/04\/colega_fre_240924_pri_4.pdf\" data-type=\"attachment\" data-id=\"539\">4A &amp; 4B: Protection contre le harc\u00e8lement - Le harc\u00e8lement n\u2019est pas permis<\/a><\/li>\n\n\n\n<li><a href=\"https:\/\/go-hre.org\/wp-content\/uploads\/2025\/04\/colega_fre_240924_pri_5.pdf\" data-type=\"attachment\" data-id=\"540\">5A &amp; 5B: Droit au mariage et \u00e0 la famille - La famille, c\u2019est merveilleux<\/a><\/li>\n\n\n\n<li><a href=\"https:\/\/go-hre.org\/wp-content\/uploads\/2025\/04\/colega_fre_240924_pri_6.pdf\" data-type=\"attachment\" data-id=\"541\">6A &amp; 6B: Libert\u00e9 de religion ou de conviction - J\u2019ai le choix<\/a><\/li>\n\n\n\n<li><a href=\"https:\/\/go-hre.org\/wp-content\/uploads\/2025\/04\/colega_fre_240924_pri_7.pdf\" data-type=\"attachment\" data-id=\"542\">7A &amp; 7B: Libert\u00e9 d\u2019expression - Les mots font la diff\u00e9rence<\/a><\/li>\n\n\n\n<li><a href=\"https:\/\/go-hre.org\/wp-content\/uploads\/2025\/04\/colega_fre_240924_pri_8.pdf\" data-type=\"attachment\" data-id=\"543\">8A &amp; 8B: Droit \u00e0 la reconnaissance juridique - J\u2019ai le droit d\u2019\u00eatre moi-m\u00eame<\/a><\/li>\n\n\n\n<li><a href=\"https:\/\/go-hre.org\/wp-content\/uploads\/2025\/04\/colega_fre_240924_pri_9.pdf\" data-type=\"attachment\" data-id=\"544\">9A &amp; 9B: Protection contre le travail des enfants - Le travail des enfants est tout simplement injuste<\/a><\/li>\n\n\n\n<li><a href=\"https:\/\/go-hre.org\/wp-content\/uploads\/2025\/06\/colega_fre_240924_pri_10a.pdf\" data-type=\"attachment\" data-id=\"2135\">10A: Droit \u00e0 l&#8217;\u00e9ducation - Je vais \u00e0 l\u2019\u00e9cole<\/a><\/li>\n\n\n\n<li><a href=\"https:\/\/go-hre.org\/wp-content\/uploads\/2025\/06\/colega_fre_240924_pri_10b.pdf\" data-type=\"attachment\" data-id=\"2135\">10B: Responsabilit\u00e9 envers la communaut\u00e9 - Notre responsabilit\u00e9 envers la communaut\u00e9<\/a><\/li>\n<\/ul>\n\n\n\n<hr class=\"wp-block-separator has-alpha-channel-opacity\"\/>\n\n\n\n<p><strong>Bo\u00eete \u00e0 outils du mod\u00e9rateur:<\/strong><\/p>\n\n\n\n<ul class=\"wp-block-list pdf_links\">\n<li><a href=\"https:\/\/go-hre.org\/wp-content\/uploads\/2025\/04\/colega_fre_240924_pri_13.pdf\" data-type=\"attachment\" data-id=\"551\">I: Informations g\u00e9n\u00e9rales<\/a><\/li>\n\n\n\n<li><a href=\"https:\/\/go-hre.org\/wp-content\/uploads\/2025\/04\/colega_fre_240924_pri_14.pdf\" data-type=\"attachment\" data-id=\"552\">II: Lignes directrices et conseils p\u00e9dagogiques<\/a><\/li>\n\n\n\n<li><a href=\"https:\/\/go-hre.org\/wp-content\/uploads\/2025\/04\/colega_fre_240924_pri_15.pdf\" data-type=\"attachment\" data-id=\"553\">III: Chansons<\/a><\/li>\n\n\n\n<li><a href=\"https:\/\/go-hre.org\/wp-content\/uploads\/2025\/04\/colega_fre_240924_pri_16.pdf\" data-type=\"attachment\" data-id=\"554\">IV: Glossaire<\/a><\/li>\n\n\n\n<li><a href=\"https:\/\/go-hre.org\/wp-content\/uploads\/2025\/04\/colega_fre_240924_pri_17.pdf\" data-type=\"attachment\" data-id=\"555\">V: Documents de l\u2019ONU<\/a><\/li>\n\n\n\n<li><a href=\"https:\/\/go-hre.org\/wp-content\/uploads\/2025\/04\/colega_fre_240924_pri_18.pdf\" data-type=\"attachment\" data-id=\"556\">VI: Exemples d\u2019\u00e9valuations<\/a><\/li>\n\n\n\n<li><a href=\"https:\/\/go-hre.org\/wp-content\/uploads\/2025\/04\/colega_fre_240924_pri_19.pdf\" data-type=\"attachment\" data-id=\"557\">VII: Mini-affiches<\/a><\/li>\n<\/ul>\n\n\n\n<p><\/p>\n","protected":false},"excerpt":{"rendered":"<p>Le manuel primaire Colega est destin\u00e9 aux enfants \u00e2g\u00e9s d\u2019environ 6 \u00e0 11 ans. S\u00e9lectionnez dans la liste ci-dessous pour afficher des le\u00e7ons ou des sections individuelles, ou t\u00e9l\u00e9chargez des fichiers PDF complets \u00e0 partir de la liste de boutons. Contenu du Cours: Bo\u00eete \u00e0 outils du mod\u00e9rateur:<\/p>\n","protected":false},"author":1,"featured_media":0,"parent":1588,"menu_order":0,"comment_status":"closed","ping_status":"closed","template":"","meta":{"_acf_changed":false,"inline_featured_image":false,"footnotes":""},"class_list":["post-1671","page","type-page","status-publish","hentry"],"acf":[],"yoast_head":"<!-- This site is optimized with the Yoast SEO plugin v27.3 - https:\/\/yoast.com\/product\/yoast-seo-wordpress\/ -->\n<title>Franc\u00eas: material prim\u00e1rio geral - GO-HRE<\/title>\n<meta name=\"robots\" content=\"index, follow, max-snippet:-1, max-image-preview:large, max-video-preview:-1\" \/>\n<link rel=\"canonical\" href=\"https:\/\/go-hre.org\/pt-br\/idiomas\/frances-material-geral-primario\/\" \/>\n<meta property=\"og:locale\" content=\"pt_BR\" \/>\n<meta property=\"og:type\" content=\"article\" \/>\n<meta property=\"og:title\" content=\"Franc\u00eas: material prim\u00e1rio geral - GO-HRE\" \/>\n<meta property=\"og:description\" content=\"Le manuel primaire Colega est destin\u00e9 aux enfants \u00e2g\u00e9s d\u2019environ 6 \u00e0 11 ans. S\u00e9lectionnez dans la liste ci-dessous pour afficher des le\u00e7ons ou des sections individuelles, ou t\u00e9l\u00e9chargez des fichiers PDF complets \u00e0 partir de la liste de boutons. Contenu du Cours: Bo\u00eete \u00e0 outils du mod\u00e9rateur:\" \/>\n<meta property=\"og:url\" content=\"https:\/\/go-hre.org\/pt-br\/idiomas\/frances-material-geral-primario\/\" \/>\n<meta property=\"og:site_name\" content=\"GO-HRE\" \/>\n<meta property=\"article:modified_time\" content=\"2025-07-09T14:10:45+00:00\" \/>\n<meta name=\"twitter:card\" content=\"summary_large_image\" \/>\n<meta name=\"twitter:label1\" content=\"Est. tempo de leitura\" \/>\n\t<meta name=\"twitter:data1\" content=\"1 minuto\" \/>\n<script type=\"application\/ld+json\" class=\"yoast-schema-graph\">{\"@context\":\"https:\\\/\\\/schema.org\",\"@graph\":[{\"@type\":\"WebPage\",\"@id\":\"https:\\\/\\\/go-hre.org\\\/pt-br\\\/idiomas\\\/frances-material-geral-primario\\\/\",\"url\":\"https:\\\/\\\/go-hre.org\\\/pt-br\\\/idiomas\\\/frances-material-geral-primario\\\/\",\"name\":\"Franc\u00eas: material prim\u00e1rio geral - GO-HRE\",\"isPartOf\":{\"@id\":\"https:\\\/\\\/go-hre.org\\\/#website\"},\"datePublished\":\"2025-04-24T00:08:04+00:00\",\"dateModified\":\"2025-07-09T14:10:45+00:00\",\"breadcrumb\":{\"@id\":\"https:\\\/\\\/go-hre.org\\\/pt-br\\\/idiomas\\\/frances-material-geral-primario\\\/#breadcrumb\"},\"inLanguage\":\"pt-BR\",\"potentialAction\":[{\"@type\":\"ReadAction\",\"target\":[\"https:\\\/\\\/go-hre.org\\\/pt-br\\\/idiomas\\\/frances-material-geral-primario\\\/\"]}]},{\"@type\":\"BreadcrumbList\",\"@id\":\"https:\\\/\\\/go-hre.org\\\/pt-br\\\/idiomas\\\/frances-material-geral-primario\\\/#breadcrumb\",\"itemListElement\":[{\"@type\":\"ListItem\",\"position\":1,\"name\":\"Home\",\"item\":\"https:\\\/\\\/go-hre.org\\\/pt-br\\\/pagina-inicial\\\/\"},{\"@type\":\"ListItem\",\"position\":2,\"name\":\"Idiomas\",\"item\":\"https:\\\/\\\/go-hre.org\\\/pt-br\\\/idiomas\\\/\"},{\"@type\":\"ListItem\",\"position\":3,\"name\":\"Franc\u00eas: material prim\u00e1rio geral\"}]},{\"@type\":\"WebSite\",\"@id\":\"https:\\\/\\\/go-hre.org\\\/#website\",\"url\":\"https:\\\/\\\/go-hre.org\\\/\",\"name\":\"GO-HRE\",\"description\":\"Escrit\u00f3rio de Genebra para Educa\u00e7\u00e3o em Direitos Humanos\",\"publisher\":{\"@id\":\"https:\\\/\\\/go-hre.org\\\/#organization\"},\"potentialAction\":[{\"@type\":\"SearchAction\",\"target\":{\"@type\":\"EntryPoint\",\"urlTemplate\":\"https:\\\/\\\/go-hre.org\\\/?s={search_term_string}\"},\"query-input\":{\"@type\":\"PropertyValueSpecification\",\"valueRequired\":true,\"valueName\":\"search_term_string\"}}],\"inLanguage\":\"pt-BR\"},{\"@type\":\"Organization\",\"@id\":\"https:\\\/\\\/go-hre.org\\\/#organization\",\"name\":\"GO-HRE\",\"url\":\"https:\\\/\\\/go-hre.org\\\/\",\"logo\":{\"@type\":\"ImageObject\",\"inLanguage\":\"pt-BR\",\"@id\":\"https:\\\/\\\/go-hre.org\\\/#\\\/schema\\\/logo\\\/image\\\/\",\"url\":\"https:\\\/\\\/go-hre.org\\\/wp-content\\\/uploads\\\/2025\\\/04\\\/favicon.png\",\"contentUrl\":\"https:\\\/\\\/go-hre.org\\\/wp-content\\\/uploads\\\/2025\\\/04\\\/favicon.png\",\"width\":258,\"height\":258,\"caption\":\"GO-HRE\"},\"image\":{\"@id\":\"https:\\\/\\\/go-hre.org\\\/#\\\/schema\\\/logo\\\/image\\\/\"}}]}<\/script>\n<!-- \/ Yoast SEO plugin. -->","yoast_head_json":{"title":"Franc\u00eas: material prim\u00e1rio geral - GO-HRE","robots":{"index":"index","follow":"follow","max-snippet":"max-snippet:-1","max-image-preview":"max-image-preview:large","max-video-preview":"max-video-preview:-1"},"canonical":"https:\/\/go-hre.org\/pt-br\/idiomas\/frances-material-geral-primario\/","og_locale":"pt_BR","og_type":"article","og_title":"Franc\u00eas: material prim\u00e1rio geral - GO-HRE","og_description":"Le manuel primaire Colega est destin\u00e9 aux enfants \u00e2g\u00e9s d\u2019environ 6 \u00e0 11 ans. S\u00e9lectionnez dans la liste ci-dessous pour afficher des le\u00e7ons ou des sections individuelles, ou t\u00e9l\u00e9chargez des fichiers PDF complets \u00e0 partir de la liste de boutons. Contenu du Cours: Bo\u00eete \u00e0 outils du mod\u00e9rateur:","og_url":"https:\/\/go-hre.org\/pt-br\/idiomas\/frances-material-geral-primario\/","og_site_name":"GO-HRE","article_modified_time":"2025-07-09T14:10:45+00:00","twitter_card":"summary_large_image","twitter_misc":{"Est. tempo de leitura":"1 minuto"},"schema":{"@context":"https:\/\/schema.org","@graph":[{"@type":"WebPage","@id":"https:\/\/go-hre.org\/pt-br\/idiomas\/frances-material-geral-primario\/","url":"https:\/\/go-hre.org\/pt-br\/idiomas\/frances-material-geral-primario\/","name":"Franc\u00eas: material prim\u00e1rio geral - GO-HRE","isPartOf":{"@id":"https:\/\/go-hre.org\/#website"},"datePublished":"2025-04-24T00:08:04+00:00","dateModified":"2025-07-09T14:10:45+00:00","breadcrumb":{"@id":"https:\/\/go-hre.org\/pt-br\/idiomas\/frances-material-geral-primario\/#breadcrumb"},"inLanguage":"pt-BR","potentialAction":[{"@type":"ReadAction","target":["https:\/\/go-hre.org\/pt-br\/idiomas\/frances-material-geral-primario\/"]}]},{"@type":"BreadcrumbList","@id":"https:\/\/go-hre.org\/pt-br\/idiomas\/frances-material-geral-primario\/#breadcrumb","itemListElement":[{"@type":"ListItem","position":1,"name":"Home","item":"https:\/\/go-hre.org\/pt-br\/pagina-inicial\/"},{"@type":"ListItem","position":2,"name":"Idiomas","item":"https:\/\/go-hre.org\/pt-br\/idiomas\/"},{"@type":"ListItem","position":3,"name":"Franc\u00eas: material prim\u00e1rio geral"}]},{"@type":"WebSite","@id":"https:\/\/go-hre.org\/#website","url":"https:\/\/go-hre.org\/","name":"GO-HRE","description":"Escrit\u00f3rio de Genebra para Educa\u00e7\u00e3o em Direitos Humanos","publisher":{"@id":"https:\/\/go-hre.org\/#organization"},"potentialAction":[{"@type":"SearchAction","target":{"@type":"EntryPoint","urlTemplate":"https:\/\/go-hre.org\/?s={search_term_string}"},"query-input":{"@type":"PropertyValueSpecification","valueRequired":true,"valueName":"search_term_string"}}],"inLanguage":"pt-BR"},{"@type":"Organization","@id":"https:\/\/go-hre.org\/#organization","name":"GO-HRE","url":"https:\/\/go-hre.org\/","logo":{"@type":"ImageObject","inLanguage":"pt-BR","@id":"https:\/\/go-hre.org\/#\/schema\/logo\/image\/","url":"https:\/\/go-hre.org\/wp-content\/uploads\/2025\/04\/favicon.png","contentUrl":"https:\/\/go-hre.org\/wp-content\/uploads\/2025\/04\/favicon.png","width":258,"height":258,"caption":"GO-HRE"},"image":{"@id":"https:\/\/go-hre.org\/#\/schema\/logo\/image\/"}}]}},"_links":{"self":[{"href":"https:\/\/go-hre.org\/pt-br\/wp-json\/wp\/v2\/pages\/1671","targetHints":{"allow":["GET"]}}],"collection":[{"href":"https:\/\/go-hre.org\/pt-br\/wp-json\/wp\/v2\/pages"}],"about":[{"href":"https:\/\/go-hre.org\/pt-br\/wp-json\/wp\/v2\/types\/page"}],"author":[{"embeddable":true,"href":"https:\/\/go-hre.org\/pt-br\/wp-json\/wp\/v2\/users\/1"}],"replies":[{"embeddable":true,"href":"https:\/\/go-hre.org\/pt-br\/wp-json\/wp\/v2\/comments?post=1671"}],"version-history":[{"count":5,"href":"https:\/\/go-hre.org\/pt-br\/wp-json\/wp\/v2\/pages\/1671\/revisions"}],"predecessor-version":[{"id":4608,"href":"https:\/\/go-hre.org\/pt-br\/wp-json\/wp\/v2\/pages\/1671\/revisions\/4608"}],"up":[{"embeddable":true,"href":"https:\/\/go-hre.org\/pt-br\/wp-json\/wp\/v2\/pages\/1588"}],"wp:attachment":[{"href":"https:\/\/go-hre.org\/pt-br\/wp-json\/wp\/v2\/media?parent=1671"}],"curies":[{"name":"wp","href":"https:\/\/api.w.org\/{rel}","templated":true}]}}