{"id":1686,"date":"2025-04-23T18:34:10","date_gmt":"2025-04-24T00:34:10","guid":{"rendered":"https:\/\/go-hre.org\/idiomas\/frances-material-geral-para-jovens\/"},"modified":"2025-05-21T19:30:41","modified_gmt":"2025-05-22T01:30:41","slug":"frances-material-geral-para-jovens","status":"publish","type":"page","link":"https:\/\/go-hre.org\/pt-br\/idiomas\/frances-material-geral-para-jovens\/","title":{"rendered":"Franc\u00eas: material geral para jovens"},"content":{"rendered":"\n<p><strong>Conte\u00fado do curso:<\/strong><\/p>\n\n<ul class=\"wp-block-list pdf_links\">\n<li><a href=\"https:\/\/go-hre.org\/wp-content\/uploads\/2025\/04\/colega_fre_240228_sec_0.pdf\" data-type=\"attachment\" data-id=\"577\">P\u00e1gina de rosto e \u00edndice<\/a><\/li>\n\n\n\n<li><a href=\"https:\/\/go-hre.org\/wp-content\/uploads\/2025\/04\/colega_fre_240228_sec_1.pdf\" data-type=\"attachment\" data-id=\"578\">Li\u00e7\u00e3o 1: Nascer livre<\/a><\/li>\n\n\n\n<li><a href=\"https:\/\/go-hre.org\/wp-content\/uploads\/2025\/04\/colega_fre_240228_sec_2.pdf\" data-type=\"attachment\" data-id=\"579\">Le\u00e7on 2: Eu tenho direitos<\/a><\/li>\n\n\n\n<li><a href=\"https:\/\/go-hre.org\/wp-content\/uploads\/2025\/04\/colega_fre_240228_sec_3.pdf\" data-type=\"attachment\" data-id=\"580\">Li\u00e7\u00e3o 3: Isso \u00e9 discrimina\u00e7\u00e3o?<\/a><\/li>\n\n\n\n<li><a href=\"https:\/\/go-hre.org\/wp-content\/uploads\/2025\/04\/colega_fre_240228_sec_4.pdf\" data-type=\"attachment\" data-id=\"581\">Li\u00e7\u00e3o 4: O ass\u00e9dio n\u00e3o \u00e9 permitido<\/a><\/li>\n\n\n\n<li><a href=\"https:\/\/go-hre.org\/wp-content\/uploads\/2025\/04\/colega_fre_240228_sec.pdf\" data-type=\"attachment\" data-id=\"589\">Se\u00e7\u00e3o 5: A fam\u00edlia \u00e9 maravilhosa<\/a><\/li>\n\n\n\n<li><a href=\"https:\/\/go-hre.org\/wp-content\/uploads\/2025\/04\/colega_fre_240228_sec_6.pdf\" data-type=\"attachment\" data-id=\"582\">Li\u00e7\u00e3o 6: Eu tenho uma escolha<\/a><\/li>\n\n\n\n<li><a href=\"https:\/\/go-hre.org\/wp-content\/uploads\/2025\/04\/colega_fre_240228_sec_7.pdf\" data-type=\"attachment\" data-id=\"583\">Sess\u00e3o 7: As palavras fazem a diferen\u00e7a<\/a><\/li>\n\n\n\n<li><a href=\"https:\/\/go-hre.org\/wp-content\/uploads\/2025\/04\/colega_fre_240228_sec_8.pdf\" data-type=\"attachment\" data-id=\"584\">Se\u00e7\u00e3o 8: Eu tenho o direito de ser eu mesmo<\/a><\/li>\n\n\n\n<li><a href=\"https:\/\/go-hre.org\/wp-content\/uploads\/2025\/04\/colega_fre_240228_sec_9.pdf\" data-type=\"attachment\" data-id=\"585\">Se\u00e7\u00e3o 9: O trabalho infantil \u00e9 simplesmente injusto<\/a><\/li>\n\n\n\n<li><a href=\"https:\/\/go-hre.org\/wp-content\/uploads\/2025\/04\/colega_fre_240228_sec_10.pdf\" data-type=\"attachment\" data-id=\"586\">Li\u00e7\u00e3o 10: Estou indo para a escola!<\/a><\/li>\n\n\n\n<li><a href=\"https:\/\/go-hre.org\/wp-content\/uploads\/2025\/04\/colega_fre_240228_sec_11.pdf\" data-type=\"attachment\" data-id=\"587\">Notas e reflex\u00f5es do moderador<\/a><\/li>\n\n\n\n<li><a href=\"https:\/\/go-hre.org\/wp-content\/uploads\/2025\/04\/colega_fre_240228_sec_12.pdf\" data-type=\"attachment\" data-id=\"588\">Kit de ferramentas do modificador<\/a><\/li>\n<\/ul>\n","protected":false},"excerpt":{"rendered":"<p>Conte\u00fado do curso:<\/p>\n","protected":false},"author":1,"featured_media":0,"parent":1588,"menu_order":0,"comment_status":"closed","ping_status":"closed","template":"","meta":{"_acf_changed":false,"inline_featured_image":false,"footnotes":""},"class_list":["post-1686","page","type-page","status-publish","hentry"],"acf":[],"yoast_head":"<!-- This site is optimized with the Yoast SEO plugin v27.3 - https:\/\/yoast.com\/product\/yoast-seo-wordpress\/ -->\n<title>Franc\u00eas: material geral para jovens - GO-HRE<\/title>\n<meta name=\"robots\" content=\"index, follow, max-snippet:-1, max-image-preview:large, max-video-preview:-1\" \/>\n<link rel=\"canonical\" href=\"https:\/\/go-hre.org\/pt-br\/idiomas\/frances-material-geral-para-jovens\/\" \/>\n<meta property=\"og:locale\" content=\"pt_BR\" \/>\n<meta property=\"og:type\" content=\"article\" \/>\n<meta property=\"og:title\" content=\"Franc\u00eas: material geral para jovens - GO-HRE\" \/>\n<meta property=\"og:description\" content=\"Conte\u00fado do curso:\" \/>\n<meta property=\"og:url\" content=\"https:\/\/go-hre.org\/pt-br\/idiomas\/frances-material-geral-para-jovens\/\" \/>\n<meta property=\"og:site_name\" content=\"GO-HRE\" \/>\n<meta property=\"article:modified_time\" content=\"2025-05-22T01:30:41+00:00\" \/>\n<meta name=\"twitter:card\" content=\"summary_large_image\" \/>\n<script type=\"application\/ld+json\" class=\"yoast-schema-graph\">{\"@context\":\"https:\\\/\\\/schema.org\",\"@graph\":[{\"@type\":\"WebPage\",\"@id\":\"https:\\\/\\\/go-hre.org\\\/pt-br\\\/idiomas\\\/frances-material-geral-para-jovens\\\/\",\"url\":\"https:\\\/\\\/go-hre.org\\\/pt-br\\\/idiomas\\\/frances-material-geral-para-jovens\\\/\",\"name\":\"Franc\u00eas: material geral para jovens - GO-HRE\",\"isPartOf\":{\"@id\":\"https:\\\/\\\/go-hre.org\\\/#website\"},\"datePublished\":\"2025-04-24T00:34:10+00:00\",\"dateModified\":\"2025-05-22T01:30:41+00:00\",\"breadcrumb\":{\"@id\":\"https:\\\/\\\/go-hre.org\\\/pt-br\\\/idiomas\\\/frances-material-geral-para-jovens\\\/#breadcrumb\"},\"inLanguage\":\"pt-BR\",\"potentialAction\":[{\"@type\":\"ReadAction\",\"target\":[\"https:\\\/\\\/go-hre.org\\\/pt-br\\\/idiomas\\\/frances-material-geral-para-jovens\\\/\"]}]},{\"@type\":\"BreadcrumbList\",\"@id\":\"https:\\\/\\\/go-hre.org\\\/pt-br\\\/idiomas\\\/frances-material-geral-para-jovens\\\/#breadcrumb\",\"itemListElement\":[{\"@type\":\"ListItem\",\"position\":1,\"name\":\"Home\",\"item\":\"https:\\\/\\\/go-hre.org\\\/pt-br\\\/pagina-inicial\\\/\"},{\"@type\":\"ListItem\",\"position\":2,\"name\":\"Idiomas\",\"item\":\"https:\\\/\\\/go-hre.org\\\/pt-br\\\/idiomas\\\/\"},{\"@type\":\"ListItem\",\"position\":3,\"name\":\"Franc\u00eas: material geral para jovens\"}]},{\"@type\":\"WebSite\",\"@id\":\"https:\\\/\\\/go-hre.org\\\/#website\",\"url\":\"https:\\\/\\\/go-hre.org\\\/\",\"name\":\"GO-HRE\",\"description\":\"Escrit\u00f3rio de Genebra para Educa\u00e7\u00e3o em Direitos Humanos\",\"publisher\":{\"@id\":\"https:\\\/\\\/go-hre.org\\\/#organization\"},\"potentialAction\":[{\"@type\":\"SearchAction\",\"target\":{\"@type\":\"EntryPoint\",\"urlTemplate\":\"https:\\\/\\\/go-hre.org\\\/?s={search_term_string}\"},\"query-input\":{\"@type\":\"PropertyValueSpecification\",\"valueRequired\":true,\"valueName\":\"search_term_string\"}}],\"inLanguage\":\"pt-BR\"},{\"@type\":\"Organization\",\"@id\":\"https:\\\/\\\/go-hre.org\\\/#organization\",\"name\":\"GO-HRE\",\"url\":\"https:\\\/\\\/go-hre.org\\\/\",\"logo\":{\"@type\":\"ImageObject\",\"inLanguage\":\"pt-BR\",\"@id\":\"https:\\\/\\\/go-hre.org\\\/#\\\/schema\\\/logo\\\/image\\\/\",\"url\":\"https:\\\/\\\/go-hre.org\\\/wp-content\\\/uploads\\\/2025\\\/04\\\/favicon.png\",\"contentUrl\":\"https:\\\/\\\/go-hre.org\\\/wp-content\\\/uploads\\\/2025\\\/04\\\/favicon.png\",\"width\":258,\"height\":258,\"caption\":\"GO-HRE\"},\"image\":{\"@id\":\"https:\\\/\\\/go-hre.org\\\/#\\\/schema\\\/logo\\\/image\\\/\"}}]}<\/script>\n<!-- \/ Yoast SEO plugin. -->","yoast_head_json":{"title":"Franc\u00eas: material geral para jovens - GO-HRE","robots":{"index":"index","follow":"follow","max-snippet":"max-snippet:-1","max-image-preview":"max-image-preview:large","max-video-preview":"max-video-preview:-1"},"canonical":"https:\/\/go-hre.org\/pt-br\/idiomas\/frances-material-geral-para-jovens\/","og_locale":"pt_BR","og_type":"article","og_title":"Franc\u00eas: material geral para jovens - GO-HRE","og_description":"Conte\u00fado do curso:","og_url":"https:\/\/go-hre.org\/pt-br\/idiomas\/frances-material-geral-para-jovens\/","og_site_name":"GO-HRE","article_modified_time":"2025-05-22T01:30:41+00:00","twitter_card":"summary_large_image","schema":{"@context":"https:\/\/schema.org","@graph":[{"@type":"WebPage","@id":"https:\/\/go-hre.org\/pt-br\/idiomas\/frances-material-geral-para-jovens\/","url":"https:\/\/go-hre.org\/pt-br\/idiomas\/frances-material-geral-para-jovens\/","name":"Franc\u00eas: material geral para jovens - GO-HRE","isPartOf":{"@id":"https:\/\/go-hre.org\/#website"},"datePublished":"2025-04-24T00:34:10+00:00","dateModified":"2025-05-22T01:30:41+00:00","breadcrumb":{"@id":"https:\/\/go-hre.org\/pt-br\/idiomas\/frances-material-geral-para-jovens\/#breadcrumb"},"inLanguage":"pt-BR","potentialAction":[{"@type":"ReadAction","target":["https:\/\/go-hre.org\/pt-br\/idiomas\/frances-material-geral-para-jovens\/"]}]},{"@type":"BreadcrumbList","@id":"https:\/\/go-hre.org\/pt-br\/idiomas\/frances-material-geral-para-jovens\/#breadcrumb","itemListElement":[{"@type":"ListItem","position":1,"name":"Home","item":"https:\/\/go-hre.org\/pt-br\/pagina-inicial\/"},{"@type":"ListItem","position":2,"name":"Idiomas","item":"https:\/\/go-hre.org\/pt-br\/idiomas\/"},{"@type":"ListItem","position":3,"name":"Franc\u00eas: material geral para jovens"}]},{"@type":"WebSite","@id":"https:\/\/go-hre.org\/#website","url":"https:\/\/go-hre.org\/","name":"GO-HRE","description":"Escrit\u00f3rio de Genebra para Educa\u00e7\u00e3o em Direitos Humanos","publisher":{"@id":"https:\/\/go-hre.org\/#organization"},"potentialAction":[{"@type":"SearchAction","target":{"@type":"EntryPoint","urlTemplate":"https:\/\/go-hre.org\/?s={search_term_string}"},"query-input":{"@type":"PropertyValueSpecification","valueRequired":true,"valueName":"search_term_string"}}],"inLanguage":"pt-BR"},{"@type":"Organization","@id":"https:\/\/go-hre.org\/#organization","name":"GO-HRE","url":"https:\/\/go-hre.org\/","logo":{"@type":"ImageObject","inLanguage":"pt-BR","@id":"https:\/\/go-hre.org\/#\/schema\/logo\/image\/","url":"https:\/\/go-hre.org\/wp-content\/uploads\/2025\/04\/favicon.png","contentUrl":"https:\/\/go-hre.org\/wp-content\/uploads\/2025\/04\/favicon.png","width":258,"height":258,"caption":"GO-HRE"},"image":{"@id":"https:\/\/go-hre.org\/#\/schema\/logo\/image\/"}}]}},"_links":{"self":[{"href":"https:\/\/go-hre.org\/pt-br\/wp-json\/wp\/v2\/pages\/1686","targetHints":{"allow":["GET"]}}],"collection":[{"href":"https:\/\/go-hre.org\/pt-br\/wp-json\/wp\/v2\/pages"}],"about":[{"href":"https:\/\/go-hre.org\/pt-br\/wp-json\/wp\/v2\/types\/page"}],"author":[{"embeddable":true,"href":"https:\/\/go-hre.org\/pt-br\/wp-json\/wp\/v2\/users\/1"}],"replies":[{"embeddable":true,"href":"https:\/\/go-hre.org\/pt-br\/wp-json\/wp\/v2\/comments?post=1686"}],"version-history":[{"count":4,"href":"https:\/\/go-hre.org\/pt-br\/wp-json\/wp\/v2\/pages\/1686\/revisions"}],"predecessor-version":[{"id":1776,"href":"https:\/\/go-hre.org\/pt-br\/wp-json\/wp\/v2\/pages\/1686\/revisions\/1776"}],"up":[{"embeddable":true,"href":"https:\/\/go-hre.org\/pt-br\/wp-json\/wp\/v2\/pages\/1588"}],"wp:attachment":[{"href":"https:\/\/go-hre.org\/pt-br\/wp-json\/wp\/v2\/media?parent=1686"}],"curies":[{"name":"wp","href":"https:\/\/api.w.org\/{rel}","templated":true}]}}