{"id":2978,"date":"2025-06-03T18:15:52","date_gmt":"2025-06-04T00:15:52","guid":{"rendered":"https:\/\/go-hre.org\/ingles-treinamento-1\/"},"modified":"2025-06-03T22:20:57","modified_gmt":"2025-06-04T04:20:57","slug":"ingles-treinamento-1","status":"publish","type":"page","link":"https:\/\/go-hre.org\/pt-br\/idiomas\/ingles-treinamento-1\/","title":{"rendered":"Ingl\u00eas: Treinamento 1"},"content":{"rendered":"\n<p>Saiba por que o Colega foi criado, o que os outros est\u00e3o dizendo sobre seus benef\u00edcios educacionais e seus materiais e recursos cuidadosamente desenvolvidos. Receba uma introdu\u00e7\u00e3o aos princ\u00edpios de ensino do Colega, \u00e0 organiza\u00e7\u00e3o das aulas e \u00e0 forma como os alunos aprender\u00e3o sobre seus direitos e responsabilidades. <\/p>\n\n<hr class=\"wp-block-separator has-alpha-channel-opacity\"\/>\n\n<div class=\"wp-block-columns is-layout-flex wp-container-core-columns-is-layout-9d6595d7 wp-block-columns-is-layout-flex\">\n<div class=\"wp-block-column is-layout-flow wp-block-column-is-layout-flow\">\n<div class=\"wp-block-columns is-layout-flex wp-container-core-columns-is-layout-9d6595d7 wp-block-columns-is-layout-flex\">\n<div class=\"wp-block-column is-layout-flow wp-block-column-is-layout-flow\">\n<p>A educa\u00e7\u00e3o em direitos humanos \u00e9 importante na vida de todas as crian\u00e7as.<\/p>\n<\/div>\n\n\n\n<div class=\"wp-block-column is-layout-flow wp-block-column-is-layout-flow\"><div class=\"wp-block-image\">\n<figure class=\"aligncenter size-full\"><img decoding=\"async\" width=\"1600\" height=\"771\" data-src=\"https:\/\/go-hre.org\/wp-content\/uploads\/2025\/04\/hero-carousel-4.jpg\" alt=\"Go-HRE Carrossel 4\" class=\"wp-image-43 lazyload\" data-srcset=\"https:\/\/go-hre.org\/wp-content\/uploads\/2025\/04\/hero-carousel-4.jpg 1600w, https:\/\/go-hre.org\/wp-content\/uploads\/2025\/04\/hero-carousel-4-900x434.jpg 900w, https:\/\/go-hre.org\/wp-content\/uploads\/2025\/04\/hero-carousel-4-768x370.jpg 768w, https:\/\/go-hre.org\/wp-content\/uploads\/2025\/04\/hero-carousel-4-1536x740.jpg 1536w\" data-sizes=\"(max-width: 1600px) 100vw, 1600px\" src=\"data:image\/svg+xml;base64,PHN2ZyB3aWR0aD0iMSIgaGVpZ2h0PSIxIiB4bWxucz0iaHR0cDovL3d3dy53My5vcmcvMjAwMC9zdmciPjwvc3ZnPg==\" style=\"--smush-placeholder-width: 1600px; --smush-placeholder-aspect-ratio: 1600\/771;\" \/><\/figure>\n<\/div><\/div>\n<\/div>\n<\/div>\n<\/div>\n\n<div class=\"wp-block-columns is-layout-flex wp-container-core-columns-is-layout-9d6595d7 wp-block-columns-is-layout-flex\">\n<div class=\"wp-block-column is-layout-flow wp-block-column-is-layout-flow\">\n<p>A Declara\u00e7\u00e3o Universal dos Direitos Humanos das Na\u00e7\u00f5es Unidas de 1948, criada pelas Na\u00e7\u00f5es Unidas ap\u00f3s a Segunda Guerra Mundial, identificou 30 direitos humanos espec\u00edficos que se aplicam a todos, em todos os lugares.<\/p>\n<\/div>\n\n\n\n<div class=\"wp-block-column is-layout-flow wp-block-column-is-layout-flow\"><div class=\"wp-block-image\">\n<figure class=\"aligncenter size-full\"><img decoding=\"async\" width=\"920\" height=\"521\" data-src=\"https:\/\/go-hre.org\/wp-content\/uploads\/2025\/04\/Eleanor_Roosevelt_UDHR.png\" alt=\"Eleanor-Roosevelt\" class=\"wp-image-841 lazyload\" data-srcset=\"https:\/\/go-hre.org\/wp-content\/uploads\/2025\/04\/Eleanor_Roosevelt_UDHR.png 920w, https:\/\/go-hre.org\/wp-content\/uploads\/2025\/04\/Eleanor_Roosevelt_UDHR-900x510.png 900w, https:\/\/go-hre.org\/wp-content\/uploads\/2025\/04\/Eleanor_Roosevelt_UDHR-768x435.png 768w\" data-sizes=\"(max-width: 920px) 100vw, 920px\" src=\"data:image\/svg+xml;base64,PHN2ZyB3aWR0aD0iMSIgaGVpZ2h0PSIxIiB4bWxucz0iaHR0cDovL3d3dy53My5vcmcvMjAwMC9zdmciPjwvc3ZnPg==\" style=\"--smush-placeholder-width: 920px; --smush-placeholder-aspect-ratio: 920\/521;\" \/><\/figure>\n<\/div><\/div>\n<\/div>\n\n<div class=\"wp-block-columns is-layout-flex wp-container-core-columns-is-layout-9d6595d7 wp-block-columns-is-layout-flex\">\n<div class=\"wp-block-column is-layout-flow wp-block-column-is-layout-flow\">\n<p>Muitas crian\u00e7as n\u00e3o conhecem seus direitos humanos. Ensinar direitos humanos \u00e0s crian\u00e7as traz entusiasmo e educa\u00e7\u00e3o cr\u00edtica para a sala de aula. <\/p>\n<\/div>\n\n\n\n<div class=\"wp-block-column is-layout-flow wp-block-column-is-layout-flow\"><div class=\"wp-block-image\">\n<figure class=\"aligncenter size-full\"><img decoding=\"async\" width=\"960\" height=\"540\" data-src=\"https:\/\/go-hre.org\/wp-content\/uploads\/2025\/06\/Classroom_Slide_2.png\" alt=\"\" class=\"wp-image-2896 lazyload\" data-srcset=\"https:\/\/go-hre.org\/wp-content\/uploads\/2025\/06\/Classroom_Slide_2.png 960w, https:\/\/go-hre.org\/wp-content\/uploads\/2025\/06\/Classroom_Slide_2-900x506.png 900w, https:\/\/go-hre.org\/wp-content\/uploads\/2025\/06\/Classroom_Slide_2-768x432.png 768w\" data-sizes=\"(max-width: 960px) 100vw, 960px\" src=\"data:image\/svg+xml;base64,PHN2ZyB3aWR0aD0iMSIgaGVpZ2h0PSIxIiB4bWxucz0iaHR0cDovL3d3dy53My5vcmcvMjAwMC9zdmciPjwvc3ZnPg==\" style=\"--smush-placeholder-width: 960px; --smush-placeholder-aspect-ratio: 960\/540;\" \/><\/figure>\n<\/div><\/div>\n<\/div>\n\n<div class=\"wp-block-columns is-layout-flex wp-container-core-columns-is-layout-9d6595d7 wp-block-columns-is-layout-flex\">\n<div class=\"wp-block-column is-layout-flow wp-block-column-is-layout-flow\">\n<p>O Manual do Colega ensina os direitos humanos encontrados na Declara\u00e7\u00e3o Universal dos Direitos Humanos.<\/p>\n<\/div>\n\n\n\n<div class=\"wp-block-column is-layout-flow wp-block-column-is-layout-flow\"><div class=\"wp-block-image\">\n<figure class=\"aligncenter size-full\"><img decoding=\"async\" width=\"920\" height=\"521\" data-src=\"https:\/\/go-hre.org\/wp-content\/uploads\/2025\/04\/Cover_English_training.png\" alt=\"Cobertura - treinamento em ingl&#xEA;s\" class=\"wp-image-844 lazyload\" data-srcset=\"https:\/\/go-hre.org\/wp-content\/uploads\/2025\/04\/Cover_English_training.png 920w, https:\/\/go-hre.org\/wp-content\/uploads\/2025\/04\/Cover_English_training-900x510.png 900w, https:\/\/go-hre.org\/wp-content\/uploads\/2025\/04\/Cover_English_training-768x435.png 768w\" data-sizes=\"(max-width: 920px) 100vw, 920px\" src=\"data:image\/svg+xml;base64,PHN2ZyB3aWR0aD0iMSIgaGVpZ2h0PSIxIiB4bWxucz0iaHR0cDovL3d3dy53My5vcmcvMjAwMC9zdmciPjwvc3ZnPg==\" style=\"--smush-placeholder-width: 920px; --smush-placeholder-aspect-ratio: 920\/521;\" \/><\/figure>\n<\/div><\/div>\n<\/div>\n\n<div class=\"wp-block-columns is-layout-flex wp-container-core-columns-is-layout-9d6595d7 wp-block-columns-is-layout-flex\">\n<div class=\"wp-block-column is-layout-flow wp-block-column-is-layout-flow\">\n<p>O manual do Colega inclui li\u00e7\u00f5es sobre Igualdade, Discrimina\u00e7\u00e3o, Bullying, Casamento e Fam\u00edlia, Religi\u00e3o ou Cren\u00e7a, Educa\u00e7\u00e3o e Dever para com a Comunidade.<\/p>\n<\/div>\n\n\n\n<div class=\"wp-block-column is-layout-flow wp-block-column-is-layout-flow\"><div class=\"wp-block-image\">\n<figure class=\"aligncenter size-full\"><img decoding=\"async\" width=\"920\" height=\"521\" data-src=\"https:\/\/go-hre.org\/wp-content\/uploads\/2025\/04\/Lesson_English.png\" alt=\"Li&#xE7;&#xE3;o - ingl&#xEA;s\" class=\"wp-image-847 lazyload\" data-srcset=\"https:\/\/go-hre.org\/wp-content\/uploads\/2025\/04\/Lesson_English.png 920w, https:\/\/go-hre.org\/wp-content\/uploads\/2025\/04\/Lesson_English-900x510.png 900w, https:\/\/go-hre.org\/wp-content\/uploads\/2025\/04\/Lesson_English-768x435.png 768w\" data-sizes=\"(max-width: 920px) 100vw, 920px\" src=\"data:image\/svg+xml;base64,PHN2ZyB3aWR0aD0iMSIgaGVpZ2h0PSIxIiB4bWxucz0iaHR0cDovL3d3dy53My5vcmcvMjAwMC9zdmciPjwvc3ZnPg==\" style=\"--smush-placeholder-width: 920px; --smush-placeholder-aspect-ratio: 920\/521;\" \/><\/figure>\n<\/div><\/div>\n<\/div>\n\n<div class=\"wp-block-columns is-layout-flex wp-container-core-columns-is-layout-9d6595d7 wp-block-columns-is-layout-flex\">\n<div class=\"wp-block-column is-layout-flow wp-block-column-is-layout-flow\">\n<p>Como membro das Na\u00e7\u00f5es Unidas, seu pa\u00eds concordou em defender e ensinar os princ\u00edpios e valores encontrados na Declara\u00e7\u00e3o Universal dos Direitos Humanos. Os materiais do Colega foram desenvolvidos para ajudar voc\u00ea a educar os jovens de sua comunidade sobre esses princ\u00edpios. Este manual \u00e9 fornecido gratuitamente pelo Escrit\u00f3rio de Genebra para Educa\u00e7\u00e3o em Direitos Humanos.  <\/p>\n<\/div>\n\n\n\n<div class=\"wp-block-column is-layout-flow wp-block-column-is-layout-flow\"><div class=\"wp-block-image\">\n<figure class=\"aligncenter size-full\"><img decoding=\"async\" width=\"900\" height=\"676\" data-src=\"https:\/\/go-hre.org\/wp-content\/uploads\/2025\/04\/go-hre-headquarters.jpg\" alt=\"go-hre-headquarters\" class=\"wp-image-83 lazyload\" data-srcset=\"https:\/\/go-hre.org\/wp-content\/uploads\/2025\/04\/go-hre-headquarters.jpg 900w, https:\/\/go-hre.org\/wp-content\/uploads\/2025\/04\/go-hre-headquarters-768x577.jpg 768w\" data-sizes=\"(max-width: 900px) 100vw, 900px\" src=\"data:image\/svg+xml;base64,PHN2ZyB3aWR0aD0iMSIgaGVpZ2h0PSIxIiB4bWxucz0iaHR0cDovL3d3dy53My5vcmcvMjAwMC9zdmciPjwvc3ZnPg==\" style=\"--smush-placeholder-width: 900px; --smush-placeholder-aspect-ratio: 900\/676;\" \/><figcaption class=\"wp-element-caption\">Escrit\u00f3rio de Educa\u00e7\u00e3o em Direitos Humanos em Genebra, Su\u00ed\u00e7a<\/figcaption><\/figure>\n<\/div><\/div>\n<\/div>\n\n<div class=\"wp-block-columns is-layout-flex wp-container-core-columns-is-layout-9d6595d7 wp-block-columns-is-layout-flex\">\n<div class=\"wp-block-column is-layout-flow wp-block-column-is-layout-flow\">\n<p>Colega significa amigo. Nosso logotipo representa as crian\u00e7as e seus livros, enfatizando os direitos humanos de todas as crian\u00e7as. <\/p>\n<\/div>\n\n\n\n<div class=\"wp-block-column is-layout-flow wp-block-column-is-layout-flow\"><div class=\"wp-block-image\">\n<figure class=\"aligncenter size-full\"><img decoding=\"async\" width=\"286\" height=\"168\" data-src=\"https:\/\/go-hre.org\/wp-content\/uploads\/2025\/04\/Colega_Logo.png\" alt=\"Colega-Logo\" class=\"wp-image-850 lazyload\" src=\"data:image\/svg+xml;base64,PHN2ZyB3aWR0aD0iMSIgaGVpZ2h0PSIxIiB4bWxucz0iaHR0cDovL3d3dy53My5vcmcvMjAwMC9zdmciPjwvc3ZnPg==\" style=\"--smush-placeholder-width: 286px; --smush-placeholder-aspect-ratio: 286\/168;\" \/><\/figure>\n<\/div><\/div>\n<\/div>\n\n<div class=\"wp-block-columns is-layout-flex wp-container-core-columns-is-layout-9d6595d7 wp-block-columns-is-layout-flex\">\n<div class=\"wp-block-column is-layout-flow wp-block-column-is-layout-flow\">\n<p>As li\u00e7\u00f5es do Colega ajudam professores, administradores e alunos a aprender sobre seus direitos e responsabilidades.<\/p>\n<\/div>\n\n\n\n<div class=\"wp-block-column is-layout-flow wp-block-column-is-layout-flow\"><div class=\"wp-block-image\">\n<figure class=\"aligncenter size-full\"><img decoding=\"async\" width=\"460\" height=\"257\" data-src=\"https:\/\/go-hre.org\/wp-content\/uploads\/2025\/04\/T110.jpg\" alt=\"T110\" class=\"wp-image-851 lazyload\" src=\"data:image\/svg+xml;base64,PHN2ZyB3aWR0aD0iMSIgaGVpZ2h0PSIxIiB4bWxucz0iaHR0cDovL3d3dy53My5vcmcvMjAwMC9zdmciPjwvc3ZnPg==\" style=\"--smush-placeholder-width: 460px; --smush-placeholder-aspect-ratio: 460\/257;\" \/><\/figure>\n<\/div><\/div>\n<\/div>\n\n<div class=\"wp-block-columns is-layout-flex wp-container-core-columns-is-layout-9d6595d7 wp-block-columns-is-layout-flex\">\n<div class=\"wp-block-column is-layout-flow wp-block-column-is-layout-flow\">\n<p>As aulas do Colega incluem m\u00fasicas, hist\u00f3rias, atividades, perguntas, discuss\u00f5es e desafios.<\/p>\n<\/div>\n\n\n\n<div class=\"wp-block-column is-layout-flow wp-block-column-is-layout-flow\"><div class=\"wp-block-image\">\n<figure class=\"aligncenter size-full\"><img decoding=\"async\" width=\"960\" height=\"540\" data-src=\"https:\/\/go-hre.org\/wp-content\/uploads\/2025\/06\/Classroom_Slide_5.png\" alt=\"\" class=\"wp-image-2900 lazyload\" data-srcset=\"https:\/\/go-hre.org\/wp-content\/uploads\/2025\/06\/Classroom_Slide_5.png 960w, https:\/\/go-hre.org\/wp-content\/uploads\/2025\/06\/Classroom_Slide_5-900x506.png 900w, https:\/\/go-hre.org\/wp-content\/uploads\/2025\/06\/Classroom_Slide_5-768x432.png 768w\" data-sizes=\"(max-width: 960px) 100vw, 960px\" src=\"data:image\/svg+xml;base64,PHN2ZyB3aWR0aD0iMSIgaGVpZ2h0PSIxIiB4bWxucz0iaHR0cDovL3d3dy53My5vcmcvMjAwMC9zdmciPjwvc3ZnPg==\" style=\"--smush-placeholder-width: 960px; --smush-placeholder-aspect-ratio: 960\/540;\" \/><\/figure>\n<\/div><\/div>\n<\/div>\n","protected":false},"excerpt":{"rendered":"<p>Saiba por que o Colega foi criado, o que os outros est\u00e3o dizendo sobre seus benef\u00edcios educacionais e seus materiais e recursos cuidadosamente desenvolvidos. Receba uma introdu\u00e7\u00e3o aos princ\u00edpios de ensino do Colega, \u00e0 organiza\u00e7\u00e3o das aulas e \u00e0 forma como os alunos aprender\u00e3o sobre seus direitos e responsabilidades. A educa\u00e7\u00e3o em direitos humanos \u00e9 [&hellip;]<\/p>\n","protected":false},"author":2,"featured_media":0,"parent":1588,"menu_order":0,"comment_status":"closed","ping_status":"closed","template":"","meta":{"_acf_changed":false,"inline_featured_image":false,"footnotes":""},"class_list":["post-2978","page","type-page","status-publish","hentry"],"acf":[],"yoast_head":"<!-- This site is optimized with the Yoast SEO plugin v27.4 - https:\/\/yoast.com\/product\/yoast-seo-wordpress\/ -->\n<title>Ingl\u00eas: Treinamento 1 - GO-HRE<\/title>\n<meta name=\"robots\" content=\"index, follow, max-snippet:-1, max-image-preview:large, max-video-preview:-1\" \/>\n<link rel=\"canonical\" href=\"https:\/\/go-hre.org\/pt-br\/ingles-treinamento-1\/\" \/>\n<meta property=\"og:locale\" content=\"pt_BR\" \/>\n<meta property=\"og:type\" content=\"article\" \/>\n<meta property=\"og:title\" content=\"Ingl\u00eas: Treinamento 1 - GO-HRE\" \/>\n<meta property=\"og:description\" content=\"Saiba por que o Colega foi criado, o que os outros est\u00e3o dizendo sobre seus benef\u00edcios educacionais e seus materiais e recursos cuidadosamente desenvolvidos. Receba uma introdu\u00e7\u00e3o aos princ\u00edpios de ensino do Colega, \u00e0 organiza\u00e7\u00e3o das aulas e \u00e0 forma como os alunos aprender\u00e3o sobre seus direitos e responsabilidades. A educa\u00e7\u00e3o em direitos humanos \u00e9 [&hellip;]\" \/>\n<meta property=\"og:url\" content=\"https:\/\/go-hre.org\/pt-br\/ingles-treinamento-1\/\" \/>\n<meta property=\"og:site_name\" content=\"GO-HRE\" \/>\n<meta property=\"article:modified_time\" content=\"2025-06-04T04:20:57+00:00\" \/>\n<meta property=\"og:image\" content=\"https:\/\/go-hre.org\/wp-content\/uploads\/2025\/04\/hero-carousel-4.jpg\" \/>\n\t<meta property=\"og:image:width\" content=\"1600\" \/>\n\t<meta property=\"og:image:height\" content=\"771\" \/>\n\t<meta property=\"og:image:type\" content=\"image\/jpeg\" \/>\n<meta name=\"twitter:card\" content=\"summary_large_image\" \/>\n<meta name=\"twitter:label1\" content=\"Est. tempo de leitura\" \/>\n\t<meta name=\"twitter:data1\" content=\"2 minutos\" \/>\n<script type=\"application\/ld+json\" class=\"yoast-schema-graph\">{\"@context\":\"https:\\\/\\\/schema.org\",\"@graph\":[{\"@type\":\"WebPage\",\"@id\":\"https:\\\/\\\/go-hre.org\\\/pt-br\\\/ingles-treinamento-1\\\/\",\"url\":\"https:\\\/\\\/go-hre.org\\\/pt-br\\\/ingles-treinamento-1\\\/\",\"name\":\"Ingl\u00eas: Treinamento 1 - GO-HRE\",\"isPartOf\":{\"@id\":\"https:\\\/\\\/go-hre.org\\\/#website\"},\"primaryImageOfPage\":{\"@id\":\"https:\\\/\\\/go-hre.org\\\/pt-br\\\/ingles-treinamento-1\\\/#primaryimage\"},\"image\":{\"@id\":\"https:\\\/\\\/go-hre.org\\\/pt-br\\\/ingles-treinamento-1\\\/#primaryimage\"},\"thumbnailUrl\":\"https:\\\/\\\/go-hre.org\\\/wp-content\\\/uploads\\\/2025\\\/04\\\/hero-carousel-4.jpg\",\"datePublished\":\"2025-06-04T00:15:52+00:00\",\"dateModified\":\"2025-06-04T04:20:57+00:00\",\"breadcrumb\":{\"@id\":\"https:\\\/\\\/go-hre.org\\\/pt-br\\\/ingles-treinamento-1\\\/#breadcrumb\"},\"inLanguage\":\"pt-BR\",\"potentialAction\":[{\"@type\":\"ReadAction\",\"target\":[\"https:\\\/\\\/go-hre.org\\\/pt-br\\\/ingles-treinamento-1\\\/\"]}]},{\"@type\":\"ImageObject\",\"inLanguage\":\"pt-BR\",\"@id\":\"https:\\\/\\\/go-hre.org\\\/pt-br\\\/ingles-treinamento-1\\\/#primaryimage\",\"url\":\"https:\\\/\\\/go-hre.org\\\/wp-content\\\/uploads\\\/2025\\\/04\\\/hero-carousel-4.jpg\",\"contentUrl\":\"https:\\\/\\\/go-hre.org\\\/wp-content\\\/uploads\\\/2025\\\/04\\\/hero-carousel-4.jpg\"},{\"@type\":\"BreadcrumbList\",\"@id\":\"https:\\\/\\\/go-hre.org\\\/pt-br\\\/ingles-treinamento-1\\\/#breadcrumb\",\"itemListElement\":[{\"@type\":\"ListItem\",\"position\":1,\"name\":\"Home\",\"item\":\"https:\\\/\\\/go-hre.org\\\/pt-br\\\/pagina-inicial\\\/\"},{\"@type\":\"ListItem\",\"position\":2,\"name\":\"Ingl\u00eas: Treinamento 1\"}]},{\"@type\":\"WebSite\",\"@id\":\"https:\\\/\\\/go-hre.org\\\/#website\",\"url\":\"https:\\\/\\\/go-hre.org\\\/\",\"name\":\"GO-HRE\",\"description\":\"Escrit\u00f3rio de Genebra para Educa\u00e7\u00e3o em Direitos Humanos\",\"publisher\":{\"@id\":\"https:\\\/\\\/go-hre.org\\\/#organization\"},\"potentialAction\":[{\"@type\":\"SearchAction\",\"target\":{\"@type\":\"EntryPoint\",\"urlTemplate\":\"https:\\\/\\\/go-hre.org\\\/?s={search_term_string}\"},\"query-input\":{\"@type\":\"PropertyValueSpecification\",\"valueRequired\":true,\"valueName\":\"search_term_string\"}}],\"inLanguage\":\"pt-BR\"},{\"@type\":\"Organization\",\"@id\":\"https:\\\/\\\/go-hre.org\\\/#organization\",\"name\":\"GO-HRE\",\"url\":\"https:\\\/\\\/go-hre.org\\\/\",\"logo\":{\"@type\":\"ImageObject\",\"inLanguage\":\"pt-BR\",\"@id\":\"https:\\\/\\\/go-hre.org\\\/#\\\/schema\\\/logo\\\/image\\\/\",\"url\":\"https:\\\/\\\/go-hre.org\\\/wp-content\\\/uploads\\\/2025\\\/04\\\/favicon.png\",\"contentUrl\":\"https:\\\/\\\/go-hre.org\\\/wp-content\\\/uploads\\\/2025\\\/04\\\/favicon.png\",\"width\":258,\"height\":258,\"caption\":\"GO-HRE\"},\"image\":{\"@id\":\"https:\\\/\\\/go-hre.org\\\/#\\\/schema\\\/logo\\\/image\\\/\"}}]}<\/script>\n<!-- \/ Yoast SEO plugin. -->","yoast_head_json":{"title":"Ingl\u00eas: Treinamento 1 - GO-HRE","robots":{"index":"index","follow":"follow","max-snippet":"max-snippet:-1","max-image-preview":"max-image-preview:large","max-video-preview":"max-video-preview:-1"},"canonical":"https:\/\/go-hre.org\/pt-br\/ingles-treinamento-1\/","og_locale":"pt_BR","og_type":"article","og_title":"Ingl\u00eas: Treinamento 1 - GO-HRE","og_description":"Saiba por que o Colega foi criado, o que os outros est\u00e3o dizendo sobre seus benef\u00edcios educacionais e seus materiais e recursos cuidadosamente desenvolvidos. Receba uma introdu\u00e7\u00e3o aos princ\u00edpios de ensino do Colega, \u00e0 organiza\u00e7\u00e3o das aulas e \u00e0 forma como os alunos aprender\u00e3o sobre seus direitos e responsabilidades. A educa\u00e7\u00e3o em direitos humanos \u00e9 [&hellip;]","og_url":"https:\/\/go-hre.org\/pt-br\/ingles-treinamento-1\/","og_site_name":"GO-HRE","article_modified_time":"2025-06-04T04:20:57+00:00","og_image":[{"width":1600,"height":771,"url":"https:\/\/go-hre.org\/wp-content\/uploads\/2025\/04\/hero-carousel-4.jpg","type":"image\/jpeg"}],"twitter_card":"summary_large_image","twitter_misc":{"Est. tempo de leitura":"2 minutos"},"schema":{"@context":"https:\/\/schema.org","@graph":[{"@type":"WebPage","@id":"https:\/\/go-hre.org\/pt-br\/ingles-treinamento-1\/","url":"https:\/\/go-hre.org\/pt-br\/ingles-treinamento-1\/","name":"Ingl\u00eas: Treinamento 1 - GO-HRE","isPartOf":{"@id":"https:\/\/go-hre.org\/#website"},"primaryImageOfPage":{"@id":"https:\/\/go-hre.org\/pt-br\/ingles-treinamento-1\/#primaryimage"},"image":{"@id":"https:\/\/go-hre.org\/pt-br\/ingles-treinamento-1\/#primaryimage"},"thumbnailUrl":"https:\/\/go-hre.org\/wp-content\/uploads\/2025\/04\/hero-carousel-4.jpg","datePublished":"2025-06-04T00:15:52+00:00","dateModified":"2025-06-04T04:20:57+00:00","breadcrumb":{"@id":"https:\/\/go-hre.org\/pt-br\/ingles-treinamento-1\/#breadcrumb"},"inLanguage":"pt-BR","potentialAction":[{"@type":"ReadAction","target":["https:\/\/go-hre.org\/pt-br\/ingles-treinamento-1\/"]}]},{"@type":"ImageObject","inLanguage":"pt-BR","@id":"https:\/\/go-hre.org\/pt-br\/ingles-treinamento-1\/#primaryimage","url":"https:\/\/go-hre.org\/wp-content\/uploads\/2025\/04\/hero-carousel-4.jpg","contentUrl":"https:\/\/go-hre.org\/wp-content\/uploads\/2025\/04\/hero-carousel-4.jpg"},{"@type":"BreadcrumbList","@id":"https:\/\/go-hre.org\/pt-br\/ingles-treinamento-1\/#breadcrumb","itemListElement":[{"@type":"ListItem","position":1,"name":"Home","item":"https:\/\/go-hre.org\/pt-br\/pagina-inicial\/"},{"@type":"ListItem","position":2,"name":"Ingl\u00eas: Treinamento 1"}]},{"@type":"WebSite","@id":"https:\/\/go-hre.org\/#website","url":"https:\/\/go-hre.org\/","name":"GO-HRE","description":"Escrit\u00f3rio de Genebra para Educa\u00e7\u00e3o em Direitos Humanos","publisher":{"@id":"https:\/\/go-hre.org\/#organization"},"potentialAction":[{"@type":"SearchAction","target":{"@type":"EntryPoint","urlTemplate":"https:\/\/go-hre.org\/?s={search_term_string}"},"query-input":{"@type":"PropertyValueSpecification","valueRequired":true,"valueName":"search_term_string"}}],"inLanguage":"pt-BR"},{"@type":"Organization","@id":"https:\/\/go-hre.org\/#organization","name":"GO-HRE","url":"https:\/\/go-hre.org\/","logo":{"@type":"ImageObject","inLanguage":"pt-BR","@id":"https:\/\/go-hre.org\/#\/schema\/logo\/image\/","url":"https:\/\/go-hre.org\/wp-content\/uploads\/2025\/04\/favicon.png","contentUrl":"https:\/\/go-hre.org\/wp-content\/uploads\/2025\/04\/favicon.png","width":258,"height":258,"caption":"GO-HRE"},"image":{"@id":"https:\/\/go-hre.org\/#\/schema\/logo\/image\/"}}]}},"_links":{"self":[{"href":"https:\/\/go-hre.org\/pt-br\/wp-json\/wp\/v2\/pages\/2978","targetHints":{"allow":["GET"]}}],"collection":[{"href":"https:\/\/go-hre.org\/pt-br\/wp-json\/wp\/v2\/pages"}],"about":[{"href":"https:\/\/go-hre.org\/pt-br\/wp-json\/wp\/v2\/types\/page"}],"author":[{"embeddable":true,"href":"https:\/\/go-hre.org\/pt-br\/wp-json\/wp\/v2\/users\/2"}],"replies":[{"embeddable":true,"href":"https:\/\/go-hre.org\/pt-br\/wp-json\/wp\/v2\/comments?post=2978"}],"version-history":[{"count":3,"href":"https:\/\/go-hre.org\/pt-br\/wp-json\/wp\/v2\/pages\/2978\/revisions"}],"predecessor-version":[{"id":3053,"href":"https:\/\/go-hre.org\/pt-br\/wp-json\/wp\/v2\/pages\/2978\/revisions\/3053"}],"up":[{"embeddable":true,"href":"https:\/\/go-hre.org\/pt-br\/wp-json\/wp\/v2\/pages\/1588"}],"wp:attachment":[{"href":"https:\/\/go-hre.org\/pt-br\/wp-json\/wp\/v2\/media?parent=2978"}],"curies":[{"name":"wp","href":"https:\/\/api.w.org\/{rel}","templated":true}]}}