{"id":3010,"date":"2025-05-27T16:06:00","date_gmt":"2025-05-27T22:06:00","guid":{"rendered":"https:\/\/go-hre.org\/recursos\/recursos-graficos\/"},"modified":"2025-06-03T21:39:09","modified_gmt":"2025-06-04T03:39:09","slug":"recursos-graficos","status":"publish","type":"page","link":"https:\/\/go-hre.org\/pt-br\/recursos\/recursos-graficos\/","title":{"rendered":"Recursos gr\u00e1ficos"},"content":{"rendered":"\n<p>Os recursos gr\u00e1ficos do Colega e do GO-HRE est\u00e3o dispon\u00edveis para download abaixo.<br\/>Entre em contato conosco por e-mail se voc\u00ea tiver d\u00favidas ou precisar de recursos adicionais,<br\/>ou se precisar de uma tradu\u00e7\u00e3o diferente de qualquer um dos materiais desta p\u00e1gina.<\/p>\n\n<hr class=\"wp-block-separator has-alpha-channel-opacity\"\/>\n\n<div class=\"wp-block-columns is-layout-flex wp-container-core-columns-is-layout-9d6595d7 wp-block-columns-is-layout-flex\">\n<div class=\"wp-block-column is-layout-flow wp-block-column-is-layout-flow\" style=\"flex-basis:66.66%\">\n<p class=\"has-red-color has-text-color has-link-color wp-elements-133109325886456a74cc80a1ac02721c\"><strong>Guia de estilo do GO-HRE e do Colega<\/strong><\/p>\n\n\n\n<p>O Guia de Estilo foi fornecido para garantir que voc\u00ea crie uma<br\/>apar\u00eancia unificada em todos os nossos materiais e que nossa marca<br\/>seja representada de forma consistente. Consulte este guia ao<br\/>criar novos materiais para seu pa\u00eds ou idioma. <\/p>\n\n\n\n<div class=\"wp-block-columns is-layout-flex wp-container-core-columns-is-layout-9d6595d7 wp-block-columns-is-layout-flex\">\n<div class=\"wp-block-column is-layout-flow wp-block-column-is-layout-flow\">\n<p><a href=\"https:\/\/go-hre.org\/wp-content\/uploads\/2025\/05\/Go-HRE_Style_Guide_12_2023.pdf\" data-type=\"attachment\" data-id=\"2344\" target=\"_blank\" rel=\"noreferrer noopener\">Fa\u00e7a o download do guia de estilo<\/a><\/p>\n<\/div>\n<\/div>\n<\/div>\n\n\n\n<div class=\"wp-block-column is-layout-flow wp-block-column-is-layout-flow\" style=\"flex-basis:33.33%\"><div class=\"wp-block-image\">\n<figure class=\"aligncenter size-full\"><img decoding=\"async\" width=\"220\" height=\"284\" data-src=\"https:\/\/go-hre.org\/wp-content\/uploads\/2025\/05\/Style-Guide_Cover.png\" alt=\"\" class=\"wp-image-2339 lazyload\" src=\"data:image\/svg+xml;base64,PHN2ZyB3aWR0aD0iMSIgaGVpZ2h0PSIxIiB4bWxucz0iaHR0cDovL3d3dy53My5vcmcvMjAwMC9zdmciPjwvc3ZnPg==\" style=\"--smush-placeholder-width: 220px; --smush-placeholder-aspect-ratio: 220\/284;\" \/><\/figure>\n<\/div><\/div>\n<\/div>\n\n<hr class=\"wp-block-separator has-alpha-channel-opacity\"\/>\n\n<div class=\"wp-block-columns is-layout-flex wp-container-core-columns-is-layout-9d6595d7 wp-block-columns-is-layout-flex\">\n<div class=\"wp-block-column is-layout-flow wp-block-column-is-layout-flow\" style=\"flex-basis:66.66%\">\n<p class=\"has-red-color has-text-color has-link-color wp-elements-48e0d8e11fb7358eaccfb1d4322f0c1a\"><strong>Logotipos do GO-HRE e do Colega<\/strong><\/p>\n\n\n\n<p>Os logotipos foram fornecidos em tr\u00eas formatos padr\u00e3o: JPEG, PNG<br\/>e PDF. Os logotipos em PDF e JPEG devem ser usados para impress\u00e3o e os logotipos em PNG<br\/>devem ser usados em aplicativos da Web. <\/p>\n\n\n\n<div class=\"wp-block-columns is-layout-flex wp-container-core-columns-is-layout-9d6595d7 wp-block-columns-is-layout-flex\">\n<div class=\"wp-block-column is-layout-flow wp-block-column-is-layout-flow\">\n<p><a href=\"https:\/\/go-hre.org\/wp-content\/uploads\/2025\/05\/GO-HRE_Logos_Resources.zip\" data-type=\"attachment\" data-id=\"2361\" target=\"_blank\" rel=\"noreferrer noopener\">Fa\u00e7a o download dos logotipos da GO-HRE<\/a><\/p>\n<\/div>\n\n\n\n<div class=\"wp-block-column is-layout-flow wp-block-column-is-layout-flow\">\n<p><a href=\"https:\/\/go-hre.org\/wp-content\/uploads\/2025\/05\/Colega_Logos_Resources.zip\" data-type=\"attachment\" data-id=\"2365\" target=\"_blank\" rel=\"noreferrer noopener\">Baixar o Colega Logos<\/a><\/p>\n<\/div>\n<\/div>\n<\/div>\n\n\n\n<div class=\"wp-block-column is-layout-flow wp-block-column-is-layout-flow\" style=\"flex-basis:33.33%\"><div class=\"wp-block-image\">\n<figure class=\"aligncenter size-full\"><img decoding=\"async\" width=\"276\" height=\"69\" data-src=\"https:\/\/go-hre.org\/wp-content\/uploads\/2025\/05\/GO-HRE_LOGO.png\" alt=\"\" class=\"wp-image-2351 lazyload\" src=\"data:image\/svg+xml;base64,PHN2ZyB3aWR0aD0iMSIgaGVpZ2h0PSIxIiB4bWxucz0iaHR0cDovL3d3dy53My5vcmcvMjAwMC9zdmciPjwvc3ZnPg==\" style=\"--smush-placeholder-width: 276px; --smush-placeholder-aspect-ratio: 276\/69;\" \/><\/figure>\n<\/div>\n\n\n<div class=\"wp-block-columns is-layout-flex wp-container-core-columns-is-layout-9d6595d7 wp-block-columns-is-layout-flex\">\n<div class=\"wp-block-column is-layout-flow wp-block-column-is-layout-flow\"><div class=\"wp-block-image\">\n<figure class=\"aligncenter size-full is-resized\"><img decoding=\"async\" width=\"286\" height=\"168\" data-src=\"https:\/\/go-hre.org\/wp-content\/uploads\/2025\/04\/Colega_Logo.png\" alt=\"Colega-Logo\" class=\"wp-image-850 lazyload\" style=\"--smush-placeholder-width: 286px; --smush-placeholder-aspect-ratio: 286\/168;width:186px;height:auto\" src=\"data:image\/svg+xml;base64,PHN2ZyB3aWR0aD0iMSIgaGVpZ2h0PSIxIiB4bWxucz0iaHR0cDovL3d3dy53My5vcmcvMjAwMC9zdmciPjwvc3ZnPg==\" \/><\/figure>\n<\/div><\/div>\n<\/div>\n<\/div>\n<\/div>\n\n<hr class=\"wp-block-separator has-alpha-channel-opacity\"\/>\n\n<div class=\"wp-block-columns is-layout-flex wp-container-core-columns-is-layout-9d6595d7 wp-block-columns-is-layout-flex\">\n<div class=\"wp-block-column is-layout-flow wp-block-column-is-layout-flow\" style=\"flex-basis:66.66%\">\n<p class=\"has-red-color has-text-color has-link-color wp-elements-40a44fec281a7ef681f047276ec29509\"><strong>Fonte - Montserrat<\/strong><\/p>\n\n\n\n<p>O uso da mesma fonte ajuda a manter a consist\u00eancia de nossos materiais em<br\/>e \u00e9 um componente essencial de nossa marca.<\/p>\n\n\n\n<div class=\"wp-block-columns is-layout-flex wp-container-core-columns-is-layout-9d6595d7 wp-block-columns-is-layout-flex\">\n<div class=\"wp-block-column is-layout-flow wp-block-column-is-layout-flow\">\n<p><a href=\"https:\/\/go-hre.org\/wp-content\/uploads\/2024\/01\/Montserrat_otf.zip\">Baixar <\/a><a href=\"https:\/\/go-hre.org\/wp-content\/uploads\/2025\/05\/Montserrat_otf.zip\" data-type=\"attachment\" data-id=\"2381\" target=\"_blank\" rel=\"noreferrer noopener\">Montserrat<\/a><\/p>\n<\/div>\n<\/div>\n<\/div>\n\n\n\n<div class=\"wp-block-column is-layout-flow wp-block-column-is-layout-flow\" style=\"flex-basis:33.33%\">\n<span style=\"<wpml_invalid_tag original=\" pgzvbnqtc2l6ztogmzbwedsgzm9udc13zwlnahq6idqwmdsgbgluzs1ozwln=\"\" ahq6ideum2vtoybjb2xvcjogizu0ntu1ntsipg=\"=\"><\/span>AaBbCcDdEeFfGgHhIiJj\n<br\/><span style=\"<wpml_invalid_tag original=\" pgzvbnqtc2l6ztogmzbwedsgzm9udc13zwlnahq6iduwmdsgbgluzs1ozwln=\"\" ahq6ideum2vtoybjb2xvcjogizu0ntu1ntsipg=\"=\"><\/span> KkLlMmNnOoPpQqRrSs\n<br\/><span style=\"<wpml_invalid_tag original=\" pgzvbnqtc2l6ztogmzbwedsgzm9udc13zwlnahq6idywmdsgbgluzs1ozwln=\"\" ahq6ideum2vtoybjb2xvcjogizu0ntu1ntsipg=\"=\"><\/span> TtUuVvWwXxYyyZz\n<br\/><span style=\"<wpml_invalid_tag original=\" pgzvbnqtc2l6ztogmzbwedsgzm9udc13zwlnahq6igjvbgq7igxpbmutagvp=\"\" z2h0oiaxljnlbtsgy29sb3i6icm1ndu1ntu7ij4=\"  \/>1234567890<wpml_invalid_tag original=\" pc9zcgfupg=\"=\"><\/span>\n<\/div>\n<\/div>\n\n<hr class=\"wp-block-separator has-alpha-channel-opacity\"\/>\n\n<div class=\"wp-block-columns is-layout-flex wp-container-core-columns-is-layout-9d6595d7 wp-block-columns-is-layout-flex\">\n<div class=\"wp-block-column is-layout-flow wp-block-column-is-layout-flow\" style=\"flex-basis:66.66%\">\n<p class=\"has-red-color has-text-color has-link-color wp-elements-252f30ea43cf16e8f1e8b231a40cfe0e\"><strong>Arte da capa do Manual do Colega<\/strong><\/p>\n\n\n\n<p>Arquivos de imagem e prontos para impress\u00e3o da arte da capa em v\u00e1rios idiomas<br\/>est\u00e3o dispon\u00edveis aqui. Entre em contato conosco diretamente se voc\u00ea precisar de<br\/>tradu\u00e7\u00f5es ou altera\u00e7\u00f5es espec\u00edficas para o seu idioma ou pa\u00eds. <\/p>\n\n\n\n<div class=\"wp-block-columns is-layout-flex wp-container-core-columns-is-layout-9d6595d7 wp-block-columns-is-layout-flex\">\n<div class=\"wp-block-column is-layout-flow wp-block-column-is-layout-flow\">\n<p><a href=\"https:\/\/go-hre.org\/wp-content\/uploads\/2025\/05\/cover_art.zip\" target=\"_blank\" rel=\"noreferrer noopener\">Fa\u00e7a o download da arte da capa pronta para impress\u00e3o<\/a>  <\/p>\n<\/div>\n\n\n\n<div class=\"wp-block-column is-layout-flow wp-block-column-is-layout-flow\">\n<p><a href=\"https:\/\/go-hre.org\/wp-content\/uploads\/2025\/05\/cover_art_images.zip\" target=\"_blank\" rel=\"noreferrer noopener\">Baixar imagens da arte da capa<\/a><\/p>\n<\/div>\n<\/div>\n<\/div>\n\n\n\n<div class=\"wp-block-column is-layout-flow wp-block-column-is-layout-flow\" style=\"flex-basis:33.33%\"><div class=\"wp-block-image\">\n<figure class=\"aligncenter size-full is-resized\"><img decoding=\"async\" width=\"360\" height=\"466\" data-src=\"https:\/\/go-hre.org\/wp-content\/uploads\/2025\/04\/english_primary_button.png\" alt=\"ingl&#xEA;s-prim&#xE1;rio\" class=\"wp-image-669 lazyload\" style=\"--smush-placeholder-width: 360px; --smush-placeholder-aspect-ratio: 360\/466;width:237px;height:auto\" src=\"data:image\/svg+xml;base64,PHN2ZyB3aWR0aD0iMSIgaGVpZ2h0PSIxIiB4bWxucz0iaHR0cDovL3d3dy53My5vcmcvMjAwMC9zdmciPjwvc3ZnPg==\" \/><\/figure>\n<\/div><\/div>\n<\/div>\n\n<hr class=\"wp-block-separator has-alpha-channel-opacity\"\/>\n\n<div class=\"wp-block-columns is-layout-flex wp-container-core-columns-is-layout-9d6595d7 wp-block-columns-is-layout-flex\">\n<div class=\"wp-block-column is-layout-flow wp-block-column-is-layout-flow\" style=\"flex-basis:66.66%\">\n<p class=\"has-red-color has-text-color has-link-color wp-elements-9a6cc6865983901dab6615b590074df9\"><strong>Folhetos com tr\u00eas dobras<\/strong><\/p>\n\n\n\n<p>Os folhetos promocionais com tr\u00eas dobras foram criados em v\u00e1rios<br\/>idiomas e est\u00e3o dispon\u00edveis aqui. Entre em contato conosco diretamente se voc\u00ea<br\/>precisar de altera\u00e7\u00f5es adicionais espec\u00edficas para o seu idioma ou pa\u00eds.<br\/>Vers\u00f5es adicionais do trifold ser\u00e3o disponibilizadas \u00e0 medida que forem<br\/>criadas. <\/p>\n<\/div>\n\n\n\n<div class=\"wp-block-column is-layout-flow wp-block-column-is-layout-flow\" style=\"flex-basis:33.33%\">\n<div class=\"wp-block-columns is-layout-flex wp-container-core-columns-is-layout-9d6595d7 wp-block-columns-is-layout-flex\">\n<div class=\"wp-block-column is-layout-flow wp-block-column-is-layout-flow\">\n<figure class=\"wp-block-image size-full\"><img decoding=\"async\" width=\"220\" height=\"330\" data-src=\"https:\/\/go-hre.org\/wp-content\/uploads\/2025\/05\/Brocure-02.png\" alt=\"\" class=\"wp-image-2393 lazyload\" src=\"data:image\/svg+xml;base64,PHN2ZyB3aWR0aD0iMSIgaGVpZ2h0PSIxIiB4bWxucz0iaHR0cDovL3d3dy53My5vcmcvMjAwMC9zdmciPjwvc3ZnPg==\" style=\"--smush-placeholder-width: 220px; --smush-placeholder-aspect-ratio: 220\/330;\" \/><\/figure>\n<\/div>\n\n\n\n<div class=\"wp-block-column is-layout-flow wp-block-column-is-layout-flow\">\n<figure class=\"wp-block-image size-full\"><img decoding=\"async\" width=\"294\" height=\"374\" data-src=\"https:\/\/go-hre.org\/wp-content\/uploads\/2025\/05\/Brocure-01.png\" alt=\"\" class=\"wp-image-2389 lazyload\" src=\"data:image\/svg+xml;base64,PHN2ZyB3aWR0aD0iMSIgaGVpZ2h0PSIxIiB4bWxucz0iaHR0cDovL3d3dy53My5vcmcvMjAwMC9zdmciPjwvc3ZnPg==\" style=\"--smush-placeholder-width: 294px; --smush-placeholder-aspect-ratio: 294\/374;\" \/><\/figure>\n<\/div>\n<\/div>\n<\/div>\n<\/div>\n\n<div class=\"wp-block-columns is-layout-flex wp-container-core-columns-is-layout-9d6595d7 wp-block-columns-is-layout-flex\">\n<div class=\"wp-block-column is-layout-flow wp-block-column-is-layout-flow\">\n<p><a href=\"https:\/\/go-hre.org\/wp-content\/uploads\/2025\/05\/GO_HRE-Trifold_English_Parents_USLet.pdf\" target=\"_blank\" rel=\"noreferrer noopener\">Ingl\u00eas - Tamanho americano Trifold para <\/a><a href=\"https:\/\/go-hre.org\/wp-content\/uploads\/2025\/05\/GO_HRE-Trifold_English_Parents_USLet.pdf\" data-type=\"attachment\" data-id=\"2413\">escolas <\/a><a href=\"https:\/\/go-hre.org\/wp-content\/uploads\/2024\/02\/GO_HRE-Trifold_English_Parents_USLet.pdf\">e pais<\/a><\/p>\n\n\n\n<p><a href=\"https:\/\/go-hre.org\/wp-content\/uploads\/2025\/05\/GO_HRE-Trifold_Spanish_Parents_US_Size.pdf\" target=\"_blank\" rel=\"noreferrer noopener\">Espanhol - Tamanho americano Trifold para escolas e pais<\/a><\/p>\n<\/div>\n\n\n\n<div class=\"wp-block-column is-layout-flow wp-block-column-is-layout-flow\">\n<p><a href=\"https:\/\/go-hre.org\/wp-content\/uploads\/2025\/05\/GO_HRE-Trifold_English_Govt_A4_Size.pdf\" target=\"_blank\" rel=\"noreferrer noopener\">Ingl\u00eas - Trifold de tamanho A4 para governos<\/a><\/p>\n\n\n\n<p><a href=\"https:\/\/go-hre.org\/wp-content\/uploads\/2025\/05\/GO_HRE-Trifold_French_Govt_A4_Size.pdf\" target=\"_blank\" rel=\"noreferrer noopener\">Franc\u00eas - Trifold tamanho A4 para governos<\/a><\/p>\n\n\n\n<p><a href=\"https:\/\/go-hre.org\/wp-content\/uploads\/2025\/05\/GO_HRE-Trifold_Spanish_Govt_A4_Size.pdf\" target=\"_blank\" rel=\"noreferrer noopener\">Espanhol - Trifold em tamanho A4 para governos<\/a><\/p>\n<\/div>\n<\/div>\n\n<hr class=\"wp-block-separator has-alpha-channel-opacity\"\/>\n\n<div class=\"wp-block-columns is-layout-flex wp-container-core-columns-is-layout-9d6595d7 wp-block-columns-is-layout-flex\">\n<div class=\"wp-block-column is-layout-flow wp-block-column-is-layout-flow\" style=\"flex-basis:66.66%\">\n<p class=\"has-red-color has-text-color has-link-color wp-elements-d302e2ceaa2ef4cdfadaa153490ae41d\"><strong>Slides de t\u00edtulo de boas-vindas do Powerpoint<\/strong><\/p>\n\n\n\n<p>Este slide de apresenta\u00e7\u00e3o foi fornecido em v\u00e1rios idiomas.<br\/>Eles podem ser usados como um gr\u00e1fico de abertura para apresenta\u00e7\u00f5es ou sess\u00f5es de treinamento do<br\/>.<\/p>\n<\/div>\n\n\n\n<div class=\"wp-block-column is-layout-flow wp-block-column-is-layout-flow\" style=\"flex-basis:33.33%\"><div class=\"wp-block-image\">\n<figure class=\"aligncenter size-full\"><img decoding=\"async\" width=\"320\" height=\"180\" data-src=\"https:\/\/go-hre.org\/wp-content\/uploads\/2025\/05\/FrenchWelcomePPT.png\" alt=\"\" class=\"wp-image-2419 lazyload\" src=\"data:image\/svg+xml;base64,PHN2ZyB3aWR0aD0iMSIgaGVpZ2h0PSIxIiB4bWxucz0iaHR0cDovL3d3dy53My5vcmcvMjAwMC9zdmciPjwvc3ZnPg==\" style=\"--smush-placeholder-width: 320px; --smush-placeholder-aspect-ratio: 320\/180;\" \/><\/figure>\n<\/div><\/div>\n<\/div>\n\n<div class=\"wp-block-columns is-layout-flex wp-container-core-columns-is-layout-9d6595d7 wp-block-columns-is-layout-flex\">\n<div class=\"wp-block-column is-layout-flow wp-block-column-is-layout-flow\">\n<p><a href=\"https:\/\/go-hre.org\/wp-content\/uploads\/2025\/05\/Presentation-Intro_English.pptx\" target=\"_blank\" rel=\"noreferrer noopener\">Slide de introdu\u00e7\u00e3o do Powerpoint em ingl\u00eas<\/a><\/p>\n\n\n\n<p><a href=\"https:\/\/go-hre.org\/wp-content\/uploads\/2025\/05\/Presentation-Intro_Francais.pptx\" target=\"_blank\" rel=\"noreferrer noopener\">Slide de introdu\u00e7\u00e3o ao Powerpoint franc\u00eas<\/a><\/p>\n<\/div>\n\n\n\n<div class=\"wp-block-column is-layout-flow wp-block-column-is-layout-flow\">\n<p><a href=\"https:\/\/go-hre.org\/wp-content\/uploads\/2025\/05\/Presentation-Intro_Portuguese.pptx\" target=\"_blank\" rel=\"noreferrer noopener\">Slide de introdu\u00e7\u00e3o ao Powerpoint em portugu\u00eas<\/a><\/p>\n\n\n\n<p><a href=\"https:\/\/go-hre.org\/wp-content\/uploads\/2025\/05\/Presentation-Intro_Spanish.pptx\" target=\"_blank\" rel=\"noreferrer noopener\">Slide de introdu\u00e7\u00e3o ao Powerpoint em espanhol<\/a><\/p>\n<\/div>\n<\/div>\n","protected":false},"excerpt":{"rendered":"<p>Os recursos gr\u00e1ficos do Colega e do GO-HRE est\u00e3o dispon\u00edveis para download abaixo.Entre em contato conosco por e-mail se voc\u00ea tiver d\u00favidas ou precisar de recursos adicionais,ou se precisar de uma tradu\u00e7\u00e3o diferente de qualquer um dos materiais desta p\u00e1gina. Guia de estilo do GO-HRE e do Colega O Guia de Estilo foi fornecido para [&hellip;]<\/p>\n","protected":false},"author":1,"featured_media":0,"parent":1595,"menu_order":0,"comment_status":"closed","ping_status":"closed","template":"","meta":{"_acf_changed":false,"inline_featured_image":false,"footnotes":""},"class_list":["post-3010","page","type-page","status-publish","hentry"],"acf":[],"yoast_head":"<!-- This site is optimized with the Yoast SEO plugin v27.4 - https:\/\/yoast.com\/product\/yoast-seo-wordpress\/ -->\n<title>Recursos gr\u00e1ficos - GO-HRE<\/title>\n<meta name=\"robots\" content=\"index, follow, max-snippet:-1, max-image-preview:large, max-video-preview:-1\" \/>\n<link rel=\"canonical\" href=\"https:\/\/go-hre.org\/pt-br\/recursos\/recursos-graficos\/\" \/>\n<meta property=\"og:locale\" content=\"pt_BR\" \/>\n<meta property=\"og:type\" content=\"article\" \/>\n<meta property=\"og:title\" content=\"Recursos gr\u00e1ficos - GO-HRE\" \/>\n<meta property=\"og:description\" content=\"Os recursos gr\u00e1ficos do Colega e do GO-HRE est\u00e3o dispon\u00edveis para download abaixo.Entre em contato conosco por e-mail se voc\u00ea tiver d\u00favidas ou precisar de recursos adicionais,ou se precisar de uma tradu\u00e7\u00e3o diferente de qualquer um dos materiais desta p\u00e1gina. Guia de estilo do GO-HRE e do Colega O Guia de Estilo foi fornecido para [&hellip;]\" \/>\n<meta property=\"og:url\" content=\"https:\/\/go-hre.org\/pt-br\/recursos\/recursos-graficos\/\" \/>\n<meta property=\"og:site_name\" content=\"GO-HRE\" \/>\n<meta property=\"article:modified_time\" content=\"2025-06-04T03:39:09+00:00\" \/>\n<meta property=\"og:image\" content=\"https:\/\/go-hre.org\/wp-content\/uploads\/2025\/05\/Style-Guide_Cover.png\" \/>\n\t<meta property=\"og:image:width\" content=\"220\" \/>\n\t<meta property=\"og:image:height\" content=\"284\" \/>\n\t<meta property=\"og:image:type\" content=\"image\/png\" \/>\n<meta name=\"twitter:card\" content=\"summary_large_image\" \/>\n<meta name=\"twitter:label1\" content=\"Est. tempo de leitura\" \/>\n\t<meta name=\"twitter:data1\" content=\"2 minutos\" \/>\n<script type=\"application\/ld+json\" class=\"yoast-schema-graph\">{\"@context\":\"https:\\\/\\\/schema.org\",\"@graph\":[{\"@type\":\"WebPage\",\"@id\":\"https:\\\/\\\/go-hre.org\\\/pt-br\\\/recursos\\\/recursos-graficos\\\/\",\"url\":\"https:\\\/\\\/go-hre.org\\\/pt-br\\\/recursos\\\/recursos-graficos\\\/\",\"name\":\"Recursos gr\u00e1ficos - GO-HRE\",\"isPartOf\":{\"@id\":\"https:\\\/\\\/go-hre.org\\\/#website\"},\"primaryImageOfPage\":{\"@id\":\"https:\\\/\\\/go-hre.org\\\/pt-br\\\/recursos\\\/recursos-graficos\\\/#primaryimage\"},\"image\":{\"@id\":\"https:\\\/\\\/go-hre.org\\\/pt-br\\\/recursos\\\/recursos-graficos\\\/#primaryimage\"},\"thumbnailUrl\":\"https:\\\/\\\/go-hre.org\\\/wp-content\\\/uploads\\\/2025\\\/05\\\/Style-Guide_Cover.png\",\"datePublished\":\"2025-05-27T22:06:00+00:00\",\"dateModified\":\"2025-06-04T03:39:09+00:00\",\"breadcrumb\":{\"@id\":\"https:\\\/\\\/go-hre.org\\\/pt-br\\\/recursos\\\/recursos-graficos\\\/#breadcrumb\"},\"inLanguage\":\"pt-BR\",\"potentialAction\":[{\"@type\":\"ReadAction\",\"target\":[\"https:\\\/\\\/go-hre.org\\\/pt-br\\\/recursos\\\/recursos-graficos\\\/\"]}]},{\"@type\":\"ImageObject\",\"inLanguage\":\"pt-BR\",\"@id\":\"https:\\\/\\\/go-hre.org\\\/pt-br\\\/recursos\\\/recursos-graficos\\\/#primaryimage\",\"url\":\"https:\\\/\\\/go-hre.org\\\/wp-content\\\/uploads\\\/2025\\\/05\\\/Style-Guide_Cover.png\",\"contentUrl\":\"https:\\\/\\\/go-hre.org\\\/wp-content\\\/uploads\\\/2025\\\/05\\\/Style-Guide_Cover.png\"},{\"@type\":\"BreadcrumbList\",\"@id\":\"https:\\\/\\\/go-hre.org\\\/pt-br\\\/recursos\\\/recursos-graficos\\\/#breadcrumb\",\"itemListElement\":[{\"@type\":\"ListItem\",\"position\":1,\"name\":\"Home\",\"item\":\"https:\\\/\\\/go-hre.org\\\/pt-br\\\/pagina-inicial\\\/\"},{\"@type\":\"ListItem\",\"position\":2,\"name\":\"Recursos\",\"item\":\"https:\\\/\\\/go-hre.org\\\/pt-br\\\/recursos\\\/\"},{\"@type\":\"ListItem\",\"position\":3,\"name\":\"Recursos gr\u00e1ficos\"}]},{\"@type\":\"WebSite\",\"@id\":\"https:\\\/\\\/go-hre.org\\\/#website\",\"url\":\"https:\\\/\\\/go-hre.org\\\/\",\"name\":\"GO-HRE\",\"description\":\"Escrit\u00f3rio de Genebra para Educa\u00e7\u00e3o em Direitos Humanos\",\"publisher\":{\"@id\":\"https:\\\/\\\/go-hre.org\\\/#organization\"},\"potentialAction\":[{\"@type\":\"SearchAction\",\"target\":{\"@type\":\"EntryPoint\",\"urlTemplate\":\"https:\\\/\\\/go-hre.org\\\/?s={search_term_string}\"},\"query-input\":{\"@type\":\"PropertyValueSpecification\",\"valueRequired\":true,\"valueName\":\"search_term_string\"}}],\"inLanguage\":\"pt-BR\"},{\"@type\":\"Organization\",\"@id\":\"https:\\\/\\\/go-hre.org\\\/#organization\",\"name\":\"GO-HRE\",\"url\":\"https:\\\/\\\/go-hre.org\\\/\",\"logo\":{\"@type\":\"ImageObject\",\"inLanguage\":\"pt-BR\",\"@id\":\"https:\\\/\\\/go-hre.org\\\/#\\\/schema\\\/logo\\\/image\\\/\",\"url\":\"https:\\\/\\\/go-hre.org\\\/wp-content\\\/uploads\\\/2025\\\/04\\\/favicon.png\",\"contentUrl\":\"https:\\\/\\\/go-hre.org\\\/wp-content\\\/uploads\\\/2025\\\/04\\\/favicon.png\",\"width\":258,\"height\":258,\"caption\":\"GO-HRE\"},\"image\":{\"@id\":\"https:\\\/\\\/go-hre.org\\\/#\\\/schema\\\/logo\\\/image\\\/\"}}]}<\/script>\n<!-- \/ Yoast SEO plugin. -->","yoast_head_json":{"title":"Recursos gr\u00e1ficos - GO-HRE","robots":{"index":"index","follow":"follow","max-snippet":"max-snippet:-1","max-image-preview":"max-image-preview:large","max-video-preview":"max-video-preview:-1"},"canonical":"https:\/\/go-hre.org\/pt-br\/recursos\/recursos-graficos\/","og_locale":"pt_BR","og_type":"article","og_title":"Recursos gr\u00e1ficos - GO-HRE","og_description":"Os recursos gr\u00e1ficos do Colega e do GO-HRE est\u00e3o dispon\u00edveis para download abaixo.Entre em contato conosco por e-mail se voc\u00ea tiver d\u00favidas ou precisar de recursos adicionais,ou se precisar de uma tradu\u00e7\u00e3o diferente de qualquer um dos materiais desta p\u00e1gina. Guia de estilo do GO-HRE e do Colega O Guia de Estilo foi fornecido para [&hellip;]","og_url":"https:\/\/go-hre.org\/pt-br\/recursos\/recursos-graficos\/","og_site_name":"GO-HRE","article_modified_time":"2025-06-04T03:39:09+00:00","og_image":[{"width":220,"height":284,"url":"https:\/\/go-hre.org\/wp-content\/uploads\/2025\/05\/Style-Guide_Cover.png","type":"image\/png"}],"twitter_card":"summary_large_image","twitter_misc":{"Est. tempo de leitura":"2 minutos"},"schema":{"@context":"https:\/\/schema.org","@graph":[{"@type":"WebPage","@id":"https:\/\/go-hre.org\/pt-br\/recursos\/recursos-graficos\/","url":"https:\/\/go-hre.org\/pt-br\/recursos\/recursos-graficos\/","name":"Recursos gr\u00e1ficos - GO-HRE","isPartOf":{"@id":"https:\/\/go-hre.org\/#website"},"primaryImageOfPage":{"@id":"https:\/\/go-hre.org\/pt-br\/recursos\/recursos-graficos\/#primaryimage"},"image":{"@id":"https:\/\/go-hre.org\/pt-br\/recursos\/recursos-graficos\/#primaryimage"},"thumbnailUrl":"https:\/\/go-hre.org\/wp-content\/uploads\/2025\/05\/Style-Guide_Cover.png","datePublished":"2025-05-27T22:06:00+00:00","dateModified":"2025-06-04T03:39:09+00:00","breadcrumb":{"@id":"https:\/\/go-hre.org\/pt-br\/recursos\/recursos-graficos\/#breadcrumb"},"inLanguage":"pt-BR","potentialAction":[{"@type":"ReadAction","target":["https:\/\/go-hre.org\/pt-br\/recursos\/recursos-graficos\/"]}]},{"@type":"ImageObject","inLanguage":"pt-BR","@id":"https:\/\/go-hre.org\/pt-br\/recursos\/recursos-graficos\/#primaryimage","url":"https:\/\/go-hre.org\/wp-content\/uploads\/2025\/05\/Style-Guide_Cover.png","contentUrl":"https:\/\/go-hre.org\/wp-content\/uploads\/2025\/05\/Style-Guide_Cover.png"},{"@type":"BreadcrumbList","@id":"https:\/\/go-hre.org\/pt-br\/recursos\/recursos-graficos\/#breadcrumb","itemListElement":[{"@type":"ListItem","position":1,"name":"Home","item":"https:\/\/go-hre.org\/pt-br\/pagina-inicial\/"},{"@type":"ListItem","position":2,"name":"Recursos","item":"https:\/\/go-hre.org\/pt-br\/recursos\/"},{"@type":"ListItem","position":3,"name":"Recursos gr\u00e1ficos"}]},{"@type":"WebSite","@id":"https:\/\/go-hre.org\/#website","url":"https:\/\/go-hre.org\/","name":"GO-HRE","description":"Escrit\u00f3rio de Genebra para Educa\u00e7\u00e3o em Direitos Humanos","publisher":{"@id":"https:\/\/go-hre.org\/#organization"},"potentialAction":[{"@type":"SearchAction","target":{"@type":"EntryPoint","urlTemplate":"https:\/\/go-hre.org\/?s={search_term_string}"},"query-input":{"@type":"PropertyValueSpecification","valueRequired":true,"valueName":"search_term_string"}}],"inLanguage":"pt-BR"},{"@type":"Organization","@id":"https:\/\/go-hre.org\/#organization","name":"GO-HRE","url":"https:\/\/go-hre.org\/","logo":{"@type":"ImageObject","inLanguage":"pt-BR","@id":"https:\/\/go-hre.org\/#\/schema\/logo\/image\/","url":"https:\/\/go-hre.org\/wp-content\/uploads\/2025\/04\/favicon.png","contentUrl":"https:\/\/go-hre.org\/wp-content\/uploads\/2025\/04\/favicon.png","width":258,"height":258,"caption":"GO-HRE"},"image":{"@id":"https:\/\/go-hre.org\/#\/schema\/logo\/image\/"}}]}},"_links":{"self":[{"href":"https:\/\/go-hre.org\/pt-br\/wp-json\/wp\/v2\/pages\/3010","targetHints":{"allow":["GET"]}}],"collection":[{"href":"https:\/\/go-hre.org\/pt-br\/wp-json\/wp\/v2\/pages"}],"about":[{"href":"https:\/\/go-hre.org\/pt-br\/wp-json\/wp\/v2\/types\/page"}],"author":[{"embeddable":true,"href":"https:\/\/go-hre.org\/pt-br\/wp-json\/wp\/v2\/users\/1"}],"replies":[{"embeddable":true,"href":"https:\/\/go-hre.org\/pt-br\/wp-json\/wp\/v2\/comments?post=3010"}],"version-history":[{"count":2,"href":"https:\/\/go-hre.org\/pt-br\/wp-json\/wp\/v2\/pages\/3010\/revisions"}],"predecessor-version":[{"id":3014,"href":"https:\/\/go-hre.org\/pt-br\/wp-json\/wp\/v2\/pages\/3010\/revisions\/3014"}],"up":[{"embeddable":true,"href":"https:\/\/go-hre.org\/pt-br\/wp-json\/wp\/v2\/pages\/1595"}],"wp:attachment":[{"href":"https:\/\/go-hre.org\/pt-br\/wp-json\/wp\/v2\/media?parent=3010"}],"curies":[{"name":"wp","href":"https:\/\/api.w.org\/{rel}","templated":true}]}}