{"id":3021,"date":"2025-05-26T10:44:03","date_gmt":"2025-05-26T16:44:03","guid":{"rendered":"https:\/\/go-hre.org\/paises\/eua-materiais-primarios\/"},"modified":"2025-07-08T13:40:20","modified_gmt":"2025-07-08T19:40:20","slug":"eua-materiais-primarios","status":"publish","type":"page","link":"https:\/\/go-hre.org\/pt-br\/paises\/eua-materiais-primarios\/","title":{"rendered":"EUA: Materiais prim\u00e1rios"},"content":{"rendered":"\n<p><strong>Conte\u00fado do curso:<\/strong><\/p>\n\n<ul class=\"wp-block-list pdf_links\">\n<li><a href=\"https:\/\/go-hre.org\/wp-content\/uploads\/2025\/05\/colega_eng_250226_pri_0.pdf\" data-type=\"attachment\" data-id=\"2115\">Capa e \u00edndice<\/a><\/li>\n\n\n\n<li><a href=\"https:\/\/go-hre.org\/wp-content\/uploads\/2025\/04\/colega_eng_250226_pri_1.pdf\" data-type=\"attachment\" data-id=\"432\">1A &amp; 1B: Right to Equality - Born Free<\/a><\/li>\n\n\n\n<li><a href=\"https:\/\/go-hre.org\/wp-content\/uploads\/2025\/04\/colega_eng_250226_pri_2.pdf\" data-type=\"attachment\" data-id=\"433\">2A &amp; 2B: Equal and Inalienable Human Rights - I Have Rights<\/a><\/li>\n\n\n\n<li><a href=\"https:\/\/go-hre.org\/wp-content\/uploads\/2025\/04\/colega_eng_250226_pri_3.pdf\" data-type=\"attachment\" data-id=\"434\">3A &amp; 3B: Freedom from Discrimination - Is This Discrimination?<\/a><\/li>\n\n\n\n<li><a href=\"https:\/\/go-hre.org\/wp-content\/uploads\/2025\/04\/colega_eng_250226_pri_4.pdf\" data-type=\"attachment\" data-id=\"435\">4A &amp; 4B: Freedom from Bullying - No Bullying Allowed<\/a><\/li>\n\n\n\n<li><a href=\"https:\/\/go-hre.org\/wp-content\/uploads\/2025\/04\/colega_eng_250226_pri_5.pdf\" data-type=\"attachment\" data-id=\"436\">5A &amp; 5B: Right to Marriage and Family - Family, A Beautiful Thing<\/a><\/li>\n\n\n\n<li><a href=\"https:\/\/go-hre.org\/wp-content\/uploads\/2025\/04\/colega_eng_250226_pri_6.pdf\" data-type=\"attachment\" data-id=\"437\">6A &amp; 6B: Freedom of Religion or Belief - I Can Choose!<\/a><\/li>\n\n\n\n<li><a href=\"https:\/\/go-hre.org\/wp-content\/uploads\/2025\/04\/colega_eng_250226_pri_7.pdf\" data-type=\"attachment\" data-id=\"438\">7A &amp; 7B: Freedom of Expression - Words Make a Difference<\/a><\/li>\n\n\n\n<li><a href=\"https:\/\/go-hre.org\/wp-content\/uploads\/2025\/04\/colega_eng_250226_pri_8.pdf\" data-type=\"attachment\" data-id=\"439\">8A &amp; 8B: Right to Legal Recognition - My Right to Be Me<\/a><\/li>\n\n\n\n<li><a href=\"https:\/\/go-hre.org\/wp-content\/uploads\/2025\/04\/colega_eng_250226_pri_9.pdf\" data-type=\"attachment\" data-id=\"440\">9A &amp; 9B: Protection from Child Labor - Child Labor Is Just Not Fair!<\/a><\/li>\n\n\n\n<li><a href=\"https:\/\/go-hre.org\/wp-content\/uploads\/2025\/04\/colega_eng_250226_pri_10a.pdf\" data-type=\"attachment\" data-id=\"441\">10A: Right to Education - I Get to Go to School<\/a><\/li>\n\n\n\n<li><a href=\"https:\/\/go-hre.org\/wp-content\/uploads\/2025\/04\/colega_eng_250226_pri_10b.pdf\" data-type=\"attachment\" data-id=\"442\">10B: Responsibility to Community - Our Responsibility to Community<\/a><\/li>\n<\/ul>\n\n<hr class=\"wp-block-separator has-alpha-channel-opacity\"\/>\n\n<p><strong>Facilitators Toolkit:<\/strong><\/p>\n\n<ul class=\"wp-block-list pdf_links\">\n<li><a href=\"https:\/\/go-hre.org\/wp-content\/uploads\/2025\/04\/colega_eng_250226_pri_13.pdf\" data-type=\"attachment\" data-id=\"449\">I: Background Information<\/a><\/li>\n\n\n\n<li><a href=\"https:\/\/go-hre.org\/wp-content\/uploads\/2025\/04\/colega_eng_250226_pri_14.pdf\" data-type=\"attachment\" data-id=\"450\">II: Guidelines and Teaching Tips<\/a><\/li>\n\n\n\n<li><a href=\"https:\/\/go-hre.org\/wp-content\/uploads\/2025\/04\/colega_eng_250226_pri_15.pdf\" data-type=\"attachment\" data-id=\"451\">III: Songs<\/a><\/li>\n\n\n\n<li><a href=\"https:\/\/go-hre.org\/wp-content\/uploads\/2025\/04\/colega_eng_250226_pri_16.pdf\" data-type=\"attachment\" data-id=\"452\">IV: Glossary<\/a><\/li>\n\n\n\n<li><a href=\"https:\/\/go-hre.org\/wp-content\/uploads\/2025\/04\/colega_eng_250226_pri_17.pdf\" data-type=\"attachment\" data-id=\"453\">V: UN Documents<\/a><\/li>\n\n\n\n<li><a href=\"https:\/\/go-hre.org\/wp-content\/uploads\/2025\/04\/colega_eng_250226_pri_18.pdf\" data-type=\"attachment\" data-id=\"454\">VI: Sample Assessments<\/a><\/li>\n<\/ul>\n","protected":false},"excerpt":{"rendered":"<p>Conte\u00fado do curso: Facilitators Toolkit:<\/p>\n","protected":false},"author":2,"featured_media":0,"parent":1581,"menu_order":0,"comment_status":"closed","ping_status":"closed","template":"","meta":{"_acf_changed":false,"inline_featured_image":false,"footnotes":""},"class_list":["post-3021","page","type-page","status-publish","hentry"],"acf":[],"yoast_head":"<!-- This site is optimized with the Yoast SEO plugin v27.4 - https:\/\/yoast.com\/product\/yoast-seo-wordpress\/ -->\n<title>EUA: Materiais prim\u00e1rios - GO-HRE<\/title>\n<meta name=\"robots\" content=\"index, follow, max-snippet:-1, max-image-preview:large, max-video-preview:-1\" \/>\n<link rel=\"canonical\" href=\"https:\/\/go-hre.org\/pt-br\/paises\/eua-materiais-primarios\/\" \/>\n<meta property=\"og:locale\" content=\"pt_BR\" \/>\n<meta property=\"og:type\" content=\"article\" \/>\n<meta property=\"og:title\" content=\"EUA: Materiais prim\u00e1rios - GO-HRE\" \/>\n<meta property=\"og:description\" content=\"Conte\u00fado do curso: Facilitators Toolkit:\" \/>\n<meta property=\"og:url\" content=\"https:\/\/go-hre.org\/pt-br\/paises\/eua-materiais-primarios\/\" \/>\n<meta property=\"og:site_name\" content=\"GO-HRE\" \/>\n<meta property=\"article:modified_time\" content=\"2025-07-08T19:40:20+00:00\" \/>\n<meta name=\"twitter:card\" content=\"summary_large_image\" \/>\n<meta name=\"twitter:label1\" content=\"Est. tempo de leitura\" \/>\n\t<meta name=\"twitter:data1\" content=\"1 minuto\" \/>\n<script type=\"application\/ld+json\" class=\"yoast-schema-graph\">{\"@context\":\"https:\\\/\\\/schema.org\",\"@graph\":[{\"@type\":\"WebPage\",\"@id\":\"https:\\\/\\\/go-hre.org\\\/pt-br\\\/paises\\\/eua-materiais-primarios\\\/\",\"url\":\"https:\\\/\\\/go-hre.org\\\/pt-br\\\/paises\\\/eua-materiais-primarios\\\/\",\"name\":\"EUA: Materiais prim\u00e1rios - GO-HRE\",\"isPartOf\":{\"@id\":\"https:\\\/\\\/go-hre.org\\\/#website\"},\"datePublished\":\"2025-05-26T16:44:03+00:00\",\"dateModified\":\"2025-07-08T19:40:20+00:00\",\"breadcrumb\":{\"@id\":\"https:\\\/\\\/go-hre.org\\\/pt-br\\\/paises\\\/eua-materiais-primarios\\\/#breadcrumb\"},\"inLanguage\":\"pt-BR\",\"potentialAction\":[{\"@type\":\"ReadAction\",\"target\":[\"https:\\\/\\\/go-hre.org\\\/pt-br\\\/paises\\\/eua-materiais-primarios\\\/\"]}]},{\"@type\":\"BreadcrumbList\",\"@id\":\"https:\\\/\\\/go-hre.org\\\/pt-br\\\/paises\\\/eua-materiais-primarios\\\/#breadcrumb\",\"itemListElement\":[{\"@type\":\"ListItem\",\"position\":1,\"name\":\"Home\",\"item\":\"https:\\\/\\\/go-hre.org\\\/pt-br\\\/pagina-inicial\\\/\"},{\"@type\":\"ListItem\",\"position\":2,\"name\":\"Pa\u00edses\",\"item\":\"https:\\\/\\\/go-hre.org\\\/pt-br\\\/paises\\\/\"},{\"@type\":\"ListItem\",\"position\":3,\"name\":\"EUA: Materiais prim\u00e1rios\"}]},{\"@type\":\"WebSite\",\"@id\":\"https:\\\/\\\/go-hre.org\\\/#website\",\"url\":\"https:\\\/\\\/go-hre.org\\\/\",\"name\":\"GO-HRE\",\"description\":\"Escrit\u00f3rio de Genebra para Educa\u00e7\u00e3o em Direitos Humanos\",\"publisher\":{\"@id\":\"https:\\\/\\\/go-hre.org\\\/#organization\"},\"potentialAction\":[{\"@type\":\"SearchAction\",\"target\":{\"@type\":\"EntryPoint\",\"urlTemplate\":\"https:\\\/\\\/go-hre.org\\\/?s={search_term_string}\"},\"query-input\":{\"@type\":\"PropertyValueSpecification\",\"valueRequired\":true,\"valueName\":\"search_term_string\"}}],\"inLanguage\":\"pt-BR\"},{\"@type\":\"Organization\",\"@id\":\"https:\\\/\\\/go-hre.org\\\/#organization\",\"name\":\"GO-HRE\",\"url\":\"https:\\\/\\\/go-hre.org\\\/\",\"logo\":{\"@type\":\"ImageObject\",\"inLanguage\":\"pt-BR\",\"@id\":\"https:\\\/\\\/go-hre.org\\\/#\\\/schema\\\/logo\\\/image\\\/\",\"url\":\"https:\\\/\\\/go-hre.org\\\/wp-content\\\/uploads\\\/2025\\\/04\\\/favicon.png\",\"contentUrl\":\"https:\\\/\\\/go-hre.org\\\/wp-content\\\/uploads\\\/2025\\\/04\\\/favicon.png\",\"width\":258,\"height\":258,\"caption\":\"GO-HRE\"},\"image\":{\"@id\":\"https:\\\/\\\/go-hre.org\\\/#\\\/schema\\\/logo\\\/image\\\/\"}}]}<\/script>\n<!-- \/ Yoast SEO plugin. -->","yoast_head_json":{"title":"EUA: Materiais prim\u00e1rios - GO-HRE","robots":{"index":"index","follow":"follow","max-snippet":"max-snippet:-1","max-image-preview":"max-image-preview:large","max-video-preview":"max-video-preview:-1"},"canonical":"https:\/\/go-hre.org\/pt-br\/paises\/eua-materiais-primarios\/","og_locale":"pt_BR","og_type":"article","og_title":"EUA: Materiais prim\u00e1rios - GO-HRE","og_description":"Conte\u00fado do curso: Facilitators Toolkit:","og_url":"https:\/\/go-hre.org\/pt-br\/paises\/eua-materiais-primarios\/","og_site_name":"GO-HRE","article_modified_time":"2025-07-08T19:40:20+00:00","twitter_card":"summary_large_image","twitter_misc":{"Est. tempo de leitura":"1 minuto"},"schema":{"@context":"https:\/\/schema.org","@graph":[{"@type":"WebPage","@id":"https:\/\/go-hre.org\/pt-br\/paises\/eua-materiais-primarios\/","url":"https:\/\/go-hre.org\/pt-br\/paises\/eua-materiais-primarios\/","name":"EUA: Materiais prim\u00e1rios - GO-HRE","isPartOf":{"@id":"https:\/\/go-hre.org\/#website"},"datePublished":"2025-05-26T16:44:03+00:00","dateModified":"2025-07-08T19:40:20+00:00","breadcrumb":{"@id":"https:\/\/go-hre.org\/pt-br\/paises\/eua-materiais-primarios\/#breadcrumb"},"inLanguage":"pt-BR","potentialAction":[{"@type":"ReadAction","target":["https:\/\/go-hre.org\/pt-br\/paises\/eua-materiais-primarios\/"]}]},{"@type":"BreadcrumbList","@id":"https:\/\/go-hre.org\/pt-br\/paises\/eua-materiais-primarios\/#breadcrumb","itemListElement":[{"@type":"ListItem","position":1,"name":"Home","item":"https:\/\/go-hre.org\/pt-br\/pagina-inicial\/"},{"@type":"ListItem","position":2,"name":"Pa\u00edses","item":"https:\/\/go-hre.org\/pt-br\/paises\/"},{"@type":"ListItem","position":3,"name":"EUA: Materiais prim\u00e1rios"}]},{"@type":"WebSite","@id":"https:\/\/go-hre.org\/#website","url":"https:\/\/go-hre.org\/","name":"GO-HRE","description":"Escrit\u00f3rio de Genebra para Educa\u00e7\u00e3o em Direitos Humanos","publisher":{"@id":"https:\/\/go-hre.org\/#organization"},"potentialAction":[{"@type":"SearchAction","target":{"@type":"EntryPoint","urlTemplate":"https:\/\/go-hre.org\/?s={search_term_string}"},"query-input":{"@type":"PropertyValueSpecification","valueRequired":true,"valueName":"search_term_string"}}],"inLanguage":"pt-BR"},{"@type":"Organization","@id":"https:\/\/go-hre.org\/#organization","name":"GO-HRE","url":"https:\/\/go-hre.org\/","logo":{"@type":"ImageObject","inLanguage":"pt-BR","@id":"https:\/\/go-hre.org\/#\/schema\/logo\/image\/","url":"https:\/\/go-hre.org\/wp-content\/uploads\/2025\/04\/favicon.png","contentUrl":"https:\/\/go-hre.org\/wp-content\/uploads\/2025\/04\/favicon.png","width":258,"height":258,"caption":"GO-HRE"},"image":{"@id":"https:\/\/go-hre.org\/#\/schema\/logo\/image\/"}}]}},"_links":{"self":[{"href":"https:\/\/go-hre.org\/pt-br\/wp-json\/wp\/v2\/pages\/3021","targetHints":{"allow":["GET"]}}],"collection":[{"href":"https:\/\/go-hre.org\/pt-br\/wp-json\/wp\/v2\/pages"}],"about":[{"href":"https:\/\/go-hre.org\/pt-br\/wp-json\/wp\/v2\/types\/page"}],"author":[{"embeddable":true,"href":"https:\/\/go-hre.org\/pt-br\/wp-json\/wp\/v2\/users\/2"}],"replies":[{"embeddable":true,"href":"https:\/\/go-hre.org\/pt-br\/wp-json\/wp\/v2\/comments?post=3021"}],"version-history":[{"count":6,"href":"https:\/\/go-hre.org\/pt-br\/wp-json\/wp\/v2\/pages\/3021\/revisions"}],"predecessor-version":[{"id":4530,"href":"https:\/\/go-hre.org\/pt-br\/wp-json\/wp\/v2\/pages\/3021\/revisions\/4530"}],"up":[{"embeddable":true,"href":"https:\/\/go-hre.org\/pt-br\/wp-json\/wp\/v2\/pages\/1581"}],"wp:attachment":[{"href":"https:\/\/go-hre.org\/pt-br\/wp-json\/wp\/v2\/media?parent=3021"}],"curies":[{"name":"wp","href":"https:\/\/api.w.org\/{rel}","templated":true}]}}