{"id":3026,"date":"2025-05-27T12:24:26","date_gmt":"2025-05-27T18:24:26","guid":{"rendered":"https:\/\/go-hre.org\/recursos\/recursos-de-video\/"},"modified":"2025-06-03T21:39:22","modified_gmt":"2025-06-04T03:39:22","slug":"recursos-de-video","status":"publish","type":"page","link":"https:\/\/go-hre.org\/pt-br\/recursos\/recursos-de-video\/","title":{"rendered":"Recursos de v\u00eddeo"},"content":{"rendered":"\n<div class=\"wp-block-columns is-layout-flex wp-container-core-columns-is-layout-9d6595d7 wp-block-columns-is-layout-flex\">\n<div class=\"wp-block-column is-layout-flow wp-block-column-is-layout-flow\">\n<p class=\"has-red-color has-text-color has-link-color wp-elements-467cd281f69721b23144f8ec88be6fad\"><strong>Um caminho para a dignidade: O poder da educa\u00e7\u00e3o em direitos humanos<\/strong><\/p>\n\n\n\n<p>O poder da educa\u00e7\u00e3o em direitos humanos \u00e9 ilustrado por meio de estudos de caso da \u00cdndia, Austr\u00e1lia e Turquia neste filme produzido em conjunto pela SGI, pela Human Rights Education Associates (HREA) e pelo Escrit\u00f3rio do Alto Comissariado das Na\u00e7\u00f5es Unidas para os Direitos Humanos (OHCHR). Veja: <a href=\"http:\/\/pathtodignity.org\/\"><strong>http:\/\/pathtodignity.org\/<\/strong><\/a> <\/p>\n<\/div>\n\n\n\n<div class=\"wp-block-column is-layout-flow wp-block-column-is-layout-flow\">\n<div class=\"responsive_video\"><iframe width=\"560\" height=\"315\" data-src=\"https:\/\/www.youtube.com\/embed\/nQeTvTCncrU?si=qFybRjqdIrFbVUzC\" title=\"Reprodutor de v\u00eddeo do YouTube\" frameborder=\"0\" allow=\"accelerometer; autoplay; clipboard-write; encrypted-media; gyroscope; picture-in-picture; web-share\" referrerpolicy=\"strict-origin-when-cross-origin\" allowfullscreen=\"\" src=\"data:image\/svg+xml;base64,PHN2ZyB3aWR0aD0iMSIgaGVpZ2h0PSIxIiB4bWxucz0iaHR0cDovL3d3dy53My5vcmcvMjAwMC9zdmciPjwvc3ZnPg==\" class=\"lazyload\" data-load-mode=\"1\"><\/iframe><\/div>\n<\/div>\n<\/div>\n\n<hr class=\"wp-block-separator has-alpha-channel-opacity\"\/>\n\n<div class=\"wp-block-columns is-layout-flex wp-container-core-columns-is-layout-9d6595d7 wp-block-columns-is-layout-flex\">\n<div class=\"wp-block-column is-layout-flow wp-block-column-is-layout-flow\">\n<p class=\"has-red-color has-text-color has-link-color wp-elements-fdd1cf12f4797a2c178b7e8b01cc50c1\"><strong>Vidas e ora\u00e7\u00f5es di\u00e1rias de cinco crian\u00e7as de diferentes religi\u00f5es<\/strong><\/p>\n\n\n\n<p>Um novo curta-metragem intitulado <em>Five (Cinco<\/em> ), de The Mercadantes, um casal da Calif\u00f3rnia, reflete com beleza a vida cotidiana, os rituais e as ora\u00e7\u00f5es de cinco crian\u00e7as de diferentes partes do mundo. Come\u00e7ando pela manh\u00e3 e, por fim, levando-nos \u00e0 casa de adora\u00e7\u00e3o de cada uma dessas crian\u00e7as, esse filme nos permite refletir instantaneamente sobre as diferen\u00e7as e semelhan\u00e7as cotidianas das pessoas de f\u00e9 em todo o mundo. <\/p>\n<\/div>\n\n\n\n<div class=\"wp-block-column is-layout-flow wp-block-column-is-layout-flow\">\n<div style=\"padding:56.25% 0 0 0;position:relative;\"><iframe data-src=\"https:\/\/player.vimeo.com\/video\/124385005?badge=0&#038;autopause=0&#038;player_id=0&#038;app_id=58479\" frameborder=\"0\" allow=\"autoplay; fullscreen; picture-in-picture; clipboard-write; encrypted-media\" style=\"position:absolute;top:0;left:0;width:100%;height:100%;\" title=\"Cinco\" src=\"data:image\/svg+xml;base64,PHN2ZyB3aWR0aD0iMSIgaGVpZ2h0PSIxIiB4bWxucz0iaHR0cDovL3d3dy53My5vcmcvMjAwMC9zdmciPjwvc3ZnPg==\" class=\"lazyload\" data-load-mode=\"1\"><\/iframe><\/div><script src=\"https:\/\/player.vimeo.com\/api\/player.js\"><\/script>\n<\/div>\n<\/div>\n\n<hr class=\"wp-block-separator has-alpha-channel-opacity\"\/>\n\n<div class=\"wp-block-columns is-layout-flex wp-container-core-columns-is-layout-9d6595d7 wp-block-columns-is-layout-flex\">\n<div class=\"wp-block-column is-layout-flow wp-block-column-is-layout-flow\">\n<p class=\"has-red-color has-text-color has-link-color wp-elements-3d106c352bc5e6190789d786f2e4685d\"><strong>O que s\u00e3o direitos humanos e por que eles s\u00e3o importantes?<\/strong><\/p>\n\n\n\n<p>Todas as pessoas no mundo t\u00eam direitos, inclusive o direito a um nome, o direito a uma nacionalidade, o direito \u00e0 educa\u00e7\u00e3o e o direito a um lar decente. H\u00e1 30 direitos humanos descritos na Declara\u00e7\u00e3o Universal dos Direitos Humanos. Embora a maioria dos lugares do mundo respeite esses direitos, muitos pa\u00edses ainda abusam deles ou os ignoram. \u00c9 importante que conhe\u00e7amos nossos direitos para que, quando eles forem violados, possamos fazer o que for necess\u00e1rio para corrigi-los.   <\/p>\n<\/div>\n\n\n\n<div class=\"wp-block-column is-layout-flow wp-block-column-is-layout-flow\">\n<div style=\"padding:56.25% 0 0 0;position:relative;\"><iframe data-src=\"https:\/\/player.vimeo.com\/video\/711054899?badge=0&#038;autopause=0&#038;player_id=0&#038;app_id=58479\" frameborder=\"0\" allow=\"autoplay; fullscreen; picture-in-picture; clipboard-write; encrypted-media\" style=\"position:absolute;top:0;left:0;width:100%;height:100%;\" title=\"O que s\u00e3o direitos humanos e por que eles s\u00e3o importantes .mp4\" src=\"data:image\/svg+xml;base64,PHN2ZyB3aWR0aD0iMSIgaGVpZ2h0PSIxIiB4bWxucz0iaHR0cDovL3d3dy53My5vcmcvMjAwMC9zdmciPjwvc3ZnPg==\" class=\"lazyload\" data-load-mode=\"1\"><\/iframe><\/div>\n<\/div>\n<\/div>\n\n<hr class=\"wp-block-separator has-alpha-channel-opacity\"\/>\n\n<div class=\"wp-block-columns is-layout-flex wp-container-core-columns-is-layout-9d6595d7 wp-block-columns-is-layout-flex\">\n<div class=\"wp-block-column is-layout-flow wp-block-column-is-layout-flow\">\n<p class=\"has-red-color has-text-color has-link-color wp-elements-ec3c32849d385eda59162f46f14df524\"><strong>Educa\u00e7\u00e3o - sua chave m\u00e1gica<\/strong><\/p>\n\n\n\n<p>O artigo 26 declara que todos os seres humanos t\u00eam direito \u00e0 educa\u00e7\u00e3o. A educa\u00e7\u00e3o b\u00e1sica deve ser obrigat\u00f3ria e gratuita, pelo menos nos est\u00e1gios elementar e fundamental. No entanto, muitas pessoas s\u00e3o privadas de educa\u00e7\u00e3o em todo o mundo. \u00c9 um direito seu, e todos merecem a oportunidade de aprender em uma escola. A educa\u00e7\u00e3o t\u00e9cnica e profissionalizante deve estar dispon\u00edvel de modo geral, e o ensino superior deve ser igualmente acess\u00edvel a todos com base no m\u00e9rito.    <\/p>\n<\/div>\n\n\n\n<div class=\"wp-block-column is-layout-flow wp-block-column-is-layout-flow\">\n<div style=\"padding:56.25% 0 0 0;position:relative;\"><iframe data-src=\"https:\/\/player.vimeo.com\/video\/711054852?badge=0&#038;autopause=0&#038;player_id=0&#038;app_id=58479\" frameborder=\"0\" allow=\"autoplay; fullscreen; picture-in-picture; clipboard-write; encrypted-media\" style=\"position:absolute;top:0;left:0;width:100%;height:100%;\" title=\"Educa\u00e7\u00e3o - Sua chave m\u00e1gica (Direitos Humanos).mp4\" src=\"data:image\/svg+xml;base64,PHN2ZyB3aWR0aD0iMSIgaGVpZ2h0PSIxIiB4bWxucz0iaHR0cDovL3d3dy53My5vcmcvMjAwMC9zdmciPjwvc3ZnPg==\" class=\"lazyload\" data-load-mode=\"1\"><\/iframe><\/div>\n<\/div>\n<\/div>\n\n<hr class=\"wp-block-separator has-alpha-channel-opacity\"\/>\n\n<div class=\"wp-block-columns is-layout-flex wp-container-core-columns-is-layout-9d6595d7 wp-block-columns-is-layout-flex\">\n<div class=\"wp-block-column is-layout-flow wp-block-column-is-layout-flow\">\n<p class=\"has-red-color has-text-color has-link-color wp-elements-ef3cf6049a71c33888b66e123bbd5bee\"><strong>Liberdade de religi\u00e3o ou cren\u00e7a<\/strong><\/p>\n\n\n\n<p>O artigo 18 da Declara\u00e7\u00e3o Universal dos Direitos Humanos afirma: Todo ser humano tem direito \u00e0 liberdade de pensamento, consci\u00eancia e religi\u00e3o; este direito inclui a liberdade de mudar de religi\u00e3o ou cren\u00e7a e a liberdade de manifestar sua religi\u00e3o ou cren\u00e7a, individual ou coletivamente, em p\u00fablico ou em particular, pelo ensino, pela pr\u00e1tica, pelo culto e pela observ\u00e2ncia.<\/p>\n<\/div>\n\n\n\n<div class=\"wp-block-column is-layout-flow wp-block-column-is-layout-flow\">\n<div style=\"padding:56.25% 0 0 0;position:relative;\"><iframe data-src=\"https:\/\/player.vimeo.com\/video\/711054874?badge=0&#038;autopause=0&#038;player_id=0&#038;app_id=58479\" frameborder=\"0\" allow=\"autoplay; fullscreen; picture-in-picture; clipboard-write; encrypted-media\" style=\"position:absolute;top:0;left:0;width:100%;height:100%;\" title=\"Liberdade de religi\u00e3o ou cren\u00e7a - Direitos humanos.mp4\" src=\"data:image\/svg+xml;base64,PHN2ZyB3aWR0aD0iMSIgaGVpZ2h0PSIxIiB4bWxucz0iaHR0cDovL3d3dy53My5vcmcvMjAwMC9zdmciPjwvc3ZnPg==\" class=\"lazyload\" data-load-mode=\"1\"><\/iframe><\/div>\n<\/div>\n<\/div>\n\n<hr class=\"wp-block-separator has-alpha-channel-opacity\"\/>\n\n<div class=\"wp-block-columns is-layout-flex wp-container-core-columns-is-layout-9d6595d7 wp-block-columns-is-layout-flex\">\n<div class=\"wp-block-column is-layout-flow wp-block-column-is-layout-flow\">\n<p class=\"has-red-color has-text-color has-link-color wp-elements-d64e82680c16818a97de2af707018fee\"><strong>Voc\u00ea tem direito a uma fam\u00edlia<\/strong><\/p>\n\n\n\n<p>Voc\u00ea sabia que fazer parte de uma fam\u00edlia \u00e9 um dos seus 30 direitos humanos? Voc\u00ea tamb\u00e9m tem o direito de escolher quando e com quem se casar. Voc\u00ea e seu c\u00f4njuge t\u00eam direitos iguais. (Artigo 16)   <\/p>\n<\/div>\n\n\n\n<div class=\"wp-block-column is-layout-flow wp-block-column-is-layout-flow\">\n<div style=\"padding:56.25% 0 0 0;position:relative;\"><iframe data-src=\"https:\/\/player.vimeo.com\/video\/711054837?badge=0&#038;autopause=0&#038;player_id=0&#038;app_id=58479\" frameborder=\"0\" allow=\"autoplay; fullscreen; picture-in-picture; clipboard-write; encrypted-media\" style=\"position:absolute;top:0;left:0;width:100%;height:100%;\" title=\"Voc\u00ea tem direito a uma fam\u00edlia - (Direitos Humanos).mp4\" src=\"data:image\/svg+xml;base64,PHN2ZyB3aWR0aD0iMSIgaGVpZ2h0PSIxIiB4bWxucz0iaHR0cDovL3d3dy53My5vcmcvMjAwMC9zdmciPjwvc3ZnPg==\" class=\"lazyload\" data-load-mode=\"1\"><\/iframe><\/div>\n<\/div>\n<\/div>\n\n<hr class=\"wp-block-separator has-alpha-channel-opacity\"\/>\n\n<div class=\"wp-block-columns is-layout-flex wp-container-core-columns-is-layout-9d6595d7 wp-block-columns-is-layout-flex\">\n<div class=\"wp-block-column is-layout-flow wp-block-column-is-layout-flow\">\n<p class=\"has-red-color has-text-color has-link-color wp-elements-81151a16352ac577acbaa664ec71ad65\"><strong>Direito \u00e0 vida<\/strong><\/p>\n\n\n\n<p>O artigo 3 da Declara\u00e7\u00e3o Universal dos Direitos Humanos afirma: Todos t\u00eam direito \u00e0 vida, \u00e0 liberdade e \u00e0 seguran\u00e7a pessoal. Todos n\u00f3s temos direitos legais e devemos ser tratados com igualdade perante a lei. Uma pessoa acusada tem o direito de ser considerada inocente at\u00e9 que se prove sua culpa (Artigo 11), de ser tratada com humanidade (Artigos 4 e 5) e de receber uma audi\u00eancia justa e p\u00fablica (Artigo 10).  <\/p>\n<\/div>\n\n\n\n<div class=\"wp-block-column is-layout-flow wp-block-column-is-layout-flow\">\n<div style=\"padding:56.25% 0 0 0;position:relative;\"><iframe data-src=\"https:\/\/player.vimeo.com\/video\/711054880?badge=0&#038;autopause=0&#038;player_id=0&#038;app_id=58479\" frameborder=\"0\" allow=\"autoplay; fullscreen; picture-in-picture; clipboard-write; encrypted-media\" style=\"position:absolute;top:0;left:0;width:100%;height:100%;\" title=\"Direito \u00e0 vida - Direitos humanos.mp4\" src=\"data:image\/svg+xml;base64,PHN2ZyB3aWR0aD0iMSIgaGVpZ2h0PSIxIiB4bWxucz0iaHR0cDovL3d3dy53My5vcmcvMjAwMC9zdmciPjwvc3ZnPg==\" class=\"lazyload\" data-load-mode=\"1\"><\/iframe><\/div>\n<\/div>\n<\/div>\n\n<hr class=\"wp-block-separator has-alpha-channel-opacity\"\/>\n\n<div class=\"wp-block-columns is-layout-flex wp-container-core-columns-is-layout-9d6595d7 wp-block-columns-is-layout-flex\">\n<div class=\"wp-block-column is-layout-flow wp-block-column-is-layout-flow\">\n<p class=\"has-red-color has-text-color has-link-color wp-elements-057bd0d8efb81ced4ae87cf72b3719c2\"><strong>Discrimina\u00e7\u00e3o<\/strong><\/p>\n\n\n\n<p>Quando tratamos os outros de forma diferente ou injusta porque eles s\u00e3o diferentes de n\u00f3s, isso \u00e9 discrimina\u00e7\u00e3o. O fato \u00e9 que somos mais parecidos do que diferentes. Este v\u00eddeo mostra como podemos desenvolver empatia, compreens\u00e3o e compaix\u00e3o e enfrentar a discrimina\u00e7\u00e3o.  <\/p>\n<\/div>\n\n\n\n<div class=\"wp-block-column is-layout-flow wp-block-column-is-layout-flow\">\n<div style=\"padding:56.25% 0 0 0;position:relative;\"><iframe data-src=\"https:\/\/player.vimeo.com\/video\/711054821?badge=0&#038;autopause=0&#038;player_id=0&#038;app_id=58479\" frameborder=\"0\" allow=\"autoplay; fullscreen; picture-in-picture; clipboard-write; encrypted-media\" style=\"position:absolute;top:0;left:0;width:100%;height:100%;\" title=\"Discrimina\u00e7\u00e3o (Somos Todos Iguais) - Direitos Humanos.mp4\" src=\"data:image\/svg+xml;base64,PHN2ZyB3aWR0aD0iMSIgaGVpZ2h0PSIxIiB4bWxucz0iaHR0cDovL3d3dy53My5vcmcvMjAwMC9zdmciPjwvc3ZnPg==\" class=\"lazyload\" data-load-mode=\"1\"><\/iframe><\/div>\n<\/div>\n<\/div>\n","protected":false},"excerpt":{"rendered":"<p>Um caminho para a dignidade: O poder da educa\u00e7\u00e3o em direitos humanos O poder da educa\u00e7\u00e3o em direitos humanos \u00e9 ilustrado por meio de estudos de caso da \u00cdndia, Austr\u00e1lia e Turquia neste filme produzido em conjunto pela SGI, pela Human Rights Education Associates (HREA) e pelo Escrit\u00f3rio do Alto Comissariado das Na\u00e7\u00f5es Unidas para [&hellip;]<\/p>\n","protected":false},"author":1,"featured_media":0,"parent":1595,"menu_order":0,"comment_status":"closed","ping_status":"closed","template":"","meta":{"_acf_changed":false,"inline_featured_image":false,"footnotes":""},"class_list":["post-3026","page","type-page","status-publish","hentry"],"acf":[],"yoast_head":"<!-- This site is optimized with the Yoast SEO plugin v27.4 - https:\/\/yoast.com\/product\/yoast-seo-wordpress\/ -->\n<title>Recursos de v\u00eddeo - GO-HRE<\/title>\n<meta name=\"robots\" content=\"index, follow, max-snippet:-1, max-image-preview:large, max-video-preview:-1\" \/>\n<link rel=\"canonical\" href=\"https:\/\/go-hre.org\/pt-br\/recursos\/recursos-de-video\/\" \/>\n<meta property=\"og:locale\" content=\"pt_BR\" \/>\n<meta property=\"og:type\" content=\"article\" \/>\n<meta property=\"og:title\" content=\"Recursos de v\u00eddeo - GO-HRE\" \/>\n<meta property=\"og:description\" content=\"Um caminho para a dignidade: O poder da educa\u00e7\u00e3o em direitos humanos O poder da educa\u00e7\u00e3o em direitos humanos \u00e9 ilustrado por meio de estudos de caso da \u00cdndia, Austr\u00e1lia e Turquia neste filme produzido em conjunto pela SGI, pela Human Rights Education Associates (HREA) e pelo Escrit\u00f3rio do Alto Comissariado das Na\u00e7\u00f5es Unidas para [&hellip;]\" \/>\n<meta property=\"og:url\" content=\"https:\/\/go-hre.org\/pt-br\/recursos\/recursos-de-video\/\" \/>\n<meta property=\"og:site_name\" content=\"GO-HRE\" \/>\n<meta property=\"article:modified_time\" content=\"2025-06-04T03:39:22+00:00\" \/>\n<meta name=\"twitter:card\" content=\"summary_large_image\" \/>\n<meta name=\"twitter:label1\" content=\"Est. tempo de leitura\" \/>\n\t<meta name=\"twitter:data1\" content=\"3 minutos\" \/>\n<script type=\"application\/ld+json\" class=\"yoast-schema-graph\">{\"@context\":\"https:\\\/\\\/schema.org\",\"@graph\":[{\"@type\":\"WebPage\",\"@id\":\"https:\\\/\\\/go-hre.org\\\/pt-br\\\/recursos\\\/recursos-de-video\\\/\",\"url\":\"https:\\\/\\\/go-hre.org\\\/pt-br\\\/recursos\\\/recursos-de-video\\\/\",\"name\":\"Recursos de v\u00eddeo - GO-HRE\",\"isPartOf\":{\"@id\":\"https:\\\/\\\/go-hre.org\\\/#website\"},\"datePublished\":\"2025-05-27T18:24:26+00:00\",\"dateModified\":\"2025-06-04T03:39:22+00:00\",\"breadcrumb\":{\"@id\":\"https:\\\/\\\/go-hre.org\\\/pt-br\\\/recursos\\\/recursos-de-video\\\/#breadcrumb\"},\"inLanguage\":\"pt-BR\",\"potentialAction\":[{\"@type\":\"ReadAction\",\"target\":[\"https:\\\/\\\/go-hre.org\\\/pt-br\\\/recursos\\\/recursos-de-video\\\/\"]}]},{\"@type\":\"BreadcrumbList\",\"@id\":\"https:\\\/\\\/go-hre.org\\\/pt-br\\\/recursos\\\/recursos-de-video\\\/#breadcrumb\",\"itemListElement\":[{\"@type\":\"ListItem\",\"position\":1,\"name\":\"Home\",\"item\":\"https:\\\/\\\/go-hre.org\\\/pt-br\\\/pagina-inicial\\\/\"},{\"@type\":\"ListItem\",\"position\":2,\"name\":\"Recursos\",\"item\":\"https:\\\/\\\/go-hre.org\\\/pt-br\\\/recursos\\\/\"},{\"@type\":\"ListItem\",\"position\":3,\"name\":\"Recursos de v\u00eddeo\"}]},{\"@type\":\"WebSite\",\"@id\":\"https:\\\/\\\/go-hre.org\\\/#website\",\"url\":\"https:\\\/\\\/go-hre.org\\\/\",\"name\":\"GO-HRE\",\"description\":\"Escrit\u00f3rio de Genebra para Educa\u00e7\u00e3o em Direitos Humanos\",\"publisher\":{\"@id\":\"https:\\\/\\\/go-hre.org\\\/#organization\"},\"potentialAction\":[{\"@type\":\"SearchAction\",\"target\":{\"@type\":\"EntryPoint\",\"urlTemplate\":\"https:\\\/\\\/go-hre.org\\\/?s={search_term_string}\"},\"query-input\":{\"@type\":\"PropertyValueSpecification\",\"valueRequired\":true,\"valueName\":\"search_term_string\"}}],\"inLanguage\":\"pt-BR\"},{\"@type\":\"Organization\",\"@id\":\"https:\\\/\\\/go-hre.org\\\/#organization\",\"name\":\"GO-HRE\",\"url\":\"https:\\\/\\\/go-hre.org\\\/\",\"logo\":{\"@type\":\"ImageObject\",\"inLanguage\":\"pt-BR\",\"@id\":\"https:\\\/\\\/go-hre.org\\\/#\\\/schema\\\/logo\\\/image\\\/\",\"url\":\"https:\\\/\\\/go-hre.org\\\/wp-content\\\/uploads\\\/2025\\\/04\\\/favicon.png\",\"contentUrl\":\"https:\\\/\\\/go-hre.org\\\/wp-content\\\/uploads\\\/2025\\\/04\\\/favicon.png\",\"width\":258,\"height\":258,\"caption\":\"GO-HRE\"},\"image\":{\"@id\":\"https:\\\/\\\/go-hre.org\\\/#\\\/schema\\\/logo\\\/image\\\/\"}}]}<\/script>\n<!-- \/ Yoast SEO plugin. -->","yoast_head_json":{"title":"Recursos de v\u00eddeo - GO-HRE","robots":{"index":"index","follow":"follow","max-snippet":"max-snippet:-1","max-image-preview":"max-image-preview:large","max-video-preview":"max-video-preview:-1"},"canonical":"https:\/\/go-hre.org\/pt-br\/recursos\/recursos-de-video\/","og_locale":"pt_BR","og_type":"article","og_title":"Recursos de v\u00eddeo - GO-HRE","og_description":"Um caminho para a dignidade: O poder da educa\u00e7\u00e3o em direitos humanos O poder da educa\u00e7\u00e3o em direitos humanos \u00e9 ilustrado por meio de estudos de caso da \u00cdndia, Austr\u00e1lia e Turquia neste filme produzido em conjunto pela SGI, pela Human Rights Education Associates (HREA) e pelo Escrit\u00f3rio do Alto Comissariado das Na\u00e7\u00f5es Unidas para [&hellip;]","og_url":"https:\/\/go-hre.org\/pt-br\/recursos\/recursos-de-video\/","og_site_name":"GO-HRE","article_modified_time":"2025-06-04T03:39:22+00:00","twitter_card":"summary_large_image","twitter_misc":{"Est. tempo de leitura":"3 minutos"},"schema":{"@context":"https:\/\/schema.org","@graph":[{"@type":"WebPage","@id":"https:\/\/go-hre.org\/pt-br\/recursos\/recursos-de-video\/","url":"https:\/\/go-hre.org\/pt-br\/recursos\/recursos-de-video\/","name":"Recursos de v\u00eddeo - GO-HRE","isPartOf":{"@id":"https:\/\/go-hre.org\/#website"},"datePublished":"2025-05-27T18:24:26+00:00","dateModified":"2025-06-04T03:39:22+00:00","breadcrumb":{"@id":"https:\/\/go-hre.org\/pt-br\/recursos\/recursos-de-video\/#breadcrumb"},"inLanguage":"pt-BR","potentialAction":[{"@type":"ReadAction","target":["https:\/\/go-hre.org\/pt-br\/recursos\/recursos-de-video\/"]}]},{"@type":"BreadcrumbList","@id":"https:\/\/go-hre.org\/pt-br\/recursos\/recursos-de-video\/#breadcrumb","itemListElement":[{"@type":"ListItem","position":1,"name":"Home","item":"https:\/\/go-hre.org\/pt-br\/pagina-inicial\/"},{"@type":"ListItem","position":2,"name":"Recursos","item":"https:\/\/go-hre.org\/pt-br\/recursos\/"},{"@type":"ListItem","position":3,"name":"Recursos de v\u00eddeo"}]},{"@type":"WebSite","@id":"https:\/\/go-hre.org\/#website","url":"https:\/\/go-hre.org\/","name":"GO-HRE","description":"Escrit\u00f3rio de Genebra para Educa\u00e7\u00e3o em Direitos Humanos","publisher":{"@id":"https:\/\/go-hre.org\/#organization"},"potentialAction":[{"@type":"SearchAction","target":{"@type":"EntryPoint","urlTemplate":"https:\/\/go-hre.org\/?s={search_term_string}"},"query-input":{"@type":"PropertyValueSpecification","valueRequired":true,"valueName":"search_term_string"}}],"inLanguage":"pt-BR"},{"@type":"Organization","@id":"https:\/\/go-hre.org\/#organization","name":"GO-HRE","url":"https:\/\/go-hre.org\/","logo":{"@type":"ImageObject","inLanguage":"pt-BR","@id":"https:\/\/go-hre.org\/#\/schema\/logo\/image\/","url":"https:\/\/go-hre.org\/wp-content\/uploads\/2025\/04\/favicon.png","contentUrl":"https:\/\/go-hre.org\/wp-content\/uploads\/2025\/04\/favicon.png","width":258,"height":258,"caption":"GO-HRE"},"image":{"@id":"https:\/\/go-hre.org\/#\/schema\/logo\/image\/"}}]}},"_links":{"self":[{"href":"https:\/\/go-hre.org\/pt-br\/wp-json\/wp\/v2\/pages\/3026","targetHints":{"allow":["GET"]}}],"collection":[{"href":"https:\/\/go-hre.org\/pt-br\/wp-json\/wp\/v2\/pages"}],"about":[{"href":"https:\/\/go-hre.org\/pt-br\/wp-json\/wp\/v2\/types\/page"}],"author":[{"embeddable":true,"href":"https:\/\/go-hre.org\/pt-br\/wp-json\/wp\/v2\/users\/1"}],"replies":[{"embeddable":true,"href":"https:\/\/go-hre.org\/pt-br\/wp-json\/wp\/v2\/comments?post=3026"}],"version-history":[{"count":2,"href":"https:\/\/go-hre.org\/pt-br\/wp-json\/wp\/v2\/pages\/3026\/revisions"}],"predecessor-version":[{"id":3030,"href":"https:\/\/go-hre.org\/pt-br\/wp-json\/wp\/v2\/pages\/3026\/revisions\/3030"}],"up":[{"embeddable":true,"href":"https:\/\/go-hre.org\/pt-br\/wp-json\/wp\/v2\/pages\/1595"}],"wp:attachment":[{"href":"https:\/\/go-hre.org\/pt-br\/wp-json\/wp\/v2\/media?parent=3026"}],"curies":[{"name":"wp","href":"https:\/\/api.w.org\/{rel}","templated":true}]}}