{"id":3034,"date":"2025-05-26T16:03:43","date_gmt":"2025-05-26T22:03:43","guid":{"rendered":"https:\/\/go-hre.org\/recursos\/go-hre-escritorio-de-genebra-para-educacao-em-direitos-humanos\/"},"modified":"2025-06-03T21:39:25","modified_gmt":"2025-06-04T03:39:25","slug":"go-hre-escritorio-de-genebra-para-educacao-em-direitos-humanos","status":"publish","type":"page","link":"https:\/\/go-hre.org\/pt-br\/recursos\/go-hre-escritorio-de-genebra-para-educacao-em-direitos-humanos\/","title":{"rendered":"GO-HRE Escrit\u00f3rio de Genebra para Educa\u00e7\u00e3o em Direitos Humanos"},"content":{"rendered":"\n<h3 class=\"wp-block-heading has-red-color has-text-color has-link-color wp-elements-badf14ab069d48f623f95a594ebf9861\"><strong>A Conven\u00e7\u00e3o sobre os Direitos da Crian\u00e7a<\/strong><\/h3>\n\n<p>A lei de direitos humanos define uma crian\u00e7a como qualquer ser humano com menos de 18 anos de idade. Em 2014, o UNICEF estimou o n\u00famero total de crian\u00e7as no mundo em 2,2 bilh\u00f5es (The State of the World&#8217;s Children 2014 In Numbers: Every Child Counts). A crian\u00e7a deve saber que ela \u00e9 um milagre, que desde o in\u00edcio do mundo n\u00e3o houve e at\u00e9 o fim do mundo n\u00e3o haver\u00e1 outra crian\u00e7a como ela. Pablo Casals As crian\u00e7as s\u00e3o seres humanos, portanto, t\u00eam exatamente os mesmos direitos humanos que os adultos. No entanto, as crian\u00e7as foram reconhecidas como tendo uma necessidade especial de cuidado e assist\u00eancia e, por essa raz\u00e3o, elas tamb\u00e9m t\u00eam seu &#8220;pr\u00f3prio&#8221; tratado de direitos humanos - a Conven\u00e7\u00e3o sobre os Direitos da Crian\u00e7a (CDC). A CDC foi adotada pelas Na\u00e7\u00f5es Unidas em 1989 e entrou em vigor em 2 de setembro de 1990. A CDC se aplica a todas as crian\u00e7as com menos de 18 anos de idade nos pa\u00edses que a aceitaram - e quase todos os pa\u00edses do mundo fizeram isso.      <\/p>\n\n<details class=\"wp-block-details is-layout-flow wp-block-details-is-layout-flow\"><summary>1. Igualdade<\/summary>\n<p>Todos os seres humanos nascem livres e iguais em dignidade e direitos. Eles s\u00e3o dotados de raz\u00e3o e consci\u00eancia e devem agir uns com os outros em um esp\u00edrito de fraternidade. <\/p>\n<\/details>\n\n<details class=\"wp-block-details is-layout-flow wp-block-details-is-layout-flow\"><summary>2. Discrimina\u00e7\u00e3o<\/summary>\n<p>Toda pessoa tem direito a todos os direitos e liberdades estabelecidos nesta Declara\u00e7\u00e3o, sem distin\u00e7\u00e3o de qualquer esp\u00e9cie, seja de ra\u00e7a, cor, sexo, idioma, religi\u00e3o, opini\u00e3o pol\u00edtica ou de outra natureza, origem nacional ou social, riqueza, nascimento ou qualquer outra condi\u00e7\u00e3o.<\/p>\n\n\n\n<p>Al\u00e9m disso, nenhuma distin\u00e7\u00e3o deve ser feita com base no status pol\u00edtico, jurisdicional ou internacional do pa\u00eds ou territ\u00f3rio ao qual a pessoa pertence, seja ele independente, fiduci\u00e1rio, n\u00e3o aut\u00f4nomo ou sob qualquer outra limita\u00e7\u00e3o de soberania.<\/p>\n<\/details>\n\n<details class=\"wp-block-details is-layout-flow wp-block-details-is-layout-flow\"><summary>3. Life, Liberty &amp; Security<\/summary>\n<p>Todos t\u00eam o direito \u00e0 vida, \u00e0 liberdade e \u00e0 seguran\u00e7a pessoal.<\/p>\n<\/details>\n\n<details class=\"wp-block-details is-layout-flow wp-block-details-is-layout-flow\"><summary>4. Escravid\u00e3o<\/summary>\n<p>Ningu\u00e9m deve ser mantido em escravid\u00e3o ou servid\u00e3o; a escravid\u00e3o e o com\u00e9rcio de escravos devem ser proibidos em todas as suas formas.<\/p>\n<\/details>\n\n<details class=\"wp-block-details is-layout-flow wp-block-details-is-layout-flow\"><summary>5. Tortura<\/summary>\n<p>Ningu\u00e9m deve ser submetido \u00e0 tortura ou a tratamento ou puni\u00e7\u00e3o cruel, desumano ou degradante.<\/p>\n<\/details>\n\n<details class=\"wp-block-details is-layout-flow wp-block-details-is-layout-flow\"><summary>6. Identidade<\/summary>\n<p>Todos t\u00eam o direito de serem reconhecidos em todos os lugares como pessoas perante a lei.<\/p>\n<\/details>\n\n<details class=\"wp-block-details is-layout-flow wp-block-details-is-layout-flow\"><summary>7. Justi\u00e7a<\/summary>\n<p>Todos s\u00e3o iguais perante a lei e t\u00eam direito, sem qualquer discrimina\u00e7\u00e3o, a igual prote\u00e7\u00e3o da lei. Todos t\u00eam direito a igual prote\u00e7\u00e3o contra qualquer discrimina\u00e7\u00e3o que viole esta Declara\u00e7\u00e3o e contra qualquer incitamento a tal discrimina\u00e7\u00e3o. <\/p>\n<\/details>\n\n<details class=\"wp-block-details is-layout-flow wp-block-details-is-layout-flow\"><summary>8. Prote\u00e7\u00e3o<\/summary>\n<p>Todos t\u00eam o direito a um recurso efetivo dos tribunais nacionais competentes para atos que violem os direitos fundamentais concedidos a eles pela constitui\u00e7\u00e3o ou pela lei.<\/p>\n<\/details>\n\n<details class=\"wp-block-details is-layout-flow wp-block-details-is-layout-flow\"><summary>9. Deten\u00e7\u00e3o<\/summary>\n<p>Ningu\u00e9m deve ser submetido a pris\u00e3o, deten\u00e7\u00e3o ou ex\u00edlio arbitr\u00e1rios.<\/p>\n<\/details>\n\n<details class=\"wp-block-details is-layout-flow wp-block-details-is-layout-flow\"><summary>10. Julgamento<\/summary>\n<p>Todos t\u00eam direito, em plena igualdade, a uma audi\u00eancia justa e p\u00fablica por um tribunal independente e imparcial, na determina\u00e7\u00e3o de seus direitos e obriga\u00e7\u00f5es e de qualquer acusa\u00e7\u00e3o criminal contra ele.<\/p>\n<\/details>\n\n<details class=\"wp-block-details is-layout-flow wp-block-details-is-layout-flow\"><summary>11. Inocente<\/summary>\n<p>1) Toda pessoa acusada de um delito penal tem o direito de ser presumida inocente at\u00e9 que sua culpa seja provada de acordo com a lei em um julgamento p\u00fablico no qual ela tenha tido todas as garantias necess\u00e1rias para sua defesa.<\/p>\n\n\n\n<p>2) Ningu\u00e9m ser\u00e1 considerado culpado de qualquer infra\u00e7\u00e3o penal em raz\u00e3o de qualquer ato ou omiss\u00e3o que n\u00e3o constitua uma infra\u00e7\u00e3o penal, de acordo com a legisla\u00e7\u00e3o nacional ou internacional, no momento em que foi cometido. Tampouco ser\u00e1 imposta uma pena mais pesada do que a aplic\u00e1vel no momento em que a infra\u00e7\u00e3o penal foi cometida. <\/p>\n<\/details>\n\n<details class=\"wp-block-details is-layout-flow wp-block-details-is-layout-flow\"><summary>12. Privacidade<\/summary>\n<p>Ningu\u00e9m deve ser submetido a interfer\u00eancia arbitr\u00e1ria em sua privacidade, fam\u00edlia, lar ou correspond\u00eancia, nem a ataques \u00e0 sua honra e reputa\u00e7\u00e3o. Todos t\u00eam o direito \u00e0 prote\u00e7\u00e3o da lei contra tais interfer\u00eancias ou ataques. <\/p>\n<\/details>\n\n<details class=\"wp-block-details is-layout-flow wp-block-details-is-layout-flow\"><summary>13. Viagens<\/summary>\n<p>1) Toda pessoa tem o direito \u00e0 liberdade de movimento e resid\u00eancia dentro das fronteiras de cada Estado.<\/p>\n\n\n\n<p>2) Todos t\u00eam o direito de sair de qualquer pa\u00eds, inclusive do seu pr\u00f3prio, e de retornar ao seu pa\u00eds.<\/p>\n<\/details>\n\n<details class=\"wp-block-details is-layout-flow wp-block-details-is-layout-flow\"><summary>14. Asilo<\/summary>\n<p>1) Todos t\u00eam o direito de buscar e desfrutar de asilo contra persegui\u00e7\u00e3o em outros pa\u00edses.<\/p>\n\n\n\n<p>2) Esse direito n\u00e3o pode ser invocado no caso de processos judiciais genuinamente decorrentes de crimes n\u00e3o pol\u00edticos ou de atos contr\u00e1rios aos prop\u00f3sitos e princ\u00edpios das Na\u00e7\u00f5es Unidas.<\/p>\n<\/details>\n\n<details class=\"wp-block-details is-layout-flow wp-block-details-is-layout-flow\"><summary>15. Nacionalidade<\/summary>\n<p>1) Todos t\u00eam o direito a uma nacionalidade.<\/p>\n\n\n\n<p>2) Ningu\u00e9m ser\u00e1 arbitrariamente privado de sua nacionalidade nem ter\u00e1 negado o direito de mudar sua nacionalidade.<\/p>\n<\/details>\n\n<details class=\"wp-block-details is-layout-flow wp-block-details-is-layout-flow\"><summary>16. Marriage &amp; Family<\/summary>\n<p>1) Homens e mulheres maiores de idade, sem qualquer limita\u00e7\u00e3o devido a ra\u00e7a, nacionalidade ou religi\u00e3o, t\u00eam o direito de se casar e constituir fam\u00edlia. Eles t\u00eam direitos iguais em rela\u00e7\u00e3o ao casamento, durante o casamento e em sua dissolu\u00e7\u00e3o. <\/p>\n\n\n\n<p>2) O casamento deve ser celebrado somente com o consentimento livre e pleno dos c\u00f4njuges pretendentes.<\/p>\n\n\n\n<p>3) A fam\u00edlia \u00e9 a unidade grupal natural e fundamental da sociedade e tem direito \u00e0 prote\u00e7\u00e3o da sociedade e do Estado.<\/p>\n<\/details>\n\n<details class=\"wp-block-details is-layout-flow wp-block-details-is-layout-flow\"><summary>17. Propriedade<\/summary>\n<p>1) Todos t\u00eam o direito de possuir propriedade, tanto individualmente quanto em associa\u00e7\u00e3o com outros.<\/p>\n\n\n\n<p>2) Ningu\u00e9m deve ser arbitrariamente privado de sua propriedade.<\/p>\n<\/details>\n\n<details class=\"wp-block-details is-layout-flow wp-block-details-is-layout-flow\"><summary>18. Religion &amp; Belief<\/summary>\n<p>Todo ser humano tem direito \u00e0 liberdade de pensamento, consci\u00eancia e religi\u00e3o; esse direito inclui a liberdade de mudar de religi\u00e3o ou cren\u00e7a e a liberdade de manifestar sua religi\u00e3o ou cren\u00e7a, individual ou coletivamente, em p\u00fablico ou em particular, por meio de ensino, pr\u00e1tica, culto e observ\u00e2ncia.<\/p>\n<\/details>\n\n<details class=\"wp-block-details is-layout-flow wp-block-details-is-layout-flow\"><summary>19. Express\u00e3o<\/summary>\n<p>Todos t\u00eam o direito \u00e0 liberdade de opini\u00e3o e express\u00e3o; esse direito inclui a liberdade de ter opini\u00f5es sem interfer\u00eancia e de buscar, receber e transmitir informa\u00e7\u00f5es e ideias por meio de qualquer m\u00eddia e independentemente de fronteiras.<\/p>\n<\/details>\n\n<details class=\"wp-block-details is-layout-flow wp-block-details-is-layout-flow\"><summary>20. Montagem<\/summary>\n<p>1) Todos t\u00eam o direito \u00e0 liberdade de reuni\u00e3o e associa\u00e7\u00e3o pac\u00edficas.<\/p>\n\n\n\n<p>2) Ningu\u00e9m pode ser obrigado a pertencer a uma associa\u00e7\u00e3o.<\/p>\n<\/details>\n\n<details class=\"wp-block-details is-layout-flow wp-block-details-is-layout-flow\"><summary>21. Democracia<\/summary>\n<p>1) Todos t\u00eam o direito de participar do governo de seu pa\u00eds, diretamente ou por meio de representantes livremente escolhidos.<\/p>\n\n\n\n<p>2) Todos t\u00eam o direito de acesso igualit\u00e1rio ao servi\u00e7o p\u00fablico em seu pa\u00eds.<\/p>\n\n\n\n<p>3) A vontade do povo deve ser a base da autoridade do governo; essa vontade deve ser expressa em elei\u00e7\u00f5es peri\u00f3dicas e genu\u00ednas, que devem ser por sufr\u00e1gio universal e igualit\u00e1rio e devem ser realizadas por voto secreto ou por procedimentos equivalentes de vota\u00e7\u00e3o livre.<\/p>\n<\/details>\n\n<details class=\"wp-block-details is-layout-flow wp-block-details-is-layout-flow\"><summary>22. Seguridade social<\/summary>\n<p>Toda pessoa, como membro da sociedade, tem direito \u00e0 seguridade social e \u00e0 realiza\u00e7\u00e3o, mediante esfor\u00e7o nacional e coopera\u00e7\u00e3o internacional e de acordo com a organiza\u00e7\u00e3o e os recursos de cada Estado, dos direitos econ\u00f4micos, sociais e culturais indispens\u00e1veis \u00e0 sua dignidade e ao livre desenvolvimento de sua personalidade.<\/p>\n<\/details>\n\n<details class=\"wp-block-details is-layout-flow wp-block-details-is-layout-flow\"><summary>23. Trabalho<\/summary>\n<p>1) Todos t\u00eam o direito ao trabalho, \u00e0 livre escolha de emprego, a condi\u00e7\u00f5es justas e favor\u00e1veis de trabalho e \u00e0 prote\u00e7\u00e3o contra o desemprego.<\/p>\n\n\n\n<p>2) Todos, sem qualquer discrimina\u00e7\u00e3o, t\u00eam o direito de receber sal\u00e1rio igual por trabalho igual.<\/p>\n\n\n\n<p>3) Toda pessoa que trabalha tem o direito a uma remunera\u00e7\u00e3o justa e favor\u00e1vel que assegure a si e a sua fam\u00edlia uma exist\u00eancia digna da dignidade humana, e complementada, se necess\u00e1rio, por outros meios de prote\u00e7\u00e3o social.<\/p>\n\n\n\n<p>4) Todos t\u00eam o direito de formar e participar de sindicatos para a prote\u00e7\u00e3o de seus interesses.<\/p>\n<\/details>\n\n<details class=\"wp-block-details is-layout-flow wp-block-details-is-layout-flow\"><summary>24. Rest &amp; Leisure<\/summary>\n<p>Todos t\u00eam direito a descanso e lazer, incluindo limita\u00e7\u00e3o razo\u00e1vel das horas de trabalho e f\u00e9rias peri\u00f3dicas remuneradas.<\/p>\n<\/details>\n\n<details class=\"wp-block-details is-layout-flow wp-block-details-is-layout-flow\"><summary>25. Vida Adequada<\/summary>\n<p>1) Toda pessoa tem direito a um padr\u00e3o de vida capaz de assegurar a si e a sua fam\u00edlia sa\u00fade e bem-estar, inclusive alimenta\u00e7\u00e3o, vestu\u00e1rio, habita\u00e7\u00e3o, cuidados m\u00e9dicos e os servi\u00e7os sociais indispens\u00e1veis, e direito \u00e0 seguran\u00e7a em caso de desemprego, doen\u00e7a, invalidez, viuvez, velhice ou outros casos de perda dos meios de subsist\u00eancia em circunst\u00e2ncias fora de seu controle.<\/p>\n\n\n\n<p>2) A maternidade e a inf\u00e2ncia t\u00eam direito a cuidados e assist\u00eancia especiais. Todas as crian\u00e7as, nascidas dentro ou fora do casamento, devem gozar da mesma prote\u00e7\u00e3o social. <\/p>\n<\/details>\n\n<details class=\"wp-block-details is-layout-flow wp-block-details-is-layout-flow\"><summary>26. Educa\u00e7\u00e3o<\/summary>\n<p>1) Todos t\u00eam o direito \u00e0 educa\u00e7\u00e3o. A educa\u00e7\u00e3o deve ser gratuita, pelo menos nos est\u00e1gios elementar e fundamental. O ensino fundamental deve ser obrigat\u00f3rio. A educa\u00e7\u00e3o t\u00e9cnica e profissional dever\u00e1 ser disponibilizada de modo geral e a educa\u00e7\u00e3o superior dever\u00e1 ser igualmente acess\u00edvel a todos com base no m\u00e9rito.   <\/p>\n\n\n\n<p>2) A educa\u00e7\u00e3o deve ser direcionada para o pleno desenvolvimento da personalidade humana e para o fortalecimento do respeito aos direitos humanos e \u00e0s liberdades fundamentais. Dever\u00e1 promover a compreens\u00e3o, a toler\u00e2ncia e a amizade entre todas as na\u00e7\u00f5es, grupos raciais ou religiosos, e dever\u00e1 promover as atividades das Na\u00e7\u00f5es Unidas para a manuten\u00e7\u00e3o da paz. <\/p>\n\n\n\n<p>3) Os pais t\u00eam o direito pr\u00e9vio de escolher o tipo de educa\u00e7\u00e3o que ser\u00e1 dada a seus filhos.<\/p>\n<\/details>\n\n<details class=\"wp-block-details is-layout-flow wp-block-details-is-layout-flow\"><summary>27. Culture &amp; Copyright<\/summary>\n<p>1) Todos t\u00eam o direito de participar livremente da vida cultural da comunidade, de apreciar as artes e de compartilhar o avan\u00e7o cient\u00edfico e seus benef\u00edcios.<\/p>\n\n\n\n<p>2) Toda pessoa tem direito \u00e0 prote\u00e7\u00e3o dos interesses morais e materiais resultantes de qualquer produ\u00e7\u00e3o cient\u00edfica, liter\u00e1ria ou art\u00edstica da qual seja autor.<\/p>\n<\/details>\n\n<details class=\"wp-block-details is-layout-flow wp-block-details-is-layout-flow\"><summary>28. Free &amp; Fair World<\/summary>\n<p>Todos t\u00eam direito a uma ordem social e internacional na qual os direitos e liberdades estabelecidos nesta Declara\u00e7\u00e3o possam ser plenamente realizados.<\/p>\n<\/details>\n\n<details class=\"wp-block-details is-layout-flow wp-block-details-is-layout-flow\"><summary>29. Responsabilidade<\/summary>\n<p>1) Todos t\u00eam deveres para com a comunidade na qual somente o desenvolvimento livre e pleno de sua personalidade \u00e9 poss\u00edvel.<\/p>\n\n\n\n<p>2) No exerc\u00edcio de seus direitos e liberdades, toda pessoa estar\u00e1 sujeita apenas \u00e0s limita\u00e7\u00f5es determinadas por lei, exclusivamente com o objetivo de assegurar o devido reconhecimento e respeito aos direitos e liberdades de outrem e de atender \u00e0s justas exig\u00eancias da moral, da ordem p\u00fablica e do bem-estar geral em uma sociedade democr\u00e1tica.<\/p>\n\n\n\n<p>3) Esses direitos e liberdades n\u00e3o podem, em hip\u00f3tese alguma, ser exercidos de forma contr\u00e1ria aos prop\u00f3sitos e princ\u00edpios das Na\u00e7\u00f5es Unidas.<\/p>\n<\/details>\n\n<details class=\"wp-block-details is-layout-flow wp-block-details-is-layout-flow\"><summary>30. Indestrut\u00edvel<\/summary>\n<p>Nada nesta Declara\u00e7\u00e3o pode ser interpretado como implicando para qualquer Estado, grupo ou pessoa qualquer direito de se envolver em qualquer atividade ou realizar qualquer ato que vise \u00e0 destrui\u00e7\u00e3o de qualquer um dos direitos e liberdades aqui estabelecidos.<\/p>\n<\/details>\n","protected":false},"excerpt":{"rendered":"<p>A Conven\u00e7\u00e3o sobre os Direitos da Crian\u00e7a A lei de direitos humanos define uma crian\u00e7a como qualquer ser humano com menos de 18 anos de idade. Em 2014, o UNICEF estimou o n\u00famero total de crian\u00e7as no mundo em 2,2 bilh\u00f5es (The State of the World&#8217;s Children 2014 In Numbers: Every Child Counts). A crian\u00e7a [&hellip;]<\/p>\n","protected":false},"author":1,"featured_media":0,"parent":1595,"menu_order":0,"comment_status":"closed","ping_status":"closed","template":"","meta":{"_acf_changed":false,"inline_featured_image":false,"footnotes":""},"class_list":["post-3034","page","type-page","status-publish","hentry"],"acf":[],"yoast_head":"<!-- This site is optimized with the Yoast SEO plugin v27.4 - https:\/\/yoast.com\/product\/yoast-seo-wordpress\/ -->\n<title>GO-HRE Escrit\u00f3rio de Genebra para Educa\u00e7\u00e3o em Direitos Humanos - GO-HRE<\/title>\n<meta name=\"robots\" content=\"index, follow, max-snippet:-1, max-image-preview:large, max-video-preview:-1\" \/>\n<link rel=\"canonical\" href=\"https:\/\/go-hre.org\/pt-br\/recursos\/go-hre-escritorio-de-genebra-para-educacao-em-direitos-humanos\/\" \/>\n<meta property=\"og:locale\" content=\"pt_BR\" \/>\n<meta property=\"og:type\" content=\"article\" \/>\n<meta property=\"og:title\" content=\"GO-HRE Escrit\u00f3rio de Genebra para Educa\u00e7\u00e3o em Direitos Humanos - GO-HRE\" \/>\n<meta property=\"og:description\" content=\"A Conven\u00e7\u00e3o sobre os Direitos da Crian\u00e7a A lei de direitos humanos define uma crian\u00e7a como qualquer ser humano com menos de 18 anos de idade. Em 2014, o UNICEF estimou o n\u00famero total de crian\u00e7as no mundo em 2,2 bilh\u00f5es (The State of the World&#8217;s Children 2014 In Numbers: Every Child Counts). A crian\u00e7a [&hellip;]\" \/>\n<meta property=\"og:url\" content=\"https:\/\/go-hre.org\/pt-br\/recursos\/go-hre-escritorio-de-genebra-para-educacao-em-direitos-humanos\/\" \/>\n<meta property=\"og:site_name\" content=\"GO-HRE\" \/>\n<meta property=\"article:modified_time\" content=\"2025-06-04T03:39:25+00:00\" \/>\n<meta name=\"twitter:card\" content=\"summary_large_image\" \/>\n<meta name=\"twitter:label1\" content=\"Est. tempo de leitura\" \/>\n\t<meta name=\"twitter:data1\" content=\"9 minutos\" \/>\n<script type=\"application\/ld+json\" class=\"yoast-schema-graph\">{\"@context\":\"https:\\\/\\\/schema.org\",\"@graph\":[{\"@type\":\"WebPage\",\"@id\":\"https:\\\/\\\/go-hre.org\\\/pt-br\\\/recursos\\\/go-hre-escritorio-de-genebra-para-educacao-em-direitos-humanos\\\/\",\"url\":\"https:\\\/\\\/go-hre.org\\\/pt-br\\\/recursos\\\/go-hre-escritorio-de-genebra-para-educacao-em-direitos-humanos\\\/\",\"name\":\"GO-HRE Escrit\u00f3rio de Genebra para Educa\u00e7\u00e3o em Direitos Humanos - GO-HRE\",\"isPartOf\":{\"@id\":\"https:\\\/\\\/go-hre.org\\\/#website\"},\"datePublished\":\"2025-05-26T22:03:43+00:00\",\"dateModified\":\"2025-06-04T03:39:25+00:00\",\"breadcrumb\":{\"@id\":\"https:\\\/\\\/go-hre.org\\\/pt-br\\\/recursos\\\/go-hre-escritorio-de-genebra-para-educacao-em-direitos-humanos\\\/#breadcrumb\"},\"inLanguage\":\"pt-BR\",\"potentialAction\":[{\"@type\":\"ReadAction\",\"target\":[\"https:\\\/\\\/go-hre.org\\\/pt-br\\\/recursos\\\/go-hre-escritorio-de-genebra-para-educacao-em-direitos-humanos\\\/\"]}]},{\"@type\":\"BreadcrumbList\",\"@id\":\"https:\\\/\\\/go-hre.org\\\/pt-br\\\/recursos\\\/go-hre-escritorio-de-genebra-para-educacao-em-direitos-humanos\\\/#breadcrumb\",\"itemListElement\":[{\"@type\":\"ListItem\",\"position\":1,\"name\":\"Home\",\"item\":\"https:\\\/\\\/go-hre.org\\\/pt-br\\\/pagina-inicial\\\/\"},{\"@type\":\"ListItem\",\"position\":2,\"name\":\"Recursos\",\"item\":\"https:\\\/\\\/go-hre.org\\\/pt-br\\\/recursos\\\/\"},{\"@type\":\"ListItem\",\"position\":3,\"name\":\"GO-HRE Escrit\u00f3rio de Genebra para Educa\u00e7\u00e3o em Direitos Humanos\"}]},{\"@type\":\"WebSite\",\"@id\":\"https:\\\/\\\/go-hre.org\\\/#website\",\"url\":\"https:\\\/\\\/go-hre.org\\\/\",\"name\":\"GO-HRE\",\"description\":\"Escrit\u00f3rio de Genebra para Educa\u00e7\u00e3o em Direitos Humanos\",\"publisher\":{\"@id\":\"https:\\\/\\\/go-hre.org\\\/#organization\"},\"potentialAction\":[{\"@type\":\"SearchAction\",\"target\":{\"@type\":\"EntryPoint\",\"urlTemplate\":\"https:\\\/\\\/go-hre.org\\\/?s={search_term_string}\"},\"query-input\":{\"@type\":\"PropertyValueSpecification\",\"valueRequired\":true,\"valueName\":\"search_term_string\"}}],\"inLanguage\":\"pt-BR\"},{\"@type\":\"Organization\",\"@id\":\"https:\\\/\\\/go-hre.org\\\/#organization\",\"name\":\"GO-HRE\",\"url\":\"https:\\\/\\\/go-hre.org\\\/\",\"logo\":{\"@type\":\"ImageObject\",\"inLanguage\":\"pt-BR\",\"@id\":\"https:\\\/\\\/go-hre.org\\\/#\\\/schema\\\/logo\\\/image\\\/\",\"url\":\"https:\\\/\\\/go-hre.org\\\/wp-content\\\/uploads\\\/2025\\\/04\\\/favicon.png\",\"contentUrl\":\"https:\\\/\\\/go-hre.org\\\/wp-content\\\/uploads\\\/2025\\\/04\\\/favicon.png\",\"width\":258,\"height\":258,\"caption\":\"GO-HRE\"},\"image\":{\"@id\":\"https:\\\/\\\/go-hre.org\\\/#\\\/schema\\\/logo\\\/image\\\/\"}}]}<\/script>\n<!-- \/ Yoast SEO plugin. -->","yoast_head_json":{"title":"GO-HRE Escrit\u00f3rio de Genebra para Educa\u00e7\u00e3o em Direitos Humanos - GO-HRE","robots":{"index":"index","follow":"follow","max-snippet":"max-snippet:-1","max-image-preview":"max-image-preview:large","max-video-preview":"max-video-preview:-1"},"canonical":"https:\/\/go-hre.org\/pt-br\/recursos\/go-hre-escritorio-de-genebra-para-educacao-em-direitos-humanos\/","og_locale":"pt_BR","og_type":"article","og_title":"GO-HRE Escrit\u00f3rio de Genebra para Educa\u00e7\u00e3o em Direitos Humanos - GO-HRE","og_description":"A Conven\u00e7\u00e3o sobre os Direitos da Crian\u00e7a A lei de direitos humanos define uma crian\u00e7a como qualquer ser humano com menos de 18 anos de idade. Em 2014, o UNICEF estimou o n\u00famero total de crian\u00e7as no mundo em 2,2 bilh\u00f5es (The State of the World&#8217;s Children 2014 In Numbers: Every Child Counts). A crian\u00e7a [&hellip;]","og_url":"https:\/\/go-hre.org\/pt-br\/recursos\/go-hre-escritorio-de-genebra-para-educacao-em-direitos-humanos\/","og_site_name":"GO-HRE","article_modified_time":"2025-06-04T03:39:25+00:00","twitter_card":"summary_large_image","twitter_misc":{"Est. tempo de leitura":"9 minutos"},"schema":{"@context":"https:\/\/schema.org","@graph":[{"@type":"WebPage","@id":"https:\/\/go-hre.org\/pt-br\/recursos\/go-hre-escritorio-de-genebra-para-educacao-em-direitos-humanos\/","url":"https:\/\/go-hre.org\/pt-br\/recursos\/go-hre-escritorio-de-genebra-para-educacao-em-direitos-humanos\/","name":"GO-HRE Escrit\u00f3rio de Genebra para Educa\u00e7\u00e3o em Direitos Humanos - GO-HRE","isPartOf":{"@id":"https:\/\/go-hre.org\/#website"},"datePublished":"2025-05-26T22:03:43+00:00","dateModified":"2025-06-04T03:39:25+00:00","breadcrumb":{"@id":"https:\/\/go-hre.org\/pt-br\/recursos\/go-hre-escritorio-de-genebra-para-educacao-em-direitos-humanos\/#breadcrumb"},"inLanguage":"pt-BR","potentialAction":[{"@type":"ReadAction","target":["https:\/\/go-hre.org\/pt-br\/recursos\/go-hre-escritorio-de-genebra-para-educacao-em-direitos-humanos\/"]}]},{"@type":"BreadcrumbList","@id":"https:\/\/go-hre.org\/pt-br\/recursos\/go-hre-escritorio-de-genebra-para-educacao-em-direitos-humanos\/#breadcrumb","itemListElement":[{"@type":"ListItem","position":1,"name":"Home","item":"https:\/\/go-hre.org\/pt-br\/pagina-inicial\/"},{"@type":"ListItem","position":2,"name":"Recursos","item":"https:\/\/go-hre.org\/pt-br\/recursos\/"},{"@type":"ListItem","position":3,"name":"GO-HRE Escrit\u00f3rio de Genebra para Educa\u00e7\u00e3o em Direitos Humanos"}]},{"@type":"WebSite","@id":"https:\/\/go-hre.org\/#website","url":"https:\/\/go-hre.org\/","name":"GO-HRE","description":"Escrit\u00f3rio de Genebra para Educa\u00e7\u00e3o em Direitos Humanos","publisher":{"@id":"https:\/\/go-hre.org\/#organization"},"potentialAction":[{"@type":"SearchAction","target":{"@type":"EntryPoint","urlTemplate":"https:\/\/go-hre.org\/?s={search_term_string}"},"query-input":{"@type":"PropertyValueSpecification","valueRequired":true,"valueName":"search_term_string"}}],"inLanguage":"pt-BR"},{"@type":"Organization","@id":"https:\/\/go-hre.org\/#organization","name":"GO-HRE","url":"https:\/\/go-hre.org\/","logo":{"@type":"ImageObject","inLanguage":"pt-BR","@id":"https:\/\/go-hre.org\/#\/schema\/logo\/image\/","url":"https:\/\/go-hre.org\/wp-content\/uploads\/2025\/04\/favicon.png","contentUrl":"https:\/\/go-hre.org\/wp-content\/uploads\/2025\/04\/favicon.png","width":258,"height":258,"caption":"GO-HRE"},"image":{"@id":"https:\/\/go-hre.org\/#\/schema\/logo\/image\/"}}]}},"_links":{"self":[{"href":"https:\/\/go-hre.org\/pt-br\/wp-json\/wp\/v2\/pages\/3034","targetHints":{"allow":["GET"]}}],"collection":[{"href":"https:\/\/go-hre.org\/pt-br\/wp-json\/wp\/v2\/pages"}],"about":[{"href":"https:\/\/go-hre.org\/pt-br\/wp-json\/wp\/v2\/types\/page"}],"author":[{"embeddable":true,"href":"https:\/\/go-hre.org\/pt-br\/wp-json\/wp\/v2\/users\/1"}],"replies":[{"embeddable":true,"href":"https:\/\/go-hre.org\/pt-br\/wp-json\/wp\/v2\/comments?post=3034"}],"version-history":[{"count":2,"href":"https:\/\/go-hre.org\/pt-br\/wp-json\/wp\/v2\/pages\/3034\/revisions"}],"predecessor-version":[{"id":3036,"href":"https:\/\/go-hre.org\/pt-br\/wp-json\/wp\/v2\/pages\/3034\/revisions\/3036"}],"up":[{"embeddable":true,"href":"https:\/\/go-hre.org\/pt-br\/wp-json\/wp\/v2\/pages\/1595"}],"wp:attachment":[{"href":"https:\/\/go-hre.org\/pt-br\/wp-json\/wp\/v2\/media?parent=3034"}],"curies":[{"name":"wp","href":"https:\/\/api.w.org\/{rel}","templated":true}]}}