{"id":3040,"date":"2025-06-03T12:37:21","date_gmt":"2025-06-03T18:37:21","guid":{"rendered":"https:\/\/go-hre.org\/paises\/eua-materiais-para-jovens\/"},"modified":"2025-07-03T12:19:23","modified_gmt":"2025-07-03T18:19:23","slug":"eua-materiais-para-jovens","status":"publish","type":"page","link":"https:\/\/go-hre.org\/pt-br\/paises\/eua-materiais-para-jovens\/","title":{"rendered":"EUA: Materiais para jovens"},"content":{"rendered":"\n<p><strong>Conte\u00fado do curso:<\/strong><\/p>\n\n<ul class=\"wp-block-list pdf_links\">\n<li><a href=\"https:\/\/go-hre.org\/wp-content\/uploads\/2025\/04\/colega_eng_250421_sec_0.pdf\" data-type=\"attachment\" data-id=\"465\">Capa e \u00edndice<\/a><\/li>\n\n\n\n<li><a href=\"https:\/\/go-hre.org\/wp-content\/uploads\/2025\/04\/colega_eng_250421_sec_1.pdf\" data-type=\"attachment\" data-id=\"465\">Li\u00e7\u00e3o 1: Direito \u00e0 igualdade<\/a><\/li>\n\n\n\n<li><a href=\"https:\/\/go-hre.org\/wp-content\/uploads\/2025\/04\/colega_eng_250421_sec_2.pdf\" data-type=\"attachment\" data-id=\"466\">Li\u00e7\u00e3o 2: Direitos humanos iguais e inalien\u00e1veis<\/a><\/li>\n\n\n\n<li><a href=\"https:\/\/go-hre.org\/wp-content\/uploads\/2025\/04\/colega_eng_250421_sec_3.pdf\" data-type=\"attachment\" data-id=\"467\">Li\u00e7\u00e3o 3: Liberdade contra a discrimina\u00e7\u00e3o<\/a><\/li>\n\n\n\n<li><a href=\"https:\/\/go-hre.org\/wp-content\/uploads\/2025\/04\/colega_eng_250421_sec_4.pdf\" data-type=\"attachment\" data-id=\"468\">Li\u00e7\u00e3o 4: Liberdade de tratamento desumano<\/a><\/li>\n\n\n\n<li><a href=\"https:\/\/go-hre.org\/wp-content\/uploads\/2025\/04\/colega_eng_250421_sec_5.pdf\" data-type=\"attachment\" data-id=\"469\">Li\u00e7\u00e3o 5: Direito ao casamento e a uma fam\u00edlia<\/a><\/li>\n\n\n\n<li><a href=\"https:\/\/go-hre.org\/wp-content\/uploads\/2025\/04\/colega_eng_250421_sec_6.pdf\" data-type=\"attachment\" data-id=\"470\">Li\u00e7\u00e3o 6: Liberdade de religi\u00e3o e cren\u00e7a<\/a><\/li>\n\n\n\n<li><a href=\"https:\/\/go-hre.org\/wp-content\/uploads\/2025\/04\/colega_eng_250421_sec_7.pdf\" data-type=\"attachment\" data-id=\"471\">Li\u00e7\u00e3o 7: Liberdade de opini\u00e3o e express\u00e3o<\/a><\/li>\n\n\n\n<li><a href=\"https:\/\/go-hre.org\/wp-content\/uploads\/2025\/04\/colega_eng_250421_sec_8.pdf\" data-type=\"attachment\" data-id=\"472\">Li\u00e7\u00e3o 8: Direito ao reconhecimento legal<\/a><\/li>\n\n\n\n<li><a href=\"https:\/\/go-hre.org\/wp-content\/uploads\/2025\/04\/colega_eng_250421_sec_9.pdf\" data-type=\"attachment\" data-id=\"473\">Li\u00e7\u00e3o 9: Prote\u00e7\u00e3o contra o trabalho infantil<\/a><\/li>\n\n\n\n<li><a href=\"https:\/\/go-hre.org\/wp-content\/uploads\/2025\/04\/colega_eng_250421_sec_10a.pdf\" data-type=\"attachment\" data-id=\"474\">Li\u00e7\u00e3o 10A: Direito \u00e0 educa\u00e7\u00e3o<\/a><\/li>\n\n\n\n<li class=\"pdf_links\"><a href=\"https:\/\/go-hre.org\/wp-content\/uploads\/2025\/04\/colega_eng_250421_sec_10b.pdf\" data-type=\"attachment\" data-id=\"475\">Li\u00e7\u00e3o 10B: Nosso dever para com a comunidade e uns com os outros<\/a><\/li>\n<\/ul>\n\n<hr class=\"wp-block-separator has-alpha-channel-opacity\"\/>\n\n<ul class=\"wp-block-list pdf_links\">\n<li><a href=\"https:\/\/go-hre.org\/wp-content\/uploads\/2025\/06\/colega_eng_250421_sec_12.pdf\" data-type=\"attachment\" data-id=\"480\">Kit de ferramentas do facilitador<\/a><\/li>\n\n\n\n<li><a href=\"https:\/\/go-hre.org\/wp-content\/uploads\/2025\/04\/colega_eng_250421_sec_13.pdf\" data-type=\"attachment\" data-id=\"480\">Se\u00e7\u00e3o I: Informa\u00e7\u00f5es b\u00e1sicas<\/a><\/li>\n\n\n\n<li><a href=\"https:\/\/go-hre.org\/wp-content\/uploads\/2025\/04\/colega_eng_250421_sec_14.pdf\" data-type=\"attachment\" data-id=\"481\">Se\u00e7\u00e3o II: Diretrizes e dicas de ensino<\/a><\/li>\n\n\n\n<li><a href=\"https:\/\/go-hre.org\/wp-content\/uploads\/2025\/04\/colega_eng_250421_sec_15.pdf\" data-type=\"attachment\" data-id=\"482\">Se\u00e7\u00e3o III: M\u00fasicas<\/a><\/li>\n\n\n\n<li><a href=\"https:\/\/go-hre.org\/wp-content\/uploads\/2025\/04\/colega_eng_250421_sec_16.pdf\" data-type=\"attachment\" data-id=\"483\">Se\u00e7\u00e3o IV: Gloss\u00e1rio<\/a><\/li>\n\n\n\n<li><a href=\"https:\/\/go-hre.org\/wp-content\/uploads\/2025\/04\/colega_eng_250421_sec_17.pdf\" data-type=\"attachment\" data-id=\"484\">Se\u00e7\u00e3o V: Documentos da ONU<\/a><\/li>\n\n\n\n<li><a href=\"https:\/\/go-hre.org\/wp-content\/uploads\/2025\/04\/colega_eng_250421_sec_18.pdf\" data-type=\"attachment\" data-id=\"485\">Se\u00e7\u00e3o VI: Exemplos de avalia\u00e7\u00f5es<\/a><\/li>\n<\/ul>\n","protected":false},"excerpt":{"rendered":"<p>Conte\u00fado do curso:<\/p>\n","protected":false},"author":2,"featured_media":0,"parent":1581,"menu_order":0,"comment_status":"closed","ping_status":"closed","template":"","meta":{"_acf_changed":false,"inline_featured_image":false,"footnotes":""},"class_list":["post-3040","page","type-page","status-publish","hentry"],"acf":[],"yoast_head":"<!-- This site is optimized with the Yoast SEO plugin v27.3 - https:\/\/yoast.com\/product\/yoast-seo-wordpress\/ -->\n<title>EUA: Materiais para jovens - GO-HRE<\/title>\n<meta name=\"robots\" content=\"index, follow, max-snippet:-1, max-image-preview:large, max-video-preview:-1\" \/>\n<link rel=\"canonical\" href=\"https:\/\/go-hre.org\/pt-br\/paises\/eua-materiais-para-jovens\/\" \/>\n<meta property=\"og:locale\" content=\"pt_BR\" \/>\n<meta property=\"og:type\" content=\"article\" \/>\n<meta property=\"og:title\" content=\"EUA: Materiais para jovens - GO-HRE\" \/>\n<meta property=\"og:description\" content=\"Conte\u00fado do curso:\" \/>\n<meta property=\"og:url\" content=\"https:\/\/go-hre.org\/pt-br\/paises\/eua-materiais-para-jovens\/\" \/>\n<meta property=\"og:site_name\" content=\"GO-HRE\" \/>\n<meta property=\"article:modified_time\" content=\"2025-07-03T18:19:23+00:00\" \/>\n<meta name=\"twitter:card\" content=\"summary_large_image\" \/>\n<meta name=\"twitter:label1\" content=\"Est. tempo de leitura\" \/>\n\t<meta name=\"twitter:data1\" content=\"1 minuto\" \/>\n<script type=\"application\/ld+json\" class=\"yoast-schema-graph\">{\"@context\":\"https:\\\/\\\/schema.org\",\"@graph\":[{\"@type\":\"WebPage\",\"@id\":\"https:\\\/\\\/go-hre.org\\\/pt-br\\\/paises\\\/eua-materiais-para-jovens\\\/\",\"url\":\"https:\\\/\\\/go-hre.org\\\/pt-br\\\/paises\\\/eua-materiais-para-jovens\\\/\",\"name\":\"EUA: Materiais para jovens - GO-HRE\",\"isPartOf\":{\"@id\":\"https:\\\/\\\/go-hre.org\\\/#website\"},\"datePublished\":\"2025-06-03T18:37:21+00:00\",\"dateModified\":\"2025-07-03T18:19:23+00:00\",\"breadcrumb\":{\"@id\":\"https:\\\/\\\/go-hre.org\\\/pt-br\\\/paises\\\/eua-materiais-para-jovens\\\/#breadcrumb\"},\"inLanguage\":\"pt-BR\",\"potentialAction\":[{\"@type\":\"ReadAction\",\"target\":[\"https:\\\/\\\/go-hre.org\\\/pt-br\\\/paises\\\/eua-materiais-para-jovens\\\/\"]}]},{\"@type\":\"BreadcrumbList\",\"@id\":\"https:\\\/\\\/go-hre.org\\\/pt-br\\\/paises\\\/eua-materiais-para-jovens\\\/#breadcrumb\",\"itemListElement\":[{\"@type\":\"ListItem\",\"position\":1,\"name\":\"Home\",\"item\":\"https:\\\/\\\/go-hre.org\\\/pt-br\\\/pagina-inicial\\\/\"},{\"@type\":\"ListItem\",\"position\":2,\"name\":\"Pa\u00edses\",\"item\":\"https:\\\/\\\/go-hre.org\\\/pt-br\\\/paises\\\/\"},{\"@type\":\"ListItem\",\"position\":3,\"name\":\"EUA: Materiais para jovens\"}]},{\"@type\":\"WebSite\",\"@id\":\"https:\\\/\\\/go-hre.org\\\/#website\",\"url\":\"https:\\\/\\\/go-hre.org\\\/\",\"name\":\"GO-HRE\",\"description\":\"Escrit\u00f3rio de Genebra para Educa\u00e7\u00e3o em Direitos Humanos\",\"publisher\":{\"@id\":\"https:\\\/\\\/go-hre.org\\\/#organization\"},\"potentialAction\":[{\"@type\":\"SearchAction\",\"target\":{\"@type\":\"EntryPoint\",\"urlTemplate\":\"https:\\\/\\\/go-hre.org\\\/?s={search_term_string}\"},\"query-input\":{\"@type\":\"PropertyValueSpecification\",\"valueRequired\":true,\"valueName\":\"search_term_string\"}}],\"inLanguage\":\"pt-BR\"},{\"@type\":\"Organization\",\"@id\":\"https:\\\/\\\/go-hre.org\\\/#organization\",\"name\":\"GO-HRE\",\"url\":\"https:\\\/\\\/go-hre.org\\\/\",\"logo\":{\"@type\":\"ImageObject\",\"inLanguage\":\"pt-BR\",\"@id\":\"https:\\\/\\\/go-hre.org\\\/#\\\/schema\\\/logo\\\/image\\\/\",\"url\":\"https:\\\/\\\/go-hre.org\\\/wp-content\\\/uploads\\\/2025\\\/04\\\/favicon.png\",\"contentUrl\":\"https:\\\/\\\/go-hre.org\\\/wp-content\\\/uploads\\\/2025\\\/04\\\/favicon.png\",\"width\":258,\"height\":258,\"caption\":\"GO-HRE\"},\"image\":{\"@id\":\"https:\\\/\\\/go-hre.org\\\/#\\\/schema\\\/logo\\\/image\\\/\"}}]}<\/script>\n<!-- \/ Yoast SEO plugin. -->","yoast_head_json":{"title":"EUA: Materiais para jovens - GO-HRE","robots":{"index":"index","follow":"follow","max-snippet":"max-snippet:-1","max-image-preview":"max-image-preview:large","max-video-preview":"max-video-preview:-1"},"canonical":"https:\/\/go-hre.org\/pt-br\/paises\/eua-materiais-para-jovens\/","og_locale":"pt_BR","og_type":"article","og_title":"EUA: Materiais para jovens - GO-HRE","og_description":"Conte\u00fado do curso:","og_url":"https:\/\/go-hre.org\/pt-br\/paises\/eua-materiais-para-jovens\/","og_site_name":"GO-HRE","article_modified_time":"2025-07-03T18:19:23+00:00","twitter_card":"summary_large_image","twitter_misc":{"Est. tempo de leitura":"1 minuto"},"schema":{"@context":"https:\/\/schema.org","@graph":[{"@type":"WebPage","@id":"https:\/\/go-hre.org\/pt-br\/paises\/eua-materiais-para-jovens\/","url":"https:\/\/go-hre.org\/pt-br\/paises\/eua-materiais-para-jovens\/","name":"EUA: Materiais para jovens - GO-HRE","isPartOf":{"@id":"https:\/\/go-hre.org\/#website"},"datePublished":"2025-06-03T18:37:21+00:00","dateModified":"2025-07-03T18:19:23+00:00","breadcrumb":{"@id":"https:\/\/go-hre.org\/pt-br\/paises\/eua-materiais-para-jovens\/#breadcrumb"},"inLanguage":"pt-BR","potentialAction":[{"@type":"ReadAction","target":["https:\/\/go-hre.org\/pt-br\/paises\/eua-materiais-para-jovens\/"]}]},{"@type":"BreadcrumbList","@id":"https:\/\/go-hre.org\/pt-br\/paises\/eua-materiais-para-jovens\/#breadcrumb","itemListElement":[{"@type":"ListItem","position":1,"name":"Home","item":"https:\/\/go-hre.org\/pt-br\/pagina-inicial\/"},{"@type":"ListItem","position":2,"name":"Pa\u00edses","item":"https:\/\/go-hre.org\/pt-br\/paises\/"},{"@type":"ListItem","position":3,"name":"EUA: Materiais para jovens"}]},{"@type":"WebSite","@id":"https:\/\/go-hre.org\/#website","url":"https:\/\/go-hre.org\/","name":"GO-HRE","description":"Escrit\u00f3rio de Genebra para Educa\u00e7\u00e3o em Direitos Humanos","publisher":{"@id":"https:\/\/go-hre.org\/#organization"},"potentialAction":[{"@type":"SearchAction","target":{"@type":"EntryPoint","urlTemplate":"https:\/\/go-hre.org\/?s={search_term_string}"},"query-input":{"@type":"PropertyValueSpecification","valueRequired":true,"valueName":"search_term_string"}}],"inLanguage":"pt-BR"},{"@type":"Organization","@id":"https:\/\/go-hre.org\/#organization","name":"GO-HRE","url":"https:\/\/go-hre.org\/","logo":{"@type":"ImageObject","inLanguage":"pt-BR","@id":"https:\/\/go-hre.org\/#\/schema\/logo\/image\/","url":"https:\/\/go-hre.org\/wp-content\/uploads\/2025\/04\/favicon.png","contentUrl":"https:\/\/go-hre.org\/wp-content\/uploads\/2025\/04\/favicon.png","width":258,"height":258,"caption":"GO-HRE"},"image":{"@id":"https:\/\/go-hre.org\/#\/schema\/logo\/image\/"}}]}},"_links":{"self":[{"href":"https:\/\/go-hre.org\/pt-br\/wp-json\/wp\/v2\/pages\/3040","targetHints":{"allow":["GET"]}}],"collection":[{"href":"https:\/\/go-hre.org\/pt-br\/wp-json\/wp\/v2\/pages"}],"about":[{"href":"https:\/\/go-hre.org\/pt-br\/wp-json\/wp\/v2\/types\/page"}],"author":[{"embeddable":true,"href":"https:\/\/go-hre.org\/pt-br\/wp-json\/wp\/v2\/users\/2"}],"replies":[{"embeddable":true,"href":"https:\/\/go-hre.org\/pt-br\/wp-json\/wp\/v2\/comments?post=3040"}],"version-history":[{"count":3,"href":"https:\/\/go-hre.org\/pt-br\/wp-json\/wp\/v2\/pages\/3040\/revisions"}],"predecessor-version":[{"id":4019,"href":"https:\/\/go-hre.org\/pt-br\/wp-json\/wp\/v2\/pages\/3040\/revisions\/4019"}],"up":[{"embeddable":true,"href":"https:\/\/go-hre.org\/pt-br\/wp-json\/wp\/v2\/pages\/1581"}],"wp:attachment":[{"href":"https:\/\/go-hre.org\/pt-br\/wp-json\/wp\/v2\/media?parent=3040"}],"curies":[{"name":"wp","href":"https:\/\/api.w.org\/{rel}","templated":true}]}}