{"id":4487,"date":"2025-05-24T19:55:00","date_gmt":"2025-05-25T01:55:00","guid":{"rendered":"https:\/\/go-hre.org\/paises\/guatemala-materiais-primarios\/"},"modified":"2025-07-08T13:53:08","modified_gmt":"2025-07-08T19:53:08","slug":"guatemala-materiais-primarios","status":"publish","type":"page","link":"https:\/\/go-hre.org\/pt-br\/paises\/guatemala-materiais-primarios\/","title":{"rendered":"Guatemala: Materiais prim\u00e1rios"},"content":{"rendered":"\n<p><strong>Conte\u00fado do curso:<\/strong><\/p>\n\n<ul class=\"wp-block-list pdf_links\">\n<li><a href=\"https:\/\/go-hre.org\/wp-content\/uploads\/2025\/05\/colega_gua_250326_pri_0.pdf\" data-type=\"attachment\" data-id=\"1963\">Portada e \u00edndice de conte\u00fado<\/a><\/li>\n\n\n\n<li><a href=\"https:\/\/go-hre.org\/wp-content\/uploads\/2025\/05\/colega_gua_250326_pri_1.pdf\" data-type=\"attachment\" data-id=\"1907\">1A e 1B: Direito \u00e0 igualdade - Nac\u00ed libre<\/a><\/li>\n\n\n\n<li><a href=\"https:\/\/go-hre.org\/wp-content\/uploads\/2025\/05\/colega_gua_250326_pri_2.pdf\" data-type=\"attachment\" data-id=\"1911\">2A e 2B: Direitos humanos iguais e inalien\u00e1veis - Tenho direitos<\/a><\/li>\n\n\n\n<li><a href=\"https:\/\/go-hre.org\/wp-content\/uploads\/2025\/05\/colega_gua_250326_pri_3.pdf\" data-type=\"attachment\" data-id=\"1967\">3A E 3B: Livre de discrimina\u00e7\u00e3o - Voc\u00ea est\u00e1 discriminando?<\/a><\/li>\n\n\n\n<li><a href=\"https:\/\/go-hre.org\/wp-content\/uploads\/2025\/05\/colega_gua_250326_pri_4.pdf\" data-type=\"attachment\" data-id=\"1971\">4A E 4B: Livre de intimida\u00e7\u00e3o - N\u00e3o se permite intimida\u00e7\u00e3o<\/a><\/li>\n\n\n\n<li><a href=\"https:\/\/go-hre.org\/wp-content\/uploads\/2025\/05\/colega_gua_250326_pri_5.pdf\" data-type=\"attachment\" data-id=\"1915\">5A e 5B: Derecho al matramonio y a una familia - La familia, una cosa hermosa<\/a><\/li>\n\n\n\n<li><a href=\"https:\/\/go-hre.org\/wp-content\/uploads\/2025\/05\/colega_gua_250326_pri_6.pdf\" data-type=\"attachment\" data-id=\"1919\">6A e 6B: Liberdade de religi\u00e3o ou cren\u00e7a - Voc\u00ea pode escolher<\/a><\/li>\n\n\n\n<li><a href=\"https:\/\/go-hre.org\/wp-content\/uploads\/2025\/05\/colega_gua_250326_pri_7.pdf\" data-type=\"attachment\" data-id=\"1923\">7A e 7B: Liberdade de express\u00e3o - As palavras fazem a diferen\u00e7a<\/a><\/li>\n\n\n\n<li><a href=\"https:\/\/go-hre.org\/wp-content\/uploads\/2025\/05\/colega_gua_250326_pri_8.pdf\" data-type=\"attachment\" data-id=\"1927\">8A e 8B: Direito ao reconhecimento legal - Meu direito de ser voc\u00ea<\/a><\/li>\n\n\n\n<li><a href=\"https:\/\/go-hre.org\/wp-content\/uploads\/2025\/05\/colega_gua_250326_pri_9.pdf\" data-type=\"attachment\" data-id=\"1975\">9A e 9B: Prote\u00e7\u00e3o contra o trabalho infantil - O trabalho infantil n\u00e3o \u00e9 justo<\/a><\/li>\n\n\n\n<li><a href=\"https:\/\/go-hre.org\/wp-content\/uploads\/2025\/05\/colega_gua_250326_pri_10a.pdf\" data-type=\"attachment\" data-id=\"1931\">10A: Direito \u00e0 educa\u00e7\u00e3o - Voc\u00ea pode ir para a escola?<\/a><\/li>\n\n\n\n<li><a href=\"https:\/\/go-hre.org\/wp-content\/uploads\/2025\/05\/colega_gua_250326_pri_10b.pdf\" data-type=\"attachment\" data-id=\"1979\">10B: Nossa responsabilidade para com a comunidade - Nossa responsabilidade para com a comunidade<\/a><\/li>\n<\/ul>\n\n<hr class=\"wp-block-separator has-alpha-channel-opacity\"\/>\n\n<p><strong>Voc\u00ea deve se preparar para o facilitador:<\/strong><\/p>\n\n<ul class=\"wp-block-list pdf_links\">\n<li><a href=\"https:\/\/go-hre.org\/wp-content\/uploads\/2025\/05\/colega_gua_250326_pri_13.pdf\" data-type=\"attachment\" data-id=\"1935\">I: Informa\u00e7\u00f5es de contexto<\/a><\/li>\n\n\n\n<li><a href=\"https:\/\/go-hre.org\/wp-content\/uploads\/2025\/05\/colega_gua_250326_pri_14.pdf\" data-type=\"attachment\" data-id=\"1939\">II: Perguntas e conselhos did\u00e1ticos<\/a><\/li>\n\n\n\n<li><a href=\"https:\/\/go-hre.org\/wp-content\/uploads\/2025\/05\/colega_gua_250326_pri_15.pdf\" data-type=\"attachment\" data-id=\"1943\">III: Can\u00e7\u00f5es<\/a><\/li>\n\n\n\n<li><a href=\"https:\/\/go-hre.org\/wp-content\/uploads\/2025\/05\/colega_gua_250326_pri_16.pdf\" data-type=\"attachment\" data-id=\"1947\">IV: Glos\u00e1rio<\/a><\/li>\n\n\n\n<li><a href=\"https:\/\/go-hre.org\/wp-content\/uploads\/2025\/05\/colega_gua_250326_pri_17.pdf\" data-type=\"attachment\" data-id=\"1987\">V: Documentos<\/a><\/li>\n\n\n\n<li><a href=\"https:\/\/go-hre.org\/wp-content\/uploads\/2025\/05\/colega_gua_250326_pri_18.pdf\" data-type=\"attachment\" data-id=\"1951\">VI: Avalia\u00e7\u00f5es de demonstra\u00e7\u00e3o<\/a><\/li>\n\n\n\n<li><a href=\"https:\/\/go-hre.org\/wp-content\/uploads\/2025\/05\/colega_gua_250326_pri_19.pdf\" data-type=\"attachment\" data-id=\"1955\">VII: Mini p\u00f4steres e jogos<\/a><\/li>\n<\/ul>\n","protected":false},"excerpt":{"rendered":"<p>Conte\u00fado do curso: Voc\u00ea deve se preparar para o facilitador:<\/p>\n","protected":false},"author":2,"featured_media":0,"parent":1581,"menu_order":0,"comment_status":"closed","ping_status":"closed","template":"","meta":{"_acf_changed":false,"inline_featured_image":false,"footnotes":""},"class_list":["post-4487","page","type-page","status-publish","hentry"],"acf":[],"yoast_head":"<!-- This site is optimized with the Yoast SEO plugin v27.4 - https:\/\/yoast.com\/product\/yoast-seo-wordpress\/ -->\n<title>Guatemala: Materiais prim\u00e1rios - GO-HRE<\/title>\n<meta name=\"robots\" content=\"index, follow, max-snippet:-1, max-image-preview:large, max-video-preview:-1\" \/>\n<link rel=\"canonical\" href=\"https:\/\/go-hre.org\/pt-br\/paises\/guatemala-materiais-primarios\/\" \/>\n<meta property=\"og:locale\" content=\"pt_BR\" \/>\n<meta property=\"og:type\" content=\"article\" \/>\n<meta property=\"og:title\" content=\"Guatemala: Materiais prim\u00e1rios - GO-HRE\" \/>\n<meta property=\"og:description\" content=\"Conte\u00fado do curso: Voc\u00ea deve se preparar para o facilitador:\" \/>\n<meta property=\"og:url\" content=\"https:\/\/go-hre.org\/pt-br\/paises\/guatemala-materiais-primarios\/\" \/>\n<meta property=\"og:site_name\" content=\"GO-HRE\" \/>\n<meta property=\"article:modified_time\" content=\"2025-07-08T19:53:08+00:00\" \/>\n<meta name=\"twitter:card\" content=\"summary_large_image\" \/>\n<meta name=\"twitter:label1\" content=\"Est. tempo de leitura\" \/>\n\t<meta name=\"twitter:data1\" content=\"1 minuto\" \/>\n<script type=\"application\/ld+json\" class=\"yoast-schema-graph\">{\"@context\":\"https:\\\/\\\/schema.org\",\"@graph\":[{\"@type\":\"WebPage\",\"@id\":\"https:\\\/\\\/go-hre.org\\\/pt-br\\\/paises\\\/guatemala-materiais-primarios\\\/\",\"url\":\"https:\\\/\\\/go-hre.org\\\/pt-br\\\/paises\\\/guatemala-materiais-primarios\\\/\",\"name\":\"Guatemala: Materiais prim\u00e1rios - GO-HRE\",\"isPartOf\":{\"@id\":\"https:\\\/\\\/go-hre.org\\\/#website\"},\"datePublished\":\"2025-05-25T01:55:00+00:00\",\"dateModified\":\"2025-07-08T19:53:08+00:00\",\"breadcrumb\":{\"@id\":\"https:\\\/\\\/go-hre.org\\\/pt-br\\\/paises\\\/guatemala-materiais-primarios\\\/#breadcrumb\"},\"inLanguage\":\"pt-BR\",\"potentialAction\":[{\"@type\":\"ReadAction\",\"target\":[\"https:\\\/\\\/go-hre.org\\\/pt-br\\\/paises\\\/guatemala-materiais-primarios\\\/\"]}]},{\"@type\":\"BreadcrumbList\",\"@id\":\"https:\\\/\\\/go-hre.org\\\/pt-br\\\/paises\\\/guatemala-materiais-primarios\\\/#breadcrumb\",\"itemListElement\":[{\"@type\":\"ListItem\",\"position\":1,\"name\":\"Home\",\"item\":\"https:\\\/\\\/go-hre.org\\\/pt-br\\\/pagina-inicial\\\/\"},{\"@type\":\"ListItem\",\"position\":2,\"name\":\"Pa\u00edses\",\"item\":\"https:\\\/\\\/go-hre.org\\\/pt-br\\\/paises\\\/\"},{\"@type\":\"ListItem\",\"position\":3,\"name\":\"Guatemala: Materiais prim\u00e1rios\"}]},{\"@type\":\"WebSite\",\"@id\":\"https:\\\/\\\/go-hre.org\\\/#website\",\"url\":\"https:\\\/\\\/go-hre.org\\\/\",\"name\":\"GO-HRE\",\"description\":\"Escrit\u00f3rio de Genebra para Educa\u00e7\u00e3o em Direitos Humanos\",\"publisher\":{\"@id\":\"https:\\\/\\\/go-hre.org\\\/#organization\"},\"potentialAction\":[{\"@type\":\"SearchAction\",\"target\":{\"@type\":\"EntryPoint\",\"urlTemplate\":\"https:\\\/\\\/go-hre.org\\\/?s={search_term_string}\"},\"query-input\":{\"@type\":\"PropertyValueSpecification\",\"valueRequired\":true,\"valueName\":\"search_term_string\"}}],\"inLanguage\":\"pt-BR\"},{\"@type\":\"Organization\",\"@id\":\"https:\\\/\\\/go-hre.org\\\/#organization\",\"name\":\"GO-HRE\",\"url\":\"https:\\\/\\\/go-hre.org\\\/\",\"logo\":{\"@type\":\"ImageObject\",\"inLanguage\":\"pt-BR\",\"@id\":\"https:\\\/\\\/go-hre.org\\\/#\\\/schema\\\/logo\\\/image\\\/\",\"url\":\"https:\\\/\\\/go-hre.org\\\/wp-content\\\/uploads\\\/2025\\\/04\\\/favicon.png\",\"contentUrl\":\"https:\\\/\\\/go-hre.org\\\/wp-content\\\/uploads\\\/2025\\\/04\\\/favicon.png\",\"width\":258,\"height\":258,\"caption\":\"GO-HRE\"},\"image\":{\"@id\":\"https:\\\/\\\/go-hre.org\\\/#\\\/schema\\\/logo\\\/image\\\/\"}}]}<\/script>\n<!-- \/ Yoast SEO plugin. -->","yoast_head_json":{"title":"Guatemala: Materiais prim\u00e1rios - GO-HRE","robots":{"index":"index","follow":"follow","max-snippet":"max-snippet:-1","max-image-preview":"max-image-preview:large","max-video-preview":"max-video-preview:-1"},"canonical":"https:\/\/go-hre.org\/pt-br\/paises\/guatemala-materiais-primarios\/","og_locale":"pt_BR","og_type":"article","og_title":"Guatemala: Materiais prim\u00e1rios - GO-HRE","og_description":"Conte\u00fado do curso: Voc\u00ea deve se preparar para o facilitador:","og_url":"https:\/\/go-hre.org\/pt-br\/paises\/guatemala-materiais-primarios\/","og_site_name":"GO-HRE","article_modified_time":"2025-07-08T19:53:08+00:00","twitter_card":"summary_large_image","twitter_misc":{"Est. tempo de leitura":"1 minuto"},"schema":{"@context":"https:\/\/schema.org","@graph":[{"@type":"WebPage","@id":"https:\/\/go-hre.org\/pt-br\/paises\/guatemala-materiais-primarios\/","url":"https:\/\/go-hre.org\/pt-br\/paises\/guatemala-materiais-primarios\/","name":"Guatemala: Materiais prim\u00e1rios - GO-HRE","isPartOf":{"@id":"https:\/\/go-hre.org\/#website"},"datePublished":"2025-05-25T01:55:00+00:00","dateModified":"2025-07-08T19:53:08+00:00","breadcrumb":{"@id":"https:\/\/go-hre.org\/pt-br\/paises\/guatemala-materiais-primarios\/#breadcrumb"},"inLanguage":"pt-BR","potentialAction":[{"@type":"ReadAction","target":["https:\/\/go-hre.org\/pt-br\/paises\/guatemala-materiais-primarios\/"]}]},{"@type":"BreadcrumbList","@id":"https:\/\/go-hre.org\/pt-br\/paises\/guatemala-materiais-primarios\/#breadcrumb","itemListElement":[{"@type":"ListItem","position":1,"name":"Home","item":"https:\/\/go-hre.org\/pt-br\/pagina-inicial\/"},{"@type":"ListItem","position":2,"name":"Pa\u00edses","item":"https:\/\/go-hre.org\/pt-br\/paises\/"},{"@type":"ListItem","position":3,"name":"Guatemala: Materiais prim\u00e1rios"}]},{"@type":"WebSite","@id":"https:\/\/go-hre.org\/#website","url":"https:\/\/go-hre.org\/","name":"GO-HRE","description":"Escrit\u00f3rio de Genebra para Educa\u00e7\u00e3o em Direitos Humanos","publisher":{"@id":"https:\/\/go-hre.org\/#organization"},"potentialAction":[{"@type":"SearchAction","target":{"@type":"EntryPoint","urlTemplate":"https:\/\/go-hre.org\/?s={search_term_string}"},"query-input":{"@type":"PropertyValueSpecification","valueRequired":true,"valueName":"search_term_string"}}],"inLanguage":"pt-BR"},{"@type":"Organization","@id":"https:\/\/go-hre.org\/#organization","name":"GO-HRE","url":"https:\/\/go-hre.org\/","logo":{"@type":"ImageObject","inLanguage":"pt-BR","@id":"https:\/\/go-hre.org\/#\/schema\/logo\/image\/","url":"https:\/\/go-hre.org\/wp-content\/uploads\/2025\/04\/favicon.png","contentUrl":"https:\/\/go-hre.org\/wp-content\/uploads\/2025\/04\/favicon.png","width":258,"height":258,"caption":"GO-HRE"},"image":{"@id":"https:\/\/go-hre.org\/#\/schema\/logo\/image\/"}}]}},"_links":{"self":[{"href":"https:\/\/go-hre.org\/pt-br\/wp-json\/wp\/v2\/pages\/4487","targetHints":{"allow":["GET"]}}],"collection":[{"href":"https:\/\/go-hre.org\/pt-br\/wp-json\/wp\/v2\/pages"}],"about":[{"href":"https:\/\/go-hre.org\/pt-br\/wp-json\/wp\/v2\/types\/page"}],"author":[{"embeddable":true,"href":"https:\/\/go-hre.org\/pt-br\/wp-json\/wp\/v2\/users\/2"}],"replies":[{"embeddable":true,"href":"https:\/\/go-hre.org\/pt-br\/wp-json\/wp\/v2\/comments?post=4487"}],"version-history":[{"count":2,"href":"https:\/\/go-hre.org\/pt-br\/wp-json\/wp\/v2\/pages\/4487\/revisions"}],"predecessor-version":[{"id":4543,"href":"https:\/\/go-hre.org\/pt-br\/wp-json\/wp\/v2\/pages\/4487\/revisions\/4543"}],"up":[{"embeddable":true,"href":"https:\/\/go-hre.org\/pt-br\/wp-json\/wp\/v2\/pages\/1581"}],"wp:attachment":[{"href":"https:\/\/go-hre.org\/pt-br\/wp-json\/wp\/v2\/media?parent=4487"}],"curies":[{"name":"wp","href":"https:\/\/api.w.org\/{rel}","templated":true}]}}