{"id":4505,"date":"2025-05-24T23:27:37","date_gmt":"2025-05-25T05:27:37","guid":{"rendered":"https:\/\/go-hre.org\/paises\/filipinas-manual-primario\/"},"modified":"2025-07-08T13:36:27","modified_gmt":"2025-07-08T19:36:27","slug":"filipinas-manual-primario","status":"publish","type":"page","link":"https:\/\/go-hre.org\/pt-br\/paises\/filipinas-manual-primario\/","title":{"rendered":"Filipinas: Manual Prim\u00e1rio"},"content":{"rendered":"\n<p><strong>Conte\u00fado do curso:<\/strong><\/p>\n\n<ul class=\"wp-block-list pdf_links\">\n<li><a href=\"https:\/\/go-hre.org\/wp-content\/uploads\/2025\/05\/colega_phi_250219_pri_0.pdf\" data-type=\"attachment\" data-id=\"2019\">Capa e \u00edndice<\/a><\/li>\n\n\n\n<li><a href=\"https:\/\/go-hre.org\/wp-content\/uploads\/2025\/05\/colega_phi_250219_pri_1.pdf\" data-type=\"attachment\" data-id=\"2023\">1A e 1B: Direito \u00e0 igualdade - Born Free<\/a><\/li>\n\n\n\n<li><a href=\"https:\/\/go-hre.org\/wp-content\/uploads\/2025\/05\/colega_phi_250219_pri_2.pdf\" data-type=\"attachment\" data-id=\"2027\">2A e 2B: Direitos humanos iguais e inalien\u00e1veis - Eu tenho direitos<\/a><\/li>\n\n\n\n<li><a href=\"https:\/\/go-hre.org\/wp-content\/uploads\/2025\/05\/colega_phi_250219_pri_3.pdf\" data-type=\"attachment\" data-id=\"2031\">3A E 3B: Liberdade contra a discrimina\u00e7\u00e3o - Isso \u00e9 discrimina\u00e7\u00e3o?<\/a><\/li>\n\n\n\n<li><a href=\"https:\/\/go-hre.org\/wp-content\/uploads\/2025\/05\/colega_phi_250219_pri_4.pdf\" data-type=\"attachment\" data-id=\"2035\">4A E 4B: Liberdade do bullying - N\u00e3o \u00e9 permitido o bullying<\/a><\/li>\n\n\n\n<li><a href=\"https:\/\/go-hre.org\/wp-content\/uploads\/2025\/05\/colega_phi_250219_pri_5.pdf\" data-type=\"attachment\" data-id=\"2039\">5A e 5B: Direito ao casamento e \u00e0 fam\u00edlia - Fam\u00edlia, uma coisa linda<\/a><\/li>\n\n\n\n<li><a href=\"https:\/\/go-hre.org\/wp-content\/uploads\/2025\/05\/colega_phi_250219_pri_6.pdf\" data-type=\"attachment\" data-id=\"2043\">6A e 6B: Liberdade de religi\u00e3o ou cren\u00e7a - Eu posso escolher!<\/a><\/li>\n\n\n\n<li><a href=\"https:\/\/go-hre.org\/wp-content\/uploads\/2025\/05\/colega_phi_250219_pri_7.pdf\" data-type=\"attachment\" data-id=\"2047\">7A e 7B: Liberdade de express\u00e3o - As palavras fazem a diferen\u00e7a<\/a><\/li>\n\n\n\n<li><a href=\"https:\/\/go-hre.org\/wp-content\/uploads\/2025\/05\/colega_phi_250219_pri_8.pdf\" data-type=\"attachment\" data-id=\"2051\">8A e 8B: Direito ao reconhecimento legal - Meu direito de ser eu<\/a><\/li>\n\n\n\n<li><a href=\"https:\/\/go-hre.org\/wp-content\/uploads\/2025\/05\/colega_phi_250219_pri_9.pdf\" data-type=\"attachment\" data-id=\"2055\">9A e 9B: Prote\u00e7\u00e3o contra o trabalho infantil - O trabalho infantil n\u00e3o \u00e9 justo!<\/a><\/li>\n\n\n\n<li><a href=\"https:\/\/go-hre.org\/wp-content\/uploads\/2025\/05\/colega_phi_250219_pri_10a.pdf\" data-type=\"attachment\" data-id=\"2059\">10A: Direito \u00e0 educa\u00e7\u00e3o - Eu posso ir \u00e0 escola<\/a><\/li>\n\n\n\n<li><a href=\"https:\/\/go-hre.org\/wp-content\/uploads\/2025\/05\/colega_phi_250219_pri_10b.pdf\" data-type=\"attachment\" data-id=\"2063\">10B: Responsabilidade para com a comunidade - Nossa responsabilidade para com a comunidade<\/a><\/li>\n<\/ul>\n\n<hr class=\"wp-block-separator has-alpha-channel-opacity\"\/>\n\n<p><strong>Kit de ferramentas para facilitadores:<\/strong><\/p>\n\n<ul class=\"wp-block-list pdf_links\">\n<li><a href=\"https:\/\/go-hre.org\/wp-content\/uploads\/2025\/05\/colega_phi_250219_pri_13.pdf\" data-type=\"attachment\" data-id=\"2071\">I: Informa\u00e7\u00f5es b\u00e1sicas<\/a><\/li>\n\n\n\n<li><a href=\"https:\/\/go-hre.org\/wp-content\/uploads\/2025\/05\/colega_phi_250219_pri_14.pdf\" data-type=\"attachment\" data-id=\"2075\">II: Diretrizes e dicas de ensino<\/a><\/li>\n\n\n\n<li><a href=\"https:\/\/go-hre.org\/wp-content\/uploads\/2025\/05\/colega_phi_250219_pri_15.pdf\" data-type=\"attachment\" data-id=\"2079\">III: M\u00fasicas<\/a><\/li>\n\n\n\n<li><a href=\"https:\/\/go-hre.org\/wp-content\/uploads\/2025\/05\/colega_phi_250219_pri_16.pdf\" data-type=\"attachment\" data-id=\"2083\">IV: Mini p\u00f4steres<\/a><\/li>\n\n\n\n<li><a href=\"https:\/\/go-hre.org\/wp-content\/uploads\/2025\/05\/colega_phi_250219_pri_17.pdf\" data-type=\"attachment\" data-id=\"2087\">V: Gloss\u00e1rio<\/a><\/li>\n\n\n\n<li><a href=\"https:\/\/go-hre.org\/wp-content\/uploads\/2025\/05\/colega_phi_250219_pri_18.pdf\" data-type=\"attachment\" data-id=\"2091\">VI: Documentos da ONU<\/a><\/li>\n\n\n\n<li class=\"pdf_links\"><a href=\"https:\/\/go-hre.org\/wp-content\/uploads\/2025\/05\/colega_phi_250219_pri_19.pdf\" data-type=\"attachment\" data-id=\"2095\">VII: Avalia\u00e7\u00f5es<\/a><\/li>\n<\/ul>\n","protected":false},"excerpt":{"rendered":"<p>Conte\u00fado do curso: Kit de ferramentas para facilitadores:<\/p>\n","protected":false},"author":2,"featured_media":0,"parent":1581,"menu_order":0,"comment_status":"closed","ping_status":"closed","template":"","meta":{"_acf_changed":false,"inline_featured_image":false,"footnotes":""},"class_list":["post-4505","page","type-page","status-publish","hentry"],"acf":[],"yoast_head":"<!-- This site is optimized with the Yoast SEO plugin v27.3 - https:\/\/yoast.com\/product\/yoast-seo-wordpress\/ -->\n<title>Filipinas: Manual Prim\u00e1rio - GO-HRE<\/title>\n<meta name=\"robots\" content=\"index, follow, max-snippet:-1, max-image-preview:large, max-video-preview:-1\" \/>\n<link rel=\"canonical\" href=\"https:\/\/go-hre.org\/pt-br\/paises\/filipinas-manual-primario\/\" \/>\n<meta property=\"og:locale\" content=\"pt_BR\" \/>\n<meta property=\"og:type\" content=\"article\" \/>\n<meta property=\"og:title\" content=\"Filipinas: Manual Prim\u00e1rio - GO-HRE\" \/>\n<meta property=\"og:description\" content=\"Conte\u00fado do curso: Kit de ferramentas para facilitadores:\" \/>\n<meta property=\"og:url\" content=\"https:\/\/go-hre.org\/pt-br\/paises\/filipinas-manual-primario\/\" \/>\n<meta property=\"og:site_name\" content=\"GO-HRE\" \/>\n<meta property=\"article:modified_time\" content=\"2025-07-08T19:36:27+00:00\" \/>\n<meta name=\"twitter:card\" content=\"summary_large_image\" \/>\n<meta name=\"twitter:label1\" content=\"Est. tempo de leitura\" \/>\n\t<meta name=\"twitter:data1\" content=\"1 minuto\" \/>\n<script type=\"application\/ld+json\" class=\"yoast-schema-graph\">{\"@context\":\"https:\\\/\\\/schema.org\",\"@graph\":[{\"@type\":\"WebPage\",\"@id\":\"https:\\\/\\\/go-hre.org\\\/pt-br\\\/paises\\\/filipinas-manual-primario\\\/\",\"url\":\"https:\\\/\\\/go-hre.org\\\/pt-br\\\/paises\\\/filipinas-manual-primario\\\/\",\"name\":\"Filipinas: Manual Prim\u00e1rio - GO-HRE\",\"isPartOf\":{\"@id\":\"https:\\\/\\\/go-hre.org\\\/#website\"},\"datePublished\":\"2025-05-25T05:27:37+00:00\",\"dateModified\":\"2025-07-08T19:36:27+00:00\",\"breadcrumb\":{\"@id\":\"https:\\\/\\\/go-hre.org\\\/pt-br\\\/paises\\\/filipinas-manual-primario\\\/#breadcrumb\"},\"inLanguage\":\"pt-BR\",\"potentialAction\":[{\"@type\":\"ReadAction\",\"target\":[\"https:\\\/\\\/go-hre.org\\\/pt-br\\\/paises\\\/filipinas-manual-primario\\\/\"]}]},{\"@type\":\"BreadcrumbList\",\"@id\":\"https:\\\/\\\/go-hre.org\\\/pt-br\\\/paises\\\/filipinas-manual-primario\\\/#breadcrumb\",\"itemListElement\":[{\"@type\":\"ListItem\",\"position\":1,\"name\":\"Home\",\"item\":\"https:\\\/\\\/go-hre.org\\\/pt-br\\\/pagina-inicial\\\/\"},{\"@type\":\"ListItem\",\"position\":2,\"name\":\"Pa\u00edses\",\"item\":\"https:\\\/\\\/go-hre.org\\\/pt-br\\\/paises\\\/\"},{\"@type\":\"ListItem\",\"position\":3,\"name\":\"Filipinas: Manual Prim\u00e1rio\"}]},{\"@type\":\"WebSite\",\"@id\":\"https:\\\/\\\/go-hre.org\\\/#website\",\"url\":\"https:\\\/\\\/go-hre.org\\\/\",\"name\":\"GO-HRE\",\"description\":\"Escrit\u00f3rio de Genebra para Educa\u00e7\u00e3o em Direitos Humanos\",\"publisher\":{\"@id\":\"https:\\\/\\\/go-hre.org\\\/#organization\"},\"potentialAction\":[{\"@type\":\"SearchAction\",\"target\":{\"@type\":\"EntryPoint\",\"urlTemplate\":\"https:\\\/\\\/go-hre.org\\\/?s={search_term_string}\"},\"query-input\":{\"@type\":\"PropertyValueSpecification\",\"valueRequired\":true,\"valueName\":\"search_term_string\"}}],\"inLanguage\":\"pt-BR\"},{\"@type\":\"Organization\",\"@id\":\"https:\\\/\\\/go-hre.org\\\/#organization\",\"name\":\"GO-HRE\",\"url\":\"https:\\\/\\\/go-hre.org\\\/\",\"logo\":{\"@type\":\"ImageObject\",\"inLanguage\":\"pt-BR\",\"@id\":\"https:\\\/\\\/go-hre.org\\\/#\\\/schema\\\/logo\\\/image\\\/\",\"url\":\"https:\\\/\\\/go-hre.org\\\/wp-content\\\/uploads\\\/2025\\\/04\\\/favicon.png\",\"contentUrl\":\"https:\\\/\\\/go-hre.org\\\/wp-content\\\/uploads\\\/2025\\\/04\\\/favicon.png\",\"width\":258,\"height\":258,\"caption\":\"GO-HRE\"},\"image\":{\"@id\":\"https:\\\/\\\/go-hre.org\\\/#\\\/schema\\\/logo\\\/image\\\/\"}}]}<\/script>\n<!-- \/ Yoast SEO plugin. -->","yoast_head_json":{"title":"Filipinas: Manual Prim\u00e1rio - GO-HRE","robots":{"index":"index","follow":"follow","max-snippet":"max-snippet:-1","max-image-preview":"max-image-preview:large","max-video-preview":"max-video-preview:-1"},"canonical":"https:\/\/go-hre.org\/pt-br\/paises\/filipinas-manual-primario\/","og_locale":"pt_BR","og_type":"article","og_title":"Filipinas: Manual Prim\u00e1rio - GO-HRE","og_description":"Conte\u00fado do curso: Kit de ferramentas para facilitadores:","og_url":"https:\/\/go-hre.org\/pt-br\/paises\/filipinas-manual-primario\/","og_site_name":"GO-HRE","article_modified_time":"2025-07-08T19:36:27+00:00","twitter_card":"summary_large_image","twitter_misc":{"Est. tempo de leitura":"1 minuto"},"schema":{"@context":"https:\/\/schema.org","@graph":[{"@type":"WebPage","@id":"https:\/\/go-hre.org\/pt-br\/paises\/filipinas-manual-primario\/","url":"https:\/\/go-hre.org\/pt-br\/paises\/filipinas-manual-primario\/","name":"Filipinas: Manual Prim\u00e1rio - GO-HRE","isPartOf":{"@id":"https:\/\/go-hre.org\/#website"},"datePublished":"2025-05-25T05:27:37+00:00","dateModified":"2025-07-08T19:36:27+00:00","breadcrumb":{"@id":"https:\/\/go-hre.org\/pt-br\/paises\/filipinas-manual-primario\/#breadcrumb"},"inLanguage":"pt-BR","potentialAction":[{"@type":"ReadAction","target":["https:\/\/go-hre.org\/pt-br\/paises\/filipinas-manual-primario\/"]}]},{"@type":"BreadcrumbList","@id":"https:\/\/go-hre.org\/pt-br\/paises\/filipinas-manual-primario\/#breadcrumb","itemListElement":[{"@type":"ListItem","position":1,"name":"Home","item":"https:\/\/go-hre.org\/pt-br\/pagina-inicial\/"},{"@type":"ListItem","position":2,"name":"Pa\u00edses","item":"https:\/\/go-hre.org\/pt-br\/paises\/"},{"@type":"ListItem","position":3,"name":"Filipinas: Manual Prim\u00e1rio"}]},{"@type":"WebSite","@id":"https:\/\/go-hre.org\/#website","url":"https:\/\/go-hre.org\/","name":"GO-HRE","description":"Escrit\u00f3rio de Genebra para Educa\u00e7\u00e3o em Direitos Humanos","publisher":{"@id":"https:\/\/go-hre.org\/#organization"},"potentialAction":[{"@type":"SearchAction","target":{"@type":"EntryPoint","urlTemplate":"https:\/\/go-hre.org\/?s={search_term_string}"},"query-input":{"@type":"PropertyValueSpecification","valueRequired":true,"valueName":"search_term_string"}}],"inLanguage":"pt-BR"},{"@type":"Organization","@id":"https:\/\/go-hre.org\/#organization","name":"GO-HRE","url":"https:\/\/go-hre.org\/","logo":{"@type":"ImageObject","inLanguage":"pt-BR","@id":"https:\/\/go-hre.org\/#\/schema\/logo\/image\/","url":"https:\/\/go-hre.org\/wp-content\/uploads\/2025\/04\/favicon.png","contentUrl":"https:\/\/go-hre.org\/wp-content\/uploads\/2025\/04\/favicon.png","width":258,"height":258,"caption":"GO-HRE"},"image":{"@id":"https:\/\/go-hre.org\/#\/schema\/logo\/image\/"}}]}},"_links":{"self":[{"href":"https:\/\/go-hre.org\/pt-br\/wp-json\/wp\/v2\/pages\/4505","targetHints":{"allow":["GET"]}}],"collection":[{"href":"https:\/\/go-hre.org\/pt-br\/wp-json\/wp\/v2\/pages"}],"about":[{"href":"https:\/\/go-hre.org\/pt-br\/wp-json\/wp\/v2\/types\/page"}],"author":[{"embeddable":true,"href":"https:\/\/go-hre.org\/pt-br\/wp-json\/wp\/v2\/users\/2"}],"replies":[{"embeddable":true,"href":"https:\/\/go-hre.org\/pt-br\/wp-json\/wp\/v2\/comments?post=4505"}],"version-history":[{"count":2,"href":"https:\/\/go-hre.org\/pt-br\/wp-json\/wp\/v2\/pages\/4505\/revisions"}],"predecessor-version":[{"id":4527,"href":"https:\/\/go-hre.org\/pt-br\/wp-json\/wp\/v2\/pages\/4505\/revisions\/4527"}],"up":[{"embeddable":true,"href":"https:\/\/go-hre.org\/pt-br\/wp-json\/wp\/v2\/pages\/1581"}],"wp:attachment":[{"href":"https:\/\/go-hre.org\/pt-br\/wp-json\/wp\/v2\/media?parent=4505"}],"curies":[{"name":"wp","href":"https:\/\/api.w.org\/{rel}","templated":true}]}}