{"id":4693,"date":"2025-07-10T11:29:26","date_gmt":"2025-07-10T17:29:26","guid":{"rendered":"https:\/\/go-hre.org\/entre-em-contato-conosco\/"},"modified":"2025-07-10T13:39:34","modified_gmt":"2025-07-10T19:39:34","slug":"entre-em-contato-conosco","status":"publish","type":"page","link":"https:\/\/go-hre.org\/pt-br\/entre-em-contato-conosco\/","title":{"rendered":"Entre em contato conosco"},"content":{"rendered":"\n<p>Somos uma organiza\u00e7\u00e3o administrada por volunt\u00e1rios e fazemos o poss\u00edvel para responder o mais r\u00e1pido poss\u00edvel. Voc\u00ea pode esperar at\u00e9 48 horas para receber uma resposta. Este n\u00e3o \u00e9 um contato de suporte t\u00e9cnico; este e-mail destina-se a novas consultas sobre a implementa\u00e7\u00e3o do curr\u00edculo do Colega.  <\/p>\n\n<p>Estamos ansiosos para ouvir o que voc\u00ea tem a dizer!<\/p>\n\n<p>O formul\u00e1rio vai para aqui<\/p>\n","protected":false},"excerpt":{"rendered":"<p>Somos uma organiza\u00e7\u00e3o administrada por volunt\u00e1rios e fazemos o poss\u00edvel para responder o mais r\u00e1pido poss\u00edvel. Voc\u00ea pode esperar at\u00e9 48 horas para receber uma resposta. Este n\u00e3o \u00e9 um contato de suporte t\u00e9cnico; este e-mail destina-se a novas consultas sobre a implementa\u00e7\u00e3o do curr\u00edculo do Colega. Estamos ansiosos para ouvir o que voc\u00ea tem [&hellip;]<\/p>\n","protected":false},"author":1,"featured_media":0,"parent":0,"menu_order":0,"comment_status":"closed","ping_status":"closed","template":"","meta":{"_acf_changed":false,"inline_featured_image":false,"footnotes":""},"class_list":["post-4693","page","type-page","status-publish","hentry"],"acf":[],"yoast_head":"<!-- This site is optimized with the Yoast SEO plugin v27.4 - https:\/\/yoast.com\/product\/yoast-seo-wordpress\/ -->\n<title>Entre em contato conosco - GO-HRE<\/title>\n<meta name=\"robots\" content=\"index, follow, max-snippet:-1, max-image-preview:large, max-video-preview:-1\" \/>\n<link rel=\"canonical\" href=\"https:\/\/go-hre.org\/pt-br\/entre-em-contato-conosco\/\" \/>\n<meta property=\"og:locale\" content=\"pt_BR\" \/>\n<meta property=\"og:type\" content=\"article\" \/>\n<meta property=\"og:title\" content=\"Entre em contato conosco - GO-HRE\" \/>\n<meta property=\"og:description\" content=\"Somos uma organiza\u00e7\u00e3o administrada por volunt\u00e1rios e fazemos o poss\u00edvel para responder o mais r\u00e1pido poss\u00edvel. Voc\u00ea pode esperar at\u00e9 48 horas para receber uma resposta. Este n\u00e3o \u00e9 um contato de suporte t\u00e9cnico; este e-mail destina-se a novas consultas sobre a implementa\u00e7\u00e3o do curr\u00edculo do Colega. Estamos ansiosos para ouvir o que voc\u00ea tem [&hellip;]\" \/>\n<meta property=\"og:url\" content=\"https:\/\/go-hre.org\/pt-br\/entre-em-contato-conosco\/\" \/>\n<meta property=\"og:site_name\" content=\"GO-HRE\" \/>\n<meta property=\"article:modified_time\" content=\"2025-07-10T19:39:34+00:00\" \/>\n<meta name=\"twitter:card\" content=\"summary_large_image\" \/>\n<script type=\"application\/ld+json\" class=\"yoast-schema-graph\">{\"@context\":\"https:\\\/\\\/schema.org\",\"@graph\":[{\"@type\":\"WebPage\",\"@id\":\"https:\\\/\\\/go-hre.org\\\/pt-br\\\/entre-em-contato-conosco\\\/\",\"url\":\"https:\\\/\\\/go-hre.org\\\/pt-br\\\/entre-em-contato-conosco\\\/\",\"name\":\"Entre em contato conosco - GO-HRE\",\"isPartOf\":{\"@id\":\"https:\\\/\\\/go-hre.org\\\/#website\"},\"datePublished\":\"2025-07-10T17:29:26+00:00\",\"dateModified\":\"2025-07-10T19:39:34+00:00\",\"breadcrumb\":{\"@id\":\"https:\\\/\\\/go-hre.org\\\/pt-br\\\/entre-em-contato-conosco\\\/#breadcrumb\"},\"inLanguage\":\"pt-BR\",\"potentialAction\":[{\"@type\":\"ReadAction\",\"target\":[\"https:\\\/\\\/go-hre.org\\\/pt-br\\\/entre-em-contato-conosco\\\/\"]}]},{\"@type\":\"BreadcrumbList\",\"@id\":\"https:\\\/\\\/go-hre.org\\\/pt-br\\\/entre-em-contato-conosco\\\/#breadcrumb\",\"itemListElement\":[{\"@type\":\"ListItem\",\"position\":1,\"name\":\"Home\",\"item\":\"https:\\\/\\\/go-hre.org\\\/pt-br\\\/pagina-inicial\\\/\"},{\"@type\":\"ListItem\",\"position\":2,\"name\":\"Entre em contato conosco\"}]},{\"@type\":\"WebSite\",\"@id\":\"https:\\\/\\\/go-hre.org\\\/#website\",\"url\":\"https:\\\/\\\/go-hre.org\\\/\",\"name\":\"GO-HRE\",\"description\":\"Escrit\u00f3rio de Genebra para Educa\u00e7\u00e3o em Direitos Humanos\",\"publisher\":{\"@id\":\"https:\\\/\\\/go-hre.org\\\/#organization\"},\"potentialAction\":[{\"@type\":\"SearchAction\",\"target\":{\"@type\":\"EntryPoint\",\"urlTemplate\":\"https:\\\/\\\/go-hre.org\\\/?s={search_term_string}\"},\"query-input\":{\"@type\":\"PropertyValueSpecification\",\"valueRequired\":true,\"valueName\":\"search_term_string\"}}],\"inLanguage\":\"pt-BR\"},{\"@type\":\"Organization\",\"@id\":\"https:\\\/\\\/go-hre.org\\\/#organization\",\"name\":\"GO-HRE\",\"url\":\"https:\\\/\\\/go-hre.org\\\/\",\"logo\":{\"@type\":\"ImageObject\",\"inLanguage\":\"pt-BR\",\"@id\":\"https:\\\/\\\/go-hre.org\\\/#\\\/schema\\\/logo\\\/image\\\/\",\"url\":\"https:\\\/\\\/go-hre.org\\\/wp-content\\\/uploads\\\/2025\\\/04\\\/favicon.png\",\"contentUrl\":\"https:\\\/\\\/go-hre.org\\\/wp-content\\\/uploads\\\/2025\\\/04\\\/favicon.png\",\"width\":258,\"height\":258,\"caption\":\"GO-HRE\"},\"image\":{\"@id\":\"https:\\\/\\\/go-hre.org\\\/#\\\/schema\\\/logo\\\/image\\\/\"}}]}<\/script>\n<!-- \/ Yoast SEO plugin. -->","yoast_head_json":{"title":"Entre em contato conosco - GO-HRE","robots":{"index":"index","follow":"follow","max-snippet":"max-snippet:-1","max-image-preview":"max-image-preview:large","max-video-preview":"max-video-preview:-1"},"canonical":"https:\/\/go-hre.org\/pt-br\/entre-em-contato-conosco\/","og_locale":"pt_BR","og_type":"article","og_title":"Entre em contato conosco - GO-HRE","og_description":"Somos uma organiza\u00e7\u00e3o administrada por volunt\u00e1rios e fazemos o poss\u00edvel para responder o mais r\u00e1pido poss\u00edvel. Voc\u00ea pode esperar at\u00e9 48 horas para receber uma resposta. Este n\u00e3o \u00e9 um contato de suporte t\u00e9cnico; este e-mail destina-se a novas consultas sobre a implementa\u00e7\u00e3o do curr\u00edculo do Colega. Estamos ansiosos para ouvir o que voc\u00ea tem [&hellip;]","og_url":"https:\/\/go-hre.org\/pt-br\/entre-em-contato-conosco\/","og_site_name":"GO-HRE","article_modified_time":"2025-07-10T19:39:34+00:00","twitter_card":"summary_large_image","schema":{"@context":"https:\/\/schema.org","@graph":[{"@type":"WebPage","@id":"https:\/\/go-hre.org\/pt-br\/entre-em-contato-conosco\/","url":"https:\/\/go-hre.org\/pt-br\/entre-em-contato-conosco\/","name":"Entre em contato conosco - GO-HRE","isPartOf":{"@id":"https:\/\/go-hre.org\/#website"},"datePublished":"2025-07-10T17:29:26+00:00","dateModified":"2025-07-10T19:39:34+00:00","breadcrumb":{"@id":"https:\/\/go-hre.org\/pt-br\/entre-em-contato-conosco\/#breadcrumb"},"inLanguage":"pt-BR","potentialAction":[{"@type":"ReadAction","target":["https:\/\/go-hre.org\/pt-br\/entre-em-contato-conosco\/"]}]},{"@type":"BreadcrumbList","@id":"https:\/\/go-hre.org\/pt-br\/entre-em-contato-conosco\/#breadcrumb","itemListElement":[{"@type":"ListItem","position":1,"name":"Home","item":"https:\/\/go-hre.org\/pt-br\/pagina-inicial\/"},{"@type":"ListItem","position":2,"name":"Entre em contato conosco"}]},{"@type":"WebSite","@id":"https:\/\/go-hre.org\/#website","url":"https:\/\/go-hre.org\/","name":"GO-HRE","description":"Escrit\u00f3rio de Genebra para Educa\u00e7\u00e3o em Direitos Humanos","publisher":{"@id":"https:\/\/go-hre.org\/#organization"},"potentialAction":[{"@type":"SearchAction","target":{"@type":"EntryPoint","urlTemplate":"https:\/\/go-hre.org\/?s={search_term_string}"},"query-input":{"@type":"PropertyValueSpecification","valueRequired":true,"valueName":"search_term_string"}}],"inLanguage":"pt-BR"},{"@type":"Organization","@id":"https:\/\/go-hre.org\/#organization","name":"GO-HRE","url":"https:\/\/go-hre.org\/","logo":{"@type":"ImageObject","inLanguage":"pt-BR","@id":"https:\/\/go-hre.org\/#\/schema\/logo\/image\/","url":"https:\/\/go-hre.org\/wp-content\/uploads\/2025\/04\/favicon.png","contentUrl":"https:\/\/go-hre.org\/wp-content\/uploads\/2025\/04\/favicon.png","width":258,"height":258,"caption":"GO-HRE"},"image":{"@id":"https:\/\/go-hre.org\/#\/schema\/logo\/image\/"}}]}},"_links":{"self":[{"href":"https:\/\/go-hre.org\/pt-br\/wp-json\/wp\/v2\/pages\/4693","targetHints":{"allow":["GET"]}}],"collection":[{"href":"https:\/\/go-hre.org\/pt-br\/wp-json\/wp\/v2\/pages"}],"about":[{"href":"https:\/\/go-hre.org\/pt-br\/wp-json\/wp\/v2\/types\/page"}],"author":[{"embeddable":true,"href":"https:\/\/go-hre.org\/pt-br\/wp-json\/wp\/v2\/users\/1"}],"replies":[{"embeddable":true,"href":"https:\/\/go-hre.org\/pt-br\/wp-json\/wp\/v2\/comments?post=4693"}],"version-history":[{"count":1,"href":"https:\/\/go-hre.org\/pt-br\/wp-json\/wp\/v2\/pages\/4693\/revisions"}],"predecessor-version":[{"id":4696,"href":"https:\/\/go-hre.org\/pt-br\/wp-json\/wp\/v2\/pages\/4693\/revisions\/4696"}],"wp:attachment":[{"href":"https:\/\/go-hre.org\/pt-br\/wp-json\/wp\/v2\/media?parent=4693"}],"curies":[{"name":"wp","href":"https:\/\/api.w.org\/{rel}","templated":true}]}}